{"id":106,"date":"2018-03-15T08:08:00","date_gmt":"2018-03-15T08:08:00","guid":{"rendered":"http:\/\/test.sigmund-freud-institut.de\/Wordpress\/?page_id=106"},"modified":"2024-08-27T13:02:07","modified_gmt":"2024-08-27T11:02:07","slug":"aufgaben","status":"publish","type":"page","link":"https:\/\/sigmund-freud-institut.de\/index.php\/institut\/aufgaben\/","title":{"rendered":"Aufgaben"},"content":{"rendered":"<p><img decoding=\"async\" src=\"http:\/\/www.sigmund-freud-institut.de\/wp-content\/uploads\/union-jack-26119_1280-e1557401751941.png\" \/> <a href=\"http:\/\/www.sigmund-freud-institut.de\/index.php\/institut\/aufgaben\/aufgaben-english-version\/\" target=\"_blank\" rel=\"noopener noreferrer\"><strong>ENGLISH VERSION<\/strong><\/a><\/p>\n<h1>Die Aufgaben des Instituts<\/h1>\n<p>Die Aufgabenstellung ist dem Sigmund-Freud-Institut durch seine Verfassung vorgegeben: Sie stellt dem Institut die Aufgabe, die Bedingungen psychischer Gesundheit und kreativer Entfaltung sowie von Beziehungs- und Arbeitsf\u00e4higkeit im Kontext gesellschaftlicher Entwicklungen zu erforschen und die theoretischen, klinischen und methodischen Grundlagen der Psychoanalyse zu untersuchen.<\/p>\n<h1>Innovative Forschungsprojekte<\/h1>\n<p>Das SFI verbindet in seinen \u00adinterdisziplin\u00e4ren For\u00adschungs\u00adprojekten Klinische Psycho\u00adana\u00adlyse und Psychosomatik mit Kulturanalysen sowie psychoanalytische Grundlagenforschung mit Soziologie und Sozialpsychologie.<\/p>\n<p>Wesentliche Aufgabe ist es dabei auch, die Forschungsergebnisse f\u00fcr aktuelle gesundheits- und sozialpolitische Problemstellungen anwendbar zu machen sowie therapeutische und pr\u00e4ventive Handlungsoptionen vorzuschlagen.<\/p>\n<h1>Interdisziplin\u00e4r und \u00adsozial engagiert<\/h1>\n<p>Mit unserer Arbeit folgen wir einer Forschungstradi\u00adtion, die viele Aspekte der modernen Gesellschaft miteinbezieht. Aktuelle Forschungsprojekte befassen sich etwa mit den psychischen Folgen von Digitalisierung aber auch mit psychosozialen Aspekten von Migration und Flucht sowie Pathologien, die mit gesellschaftlichen Ver\u00e4nderungen in Zusammenhang stehen.<\/p>\n<p>Ein Schwerpunkt ist die Weiterentwicklung und Qualit\u00e4ts\u00adsicherung der psychoanaly\u00adtischen Therapie: Wir sind heute ein f\u00fchrendes Zentrum auf diesem Gebiet. Psycho\u00adanalytische Grundlagenforschung verbinden wir mit praktischer Anwendung und f\u00fchren klinische Studien und Auswertungen der Ambulanzdokumentation durch.<\/p>\n<p>Mehr \u00fcber die einzelnen Forschungsschwerpunkte und -projekte erfahren Sie unter <a href=\"http:\/\/www.sigmund-freud-institut.de\/index.php\/forschung\/\">Forschung<\/a>.<\/p>\n<h1>Nachwuchsf\u00f6rderung \u00adgro\u00df geschrieben<\/h1>\n<p>Die Umsetzung des aktuellen Erkenntnisstands in die Lehre und die F\u00f6rderung des wissenschaftlichen Nachwuchses hat bei uns Tradition. In den vergangenen Jahren wirkte eine gro\u00dfe Zahl von Nachwuchswissenschaftlern an unseren Forschungsprojekten mit. Am SFI werden eine Reihe von Promovenden, Habilitanden und Diplomanden betreut \u2013 ein Beitrag dieser Institution zur F\u00f6rderung des wissenschaftlichen Nachwuchses.<\/p>\n<p>Link zur <a href=\"http:\/\/www.grade.uni-frankfurt.de\/\" target=\"_blank\" rel=\"noopener noreferrer\">Goethe-Universit\u00e4t \u2014 GRADE &#8211; Die (Post-)Graduiertenakademie der Goethe-Universit\u00e4t<\/a><\/p>\n<h1>Helfen und beraten<\/h1>\n<p>Die psychotherapeutische Versorgung der Bev\u00f6lkerung ist uns ein wichtiges Anliegen. In unserer <a href=\"http:\/\/www.sigmund-freud-institut.de\/index.php\/ambulanz\/\">Ambulanz<\/a>\u00a0betreuen wir j\u00e4hrlich rund 500 Patientinnen und Patienten. Sie erhalten qualifizierte Beratungsgespr\u00e4che, Diagnosen und Indikationsstellungen sowie eine Weitervermittlung an mit uns kooperierende niedergelassene Therapeutinnen und Therapeuten.<\/p>\n<p>Supervision und Organisationsentwicklung sind ein wichtiger Bestandteil der klinischen und wissenschaftlichen Arbeit des Instituts. Auf diese Weise kann die Qualit\u00e4t beruflichen Handelns verbessert und gesichert werden.<\/p>\n<h1>Wissen f\u00fcr Expertinnen und Experten<\/h1>\n<p>Die wissenschaftliche Spezialbibliothek f\u00fcr Psychoanalyse und ihre Anwendungen dient der Forschung im Rahmen von Projekten des SFI, der universit\u00e4ren Lehre sowie der analytischen Aus- und Weiterbildung. Unsere <a href=\"http:\/\/www.sigmund-freud-institut.de\/index.php\/bibliothek\/\">Bibliothek<\/a> steht neben den Institutsmitarbeitenden auch anderen Forschenden, Studierenden, Praktizierenden und Interessierten auf dem Gebiet der Psychoanalyse zur Verf\u00fcgung. \u00dcber unseren <a href=\"https:\/\/lbsopac.rz.uni-frankfurt.de\/DB=98\/SET=29\/TTL=1\/START_WELCOME\" target=\"_blank\" rel=\"noopener\">Online-Katalog OPAC<\/a> k\u00f6nnen rund um die Uhr Literaturrecherchen durchgef\u00fchrt werden.<\/p>\n<h1>Frankfurt verbunden, \u00adinternational vernetzt<\/h1>\n<p>Das SFI ist Frankfurt traditionell verbunden und pflegt zugleich einen regen internationalen Austausch. Besonders eng arbeiten wir mit freien Instituten in der Mainmetropole sowie mit hessischen Universit\u00e4ten zusammen. Gemeinsam mit der Johann Wolfgang Goethe-Universit\u00e4t Frankfurt und der Universit\u00e4t Kassel organisieren wir regelm\u00e4\u00dfig nationale und internationale Veranstaltungen. Im Rhein-Main-Gebiet konnten wir ein Netzwerk zu psychoanalytischen und psychothera\u00adpeutischen Behandlungen \u00adaufbauen. National und international \u00adkooperiert das SFI mit f\u00fchrenden Forschungseinrichtungen.<\/p>\n<p>Link zur <a href=\"https:\/\/www.uni-frankfurt.de\/76078738\/Frankfurter_Wissenschaftsrunde\" target=\"_blank\" rel=\"noopener noreferrer\">Frankfurter Wissenschaftsrunde<\/a><br \/>\nLink zu <a href=\"http:\/\/www.uni-frankfurt.de\/59218496\/Kooperationen\" target=\"_blank\" rel=\"noopener noreferrer\">Kooperationen der Johann Wolfgang Goethe-Universit\u00e4t Frankfurt<\/a><\/p>\n","protected":false},"excerpt":{"rendered":"<p>ENGLISH VERSION Die Aufgaben des Instituts Die Aufgabenstellung ist dem Sigmund-Freud-Institut durch seine Verfassung vorgegeben: Sie stellt dem Institut die Aufgabe, die Bedingungen psychischer Gesundheit und kreativer Entfaltung sowie von Beziehungs- und Arbeitsf\u00e4higkeit im Kontext gesellschaftlicher Entwicklungen zu erforschen und die theoretischen, klinischen und methodischen Grundlagen der Psychoanalyse zu untersuchen. Innovative Forschungsprojekte Das SFI verbindet &hellip; <\/p>\n<p class=\"link-more\"><a href=\"https:\/\/sigmund-freud-institut.de\/index.php\/institut\/aufgaben\/\" class=\"more-link\"><span class=\"screen-reader-text\">\u201eAufgaben\u201c<\/span> weiterlesen<\/a><\/p>\n","protected":false},"author":1,"featured_media":0,"parent":28,"menu_order":158,"comment_status":"closed","ping_status":"closed","template":"","meta":{"footnotes":""},"class_list":["post-106","page","type-page","status-publish","hentry"],"_links":{"self":[{"href":"https:\/\/sigmund-freud-institut.de\/index.php\/wp-json\/wp\/v2\/pages\/106","targetHints":{"allow":["GET"]}}],"collection":[{"href":"https:\/\/sigmund-freud-institut.de\/index.php\/wp-json\/wp\/v2\/pages"}],"about":[{"href":"https:\/\/sigmund-freud-institut.de\/index.php\/wp-json\/wp\/v2\/types\/page"}],"author":[{"embeddable":true,"href":"https:\/\/sigmund-freud-institut.de\/index.php\/wp-json\/wp\/v2\/users\/1"}],"replies":[{"embeddable":true,"href":"https:\/\/sigmund-freud-institut.de\/index.php\/wp-json\/wp\/v2\/comments?post=106"}],"version-history":[{"count":4,"href":"https:\/\/sigmund-freud-institut.de\/index.php\/wp-json\/wp\/v2\/pages\/106\/revisions"}],"predecessor-version":[{"id":13757,"href":"https:\/\/sigmund-freud-institut.de\/index.php\/wp-json\/wp\/v2\/pages\/106\/revisions\/13757"}],"up":[{"embeddable":true,"href":"https:\/\/sigmund-freud-institut.de\/index.php\/wp-json\/wp\/v2\/pages\/28"}],"wp:attachment":[{"href":"https:\/\/sigmund-freud-institut.de\/index.php\/wp-json\/wp\/v2\/media?parent=106"}],"curies":[{"name":"wp","href":"https:\/\/api.w.org\/{rel}","templated":true}]}}