{"id":110,"date":"2018-03-15T08:11:34","date_gmt":"2018-03-15T08:11:34","guid":{"rendered":"http:\/\/test.sigmund-freud-institut.de\/Wordpress\/?page_id=110"},"modified":"2026-02-12T12:59:58","modified_gmt":"2026-02-12T11:59:58","slug":"organisation","status":"publish","type":"page","link":"https:\/\/sigmund-freud-institut.de\/index.php\/institut\/organisation\/","title":{"rendered":"Organisation"},"content":{"rendered":"<p><img decoding=\"async\" src=\"http:\/\/www.sigmund-freud-institut.de\/wp-content\/uploads\/union-jack-26119_1280-e1557401751941.png\" \/>\u00a0 <a href=\"http:\/\/www.sigmund-freud-institut.de\/index.php\/institut\/organisation\/organisation-english-version\/\" target=\"_blank\" rel=\"noopener noreferrer\"><strong>ENGLISH VERSION<\/strong><\/a><\/p>\n<h1>Die Stiftung Sigmund-Freud-Institut<\/h1>\n<div id=\"gheader\">\n<p>Das Sigmund-Freud-Institut Frankfurt ist eine Stiftung \u00f6ffentlichen Rechts.<\/p>\n<h1>Stiftungsrat<\/h1>\n<p>Christoph Degen (Staatssekret\u00e4r im Hessischen Ministerium f\u00fcr Wissenschaft und Forschung, Kunst und Kultur) &#8211; <em>Vorsitz<\/em><br \/>\nDr. Dorothee Lux (Hessisches Ministerium f\u00fcr Wissenschaft und Forschung, Kunst und Kultur) &#8211; <em>Stellvertretung<\/em><br \/>\nDr. Tillmann Gimm (Hessisches Ministerium der Finanzen)<br \/>\nJutta Ebeling (B\u00fcrgermeisterin der Stadt Frankfurt am Main a. D.)<br \/>\nProf. Dr. Johann Sch\u00fclein (Wien)<br \/>\nProf. Dr. Enrico\u00a0Schleiff (Pr\u00e4sident der Goethe-Universit\u00e4t Frankfurt am Main)<\/p>\n<h1>Direktorium<\/h1>\n<p><a href=\"http:\/\/www.sigmund-freud-institut.de\/index.php\/institut\/mitarbeiter-innen\/king-vera\/\" target=\"_blank\" rel=\"noopener\">Prof. Dr. Vera King<\/a><br \/>\n(Gesch\u00e4ftsf\u00fchrende Direktorin)<\/p>\n<p><a href=\"https:\/\/www.sigmund-freud-institut.de\/index.php\/mitarbeiter-innen\/prof-dr-patrick-meurs\/\" target=\"_blank\" rel=\"noopener\">Prof. Dr. Patrick Meurs<\/a><br \/>\n(Direktor)<\/p>\n<\/div>\n<p><a href=\"https:\/\/sigmund-freud-institut.de\/index.php\/mitarbeiter-innen\/annabelle-starck\/\">Dr. Annabelle Starck<\/a><br \/>\n(kommissarische Leiterin des medizinischen Bereichs und der Ambulanz)<\/p>\n<p><a href=\"https:\/\/www.sigmund-freud-institut.de\/index.php\/mitarbeiter-innen\/heike-langholz\/\" target=\"_blank\" rel=\"noopener\">Dipl.-Ing. (FH) Dipl.-Wirt-Ing. (FH) Heike Langholz<\/a><br \/>\n(Leiterin der Verwaltung)<\/p>\n<p><a href=\"https:\/\/sigmund-freud-institut.de\/index.php\/mitarbeiter-innen\/m-a-adrian-otto\/\">M.A. Adrian Otto<\/a><br \/>\n(Vorsitzender des Forschungsrats)<\/p>\n<h1>Organisationsstruktur<\/h1>\n<p>Das Institut umfasst <strong>drei\u00a0Bereiche<\/strong>.<br \/>\nQuer zu den drei Bereichen liegen die <strong>vier Forschungsschwerpunkte<\/strong>:<\/p>\n<p><img decoding=\"async\" src=\"https:\/\/sigmund-freud-institut.de\/wp-content\/uploads\/Organisation_2026.jpg\" \/><\/p>\n<h1>Internationaler Wissenschaftlicher Beirat<\/h1>\n<p>Prof. Dr. Jos\u00e9 Brunner (Tel Aviv) &#8211; <em>Vorsitz<\/em><br \/>\nProf. Dr. Pawel Dybel (Warschau)<br \/>\nProf. Dr. Lilli Gast (Berlin)<br \/>\nProf. Dr. Isabelle Gernet (Paris)<br \/>\nProf. Dagmar Herzog Ph.D. (New York)<br \/>\nProf. Dr. Dr. Dorothea Huber (M\u00fcnchen)<br \/>\nProf. Dr. Joachim K\u00fcchenhoff (Basel)<br \/>\nDr. Katharina Rothe (New York)<\/p>\n<h1>Forschungsrat<\/h1>\n<p>Mitglieder sind die wissenschaftlichen \u00adMitarbeiterInnen des SFI.<\/p>\n<h1><\/h1>\n<div>\n<h1>Verwaltung<\/h1>\n<\/div>\n<p><a href=\"https:\/\/www.sigmund-freud-institut.de\/index.php\/mitarbeiter-innen\/heike-langholz\/\" target=\"_blank\" rel=\"noopener\">Dipl.-Ing. (FH) Dipl.-Wirt-Ing. (FH) Heike Langholz<\/a><br \/>\n(Leiterin der Verwaltung)<\/p>\n<p><a href=\"https:\/\/www.sigmund-freud-institut.de\/index.php\/mitarbeiter-innen\/personal-und-sachverwaltung\/\">Munge Setiana-Heitland<\/a><br \/>\n(Personal- und Sachverwaltung)<\/p>\n<p><a href=\"http:\/\/www.sigmund-freud-institut.de\/index.php\/institut\/mitarbeiter-innen\/sandra-bolte\/\" target=\"_blank\" rel=\"noopener\">Sandra Bolte<\/a><br \/>\n(Buchhaltung)<\/p>\n<p><a href=\"https:\/\/sigmund-freud-institut.de\/index.php\/mitarbeiter-innen\/birgit-kroeller\/\">Tina Hauff<\/a><br \/>\n(Empfang)<\/p>\n<p><a href=\"http:\/\/www.sigmund-freud-institut.de\/index.php\/mitarbeiter-innen\/sonja-helfmann\/\" target=\"_blank\" rel=\"noopener noreferrer\">Sonja Helfmann<\/a><br \/>\n(Assistenz der gesch\u00e4ftsf\u00fchrenden Direktion und von Prof. Vera King)<\/p>\n<p><a href=\"http:\/\/www.sigmund-freud-institut.de\/index.php\/institut\/mitarbeiter-innen\/annette-sibert\/\" target=\"_blank\" rel=\"noopener\">Annette Sibert<\/a><br \/>\n(Sekretariat des Direktors Prof. Patrick Meurs)<\/p>\n<h1><\/h1>\n<div class=\"csc-header csc-header-n9\">\n<h1>Ambulanz<\/h1>\n<\/div>\n<p><a class=\"mail\" href=\"http:\/\/www.sigmund-freud-institut.de\/index.php\/institut\/mitarbeiter-innen\/annabelle-starck\/\" target=\"_blank\" rel=\"noopener noreferrer\">Dr. Annabelle Starck<\/a><br \/>\n(kommissarische Leiterin der Ambulanz)<\/p>\n<p><a href=\"https:\/\/sigmund-freud-institut.de\/index.php\/mitarbeiter-innen\/weiss-heinz\/\">Prof. Dr. med. Heinz Wei\u00df<\/a><br \/>\n(Supervision)<\/p>\n<p><a href=\"https:\/\/sigmund-freud-institut.de\/index.php\/mitarbeiter-innen\/katja-doerr\/\">Katja D\u00f6rr<\/a><br \/>\n<a href=\"http:\/\/www.sigmund-freud-institut.de\/index.php\/mitarbeiter-innen\/sabine-kroll\/\" target=\"_blank\" rel=\"noopener\">Sabine Kroll<\/a><br \/>\n(Sekretariat der Ambulanz)<\/p>\n<h1><\/h1>\n<div class=\"csc-header csc-header-n10\">\n<h1>Bibliothek<\/h1>\n<\/div>\n<p><a href=\"https:\/\/www.sigmund-freud-institut.de\/index.php\/mitarbeiter-innen\/hendrik-burmeister-m-a\/\">Hendrik Burmeister (M.A.)<\/a><\/p>\n","protected":false},"excerpt":{"rendered":"<p>\u00a0 ENGLISH VERSION Die Stiftung Sigmund-Freud-Institut Das Sigmund-Freud-Institut Frankfurt ist eine Stiftung \u00f6ffentlichen Rechts. Stiftungsrat Christoph Degen (Staatssekret\u00e4r im Hessischen Ministerium f\u00fcr Wissenschaft und Forschung, Kunst und Kultur) &#8211; Vorsitz Dr. Dorothee Lux (Hessisches Ministerium f\u00fcr Wissenschaft und Forschung, Kunst und Kultur) &#8211; Stellvertretung Dr. Tillmann Gimm (Hessisches Ministerium der Finanzen) Jutta Ebeling (B\u00fcrgermeisterin der &hellip; <\/p>\n<p class=\"link-more\"><a href=\"https:\/\/sigmund-freud-institut.de\/index.php\/institut\/organisation\/\" class=\"more-link\"><span class=\"screen-reader-text\">\u201eOrganisation\u201c<\/span> weiterlesen<\/a><\/p>\n","protected":false},"author":1,"featured_media":0,"parent":28,"menu_order":155,"comment_status":"closed","ping_status":"closed","template":"","meta":{"footnotes":""},"class_list":["post-110","page","type-page","status-publish","hentry"],"_links":{"self":[{"href":"https:\/\/sigmund-freud-institut.de\/index.php\/wp-json\/wp\/v2\/pages\/110","targetHints":{"allow":["GET"]}}],"collection":[{"href":"https:\/\/sigmund-freud-institut.de\/index.php\/wp-json\/wp\/v2\/pages"}],"about":[{"href":"https:\/\/sigmund-freud-institut.de\/index.php\/wp-json\/wp\/v2\/types\/page"}],"author":[{"embeddable":true,"href":"https:\/\/sigmund-freud-institut.de\/index.php\/wp-json\/wp\/v2\/users\/1"}],"replies":[{"embeddable":true,"href":"https:\/\/sigmund-freud-institut.de\/index.php\/wp-json\/wp\/v2\/comments?post=110"}],"version-history":[{"count":26,"href":"https:\/\/sigmund-freud-institut.de\/index.php\/wp-json\/wp\/v2\/pages\/110\/revisions"}],"predecessor-version":[{"id":15868,"href":"https:\/\/sigmund-freud-institut.de\/index.php\/wp-json\/wp\/v2\/pages\/110\/revisions\/15868"}],"up":[{"embeddable":true,"href":"https:\/\/sigmund-freud-institut.de\/index.php\/wp-json\/wp\/v2\/pages\/28"}],"wp:attachment":[{"href":"https:\/\/sigmund-freud-institut.de\/index.php\/wp-json\/wp\/v2\/media?parent=110"}],"curies":[{"name":"wp","href":"https:\/\/api.w.org\/{rel}","templated":true}]}}