{"id":11349,"date":"2023-08-15T13:57:33","date_gmt":"2023-08-15T11:57:33","guid":{"rendered":"https:\/\/www.sigmund-freud-institut.de\/?page_id=11349"},"modified":"2026-03-03T12:19:01","modified_gmt":"2026-03-03T11:19:01","slug":"schwerpunkt-ii-abgeschlossene-projekte","status":"publish","type":"page","link":"https:\/\/sigmund-freud-institut.de\/index.php\/schwerpunkt-ii-abgeschlossene-projekte\/","title":{"rendered":"Schwerpunkt II &#8211; Abgeschlossene Projekte"},"content":{"rendered":"<div class=\"wp-block-image\">\n<figure class=\"alignright size-thumbnail\"><img loading=\"lazy\" decoding=\"async\" width=\"113\" height=\"150\" src=\"https:\/\/sigmund-freud-institut.de\/wp-content\/uploads\/HBS_SF_PK-Kennung-048-113x150.jpg\" alt=\"\" class=\"wp-image-1027\" srcset=\"https:\/\/sigmund-freud-institut.de\/wp-content\/uploads\/HBS_SF_PK-Kennung-048-113x150.jpg 113w, https:\/\/sigmund-freud-institut.de\/wp-content\/uploads\/HBS_SF_PK-Kennung-048.jpg 191w\" sizes=\"auto, (max-width: 113px) 100vw, 113px\" \/><\/figure>\n<\/div>\n\n\n<p><strong><a href=\"http:\/\/test.sigmund-freud-institut.de\/Wordpress\/wp-content\/uploads\/HBS_Promotionskolleg_Homepage_SFI_240518.pdf\">Promotionskolleg: Psychosoziale Folgen von Migration und Flucht \u2013 generationale Dynamiken und adoleszente Verl\u00e4ufe<\/a><\/strong><\/p>\n\n\n\n<p><strong>Sprecherin des Promotionskollegs: <\/strong>Prof. Dr. Vera King<br><strong>Wissenschaftliche Leitung<\/strong>: Prof. Dr. Vera King (Goethe-Univ. &amp; SFI), Prof. Dr. Patrick Meurs (SFI &amp; Univ. Kassel), Prof. Dr. Heinz Wei\u00df (SFI &amp; RBK Stuttgart, Univ. T\u00fcbingen), Prof. Dr. Hans-Christoph Koller (Univ. Hamburg)<br><strong>Koordination<\/strong>: Dr. Susanne Benzel<br><strong>StipendiatInnen<\/strong>: Irina Dannert, Franziska Heinz, Simon Heyny, Ina Kuli\u0107,<br>Alexandra Litinskaya, Maximilian Richter, Tassilo Schuster, Hannes Weidmann, Luisa Wirth<br><strong>Gef\u00f6rdert durch<\/strong>: Hans-B\u00f6ckler-Stiftung<br><a href=\"http:\/\/www.promotionskolleg-migration.de\" target=\"_blank\" rel=\"noreferrer noopener\">www.promotionskolleg-migration.de<\/a><br><strong>Projektlaufzeit<\/strong>: 12\/2018 &#8211; 06\/2024<\/p>\n\n\n\n<p>Das Promotionskolleg zielt auf die Erforschung psychosozialer und psychischer Bedeutungen und Folgen von Migration und Flucht. Untersucht werden typische Formen der Verarbeitung im Kontext variierender Verl\u00e4ufe, Herkunfts- und gesellschaftlicher Ankunftsbedingungen. Im Zentrum der Analysen stehen adoleszente Verl\u00e4ufe und Generationendynamiken im Kontext von Migration und Flucht. Perspektiven aus Soziologie und psychoanalytischer Sozialpsychologie, erziehungswissenschaftlicher Erforschung von Bildungsbiographien, Kinder- und Jugendpsychologie sowie klinischer Psychoanalyse und Psychosomatik werden interdisziplin\u00e4r verbunden.<\/p>\n\n\n\n<p>&#8211;<\/p>\n\n\n\n<p><a href=\"https:\/\/www.sigmund-freud-institut.de\/wp-content\/uploads\/Darueber-sprechen-hilft_dt-und-ukr.pdf\"><strong>Ukraine-Projekt \u2013 Psychologische Krisenintervention und Supervision f\u00fcr MitarbeiterInnen in der Betreuung Gefl\u00fcchteter aus der Ukraine<\/strong><\/a><\/p>\n\n\n\n<p><strong>Projektleitung<\/strong>: Prof. Dr. Heinz Wei\u00df, Dr. Annabelle Starck<br><strong>Wissenschaftliche MitarbeiterInnen<\/strong>: Regina S\u00fc\u00dfmeier, Clara Frommke<br><strong>Gef\u00f6rdert durch<\/strong>: Hessisches Ministerium f\u00fcr Soziales und Integration<br><strong>Projektlaufzeit<\/strong>: 09\/22 \u2013 12\/25<\/p>\n\n\n\n<p><strong>***Betroffene k\u00f6nnen sich weiterhin an uns wenden.***<\/strong><\/p>\n\n\n\n<p>\u2013<\/p>\n\n\n\n<p><a href=\"https:\/\/sigmund-freud-institut.de\/wp-content\/uploads\/EU-Projekt_FORM-Mitteilung.pdf\" target=\"_blank\" rel=\"noreferrer noopener\"><strong>EU-Projekt Therapeutic foster care for unaccompanied minor refugees and their foster families (FORM) an der Universit\u00e4t Kassel<\/strong><\/a><\/p>\n\n\n\n<p><strong>Projektkoordination:<\/strong> Odisee University College (Belgien)<br><strong>Wissenschaftliche Leitung<\/strong>: Prof. Dr. Patrick Meurs<br><strong>Wissenschaftliche Mitarbeiterin:<\/strong> M.A. Corinna Poholski<br><strong>Projektpartner:<\/strong> Pflegesorg (Belgien), Salesiani per il Soziale (Italien), Hope For Children (Zypern), ENSA \u2013 European Network for Social Authorities (Veneto Region und EU), Universit\u00e4t Kassel in Kooperation mit dem Sigmund-Freud-Institut<br><strong>Gef\u00f6rdert durch:<\/strong> Erasmus+ Programm der EU<br><strong>Projektlaufzeit:<\/strong> 02\/22 \u2013 01\/25<\/p>\n\n\n\n<p>&#8211;<\/p>\n\n\n\n<p><strong><a href=\"https:\/\/sigmund-freud-institut.de\/wp-content\/uploads\/AUF2_Abstract_25102020.pdf\">Die soziale und psychische Bedeutung der Beziehung zu professionellen BetreuerInnen f\u00fcr Integrationswege und adoleszente Entwicklungen von unbegleiteten minderj\u00e4hrigen Fl\u00fcchtlingen in vollstation\u00e4ren Jugendhilfeeinrichtungen (AUF-2)<\/a><\/strong><\/p>\n\n\n\n<p><strong>Projektleitung<\/strong>: Prof. Dr. Vera King<br><strong>Wiss. Mitarbeiterin und verantwortliche Koordinatorin<\/strong>: Mahsa Huston (SFI)<br><strong>Gef\u00f6rdert durch<\/strong>: Heidehof Stiftung GmbH<br><strong>Projektlaufzeit<\/strong>: 10\/20 \u2013 09\/21<\/p>\n\n\n\n<p>Das Projekt befasst sich mit verschiedenen Aspekten der professionellen Beziehungsgestaltung zwischen BetreuerInnen und unbegleiteten minderj\u00e4hrigen Gefl\u00fcchteten in vollstation\u00e4ren Jugendhilfeeinrichtungen. Im Besonderen wird anhand von ExpertInneninterviews der Frage nachgegangen, welche Faktoren relevant sind f\u00fcr Integrationsprozesse und adoleszente Entwicklungen unter Fluchtbedingungen. Die Befunde sollen MitarbeiterInnen der Jugendhilfe bei der Beziehungsgestaltung mit diesen Jugendlichen unterst\u00fctzen und so zur Verbesserung ihres psychosozialen Wohlergehens und damit auch ihrer sozialen Integration beitragen.<\/p>\n\n\n\n<p>&#8211;<\/p>\n\n\n\n<p><a href=\"https:\/\/sigmund-freud-institut.de\/wp-content\/uploads\/ZA_Projektbeschreibung_2022_AS_05.09.2022.pdf\">Zwischenr\u00e4ume des Ankommens (ZA-Projekt)<\/a><br>Nachfolgeprojekt zu VTI<\/p>\n\n\n\n<p><strong>Projektleitung<\/strong>: Prof. Dr. Patrick Meurs<br><strong>Wissenschaftliche MitarbeiterInnen<\/strong>: Daeem Ghassan, Dennis Sch\u00e4fer, Pauline Ziegler, Rana Zokai<br><strong>Gef\u00f6rdert durch<\/strong>: Hessisches Ministerium f\u00fcr Soziales und Integration<br><strong>Projektlaufzeit<\/strong>: 01\/20 \u2013 03\/23<\/p>\n\n\n\n<p>&#8211;<\/p>\n\n\n\n<p><strong>Verlust, Trauma und Integration Begleitforschung zu den vier Zentren f\u00fcr psychosoziale Versorgung von Fl\u00fcchtlingen in Hessen (VTI)<\/strong><\/p>\n\n\n\n<p><strong>Wissenschaftliche Leitung<\/strong>: Prof. Dr. Patrick Meurs<br><strong>Wissenschaftliche MitarbeiterInnen<\/strong>: Simon Arnold, Andreas Jensen, Magdalena Kuhn, Rana Zokai<br><strong>Gef\u00f6rdert durch<\/strong>: Hessisches Ministerium f\u00fcr Soziales und Integration<br><strong>Projektlaufzeit<\/strong>: 08\/18 \u2013 12\/19<\/p>\n\n\n\n<p>&#8211;<\/p>\n\n\n\n<p><strong><a href=\"http:\/\/www.sigmund-freud-institut.de\/wp-content\/uploads\/AUF_Heidehofstifung_0917.pdf\">Integrationswege und adoleszente Entwicklungen unbegleiteter minderj\u00e4hriger Fl\u00fcchtlinge in vollstation\u00e4ren Jugendhilfeeinrichtungen (AUF-1)<\/a><\/strong><\/p>\n\n\n\n<p><strong>Projektleitung<\/strong>: Prof. Dr. Vera King<br><strong>Wiss. Mitarbeiterin und verantwortliche Koordinatorin<\/strong>: Mahsa Huston (SFI)<br><strong>Gef\u00f6rdert durch<\/strong>: Heidehof Stiftung GmbH<br><strong>Projektlaufzeit<\/strong>: 09\/17 \u2013 02\/19<\/p>\n\n\n\n<p>Im Projekt wird das biografische Zusammenspiel von psychischen Entwicklungen und sozialen Verh\u00e4ltnissen im Kontext von Flucht, Asylsuche und Neuorientierung in der Ankunftsgesellschaft analysiert. Von besonderem Interesse sind Ressourcen, Hindernisse und Integrationswege der unbegleiteten adoleszenten Fl\u00fcchtlinge. Ziel ist dabei, strukturelle und pers\u00f6nliche Faktoren herauszuarbeiten, die unterst\u00fctzend oder hemmend auf den Prozess ihrer Integration und produktiven psychosozialen Entwicklung wirken. Die Ergebnisse sollen u.a. auch in Empfehlungen f\u00fcr die praktische Arbeit mit UMF m\u00fcnden.<\/p>\n\n\n\n<p>&#8211;<\/p>\n\n\n\n<p><strong>Projekt \u201eErste Schritte \u2013 ein Integrationsprojekt f\u00fcr Kleinkinder mit Migrationshintergrund\u201c<\/strong><\/p>\n\n\n\n<p><strong>Wissenschaftliche Leitung<\/strong>: Dr. Judith Lebiger-Vogel, Prof. Dr. Patrick Meurs,<br>Dr. Constanze Rickmeyer<br><strong>Wissenschaftliche Mitarbeiterin<\/strong>: Dr. Korinna Fritzemeyer (Berlin) u.a.<br><strong>Forschungspartner<\/strong>: IDEA-Zentrum, Anna-Freud-Institut, Vivantes Klinikum Neuk\u00f6lln<br><strong>Gef\u00f6rdert durch<\/strong>: BAMF (2009\u20132012), Land Hessen (2010\u20132013), Gemeinn\u00fctzige Hertie Stiftung (2008\u20132016), International Psychoanalytical Association (2011, 2013), BMFSFJ (2012\u20132015), Aktion Mensch (2015\u20132018), Rotary Club Berlin (2016) (nur Berlin), World Childhood Foundation (2016\u20132017), Metzler-Stiftung (2017\u20132018), Ursula Str\u00f6her Stiftung (2018\u20132019), Crespo Foundation (2018 \u2013 2019)<br><strong>Projektlaufzeit<\/strong>: 2010 \u2013 2020<\/p>\n\n\n\n<p>Das Projekt ERSTE SCHRITTE ist ein Fr\u00fchpr\u00e4ventionsprojekt f\u00fcr Familien mit Migrationshintergrund, das in Form von Gruppenangeboten die soziale Integration von Kleinkindern (0-3 Jahre) nachhaltig unterst\u00fctzen soll. In einer prospektiven randomisierten Vergleichsstudie wurden zwei verschiedene Pr\u00e4ventionsangebote in Frankfurt\/Main und Berlin durchgef\u00fchrt und wissenschaftlich begleitet. Forschungsziel ist die Evaluation der Kurz- und Langzeitwirkungen der Pr\u00e4ventionsangebote A (psychoanalytisch geschultes Personal) und B (Angebot von Laienhelferinnen) \u00fcber 6 Messzeitpunkte hinweg.<\/p>\n","protected":false},"excerpt":{"rendered":"<p>Promotionskolleg: Psychosoziale Folgen von Migration und Flucht \u2013 generationale Dynamiken und adoleszente Verl\u00e4ufe Sprecherin des Promotionskollegs: Prof. Dr. Vera KingWissenschaftliche Leitung: Prof. Dr. Vera King (Goethe-Univ. &amp; SFI), Prof. Dr. Patrick Meurs (SFI &amp; Univ. Kassel), Prof. Dr. Heinz Wei\u00df (SFI &amp; RBK Stuttgart, Univ. T\u00fcbingen), Prof. Dr. Hans-Christoph Koller (Univ. Hamburg)Koordination: Dr. Susanne BenzelStipendiatInnen: &hellip; <\/p>\n<p class=\"link-more\"><a href=\"https:\/\/sigmund-freud-institut.de\/index.php\/schwerpunkt-ii-abgeschlossene-projekte\/\" class=\"more-link\"><span class=\"screen-reader-text\">\u201eSchwerpunkt II &#8211; Abgeschlossene Projekte\u201c<\/span> weiterlesen<\/a><\/p>\n","protected":false},"author":9,"featured_media":0,"parent":0,"menu_order":0,"comment_status":"closed","ping_status":"closed","template":"","meta":{"footnotes":""},"class_list":["post-11349","page","type-page","status-publish","hentry"],"_links":{"self":[{"href":"https:\/\/sigmund-freud-institut.de\/index.php\/wp-json\/wp\/v2\/pages\/11349","targetHints":{"allow":["GET"]}}],"collection":[{"href":"https:\/\/sigmund-freud-institut.de\/index.php\/wp-json\/wp\/v2\/pages"}],"about":[{"href":"https:\/\/sigmund-freud-institut.de\/index.php\/wp-json\/wp\/v2\/types\/page"}],"author":[{"embeddable":true,"href":"https:\/\/sigmund-freud-institut.de\/index.php\/wp-json\/wp\/v2\/users\/9"}],"replies":[{"embeddable":true,"href":"https:\/\/sigmund-freud-institut.de\/index.php\/wp-json\/wp\/v2\/comments?post=11349"}],"version-history":[{"count":12,"href":"https:\/\/sigmund-freud-institut.de\/index.php\/wp-json\/wp\/v2\/pages\/11349\/revisions"}],"predecessor-version":[{"id":16019,"href":"https:\/\/sigmund-freud-institut.de\/index.php\/wp-json\/wp\/v2\/pages\/11349\/revisions\/16019"}],"wp:attachment":[{"href":"https:\/\/sigmund-freud-institut.de\/index.php\/wp-json\/wp\/v2\/media?parent=11349"}],"curies":[{"name":"wp","href":"https:\/\/api.w.org\/{rel}","templated":true}]}}