{"id":11361,"date":"2023-08-15T14:12:54","date_gmt":"2023-08-15T12:12:54","guid":{"rendered":"https:\/\/www.sigmund-freud-institut.de\/?page_id=11361"},"modified":"2024-05-03T10:55:37","modified_gmt":"2024-05-03T08:55:37","slug":"schwerpunkt-iii-abgeschlossene-projekte","status":"publish","type":"page","link":"https:\/\/sigmund-freud-institut.de\/index.php\/schwerpunkt-iii-abgeschlossene-projekte\/","title":{"rendered":"Schwerpunkt III &#8211; Abgeschlossene Projekte"},"content":{"rendered":"<p><strong><a href=\"http:\/\/www.sigmund-freud-institut.de\/index.php\/forschung\/forschungsschwerpunkte\/mutige-kinder-muki\/\">Mutige Kinder \u2013 MuKi \u2013 Untersuchung emotionaler Erwartungs- und Bewertungsprozesse bei Kindern im Alter von 8-12 Jahren<\/a><\/strong><\/p>\n<p><strong>Wissenschaftliche Leitung<\/strong>: Prof. Dr. Tamara Fischmann, Prof. Dr. Patrick Meurs<br \/>\n<strong>Projektkoordination<\/strong>: Dipl.-Psych. Felicitas Hug<br \/>\n<strong>Wissenschaftlicher Mitarbeiter<\/strong>: Tom Degen<br \/>\n<strong>Gef\u00f6rdert durch<\/strong>: IDeA<br \/>\n<strong>Projektaufzeit<\/strong>: 07\/19 \u2013 12\/22<\/p>\n<h3><\/h3>\n<p><a href=\"https:\/\/www.sigmund-freud-institut.de\/index.php\/forschung\/forschungsschwerpunkte\/sogrev\/\" target=\"_blank\" rel=\"noopener noreferrer\"><strong>SOGREV<\/strong> (<strong>So<\/strong><strong>zialp\u00e4dagogische<\/strong><strong> Gr<\/strong><strong>uppenangebote<\/strong> <strong>&amp;<\/strong><strong> Ev<\/strong><strong>aluation<\/strong><strong>) \u2013 Evaluation sozialp\u00e4dagogischer Gruppenangebote bei Kindern und Jugendlichen in der ambulanten Jugendhilfe<\/strong><\/a><\/p>\n<p><strong>Wissenschaftliche Leitung<\/strong>: Prof. Dr. Patrick Meurs, Prof. Dr. Tamara Fischmann unter Mitarbeit von Tom Degen und Felicitas Hug<br \/>\n<strong>Gef\u00f6rdert durch<\/strong>: IDeA<br \/>\n<strong>Projektlaufzeit<\/strong>: 09\/20 \u2013 08\/22<\/p>\n<h3><\/h3>\n<p><strong>Neuroimaging und Bindung fMRI-Studie zu Kindern mit sicherem im Vergleich mit Kindern mit einem unsicheren Bindungstyp (NeuroBind)<\/strong><\/p>\n<p><strong>Wissenschaftliche Leitung<\/strong>: Prof. Dr. Tamara Fischmann (SFI\/IPU)<br \/>\n<strong>Wissenschaftliche Mitarbeiterin<\/strong>: Margarete Sch\u00f6tt<br \/>\n<strong>Forschungspartner<\/strong>: Goethe-Universit\u00e4t Frankfurt<br \/>\n<strong>Gef\u00f6rdert durch<\/strong>: DFG<br \/>\n<strong>Projektlaufzeit<\/strong>: bis 12\/18<\/p>\n<h3><\/h3>\n<p><strong>OPD (Operationalisierte psychodynamische Diagnostik) in Verbindung mit Befunden der LAC-Studie<\/strong><\/p>\n<p><strong>Wissenschaftliche Leitung<\/strong>: PD Dr. Ulrich Bahrke<br \/>\n<strong>Projektlaufzeit<\/strong>: 2016 \u2013 2019<\/p>\n<h3><\/h3>\n<p><strong><br \/>\nIdentifikation pr\u00e4diktiver Faktoren hinsichtlich des beruflichen Wiedereinstiegs depressiver PatientInnen nach station\u00e4rer bzw. teilstation\u00e4rer psychosomatischer Akutbehandlung<br \/>\n<\/strong><br \/>\n<strong>Wissenschaftliche Leitung<\/strong>: Prof. Dr. Heinz Wei\u00df unter Mitarbeit von Dr. Anna Docter<br \/>\n<strong>Projektkoordination<\/strong>: Dr. Nora Alsdorf<br \/>\n<strong>Gef\u00f6rdert durch<\/strong>: Heidehof-Stiftung<br \/>\n<strong>Laufzeit<\/strong>: 2018 \u2013 2019<\/p>\n","protected":false},"excerpt":{"rendered":"<p>Mutige Kinder \u2013 MuKi \u2013 Untersuchung emotionaler Erwartungs- und Bewertungsprozesse bei Kindern im Alter von 8-12 Jahren Wissenschaftliche Leitung: Prof. Dr. Tamara Fischmann, Prof. Dr. Patrick Meurs Projektkoordination: Dipl.-Psych. Felicitas Hug Wissenschaftlicher Mitarbeiter: Tom Degen Gef\u00f6rdert durch: IDeA Projektaufzeit: 07\/19 \u2013 12\/22 SOGREV (Sozialp\u00e4dagogische Gruppenangebote &amp; Evaluation) \u2013 Evaluation sozialp\u00e4dagogischer Gruppenangebote bei Kindern und Jugendlichen &hellip; <\/p>\n<p class=\"link-more\"><a href=\"https:\/\/sigmund-freud-institut.de\/index.php\/schwerpunkt-iii-abgeschlossene-projekte\/\" class=\"more-link\"><span class=\"screen-reader-text\">\u201eSchwerpunkt III &#8211; Abgeschlossene Projekte\u201c<\/span> weiterlesen<\/a><\/p>\n","protected":false},"author":9,"featured_media":0,"parent":0,"menu_order":0,"comment_status":"closed","ping_status":"closed","template":"","meta":{"footnotes":""},"class_list":["post-11361","page","type-page","status-publish","hentry"],"_links":{"self":[{"href":"https:\/\/sigmund-freud-institut.de\/index.php\/wp-json\/wp\/v2\/pages\/11361","targetHints":{"allow":["GET"]}}],"collection":[{"href":"https:\/\/sigmund-freud-institut.de\/index.php\/wp-json\/wp\/v2\/pages"}],"about":[{"href":"https:\/\/sigmund-freud-institut.de\/index.php\/wp-json\/wp\/v2\/types\/page"}],"author":[{"embeddable":true,"href":"https:\/\/sigmund-freud-institut.de\/index.php\/wp-json\/wp\/v2\/users\/9"}],"replies":[{"embeddable":true,"href":"https:\/\/sigmund-freud-institut.de\/index.php\/wp-json\/wp\/v2\/comments?post=11361"}],"version-history":[{"count":1,"href":"https:\/\/sigmund-freud-institut.de\/index.php\/wp-json\/wp\/v2\/pages\/11361\/revisions"}],"predecessor-version":[{"id":13074,"href":"https:\/\/sigmund-freud-institut.de\/index.php\/wp-json\/wp\/v2\/pages\/11361\/revisions\/13074"}],"wp:attachment":[{"href":"https:\/\/sigmund-freud-institut.de\/index.php\/wp-json\/wp\/v2\/media?parent=11361"}],"curies":[{"name":"wp","href":"https:\/\/api.w.org\/{rel}","templated":true}]}}