{"id":11883,"date":"2023-12-14T16:07:58","date_gmt":"2023-12-14T15:07:58","guid":{"rendered":"https:\/\/www.sigmund-freud-institut.de\/?page_id=11883"},"modified":"2024-01-10T12:35:55","modified_gmt":"2024-01-10T11:35:55","slug":"interne-meldestelle-fuer-hinweise-hinweisgebersystem-des-sigmund-freud-institut","status":"publish","type":"page","link":"https:\/\/sigmund-freud-institut.de\/index.php\/footer\/interne-meldestelle-fuer-hinweise-hinweisgebersystem-des-sigmund-freud-institut\/","title":{"rendered":"Interne Meldestelle f\u00fcr Hinweise \/ Hinweisgebersystem"},"content":{"rendered":"\n<p>Das Sigmund-Freud-Institut setzt mit der Einrichtung einer internen Meldestelle f\u00fcr Hinweise die <strong>EU-Hinweisgeberrichtlinie <\/strong>und das <strong>Hinweisgeberschutzgesetz<\/strong>&nbsp;um.<\/p>\n\n\n\n<p>Nachfolgend finden Sie die <a href=\"https:\/\/www.sigmund-freud-institut.de\/wp-content\/uploads\/Richtlinie_SFI_Hinweisgeberschutzgesetz_12_2023.pdf\" data-type=\"link\" data-id=\"https:\/\/www.sigmund-freud-institut.de\/wp-content\/uploads\/Richtlinie_SFI_Hinweisgeberschutzgesetz_12_2023.pdf\" target=\"_blank\" rel=\"noreferrer noopener\">Richtlinie zur Handhabung<\/a> sowie eine <a href=\"https:\/\/www.sigmund-freud-institut.de\/wp-content\/uploads\/Kurzanleitung_12_2023.pdf\" target=\"_blank\" rel=\"noreferrer noopener\">Kurzanleitung<\/a>.<\/p>\n\n\n\n<p>Es stehen verschiedene Meldekan\u00e4le zur Verf\u00fcgung. Als digitales Meldesystem setzt das Sigmund-Freud-Institut die webbasierte Oberfl\u00e4che des Unternehmens <em>product kitchen GmbH<\/em><strong> <\/strong>ein (<a href=\"https:\/\/www.hintcatcher.com\" target=\"_blank\" rel=\"noreferrer noopener\">https:\/\/www.hintcatcher.com<\/a>).<\/p>\n\n\n\n<p><em>Wichtig: Wir empfehlen Ihnen, digitale Hinweise nicht \u00fcber Ihren dienstlichen PC zu versenden, weil dies theoretisch R\u00fcckschl\u00fcsse auf Ihre Identit\u00e4t zul\u00e4sst.<\/em><\/p>\n\n\n\n<p>Hier gelangen Sie zum SFI-eigenen <a href=\"https:\/\/report.hintcatcher.com\/hGMsEIIeGAoPk0NNqPux\/\" target=\"_blank\" rel=\"noreferrer noopener\"><strong>digitalen Meldesystem<\/strong><\/a>.<\/p>\n\n\n\n<p>Mit dieser Anwendung k\u00f6nnen Sie:<\/p>\n\n\n\n<ul class=\"wp-block-list\">\n<li>jederzeit von \u00fcberall eine Meldung abgeben.<\/li>\n\n\n\n<li>Ihre Hinweise anonym und verschl\u00fcsselt abgeben.<\/li>\n\n\n\n<li>nach der Abgabe weitere Informationen erg\u00e4nzen und ggf. R\u00fcckfragen beantworten.<\/li>\n\n\n\n<li>sich im Nachhinein \u00fcber die getroffenen Ma\u00dfnahmen informieren.<\/li>\n<\/ul>\n\n\n\n<p><em>Wichtig: Bitte denken Sie daran, sich direkt nach Abgabe Ihres Hinweises die angezeigte Fall-ID und das Kennwort zu notieren, um nicht den Zugang zu Ihrem Fall zu verlieren.<\/em><\/p>\n\n\n\n<p>Kontaktdaten des Meldebeauftragten des Sigmund-Freud-Instituts:<br>Hendrik Burmeister (Raum U.12)<br><span style=\"color:#1F497D\"><a href=\"mailto:meldestelle@sigmund-freud-institut.de\" target=\"_blank\" rel=\"noreferrer noopener\">meldestelle@sigmund-freud-institut.de<\/a><\/span><br><a href=\"mailto:datenschutz@sigmund-freud-institut.de\" target=\"_blank\" rel=\"noreferrer noopener\">datenschutz@sigmund-freud-institut.de<\/a><br><a href=\"mailto:burmeister@sigmund-freud-institut.de\" target=\"_blank\" rel=\"noreferrer noopener\">burmeister@sigmund-freud-institut.de<\/a><\/p>\n\n\n\n<p><em>Wichtig: Bitte beachten Sie, dass per Mail eingereichte Hinweise nicht anonym sind.<\/em><\/p>\n\n\n\n<p>Weitere Informationen, u.a. zu den alternativen Meldekan\u00e4len, finden Sie im <a href=\"https:\/\/www.sigmund-freud-institut.de\/wp-content\/uploads\/Leitfaden_Hinweisgebersystem_12_2023.pdf\" data-type=\"link\" data-id=\"https:\/\/www.sigmund-freud-institut.de\/wp-content\/uploads\/Leitfaden_Hinweisgebersystem_12_2023.pdf\" target=\"_blank\" rel=\"noreferrer noopener\">Leitfaden<\/a>.<\/p>\n","protected":false},"excerpt":{"rendered":"<p>Das Sigmund-Freud-Institut setzt mit der Einrichtung einer internen Meldestelle f\u00fcr Hinweise die EU-Hinweisgeberrichtlinie und das Hinweisgeberschutzgesetz&nbsp;um. Nachfolgend finden Sie die Richtlinie zur Handhabung sowie eine Kurzanleitung. Es stehen verschiedene Meldekan\u00e4le zur Verf\u00fcgung. Als digitales Meldesystem setzt das Sigmund-Freud-Institut die webbasierte Oberfl\u00e4che des Unternehmens product kitchen GmbH ein (https:\/\/www.hintcatcher.com). Wichtig: Wir empfehlen Ihnen, digitale Hinweise nicht &hellip; <\/p>\n<p class=\"link-more\"><a href=\"https:\/\/sigmund-freud-institut.de\/index.php\/footer\/interne-meldestelle-fuer-hinweise-hinweisgebersystem-des-sigmund-freud-institut\/\" class=\"more-link\"><span class=\"screen-reader-text\">\u201eInterne Meldestelle f\u00fcr Hinweise \/ Hinweisgebersystem\u201c<\/span> weiterlesen<\/a><\/p>\n","protected":false},"author":4,"featured_media":0,"parent":348,"menu_order":0,"comment_status":"closed","ping_status":"closed","template":"","meta":{"footnotes":""},"class_list":["post-11883","page","type-page","status-publish","hentry"],"_links":{"self":[{"href":"https:\/\/sigmund-freud-institut.de\/index.php\/wp-json\/wp\/v2\/pages\/11883","targetHints":{"allow":["GET"]}}],"collection":[{"href":"https:\/\/sigmund-freud-institut.de\/index.php\/wp-json\/wp\/v2\/pages"}],"about":[{"href":"https:\/\/sigmund-freud-institut.de\/index.php\/wp-json\/wp\/v2\/types\/page"}],"author":[{"embeddable":true,"href":"https:\/\/sigmund-freud-institut.de\/index.php\/wp-json\/wp\/v2\/users\/4"}],"replies":[{"embeddable":true,"href":"https:\/\/sigmund-freud-institut.de\/index.php\/wp-json\/wp\/v2\/comments?post=11883"}],"version-history":[{"count":0,"href":"https:\/\/sigmund-freud-institut.de\/index.php\/wp-json\/wp\/v2\/pages\/11883\/revisions"}],"up":[{"embeddable":true,"href":"https:\/\/sigmund-freud-institut.de\/index.php\/wp-json\/wp\/v2\/pages\/348"}],"wp:attachment":[{"href":"https:\/\/sigmund-freud-institut.de\/index.php\/wp-json\/wp\/v2\/media?parent=11883"}],"curies":[{"name":"wp","href":"https:\/\/api.w.org\/{rel}","templated":true}]}}