{"id":121,"date":"2018-03-15T08:19:09","date_gmt":"2018-03-15T08:19:09","guid":{"rendered":"http:\/\/test.sigmund-freud-institut.de\/Wordpress\/?page_id=121"},"modified":"2026-02-05T16:37:14","modified_gmt":"2026-02-05T15:37:14","slug":"kontakt","status":"publish","type":"page","link":"https:\/\/sigmund-freud-institut.de\/index.php\/ambulanz\/kontakt\/","title":{"rendered":"Kontakt"},"content":{"rendered":"<div class=\"address\">\n<h3>Sigmund-Freud-Institut \/ Sigmund-Freud-Institute<br \/>\nSekretariat der Ambulanz \/ Administration of outpatient clinic<br \/>\nSabine Kroll &amp; Katja D\u00f6rr<\/h3>\n<p>Myliusstra\u00dfe 20<br \/>\n60323 Frankfurt am Main<\/p>\n<p>Telefon 069 971204-125<br \/>\nTelefax 069 971204-4<\/p>\n<p>E-Mail <a href=\"mailto:ambulanz-sekretariat@sigmund-freud-institut.de\">ambulanz-sekretariat(at)sigmund-freud-institut.de<\/a><\/p>\n<p><strong><span style=\"color: #000000;\">Telefonische Erreichbarkeit: <\/span><span style=\"color: #000000;\">Montag &amp; Dienstag 11:00-13:00 Uhr<br \/>\nAvailability by telephone: Monday &amp; Tuesday 11 am to 1 pm<br \/>\n<span style=\"color: #ff0000;\"><br \/>\n<\/span><\/span><\/strong><span style=\"color: #000000;\"><span style=\"color: #ff0000;\"><span style=\"color: #000080;\">In Notsituationen wenden Sie sich bitte an die <strong>Uniklinik<\/strong> Frankfurt. Telefon: 069-6301-5079 oder au\u00dferhalb der \u00fcblichen B\u00fcrozeiten an 069-6301-0. <\/span><\/span><\/span><span style=\"color: #000000;\"><span style=\"color: #ff0000;\"><span style=\"color: #000080;\">Unter der Hotline 116117 der kassen\u00e4rztlichen Vereinigung erreichen Sie au\u00dferdem rund um die Uhr und kostenfrei den <strong>\u00c4rztlichen Bereitschaftsdienst<\/strong> (\u00c4BD) Hessen.<\/span><\/span><\/span><strong><span style=\"color: #000000;\"><span style=\"color: #ff0000;\"><br \/>\n<\/span><\/span><\/strong><\/p>\n<p>Eine Liste niedergelassener Psychoanalytiker\/-innen und Psychotherapeutinnen\/Psychotherapeuten mit tiefenpsychologisch fundierter Ausbildung in Frankfurt am Main und Umgebung, die Patienten aus der Ambulanz in Behandlung nehmen, finden Sie <a href=\"https:\/\/sigmund-freud-institut.de\/wp-content\/uploads\/Liste-Analytiker_02.2026.pdf\" target=\"_blank\" rel=\"noopener\"><strong>hier<\/strong><\/a>.<\/p>\n<\/div>\n<p>A list of psychoanalysts and psychotherapists in private practice with depth psychology training in Frankfurt am Main and the surrounding area who treat patients from the outpatient clinic can be found <a href=\"https:\/\/sigmund-freud-institut.de\/wp-content\/uploads\/Liste-Analytiker_02.2026.pdf\" target=\"_blank\" rel=\"noopener\"><strong>here<\/strong><\/a>.<\/p>\n<h1>So finden Sie uns \/ How to find us<\/h1>\n<h5>Anreise mit \u00f6ffentlichen Verkehrsmitteln<\/h5>\n<p><strong style=\"font-size: 1rem;\">Vom Hauptbahnhof Frankfurt am Main:<\/strong><span style=\"font-size: 1rem;\">\u00a0mit den S-Bahn Linien S 1 (Offenbach-Ost), S 2, 3, 4 (Ffm-S\u00fcd), S 5, 6 (Stresemannallee), S 8 (Hanau Hbf) bis zur <\/span><strong style=\"font-size: 1rem;\">Station Hauptwache<\/strong><span style=\"font-size: 1rem;\">\u00a0(2 Stationen). Umsteigen zur U-Bahn, Linien U 6 (Heerstra\u00dfe) oder U 7 (Hausen) bis zur <\/span><strong style=\"font-size: 1rem;\">Station Westend<\/strong><span style=\"font-size: 1rem;\">\u00a0(2 Stationen). Ausgang Siesmayerstra\u00dfe (in Fahrtrichtung, rechter Ausgang). Nach Verlassen der Station wenden Sie sich nach rechts und gehen nach ca. 100 m links in die Myliusstra\u00dfe. Nach weiteren 100 m finden Sie rechts das SFI, einen blauen Klinkerbau (3 Min. Fu\u00dfweg). Der Eingang befindet sich in der Kleinen Wiesenau.<\/span><\/p>\n<h5>Anreise mit dem auto<\/h5>\n<p>Aufgrund der sehr begrenzten Anzahl an Parkpl\u00e4tzen empfehlen wir die Nutzung des <a href=\"https:\/\/parkhausfrankfurt.de\/de\/parkhaeuser\/Ohne-Parkleitsystem\/Palmengarten.html\">Parkhauses am Palmengarten<\/a>. Dieses befindet sich ca. 600m entfernt in der Siesmayerstra\u00dfe 61.<\/p>\n<p><strong style=\"font-size: 1rem;\">Aus Richtung K\u00f6ln:<\/strong><span style=\"font-size: 1rem;\">\u00a0A3 bis Wiesbadener Kreuz, dann A66 in Richtung Miquelallee. Abfahrt Richtung Messe\/Zeppelinallee\/Bockenheimer Landstra\u00dfe. An der Bockenheimer Warte links abbiegen (Richtung Alte Oper). An der 4. Ampel links abbiegen in die Freiherr-v.-Stein-Stra\u00dfe, dann links in die Eppsteiner-Stra\u00dfe. Geradeaus fahren bis Kleine Wiesenau. Hinter der Kreuzung finden Sie links die Einfahrt zum Parkplatz des SFI.<\/span><\/p>\n<p><strong style=\"font-size: 1rem;\">Aus Richtung W\u00fcrzburg:<\/strong><span style=\"font-size: 1rem;\">\u00a0A3 bis Frankfurter Kreuz, dann A5 Richtung Kassel\/Hannover bis zum Nordwestkreuz Frankfurt. Richtung Miquelallee, dann\u00a0 die Abfahrt Messe\/Zeppelinallee\/Bockenheimer Landstra\u00dfe nehmen. An der Bockenheimer Warte links abbiegen (Richtung Alte Oper). An der 4. Ampel links abbiegen in die Freiherr-v.-Stein-Stra\u00dfe, dann links in die Eppsteiner-Stra\u00dfe. Geradeaus fahren bis Kleine Wiesenau. Hinter der Kreuzung finden Sie links die Einfahrt zum Parkplatz des SFI.<\/span><\/p>\n<p><strong style=\"font-size: 1rem;\">Aus Richtung Darmstadt\/Mannheim\/Karlsruhe:<\/strong><span style=\"font-size: 1rem;\">\u00a0A5 bis Nordwestkreuz Frankfurt. Richtung Miquelallee, dann die Abfahrt Messe\/Zeppelinallee\/Bockenheimer Landstra\u00dfe nehmen. An der Bockenheimer Warte links abbiegen (Richtung Alte Oper). An der 4. Ampel links abbiegen in die Freiherr-v.-Stein-Stra\u00dfe, dann links in die Eppsteiner-Stra\u00dfe. Geradeaus fahren bis Kleine Wiesenau. Hinter der Kreuzung finden Sie links die Einfahrt zum Parkplatz des SFI.<\/span><\/p>\n<p><strong style=\"font-size: 1rem;\">Aus Richtung Gie\u00dfen\/Kassel:<\/strong><span style=\"font-size: 1rem;\">\u00a0A5 bis Nordwestkreuz Frankfurt, A 66 Richtung Miquelallee, dann die Abfahrt Messe\/Zeppelinallee\/Bockenheimer Landstra\u00dfe nehmen. An der Bockenheimer Warte links abbiegen (Richtung Alte Oper). An der 4. Ampel links abbiegen in die Freiherr-v.-Stein-Stra\u00dfe, dann links in die Eppsteiner-Stra\u00dfe. Geradeaus fahren bis Kleine Wiesenau. Hinter der Kreuzung finden Sie links die Einfahrt zum Parkplatz des SFI.<\/span><\/p>\n","protected":false},"excerpt":{"rendered":"<p>Sigmund-Freud-Institut \/ Sigmund-Freud-Institute Sekretariat der Ambulanz \/ Administration of outpatient clinic Sabine Kroll &amp; Katja D\u00f6rr Myliusstra\u00dfe 20 60323 Frankfurt am Main Telefon 069 971204-125 Telefax 069 971204-4 E-Mail ambulanz-sekretariat(at)sigmund-freud-institut.de Telefonische Erreichbarkeit: Montag &amp; Dienstag 11:00-13:00 Uhr Availability by telephone: Monday &amp; Tuesday 11 am to 1 pm In Notsituationen wenden Sie sich bitte an &hellip; <\/p>\n<p class=\"link-more\"><a href=\"https:\/\/sigmund-freud-institut.de\/index.php\/ambulanz\/kontakt\/\" class=\"more-link\"><span class=\"screen-reader-text\">\u201eKontakt\u201c<\/span> weiterlesen<\/a><\/p>\n","protected":false},"author":1,"featured_media":0,"parent":40,"menu_order":25,"comment_status":"closed","ping_status":"closed","template":"","meta":{"footnotes":""},"class_list":["post-121","page","type-page","status-publish","hentry"],"_links":{"self":[{"href":"https:\/\/sigmund-freud-institut.de\/index.php\/wp-json\/wp\/v2\/pages\/121","targetHints":{"allow":["GET"]}}],"collection":[{"href":"https:\/\/sigmund-freud-institut.de\/index.php\/wp-json\/wp\/v2\/pages"}],"about":[{"href":"https:\/\/sigmund-freud-institut.de\/index.php\/wp-json\/wp\/v2\/types\/page"}],"author":[{"embeddable":true,"href":"https:\/\/sigmund-freud-institut.de\/index.php\/wp-json\/wp\/v2\/users\/1"}],"replies":[{"embeddable":true,"href":"https:\/\/sigmund-freud-institut.de\/index.php\/wp-json\/wp\/v2\/comments?post=121"}],"version-history":[{"count":35,"href":"https:\/\/sigmund-freud-institut.de\/index.php\/wp-json\/wp\/v2\/pages\/121\/revisions"}],"predecessor-version":[{"id":15828,"href":"https:\/\/sigmund-freud-institut.de\/index.php\/wp-json\/wp\/v2\/pages\/121\/revisions\/15828"}],"up":[{"embeddable":true,"href":"https:\/\/sigmund-freud-institut.de\/index.php\/wp-json\/wp\/v2\/pages\/40"}],"wp:attachment":[{"href":"https:\/\/sigmund-freud-institut.de\/index.php\/wp-json\/wp\/v2\/media?parent=121"}],"curies":[{"name":"wp","href":"https:\/\/api.w.org\/{rel}","templated":true}]}}