{"id":1520,"date":"2018-08-23T09:28:19","date_gmt":"2018-08-23T07:28:19","guid":{"rendered":"http:\/\/www.sigmund-freud-institut.de\/?page_id=1520"},"modified":"2025-11-24T16:04:30","modified_gmt":"2025-11-24T15:04:30","slug":"sima-saligheh","status":"publish","type":"page","link":"https:\/\/sigmund-freud-institut.de\/index.php\/mitarbeiter-innen\/sima-saligheh\/","title":{"rendered":"M.A. Sima Saligheh"},"content":{"rendered":"<p><strong><img decoding=\"async\" src=\"http:\/\/www.sigmund-freud-institut.de\/wp-content\/uploads\/union-jack-26119_1280-e1557401751941.png\" \/><\/strong> <a href=\"http:\/\/www.sigmund-freud-institut.de\/?page_id=2742&amp;preview=true\" target=\"_blank\" rel=\"noopener noreferrer\"><strong>ENGLISH VERSION<\/strong><\/a><\/p>\n<h1>Wissenschaftliche Mitarbeiterin<\/h1>\n<h3>Kontakt<\/h3>\n<p>Sigmund-Freud-Institut<br \/>Myliusstra\u00dfe 20<br \/>60323 Frankfurt am Main<br \/>Raum 1.16<\/p>\n<p>Telefon 069 971204-151<br \/>Telefax 069 971204-4<br \/>E-Mail <a class=\"mail\" href=\"mailto:saligheh@sigmund-freud-institut.de\" target=\"_blank\" rel=\"noopener noreferrer\">saligheh<br \/>(at)sigmund-freud-institut.de<\/a><\/p>\n<h1>Portrait<\/h1>\n<p>Seit 2023<br \/>Approbation als Psychologische Psychotherapeutin<\/p>\n<p>Seit 2022<br \/>Koordination des Praxisprojekts Psychosozialer Verbund Rhein-Main &#8211; Hilfe f\u00fcr Gefl\u00fcchtete<\/p>\n<p>Seit 2018<br \/>Wissenschaftliche Mitarbeiterin am Sigmund-Freud-Institut<\/p>\n<p>2017-2020<br \/>Psychologin in der Vitos Klinik in Riedstadt-Goddelau<\/p>\n<p>Seit 2017<br \/>Psychologin beim Tr\u00e4ger Lernportal \u2013 Institut f\u00fcr Bildung und Erziehungshilfen<\/p>\n<p>2014 \u2012 2016<br \/>Master of Arts im Fach Psychologie an der International Psychoanalytic University<\/p>\n<p>2015<br \/>Praktikum: Erste Schritte \u2013 ein Integrationsprojekt f\u00fcr Kleinkinder mit Migrationshintergrund \u2013 Standort Berlin<\/p>\n<p>2013<br \/>Klinisches Praktikum am Wuhan Hospital for Psychotherapy in China<\/p>\n<p>2011 \u2012 2014<br \/>Bachelor of Arts im Fach Psychologie an der International Psychoanalytic University<\/p>\n<h1>Forschungsschwerpunkte<\/h1>\n<ul>\n<li>Migration und Flucht<\/li>\n<li>Psychosoziale Versorgung von Gefl\u00fcchteten<\/li>\n<li>Psychotherapieforschung: Angststudie f\u00fcr Kinder (ASK Studie)<\/li>\n<\/ul>\n<h1>Forschungsprojekte<\/h1>\n<p>Psychosozialer Verbund Rhein-Main \u2013 Hilfe f\u00fcr Gefl\u00fcchtete<br \/>Wissenschaftliche Leitung: Prof. Dr. Patrick Meurs<br \/>In Kooperation mit: Frankfurter Psychoanalytisches Institut, Anna-Freud-Institut, Frankfurter Arbeitskreis Trauma und Exil e.V., Evangelischer Regionalverband<br \/>F\u00f6rderung: Hessisches Ministerium f\u00fcr Arbeit, Integration, Jugend und Soziales<br \/>Projektbeginn: Dezember 2017<\/p>\n<p>Angststudie f\u00fcr Kinder (ASK-Studie) Eine Kooperation der International Psychoanalytic University Berlin, der Universit\u00e4tsmedizin G\u00f6ttingen und des Universit\u00e4tsklinikums Heidelberg<br \/>Finanzierung durch: VAKJP \/ Stiftung zur F\u00f6rderung der universit\u00e4ren Psychoanalyse<br \/>Masterarbeit unter Verwendung der Daten der ASK<\/p>\n<h1>Vortr\u00e4ge, Workshops und Moderationen<\/h1>\n<p><strong>2025<br \/><\/strong>Forschungsforum (gemeinsam mit Corinna Poholski): &#8222;In the Community \u2013 Psychoanalytisch-psychosoziale Begleitung ankommender\u00a0Menschen nach der Flucht&#8220; im Rahmen der\u00a0Herbsttagung der Deutschen\u00a0Psychoanalytischen Vereinigung e.V.:\u00a0Finding a Place to Stand\u00a0am 22.11.2025.<\/p>\n<p>Workshop (gemeinsam mit Hannah M\u00fchlich &amp; Ina Kuli\u0107)\u00a0zum Thema \u201ePsychoanalytische Konzepte in der Gefl\u00fcchtetenhilfe\u201c im Rahmen des Fachtags \u201ezehn Jahre seit dem \u00bbSommer der Flucht\u00ab\u00a0&#8211; R\u00fcckblicke, Ausblicke, Blickwinkel\u201c am 14.11.2025 am Sigmund-Freud-Institut, Frankfurt am Main.<\/p>\n<p><strong>2024<br \/><\/strong>Vortrag (mit Raem Abd-Al-Majeed): \u201ePsychoanalytisch, preisgekr\u00f6nt, prek\u00e4r. Die psychosoziale Hilfe f\u00fcr Gefl\u00fcchtete des Sigmund-Freud-Instituts\u201c, Vortragsveranstaltung der F\u00f6rdergesellschaft Sigmund-Freud-Institut, am 14. 11.2024 in Frankfurt a. M.<\/p>\n<p>Workshop zum Thema &#8222;Innere und \u00e4u\u00dfere Realit\u00e4ten im Kontext von Flucht und Asyl&#8220; im Rahmen des Fachtags \u201eMeine Arbeit und Ich \u2013 Ich und meine Arbeit. Gefl\u00fcchtetenhilfe gestern, heute, morgen\u201c am 20.09.2024 am Sigmund-Freud-Institut, Frankfurt am Main.<\/p>\n<p><strong>Seit 2021<\/strong><br \/>Organisation und Moderation der j\u00e4hrlich stattfindenden Fachtagung aus der Reihe &#8222;Meine Arbeit und Ich &#8211; Ich und meine Arbeit&#8220;.<\/p>\n<p><strong>2019<\/strong><br \/>(Gemeinsam mit Stefanie Kurth) \u00dcbertragungs- und Gegen\u00fcbertragungsprozesse in der Arbeit mit Gefl\u00fcchteten. Workshop im Rahmen des Fachtags &#8222;Meine Arbeit und Ich &#8211; Ich und meine Arbeit. Reflexion (in) der Arbeit mit Gefl\u00fcchteten&#8220; am Sigmund-Freud-Institut, Frankfurt am Main.<\/p>\n<p><strong>2017-2020<\/strong><br \/>Moderation und Organisation der \u201ePsychosewerkstatt \u2012 Austausch zwischen Betroffenen, Angeh\u00f6rigen und Behandlern\u201c, Vitos Klinik Riedstadt \u2013 Goddelau<\/p>\n<h1>Publikationen<\/h1>\n\n\n<p>Meurs, P., Abd-Al-Majeed, R., Poholski, C. &amp; <strong>Saligheh, S.<\/strong> (Hrsg.) (2025). Helfende H\u00e4nde f\u00fcr gefl\u00fcchtete Menschen. Beziehungsorientierte psychosoziale Begleitung w\u00e4hrend des Ankommens. Psychosozial-Verlag.<\/p>\n\n\n\n<p>Meurs,P., Abd-Al-Majeed, R., Poholski, C., <strong>Saligheh, S.<\/strong>, \u00c7inar, D., Zokai, R. &amp; Neupert, R. (2025): Einleitung: Helfende H\u00e4nde als Symbol. In: Meurs, P., Abd-Al-Majeed, R., Poholski, C. &amp; Saligheh, S. (Hg.). Helfende H\u00e4nde f\u00fcr gefl\u00fcchtete Menschen. Beziehungsorientierte psychosoziale Begleitung w\u00e4hrend des Ankommens . Gie\u00dfen: Psychosozial Verlag\u00a0<\/p>\n\n\n\n<p><strong>Saligheh, S.<\/strong>, &amp; Kurth, S. (2025): Zwischen Anerkennung und Entmenschlichung: \u00dcbertragung- und Gegen\u00fcbertragungsdynamiken in der psychosozialen Arbeit mit gefl\u00fcchteten Menschen. In: Meurs, P., Abd-Al-Majeed, R., Poholski, C. &amp; <strong>Saligheh, S.<\/strong> (Hrsg.): Helfende H\u00e4nde f\u00fcr gefl\u00fcchtete Menschen. Beziehungsorientierte psychosoziale Begleitung w\u00e4hrend des Ankommens. Gie\u00dfen: Psychosozial-Verlag.<\/p>\n\n\n\n<p>Abd-Al-Majeed, R., Hettich-Damm, N., Kurth, S., Poholski, C., <strong>Saligheh, S.<\/strong>, Witzel, H. (2025): Beziehungsdynamiken (nicht) verstehen. Szenische Einblicke in eine psychoanalytisch-psychosoziale Hilfe f\u00fcr Gefl\u00fcchtete. In: Meurs, P., Abd-Al-Majeed, R., Poholski, C. &amp; <strong>Saligheh, S.<\/strong> (Hrsg.): Helfende H\u00e4nde f\u00fcr gefl\u00fcchtete Menschen. Beziehungsorientierte psychosoziale Begleitung w\u00e4hrend des Ankommens. Gie\u00dfen: Psychosozial-Verlag.<\/p>\n\n\n\n<p>Meurs, P., Abd-Al-Majeed, R., Poholski, C. &amp; <strong>Saligheh, S. <\/strong>(2025): Vier Schlussworte. In: Meurs, P., Abd-Al-Majeed, R., Poholski, C. &amp; <strong>Saligheh, S.<\/strong> (Hrsg.): Helfende H\u00e4nde f\u00fcr gefl\u00fcchtete Menschen. Beziehungsorientierte psychosoziale Begleitung w\u00e4hrend des Ankommens. Gie\u00dfen: Psychosozial-Verlag.<\/p>\n\n\n\n<h1 class=\"wp-block-heading\">Preise<\/h1>\n\n\n\n<p>1. Platz der \u00bbIPA in the Community and the World Awards\u00ab 2023 in der Kategorie \u00bbViolence\u00ab f\u00fcr das SFI-Projekt \u00bbPsychosozialer Verbund Rhein-Main \u2013 Hilfe f\u00fcr Gefl\u00fcchtete\u00ab<\/p>\n","protected":false},"excerpt":{"rendered":"<p>ENGLISH VERSION Wissenschaftliche Mitarbeiterin Kontakt Sigmund-Freud-InstitutMyliusstra\u00dfe 2060323 Frankfurt am MainRaum 1.16 Telefon 069 971204-151Telefax 069 971204-4E-Mail saligheh(at)sigmund-freud-institut.de Portrait Seit 2023Approbation als Psychologische Psychotherapeutin Seit 2022Koordination des Praxisprojekts Psychosozialer Verbund Rhein-Main &#8211; Hilfe f\u00fcr Gefl\u00fcchtete Seit 2018Wissenschaftliche Mitarbeiterin am Sigmund-Freud-Institut 2017-2020Psychologin in der Vitos Klinik in Riedstadt-Goddelau Seit 2017Psychologin beim Tr\u00e4ger Lernportal \u2013 Institut f\u00fcr Bildung &hellip; <\/p>\n<p class=\"link-more\"><a href=\"https:\/\/sigmund-freud-institut.de\/index.php\/mitarbeiter-innen\/sima-saligheh\/\" class=\"more-link\"><span class=\"screen-reader-text\">\u201eM.A. Sima Saligheh\u201c<\/span> weiterlesen<\/a><\/p>\n","protected":false},"author":2,"featured_media":0,"parent":31,"menu_order":102,"comment_status":"closed","ping_status":"closed","template":"","meta":{"footnotes":""},"class_list":["post-1520","page","type-page","status-publish","hentry"],"_links":{"self":[{"href":"https:\/\/sigmund-freud-institut.de\/index.php\/wp-json\/wp\/v2\/pages\/1520","targetHints":{"allow":["GET"]}}],"collection":[{"href":"https:\/\/sigmund-freud-institut.de\/index.php\/wp-json\/wp\/v2\/pages"}],"about":[{"href":"https:\/\/sigmund-freud-institut.de\/index.php\/wp-json\/wp\/v2\/types\/page"}],"author":[{"embeddable":true,"href":"https:\/\/sigmund-freud-institut.de\/index.php\/wp-json\/wp\/v2\/users\/2"}],"replies":[{"embeddable":true,"href":"https:\/\/sigmund-freud-institut.de\/index.php\/wp-json\/wp\/v2\/comments?post=1520"}],"version-history":[{"count":16,"href":"https:\/\/sigmund-freud-institut.de\/index.php\/wp-json\/wp\/v2\/pages\/1520\/revisions"}],"predecessor-version":[{"id":15516,"href":"https:\/\/sigmund-freud-institut.de\/index.php\/wp-json\/wp\/v2\/pages\/1520\/revisions\/15516"}],"up":[{"embeddable":true,"href":"https:\/\/sigmund-freud-institut.de\/index.php\/wp-json\/wp\/v2\/pages\/31"}],"wp:attachment":[{"href":"https:\/\/sigmund-freud-institut.de\/index.php\/wp-json\/wp\/v2\/media?parent=1520"}],"curies":[{"name":"wp","href":"https:\/\/api.w.org\/{rel}","templated":true}]}}