{"id":1524,"date":"2018-08-23T11:09:01","date_gmt":"2018-08-23T09:09:01","guid":{"rendered":"http:\/\/www.sigmund-freud-institut.de\/?page_id=1524"},"modified":"2026-01-26T14:22:37","modified_gmt":"2026-01-26T13:22:37","slug":"annabelle-starck","status":"publish","type":"page","link":"https:\/\/sigmund-freud-institut.de\/index.php\/mitarbeiter-innen\/annabelle-starck\/","title":{"rendered":"Dr. Annabelle Starck"},"content":{"rendered":"<p><img decoding=\"async\" src=\"http:\/\/www.sigmund-freud-institut.de\/wp-content\/uploads\/union-jack-26119_1280-e1557401751941.png\" \/>\u00a0\u00a0\u00a0<a href=\"http:\/\/www.sigmund-freud-institut.de\/index.php\/mitarbeiter-innen\/annabelle-starck\/annabelle-starck\/\" target=\"_blank\" rel=\"noopener noreferrer\"><strong>ENGLISH VERSION<\/strong><\/a><\/p>\n<h2>Wissenschaftliche Mitarbeiterin<br \/>\nund kommissarische Leiterin der Ambulanz<\/h2>\n<h4>Kontakt<\/h4>\n<p>Sigmund-Freud-Institut<br \/>\nMyliusstra\u00dfe 20<br \/>\n60323 Frankfurt am Main<\/p>\n<p>Telefon 069 971204-125 (Sekretariat der Ambulanz)<br \/>\nTelefax 069 971204-4<br \/>\nE-Mail\u00a0<a class=\"mail\" href=\"mailto:starck@sigmund-freud-institut.de\" target=\"_blank\" rel=\"noopener noreferrer\">starck(at)sigmund-freud-institut.de<\/a><\/p>\n<h1>Portrait<\/h1>\n<p>Seit 2019<br \/>\nWissenschaftliche Mitarbeiterin an der Goethe-Universit\u00e4t Frankfurt\/Main, Fachbereich Psychologie und Sportwissenschaften, Institut f\u00fcr Klinische Psychologie und Psychotherapie im Projekt ReCAP<\/p>\n<p>Seit 2018<br \/>\nWissenschaftliche Mitarbeiterin am Sigmund-Freud-Institut in der OCD-Studie (Zwangsstudie) sowie der Ambulanz<\/p>\n<p>2017<br \/>\nStationspsychologin in der Klinik Hohe Mark, Oberursel (Traumatherapiestation, Suchtstation)<\/p>\n<p>Seit 2016<br \/>\nWissenschaftliche Mitarbeiterin in der psychosozialen Beratungsstelle f\u00fcr Fl\u00fcchtlinge am Zentrum f\u00fcr Psychotherapie der Goethe-Universit\u00e4t Frankfurt<\/p>\n<p>2015 \u2013 2018<br \/>\nWissenschaftliche Hilfskraft am Sigmund-Freud-Institut im Projekt Neurobind (Untersuchung neuronaler Korrelate von Bindung)<\/p>\n<p>2015 \u2013 2017<br \/>\nWissenschaftliche Hilfskraft am Sigmund-Freud-Institut im Projekt Step-by-Step<\/p>\n<p>2015 \u2013 2016<br \/>\nPsychologische Psychotherapeutin in Ausbildung in der Klinik Hohe Mark, Oberursel (Allgemeinpsychotherapie-Station)<\/p>\n<p>Seit 2015<br \/>\nIn Ausbildung zur Psychoanalytikerin (DPV)<\/p>\n<p>2014<br \/>\nMasterabschluss der Psychologie an der Goethe Universit\u00e4t Frankfurt<\/p>\n<h1>Forschungsschwerpunkte<\/h1>\n<ul>\n<li>Psychodynamische Ans\u00e4tze bei Zwangserkrankungen<\/li>\n<li>Akkulturations- und Integrationsprozesse bei gefl\u00fcchteten Frauen<\/li>\n<li>Migration und Flucht<\/li>\n<li>Bindungsforschung<\/li>\n<li>Neuropsychoanalyse<\/li>\n<\/ul>\n<h1>Forschungsprojekte<\/h1>\n<p><strong>OCD-Studie: Psychodynamische Therapie bei Zwangserkrankungen<br \/>\n<\/strong>Wissenschaftliche Leitung: Prof. Dr. Heinz Wei\u00df (SFI)<br \/>\nLaufzeit: bis 2026<br \/>\nF\u00f6rderung: DGPT<\/p>\n<p><strong>STEP-BY-STEP<\/strong> <strong>Ein Pilotprojekt zur Unterst\u00fctzung Gefl\u00fcchteter in der Hessischen Erstaufnahmeeinrichtung \u201eMichaelisdorf\u201c in Darmstadt<\/strong><br \/>\nWissenschaftliche Leitung: Prof. Dr. Marianne Leuzinger-Bohleber<br \/>\nProjektlaufzeit: Dezember 2015 \u2013 April 2017<br \/>\nF\u00f6rderung: u.a. Hessisches Ministerium f\u00fcr Soziales und Integration<\/p>\n<p><strong>Neuroimaging und Bindung fMRI-Studie zu Kindern mit sicherem im Vergleich mit Kindern mit einem unsicheren Bindungstyp (NeuroBind)<\/strong><strong><br \/>\n<\/strong>Wissenschaftliche Leitung: Prof. Dr. Tamara Fischmann (SFI\/IPU)<br \/>\nForschungspartner: Goethe-Universit\u00e4t Frankfurt.<br \/>\nLaufzeit: bis 31.12.2018<br \/>\nF\u00f6rderung: DFG<\/p>\n<p><strong>EVA<\/strong> <strong>\u2013 Evaluation zweier Fr\u00fchpr\u00e4ventionsprogramme in Kindertagesst\u00e4dten mit Hochrisikokindern<br \/>\n<\/strong>Teilprojekt des Forschungszentrums IDeA<br \/>\nWissenschaftliche Leitung: Prof. Dr. Marianne Leuzinger-Bohleber<br \/>\nLaufzeit: bis 2015<br \/>\nF\u00f6rderung: LOEWE Exzellenzzentrums<\/p>\n<p><strong>KIGRU \u00dcbergangsprojekt vom Kindergarten zur Grundschule<br \/>\n<\/strong>Wissenschaftliche Leitung: Prof. Dr. Marianne Leuzinger-Bohleber<br \/>\nLaufzeit: bis 2015<br \/>\nF\u00f6rderung: Flughafen Foundation, Frankfurt a.M.<\/p>\n<h1>Vortr\u00e4ge<\/h1>\n<p>Wei\u00df, H. &amp; <strong>Starck, A.<\/strong>: Zwangsst\u00f6rungen, Psychodynamische Psychotherapie \u2013 Grundlagen und aktuelle Entwicklungen, St\u00f6rungsbilder \u2013 Verst\u00e4ndnis und Therapie, Heidelberg, 08.10.2025<\/p>\n<p><strong>Starck, A.<\/strong> &amp; Wei\u00df, H.: Ist eine psychodynamische Kurzzeittherapie bei Zwangserkrankungen wirksam? Vorl\u00e4ufige Ergebnisse aus der ersten randomisierten Therapiestudie, Robert Bosch Krankenhaus Stuttgart, 01.10.2025<\/p>\n<p><strong>Starck, A.<\/strong>: Der Zwang als sicherer R\u00fcckzugsort &#8211; Zwischen Sicherheit und Einschr\u00e4nkung durch Zwangserkrankungen und ihre Behandlungsm\u00f6glichkeiten, Reihe: Psychoanalytikum, W\u00fcrzburg, 09.07.2025<\/p>\n<p>Wei\u00df, H. &amp; <strong>Starck, A.<\/strong>: Zur untersch\u00e4tzten Bedeutung der Scham bei Zwangserkrankungen, Frankfurter Psychoanalytische Freitagsrunde (VHS), Online, 08.11.2024<\/p>\n<p><strong>Starck, A.<\/strong> &amp; Coels, C.: Zwangserkrankungen in der klinischen Realit\u00e4t \u2013 Herausforderungen und M\u00f6glichkeiten, Frankfurter Psychoanalytische Freitagsrunde (VHS), Online, 11.10.2024<\/p>\n<p><strong>Starck, A.<\/strong>: \u201eWenn Optimierung zwanghaft wird &#8211; und wie sich Zwangserkrankungen behandeln lassen. Erste Erfahrungen und Ergebnisse einer Studie zur Psychodynamischen Psychotherapie bei Zwangserkrankungen&#8220;, \u00d6ffentlicher Vortrag der F\u00f6rdergesellschaft des Sigmund-Freud-Institutes, Frankfurt, 16.05.2024<\/p>\n<p><strong>Starck, A.<\/strong> &amp; Wei\u00df, H.: Studienergebnisse zur Psychodynamischen Kurzzeittherapie von Zwangsst\u00f6rungen. Vorstellung des Konzeptes einer Therapiestudie und Angebot, auch am WIPP eine Studiengruppe zu etablieren, Semesterer\u00f6ffnungsvortrag am W\u00fcrzburger Institut f\u00fcr Psychoanalyse und Psychotherapie, W\u00fcrzburg, 12.02.2024<\/p>\n<p><strong>Starck, A.<\/strong>, &amp; Maccarrone-Erhardt, R. &amp; \u010cunovi\u0107, \u017d.: Chancen und Herausforderungen beim Behandeln in der Triade. Erfahrungen aus einer Ausbildungsbehandlung mit einer schwer traumatisierten Patientin aus Nordafrika, Vortrag im Rahmen des Behandlungsnetzwerkes bei FATRA, Frankfurt, 23.11.2022<\/p>\n<p>Scheifele, S. &amp; <strong>Starck, A.<\/strong>: &#8218;Das so dunkle Feld Ich-Realit\u00e4t\u2018 \u2013 Lorenzers Konzeption des Traumas sowie ein Fallbeispiel aus der Ambulanz, Szenisches Verstehen in Therapie und Forschung, Symposium zum 100. Geburtstag Alfred Lorenzers. Sigmund-Freud-Institut Frankfurt, 1.10.2022<\/p>\n<p><strong>Starck, A.<\/strong> &amp; Maccarrone-Erhardt, R.: Psychotherapie zu dritt. Erfahrungen mit Integration der Arbeit mit Gefl\u00fcchteten in die Ausbildung, DPV-Herbsttagung: Omnipotenzphantasien und Moderne, Bad Homburg, 13.11.2021<\/p>\n<p><strong>Starck, A.<\/strong> &amp; Wei\u00df, H.: Forschungsforum: Zwanghaft oder optimiert? \u2013 Z\u00e4hlen und Messen als Zeitph\u00e4nomen oder als Symptom einer Zwangserkrankung, DGPT-Tagung: Zeitdiagnosen. Online-Tagung, 02.10.2021<\/p>\n<p><strong>Starck, A.<\/strong>, Tichy, L. &amp; Janzarik, G.: Herausforderungen einer psychoanalytischen Ambulanz in pandemischen Zeiten. Online-Vortrag der F\u00f6rdergesellschaft des Sigmund-Freud-Instituts, 24.06.2021<\/p>\n<p><strong>Starck, A.<\/strong> (2020): Psychodynamische Kurzzeit-Therapie f\u00fcr Patienten mit Zwangsst\u00f6rung &#8211; Vorstellung einer klinischen Studie (PDT-OCD-Studie), Fortbildungsvortrag am Institut f\u00fcr Psychotherapie und Angewandte Psychoanalyse in Jena, online, 17.09.2020<\/p>\n<p><strong>Starck, A.<\/strong>, Schoppmann, F. &amp; H. Wei\u00df: \u201aMessen und Z\u00e4hlen \u2013 Halt oder Leid im Zwang?\u2018. Vortrag anl\u00e4sslich des Symposiums \u201aPathologie und Normalit\u00e4t in der Gegenwart\u2018. Frankfurt\/M., Sigmund-Freud-Institut, 14.12.2018<\/p>\n<p>Hettich, N., <strong>Starck, A.<\/strong>: COWAP Panel: Psychoanalytic reflections on the project \u201aStep-by-Step\u2018 in a refugee initial reception center in Darmstadt\/Germany, 30thAnnual Conference of the European Psychanalytical Federation: The familiar and the unfamiliar. The Hague, 08.04.2017<\/p>\n<h1>Publikationen<\/h1>\n<p><strong>Starck, A.<\/strong> &amp; Wei\u00df, H. (2025): Zwangsst\u00f6rungen. In: Gumz, A. &amp; H\u00f6rz-Sagstetter, S. (Hg.) Psychodynamische Psychotherapie in der Praxis. Weinheim: Belz<\/p>\n<p><strong>Starck, A.<\/strong> &amp; Wei\u00df, H. (2025): Moderne psychodynamische Konzepte zur Zwangsst\u00f6rung. In: Psychotherapie im Dialog (PiD), 3\/25<\/p>\n<p><strong>Starck, A.<\/strong> &amp; Wei\u00df, H. (2023): \u201eWenn ich unsicher bin, kann ich immer auf die Zahl zur\u00fcckkommen\u2026\u201c \u2013 Zwang als L\u00f6sungsversuch von Konflikten im Zusammenhang mit Identit\u00e4tssuche und Migration. In: Benzel, S., King, V., Koller, H.-C., Meurs, P. &amp; Wei\u00df, H. (Hg.):\u00a0Adoleszenz und Generationendynamik im Kontext von Migration und Flucht. Wiesbaden: Springer VS<\/p>\n<p><strong>Starck, A.<\/strong> &amp; Wei\u00df, H. (2021): Scham und Schuld in der psychoanalytischen Theorieentwicklung \u2013 ihre Rolle beim Zwang. Pers\u00f6nlichkeitsst\u00f6rungen, 25 (1), 3-17. DOI 10.21706\/ptt-25-1-3<\/p>\n<p><strong>Starck, A. (<\/strong>2021): Studie zur Psychodynamischen Therapie von Zwangserkrankungen. Psychodynamic Therapy for Obsessive-Compulsive Disorder (PDT-OCD-Studie) In: Bayer, L. &amp; Wei\u00df, H. (Hg.) Die psychoanalytische Ambulanz: Aufgaben und Arbeitsweisen am Beispiel des Sigmund-Freud-Instituts (178-194). Stuttgart: Kohlhammer Verlag<\/p>\n<p>Hettich, N., <strong>Starck, A.<\/strong> &amp; Leuzinger-Bohleber, M. (2018): Fr\u00fche Mutter-Kind-Beziehungen in Erstaufnahmeeinrichtungen. Herausforderungen bei der Unterst\u00fctzung. In: Leuzinger-Bohleber, M. &amp; Hettich, N. (Hg.): &#8218;Fremd bin ich eingezogen\u2026, Gie\u00dfen: Psychosozial-Verlag, 153-170<\/p>\n<p><strong>Weitere Publikationen am Fachbereich klinische Psychologie der Goethe-Universit\u00e4t Frankfurt.<\/strong><\/p>\n","protected":false},"excerpt":{"rendered":"<p>\u00a0\u00a0\u00a0ENGLISH VERSION Wissenschaftliche Mitarbeiterin und kommissarische Leiterin der Ambulanz Kontakt Sigmund-Freud-Institut Myliusstra\u00dfe 20 60323 Frankfurt am Main Telefon 069 971204-125 (Sekretariat der Ambulanz) Telefax 069 971204-4 E-Mail\u00a0starck(at)sigmund-freud-institut.de Portrait Seit 2019 Wissenschaftliche Mitarbeiterin an der Goethe-Universit\u00e4t Frankfurt\/Main, Fachbereich Psychologie und Sportwissenschaften, Institut f\u00fcr Klinische Psychologie und Psychotherapie im Projekt ReCAP Seit 2018 Wissenschaftliche Mitarbeiterin am Sigmund-Freud-Institut &hellip; <\/p>\n<p class=\"link-more\"><a href=\"https:\/\/sigmund-freud-institut.de\/index.php\/mitarbeiter-innen\/annabelle-starck\/\" class=\"more-link\"><span class=\"screen-reader-text\">\u201eDr. Annabelle Starck\u201c<\/span> weiterlesen<\/a><\/p>\n","protected":false},"author":2,"featured_media":0,"parent":31,"menu_order":100,"comment_status":"closed","ping_status":"closed","template":"","meta":{"footnotes":""},"class_list":["post-1524","page","type-page","status-publish","hentry"],"_links":{"self":[{"href":"https:\/\/sigmund-freud-institut.de\/index.php\/wp-json\/wp\/v2\/pages\/1524","targetHints":{"allow":["GET"]}}],"collection":[{"href":"https:\/\/sigmund-freud-institut.de\/index.php\/wp-json\/wp\/v2\/pages"}],"about":[{"href":"https:\/\/sigmund-freud-institut.de\/index.php\/wp-json\/wp\/v2\/types\/page"}],"author":[{"embeddable":true,"href":"https:\/\/sigmund-freud-institut.de\/index.php\/wp-json\/wp\/v2\/users\/2"}],"replies":[{"embeddable":true,"href":"https:\/\/sigmund-freud-institut.de\/index.php\/wp-json\/wp\/v2\/comments?post=1524"}],"version-history":[{"count":11,"href":"https:\/\/sigmund-freud-institut.de\/index.php\/wp-json\/wp\/v2\/pages\/1524\/revisions"}],"predecessor-version":[{"id":15773,"href":"https:\/\/sigmund-freud-institut.de\/index.php\/wp-json\/wp\/v2\/pages\/1524\/revisions\/15773"}],"up":[{"embeddable":true,"href":"https:\/\/sigmund-freud-institut.de\/index.php\/wp-json\/wp\/v2\/pages\/31"}],"wp:attachment":[{"href":"https:\/\/sigmund-freud-institut.de\/index.php\/wp-json\/wp\/v2\/media?parent=1524"}],"curies":[{"name":"wp","href":"https:\/\/api.w.org\/{rel}","templated":true}]}}