{"id":1619,"date":"2018-09-04T11:08:31","date_gmt":"2018-09-04T09:08:31","guid":{"rendered":"http:\/\/www.sigmund-freud-institut.de\/?page_id=1619"},"modified":"2025-11-26T09:53:19","modified_gmt":"2025-11-26T08:53:19","slug":"simon-arnold","status":"publish","type":"page","link":"https:\/\/sigmund-freud-institut.de\/index.php\/mitarbeiter-innen\/simon-arnold\/","title":{"rendered":"Dipl.-Psych. Simon Arnold"},"content":{"rendered":"\n<p>Diplom-Psychologe und psychoanalytischer Berater f\u00fcr Kinder, Jugendliche und Erwachsene<\/p>\n\n\n<p><img decoding=\"async\" class=\"alignnone\" src=\"http:\/\/www.sigmund-freud-institut.de\/wp-content\/uploads\/union-jack-26119_1280-e1557401751941.png\" \/>\u00a0\u00a0\u00a0\u00a0 <a href=\"http:\/\/www.sigmund-freud-institut.de\/index.php\/institut\/mitarbeiter-innen\/simon-arnold\/dipl-psych-simon-arnold\/\" target=\"_blank\" rel=\"noopener noreferrer\"><strong>ENGLISH VERSION<\/strong><\/a><\/p>\n<h1>Wissenschaftlicher Mitarbeiter<\/h1>\n<h3>Kontakt<\/h3>\n<p>Sigmund-Freud-Institut<br \/>Myliusstra\u00dfe 20<br \/>60323 Frankfurt am Main<br \/>Raum 3.07<\/p>\n<p>Telefon 069 971204-122<br \/>Telefax 069\u00a0971204-4<br \/>E-Mail\u00a0<a class=\"mail\" href=\"mailto:arnold@sigmund-freud-institut.de\">arnold<br \/>(at)sigmund-freud-institut.de<\/a><\/p>\n<h1>Portrait<\/h1>\n<p>Seit 2021<br \/>Wissenschaftlicher Mitarbeiter und Projektkoordinator im Forschungsverbund \u201eAntisemitismuserfahrung in der Dritten Generation. Zur Reaktualisierung extremen Traumas bei Nachkommen von \u00dcberlebenden der Shoah\u201c (AE3G). Verbundpartnerinnen: Prof. Dr. Sarah Yvonne Brandl (katho NRW) und Prof. Dr. Dr. hc Monika Schwarz-Friesel (TU Berlin). Gef\u00f6rdert vom Bundesministerium f\u00fcr Bildung und Forschung (BMBF)<\/p>\n<p>2019-2022<br \/>Postgraduale Ausbildung in Psychoanalytischer Beratung von Kindern, Jugendlichen und Erwachsenen, Universit\u00e4t Kassel in Kooperation mit dem Alexander-Mitscherlich-Institut und dem Institut f\u00fcr Psychoanalyse und Psychotherapie Kassel<\/p>\n<p>Seit 2018<strong><br \/><\/strong>Wissenschaftlicher Mitarbeiter im Forschungsprojekt \u201eVerlust, Trauma und Integration. Begleitforschung zu den vier Zentren f\u00fcr psychosoziale Versorgung von Fl\u00fcchtlingen in Hessen\u201c, Sigmund-Freud-Institut, Frankfurt a. M.<\/p>\n<p>2018<strong><br \/><\/strong>Wissenschaftlicher Mitarbeiter am Lehrstuhl f\u00fcr Klinische Psychologie, Prof. Dr. rer. med. Tamara Fischmann, Internationale Psychoanalytische Universit\u00e4t, Berlin<\/p>\n<p>Seit 2016<strong><br \/><\/strong>Mitglied der Arbeitsgruppe \u201eDritte Generation \u2013 Szenisches Erinnern der Shoah\u201c. Pilotprojekt zur Erforschung der transgenerationalen Traumatisierung bei Adoleszenten und jungen Erwachsenen, Sigmund-Freud-Institut, Frankfurt a. M.<\/p>\n<p>Freiberufliche T\u00e4tigkeit als \u00dcbersetzer und wissenschaftlicher Lektor<\/p>\n<p>2016<strong><br \/><\/strong>Diplomarbeit zum Thema \u201ePathologisches Brandstiften aus psychiatriegeschichtlicher und empirischer Perspektive\u201c am Zentrum f\u00fcr Psychiatrie Reichenau, Prof. Dr. med. Hoffmann und am Sigmund-Freud-Institut, Prof. Dr. Dr. Rolf Haubl<\/p>\n<p>2015 \u2012 2016<strong><br \/><\/strong>Wissenschaftliche Hilfskraft und Assistenz der Direktion; Sigmund-Freud-Institut, Frankfurt a. M.<br \/>Prof. Dr. Marianne Leuzinger-Bohleber, Dr. Kurt Gr\u00fcnberg<\/p>\n<p>Seit 2014<strong><br \/><\/strong>Betreuung, Archivierung und Ausstellung des Photoarchivs des Sigmund-Freud-Instituts zur Geschichte des Instituts und der Psychoanalyse in Frankfurt a. M.<\/p>\n<p>2014<strong><br \/><\/strong>Praktikum am Sigmund-Freud-Institut, Forschungsinstitut f\u00fcr Psychoanalyse und ihre Anwendung, Prof. Dr. Dr. Rolf Haubl, Dr. Jan Lohl<\/p>\n<p>Vertretung der Bibliothekars Stelle der wissenschaftlichen Bibliothek des Sigmund-Freud-Instituts, Frankfurt a. M.<\/p>\n<p>2013<br \/>Hospitation in der Psychosomatischen Station der Kliniken Schmieder, Gailingen<\/p>\n<p>2008 \u2012 2016<br \/>Studium Psychologie, Literatur-Kunst-Medien und Philosophie (Diplom), Universit\u00e4t Konstanz<\/p>\n<p>Studienaufenthalte in Paris (Frankreich), Beer Sheva (Israel), Chicago und Los Angeles (USA)<\/p>\n<p>Stipendiat der Hans-B\u00f6ckler-Stiftung<\/p>\n<p>Teilnehmer am Geisteswissenschaftlichen Kolleg der Studienstiftung des deutschen Volkes, AG Filmriss \u2013 Kreation und Zerst\u00f6rung in der Siebten Kunst (2009 \u2012 2011)<\/p>\n<h1>Forschungsprojekte<\/h1>\n<ul>\n<li><a href=\"https:\/\/www.sigmund-freud-institut.de\/index.php\/antisemitismuserfahrung-in-der-dritten-generation\/\">Antisemitismuserfahrung in der Dritten Generation. Zur Reaktualisierung extremen Traumas bei Nachkommen von \u00dcberlebenden der Shoah<\/a><\/li>\n<li><a href=\"http:\/\/www.sigmund-freud-institut.de\/index.php\/forschung\/forschungsschwerpunkte\/die-dritte-generation-szenisches-erinnern-der-shoah\/\" target=\"_blank\" rel=\"noopener noreferrer\">Die Dritte Generation \u2013 Szenisches Erinnern der Shoah.<\/a> Eine Untersuchung zur\u00a0 transgenerationalen Tradierung extremen Traumas an Nachkommen von \u00dcberlebenden in Deutschland (Projektleitung: Dr. Kurt Gr\u00fcnberg)<\/li>\n<li>Zwischenr\u00e4ume des Ankommens (ZA-Projekt)<\/li>\n<li>Verlust, Trauma und Integration. Begleitforschung zu den vier Zentren f\u00fcr psychosoziale Versorgung von Fl\u00fcchtlingen in Hessen<br \/>(Projektkoordination: Dr. Jan Lohl, Wissenschaftliche Leitung: Prof. Dr. Patrick Meurs)\n<p>\u201eSeit 2021<\/p>\n<\/li>\n<\/ul>\n<h1>(Mit-)organisation von Veranstaltungen und Tagungen<\/h1>\n<p><em>Kritische Theorie und Neue Musik; <\/em>Fachgruppentreffen Musik der Hans-B\u00f6ckler-Stiftung, Frankfurt a. M., 2014<\/p>\n<p><em>Approaching \u201cchildren-at-risk\u201d. Psychoanalytische und interdisziplin\u00e4re Forschung zu traumatisierten Kindern; <\/em>Interdisciplinary Psychoanalytic Research Conference 2015, Frankfurt a. M.<\/p>\n<p><em>Gerettet, aber nicht befreit? 8. Mai 1945-2015; <\/em>Tagung der Arbeitsgruppe zu den psychosozialen Sp\u00e4tfolgen der Shoah, Frankfurt a. M.<\/p>\n<p><em>Migration und Trauma \u2013 die Folgen f\u00fcr die n\u00e4chste Generation; <\/em>Interdisciplinary Psychoanalytic Research Conference 2016, Frankfurt a. M.<\/p>\n<p><em>Paranoia, Populismus, Pogrom \u2013 archaische und nationalsozialistische Affekterbschaften heute; <\/em>Tagung der Initiative 9. November und des Sigmund-Freud-Instituts, 2017<\/p>\n<p><em>Adoleszenz in einer Welt der Risiken. Forschung und Praxis im Dialog; <\/em>Joseph Sandler Psychoanalytic Research Conference, 2017, Frankfurt a. M.<\/p>\n<p><em>Widerstand gegen den Nationalsozialismus in Italien und Erinnerungsarbeit<\/em>, Istoreco Reggio Emilia, Italien und JDJL RLP, 2018<\/p>\n<p><em>Grenz\u00fcberschreitung. Workshop zu Fotografien von Flucht und Ankunft in Europa. <\/em>inscape Jahrestagung: The Wall. Grenzziehungen in Supervision, F\u00fchrung und Gesellschaft. 25. \u2013 26. Oktober 2019, K\u00f6ln.<\/p>\n<p>Begleitprogramm des interdisziplin\u00e4ren Forschungsverbunds AE3G mit bislang \u00fcber zehn Vortr\u00e4gen, Sigmund-Freud-Institut, Amt f\u00fcr Multikulturelle Angelegenheiten Frankfurt, seit 2022<\/p>\n<h1><a href=\"https:\/\/sigmund-freud-institut.de\/wp-content\/uploads\/Publikationen-SEA-Arnold_20250901.pdf\" target=\"_blank\" rel=\"noopener\">Publikationen<\/a><\/h1>\n\n\n<p><\/p>\n","protected":false},"excerpt":{"rendered":"<p>Diplom-Psychologe und psychoanalytischer Berater f\u00fcr Kinder, Jugendliche und Erwachsene \u00a0\u00a0\u00a0\u00a0 ENGLISH VERSION Wissenschaftlicher Mitarbeiter Kontakt Sigmund-Freud-InstitutMyliusstra\u00dfe 2060323 Frankfurt am MainRaum 3.07 Telefon 069 971204-122Telefax 069\u00a0971204-4E-Mail\u00a0arnold(at)sigmund-freud-institut.de Portrait Seit 2021Wissenschaftlicher Mitarbeiter und Projektkoordinator im Forschungsverbund \u201eAntisemitismuserfahrung in der Dritten Generation. Zur Reaktualisierung extremen Traumas bei Nachkommen von \u00dcberlebenden der Shoah\u201c (AE3G). Verbundpartnerinnen: Prof. Dr. Sarah Yvonne Brandl &hellip; <\/p>\n<p class=\"link-more\"><a href=\"https:\/\/sigmund-freud-institut.de\/index.php\/mitarbeiter-innen\/simon-arnold\/\" class=\"more-link\"><span class=\"screen-reader-text\">\u201eDipl.-Psych. Simon Arnold\u201c<\/span> weiterlesen<\/a><\/p>\n","protected":false},"author":2,"featured_media":0,"parent":31,"menu_order":96,"comment_status":"closed","ping_status":"closed","template":"","meta":{"footnotes":""},"class_list":["post-1619","page","type-page","status-publish","hentry"],"_links":{"self":[{"href":"https:\/\/sigmund-freud-institut.de\/index.php\/wp-json\/wp\/v2\/pages\/1619","targetHints":{"allow":["GET"]}}],"collection":[{"href":"https:\/\/sigmund-freud-institut.de\/index.php\/wp-json\/wp\/v2\/pages"}],"about":[{"href":"https:\/\/sigmund-freud-institut.de\/index.php\/wp-json\/wp\/v2\/types\/page"}],"author":[{"embeddable":true,"href":"https:\/\/sigmund-freud-institut.de\/index.php\/wp-json\/wp\/v2\/users\/2"}],"replies":[{"embeddable":true,"href":"https:\/\/sigmund-freud-institut.de\/index.php\/wp-json\/wp\/v2\/comments?post=1619"}],"version-history":[{"count":9,"href":"https:\/\/sigmund-freud-institut.de\/index.php\/wp-json\/wp\/v2\/pages\/1619\/revisions"}],"predecessor-version":[{"id":15532,"href":"https:\/\/sigmund-freud-institut.de\/index.php\/wp-json\/wp\/v2\/pages\/1619\/revisions\/15532"}],"up":[{"embeddable":true,"href":"https:\/\/sigmund-freud-institut.de\/index.php\/wp-json\/wp\/v2\/pages\/31"}],"wp:attachment":[{"href":"https:\/\/sigmund-freud-institut.de\/index.php\/wp-json\/wp\/v2\/media?parent=1619"}],"curies":[{"name":"wp","href":"https:\/\/api.w.org\/{rel}","templated":true}]}}