{"id":1788,"date":"2018-10-11T10:51:14","date_gmt":"2018-10-11T08:51:14","guid":{"rendered":"http:\/\/www.sigmund-freud-institut.de\/?page_id=1788"},"modified":"2026-04-30T16:21:23","modified_gmt":"2026-04-30T14:21:23","slug":"maike-stenger","status":"publish","type":"page","link":"https:\/\/sigmund-freud-institut.de\/index.php\/mitarbeiter-innen\/maike-stenger\/","title":{"rendered":"MSc. Psych. Maike Stenger"},"content":{"rendered":"<p><a href=\"http:\/\/www.sigmund-freud-institut.de\/index.php\/mitarbeiter-innen\/maike-stenger\/maike-stenger\/\" target=\"_blank\" rel=\"noopener noreferrer\"><strong><img decoding=\"async\" src=\"http:\/\/www.sigmund-freud-institut.de\/wp-content\/uploads\/union-jack-26119_1280-e1557401751941.png\" \/>\u00a0 ENGLISH VERSION<\/strong><\/a><\/p>\n<h1>Wissenschaftliche Mitarbeiterin<\/h1>\n<h3>Kontakt<\/h3>\n<p>Sigmund-Freud-Institut<br \/>\nMyliusstra\u00dfe 20<br \/>\n60323 Frankfurt am Main<br \/>\nRaum 1.01<\/p>\n<p>Telefon 069 971204-155<br \/>\nE-Mail <a class=\"mail\" href=\"mailto:stenger@sigmund-freud-institut.de\">stenger<br \/>\n(at)sigmund-freud-institut.de<\/a><\/p>\n<h1>Portrait<\/h1>\n<p>2019 \u2013 2021<b><br \/>\n<\/b>Wissenschaftliche Mitarbeiterin an der Goethe-Universit\u00e4t Frankfurt\/Main, Fachbereich Gesellschaftswissenschaften, Institut f\u00fcr Soziologie, Professur f\u00fcr Soziologie und psychoanalytische Sozialpsychologie<\/p>\n<p>Seit 2018<br \/>\nWissenschaftliche Mitarbeiterin am Sigmund-Freud-Institut Frankfurt\/Main<\/p>\n<p>2018<br \/>\nM.Sc. Psychologie mit dem Schwerpunkt Klinische Psychologie an der Westf\u00e4lischen Wilhelms-Universit\u00e4t M\u00fcnster<\/p>\n<p>2015<br \/>\nB.Sc. Psychologie an der Westf\u00e4lischen Wilhelms-Universit\u00e4t M\u00fcnster<\/p>\n<h1>Forschungsschwerpunkte<\/h1>\n<ul>\n<li>Sozialpsychologische Analysen zu Folgen der Digitalisierung<\/li>\n<li>Quantifizierung und Optimierung in der sp\u00e4tmodernen Gesellschaft<\/li>\n<li>Qualitative Sozialforschung<\/li>\n<\/ul>\n<h1>Forschungsprojekte<\/h1>\n<p><strong>Reproduktives Timing. Lebenspraktische Orientierungen im Kontext von Reproduktionsmedizin<br \/>\n<\/strong>Laufzeit: 05\/2021-03\/2026<br \/>\nF\u00f6rderung: Teilprojekt der DFG-Forschungsgruppe \u201eMedizin und die Zeitstruktur guten Lebens\u201c<br \/>\nLeitung: Prof. Dr. Claudia Wiesemann (Sprecherin der Forschungsgruppe, G\u00f6ttingen), Prof. Dr. Vera King (Leiterin des Teilprojekts, Frankfurt\/M.)<br \/>\nWissenschaftliche Mitarbeiter*innen: Aaron Thiesen (SFI)<br \/>\nAffiliiert: Maike Stenger (SFI), Dr. Julia Schreiber (SFI &amp; GU)<\/p>\n<p><strong>Das vermessene Leben. Produktive und kontraproduktive Folgen der Quantifizierung in der digital optimierenden Gesellschaft<\/strong><strong><br \/>\n<\/strong>Laufzeit: 02\/2018-03\/2026<br \/>\nF\u00f6rderung:\u00a0Volkswagen Stiftung, F\u00f6rderinitiative \u201eSchl\u00fcsselthemen f\u00fcr Wissenschaft und Gesellschaft\u201c<br \/>\nLeitung: Prof. Dr. Vera King (Sprecherin, Frankfurt\/M.), Prof. Dr. Benigna Gerisch (Berlin), Prof. Dr. Hartmut Rosa (Jena)<\/p>\n<h1>Vortr\u00e4ge<\/h1>\n<p>11.01.2024: Vortrag &#8222;Zur Analyse von Expert:innen-Narrativen am Beispiel der Reproduktionsmedizin\u201c gem. mit Aaron Thiesen im Rahmen des Workshops &#8222;<a href=\"https:\/\/www.fb03.uni-frankfurt.de\/146244724.pdf\">Narrativit\u00e4t &#8211; Interdisziplin\u00e4re Zug\u00e4nge<\/a>&#8220; der DFG-Forschungsgruppe &#8218;Medizin und die Zeitstruktur guten Lebens&#8216;, veranstaltet von Prof. Dr. Claudia Stockinger und Dr. Christian Hi\u00dfnauer in Berlin.<\/p>\n<p>17.11.2023: Vortrag \u201eReproduktives Timing \u2013 Herausforderungen und strukturelle Dilemmata in der professionellen Begleitung reproduktionsmedizinischer Behandlungen.\u201c gem. mit Aaron Thiesen im Rahmen der Tagung \u201eVom Gewordenen zum Gemachten. Wenn sich die Grenzen zwischen Zufall und freier Entscheidung verschiebt \u2013 Familienplanung 2.0\u201c an der Fernuniversit\u00e4t in Hagen.<\/p>\n<p>02.07.2022: Panelbeitrag zum Thema \u201eMessen in digitalen Beziehungen\u201c gem. mit Dr. Julia Schreiber im Rahmen der Konferenz \u201aDas vermessene Leben. Transformationen der digitalen Gesellschaft\u2018\u00a0 in Frankfurt\/M.<\/p>\n<p>02.06.2021: Vortrag \u201eKlicks, Likes, Follower \u2013 Zahlen als Kommunikationsmittel in sozialen Medien\u201c gem. mit Dr. Julia Schreiber im Rahmen der Ringvorlesung \u201aLost in Translation\u2018 an der Goethe-Universit\u00e4t Frankfurt.<\/p>\n<p>28.10.2020: Vortrag \u201eTrack it! Share it! Like it! \u2013 Wenn Selbstvermessung zum (Sucht-)Problem wird\u201c gem. mit Micha Schlichting im Rahmen der Bayerischen Akademie f\u00fcr Sucht- und Gesundheitsfragen.<\/p>\n<p>03.09.2020: Vortrag \u201eVermessenes Leben \u2013 (Selbst-)Optimierung und Quantifizierung in digitalen Zeiten.\u201c gem. mit Micha Schlichting im Rahmen der 13. Sommeruniversit\u00e4t Psychoanalyse 2020 der Deutschen Psychoanalytischen Vereinigung (DPV).<\/p>\n<h1>Publikationen<\/h1>\n<p>King, V., Gerisch, B., Schreiber, J., Lindner, D., Lodtka, P., Schlichting, M. &amp; Stenger, M. (2026): The Significance of Numbers in Digital Living and Working Environments. Ambivalent meanings of Measurement and Comparison. In: V. King, B. Gerisch &amp; H. Rosa (Eds.): <a href=\"https:\/\/www.routledge.com\/The-Measured-Life-in-the-Digital-Age-Optimisation-by-Numbers\/King-Gerisch-Rosa\/p\/book\/9781032647890?srsltid=AfmBOoqk7pzonKFiIEGDobd82O_9xBDfntmHS1P2gYLG3JsWMZjVOPlV\">The Measured Life in the Digital Age. Optimisation by Numbers<\/a>, London\/New York: Routledge, 112-126.<\/p>\n<p>Schlichting, M., Stenger, M., King, V., Gerisch, B., Salfeld, B. &amp; Schreiber, J. (2026): \u201cThere is definitely something potentially addictive about it\u201d. Self-Measurement as the New Digital Normal. In: V. King, B. Gerisch &amp; H. Rosa (Eds.): The Measured Life in the Digital Age. Optimisation by Numbers, London\/New York: Routledge, 68-84.<\/p>\n<p>Stenger, M., Franz, R., Salfeld, B., Schlichting, M., Gerisch, B. &amp; King, V. (2026): Relationship Formation in the Context of Digital Change. Two case studies on social media and self-tracking. In: V. King, B. Gerisch &amp; H. Rosa (Eds.): <a href=\"https:\/\/www.routledge.com\/The-Measured-Life-in-the-Digital-Age-Optimisation-by-Numbers\/King-Gerisch-Rosa\/p\/book\/9781032647890?srsltid=AfmBOoqk7pzonKFiIEGDobd82O_9xBDfntmHS1P2gYLG3JsWMZjVOPlV\">The Measured Life in the Digital Age. Optimisation by Numbers<\/a>, London\/New York: Routledge, 54-67.<\/p>\n<p>Thiesen, A., Stenger, M. &amp; King, V. (2025): Narrativit\u00e4t in Expert:inneninterviews \u2013 Zur Methodologie der Analyse feldspezifischer Herausforderungen am Beispiel der Reproduktionsmedizin. In: Hi\u00dfnauer C., Stockinger, C. (Hg.), Narrativit\u00e4t. Interdisziplin\u00e4re Zug\u00e4nge. Bielefeld: Transkript, 113-134.<\/p>\n<p>King, V., Gerisch, B., Rosa, H., Franz, R., Lindner, D., Salfeld, B., Schlichting, M., Schreiber, J. &amp; Stenger, M. (2024): <a href=\"https:\/\/www.gesis.org\/en\/hsr\/abstr\/49-3\/09king-et-al\">Self-optimization via Figures and Digital Parameters. Psychic repercussions of digital measurement and comparison.<\/a> <em>Historical Social Research (HSR),\u00a0<\/em> Special Issue: Debatin Self-Optimisation: Practises , Paradoxes , and Power. Vol 49\/3, 213-267.<\/p>\n<p>Stenger, M., Franz, R., Salfeld, B., Schlichting, M., Gerisch, B. &amp; King, V. (2023): Beziehungsgestaltung im Kontext des digitalen Wandels. Zwei Fallstudien zu Social Media und Selftracking. In: Gerisch, B. &amp; King, V. (Hg.): Psychosozial, Schwerpunktheft <em>Kultureller Wandel von Beziehungen, Begehren und Sexualit\u00e4t<\/em>, 173 (3), 43-55. <a href=\"https:\/\/www.psychosozial-verlag.de\/26699\" target=\"_blank\" rel=\"noreferrer noopener\">Link zum Heft<\/a><\/p>\n<p>Schlichting, M., Stenger, M., King, V., Gerisch, B., Salfeld, B. &amp; Schreiber, J. (2022): \u201eEs hat schon so ein gewisses Suchtpotential\u201c: Selbstvermessung als neue digitale Normalit\u00e4t. In: Manzei-Gorsky. A. u.a. (Hg.), <em>Digitalisierung und Gesundheit<\/em>. Baden-Baden: Nomos, 357-382.<\/p>\n<p>King, V., Gerisch, B., Rosa, H., Schreiber, J., Findeis, Ch., Lindner, D., Salfeld, B., Schlichting, M., Stenger, M. &amp; Voigt, St. (2021): Optimierung mit Zahlen und digitalen Parametern: Psychische Bedeutungen des digitalen Messens und Vergleichens. In: King, V., Gerisch, B., Rosa, H. (Hg.), Lost in Perfection. Zur Optimierung von Gesellschaft und Psyche. Berlin: Suhrkamp, 151-177.<\/p>\n<p>King, V., Gerisch, B., Schreiber, J., Lindner, D., Lodtka, P., Schlichting, M. &amp; Stenger., M. (2021): Zum Sinn der Zahl in digitalen Lebens- und Arbeitswelten. Ambivalente Bedeutungen des Messens und Vergleichens. In Ch. Schnell, S. Pfeiffer &amp; R. Hardenberg (Hg.), Gutes Arbeiten im digitalen Zeitalter. Frankfurt\/M.: Campus, 100-118.<\/p>\n<p>King, V.,\u00a0 Gerisch B., Rosa, H.,\u00a0 Schreiber, J., Findeis, Ch.,\u00a0 Lindner, D., Salfeld, B., Schlichting, M., Stenger, M. &amp; Voigt, St. (2019): Psychische Bedeutungen des digitalen Messens, Z\u00e4hlens und Vergleichens. In: Psyche &#8211; Z Psychoanal 73, 2019, S. 744-770. DOI 10:21706\/ps-73-9-744<\/p>\n","protected":false},"excerpt":{"rendered":"<p>\u00a0 ENGLISH VERSION Wissenschaftliche Mitarbeiterin Kontakt Sigmund-Freud-Institut Myliusstra\u00dfe 20 60323 Frankfurt am Main Raum 1.01 Telefon 069 971204-155 E-Mail stenger (at)sigmund-freud-institut.de Portrait 2019 \u2013 2021 Wissenschaftliche Mitarbeiterin an der Goethe-Universit\u00e4t Frankfurt\/Main, Fachbereich Gesellschaftswissenschaften, Institut f\u00fcr Soziologie, Professur f\u00fcr Soziologie und psychoanalytische Sozialpsychologie Seit 2018 Wissenschaftliche Mitarbeiterin am Sigmund-Freud-Institut Frankfurt\/Main 2018 M.Sc. Psychologie mit dem Schwerpunkt &hellip; <\/p>\n<p class=\"link-more\"><a href=\"https:\/\/sigmund-freud-institut.de\/index.php\/mitarbeiter-innen\/maike-stenger\/\" class=\"more-link\"><span class=\"screen-reader-text\">\u201eMSc. Psych. Maike Stenger\u201c<\/span> weiterlesen<\/a><\/p>\n","protected":false},"author":2,"featured_media":0,"parent":31,"menu_order":88,"comment_status":"closed","ping_status":"closed","template":"","meta":{"footnotes":""},"class_list":["post-1788","page","type-page","status-publish","hentry"],"_links":{"self":[{"href":"https:\/\/sigmund-freud-institut.de\/index.php\/wp-json\/wp\/v2\/pages\/1788","targetHints":{"allow":["GET"]}}],"collection":[{"href":"https:\/\/sigmund-freud-institut.de\/index.php\/wp-json\/wp\/v2\/pages"}],"about":[{"href":"https:\/\/sigmund-freud-institut.de\/index.php\/wp-json\/wp\/v2\/types\/page"}],"author":[{"embeddable":true,"href":"https:\/\/sigmund-freud-institut.de\/index.php\/wp-json\/wp\/v2\/users\/2"}],"replies":[{"embeddable":true,"href":"https:\/\/sigmund-freud-institut.de\/index.php\/wp-json\/wp\/v2\/comments?post=1788"}],"version-history":[{"count":10,"href":"https:\/\/sigmund-freud-institut.de\/index.php\/wp-json\/wp\/v2\/pages\/1788\/revisions"}],"predecessor-version":[{"id":16279,"href":"https:\/\/sigmund-freud-institut.de\/index.php\/wp-json\/wp\/v2\/pages\/1788\/revisions\/16279"}],"up":[{"embeddable":true,"href":"https:\/\/sigmund-freud-institut.de\/index.php\/wp-json\/wp\/v2\/pages\/31"}],"wp:attachment":[{"href":"https:\/\/sigmund-freud-institut.de\/index.php\/wp-json\/wp\/v2\/media?parent=1788"}],"curies":[{"name":"wp","href":"https:\/\/api.w.org\/{rel}","templated":true}]}}