{"id":2044,"date":"2019-02-07T12:51:14","date_gmt":"2019-02-07T10:51:14","guid":{"rendered":"http:\/\/www.sigmund-freud-institut.de\/?page_id=2044"},"modified":"2019-02-07T18:01:26","modified_gmt":"2019-02-07T16:01:26","slug":"psychoanalytisch-orientierte-biographieforschung-zu-rechten-sozialisationsprozessen-in-er-politischen-mitte","status":"publish","type":"page","link":"https:\/\/sigmund-freud-institut.de\/index.php\/forschung\/forschungsschwerpunkte\/psychoanalytisch-orientierte-biographieforschung-zu-rechten-sozialisationsprozessen-in-er-politischen-mitte\/","title":{"rendered":"BioRex"},"content":{"rendered":"<h1><strong>\u00a0<\/strong>Psychoanalytisch orientierte Biographieforschung zu rechten Sozialisationsprozessen in der politischen \u201eMitte\u201c (BioRex)<\/h1>\n<p><strong>Akronym<\/strong>: BioRex<\/p>\n<p><strong>Projektlaufzeit<\/strong>: 01.2019 \u2013 01.2020<\/p>\n<p><strong>F\u00f6rderung<\/strong>: Stiftung f\u00fcr Psychoanalyse und Psychotherapie<\/p>\n<p><strong>Leitung<\/strong>: Dr. Jan Lohl<\/p>\n<p>[bg_faq_start]<\/p>\n<h1>Projektbeschreibung<\/h1>\n<p>Rechtspopulistische Parteien erzielen weltweit Wahlerfolge und folgen in ihren Strategien einem Kulturkampf, der auf eine rechte kulturelle Hegemonie zielt. Rechtsextreme Einstellungen wie v\u00f6lkischer Nationalismus, Antisemitismus oder antimuslimischer Rassismus sind in der sog. \u201eMitte\u201c der Gesellschaft seit Jahren verbreitet. Verbunden damit ist eine erh\u00f6hte Handlungsbereitschaft, die sich in der Bundesrepublik nicht nur an den Wahlerfolgen der AfD, sondern auch an der gestiegenen Anzahl von \u00dcbergriffen auf Unterk\u00fcnfte von Gefl\u00fcchteten ablesen l\u00e4sst. Viele der Menschen, die rechtsextreme Einstellungen teilen und zu entsprechenden Verhaltensweisen neigen, haben keine Vorgeschichte in rechtsextremen Organisationen oder Szenezusammenh\u00e4ngen, sondern ordnen sich selbst der sogenannten \u201epolitischen Mitte\u201c zu.<\/p>\n<p>Gegenstand der explorativen Pilotstudie sind politische Sozialisationsprozesse von Personen, die sich weltanschaulich der Grauzone zwischen politischer \u201eMitte\u201c und offenem Rechtsextremismus zuordnen lassen. Anhand der Analyse von biographisch-narrativen Interviews soll die individuelle Aneignung rechter Einstellungen und Bereitschaften in ihrer affektiven, psychosozialen und unbewussten Dimension empirisch untersucht werden. Erkennbar werden sollen l\u00e4ngerfristige Entwicklungsprozesse einer rechten Sozialisation in der politischen \u201eMitte\u201c sowie deren psychische, kulturelle und gesellschaftliche Hintergrundkonstellationen.<\/p>\n<p>Das Projekt schlie\u00dft an die Ergebnisse einer Untersuchung der psychosozialen Wirkungsweise rechtspopulistischer Propagandareden an und strebt Einsichten in den prozesshaften Charakter der psychosozialen Aneignung rechter Einstellungen an. Im Rahmen der Pilotstudie sollen erste Ergebnisse in Form von explorativen Einzelfallstudien vorgelegt und methodische Erfahrungen gesammelt werden, die die Beantragung eines umfangreicheren Forschungsprojektes unterst\u00fctzen sollen.<\/p>\n<p><strong>Mitarbeiter: <\/strong>Dr. Jan Lohl<\/p>\n<p><strong>Hilfskraft: <\/strong>Rana Zokai<\/p>\n<p><strong>Kontakt: <\/strong>Jan Lohl, lohl@sigmund-freud-institut.de<\/p>\n<h1>Publikationen<\/h1>\n<p><em>Zur Wirkungsweise rechtspopulistischer Propaganda: <\/em><\/p>\n<p>Lohl, J. (2017a): \u00bbHass gegen das eigene Volk\u00ab. Tiefenhermeneutische Analysen rechtspopulistischer Propaganda. In: Psychologie und Gesellschaftskritik. 41, 3\/4, S. 9-40.<\/p>\n<p>Lohl, J. (2017b): \u00bbEin total besiegtes Volk\u00ab. Tiefenhermeneutische \u00dcberlegungen zum Komplex \u00bbGeschichte, v\u00f6lkischer Nationalismus und Antisemitismus\u00ab im Rechtspopulismus. In: Meron, M.; Messerschmidt, A. (Hg.) (2017): Fragiler Konsens. Antisemitismuskritische Bildung in der Migrationsgesellschaft. Frankfurt: Campus, S. 281 \u2013 304.<\/p>\n<p>Lohl, J. (2017): \u00bbF\u00fcr die Zukunft unseres Volkes (&#8230;) bek\u00e4mpfen\u201c. Zur psychoanalytischen Sozialpsychologie rechtspopulistischer Propaganda. In: Gr\u00fcnberg, K.; Leuschner, W., Initiative 9. November (Hg.) (2017): Populismus, Paranoia, Pogrom. Affekterbschaften des Nationalsozialismus. Frankfurt a.M., S. 123-154.<\/p>\n<p>[bg_faq_end]<\/p>\n","protected":false},"excerpt":{"rendered":"<p>\u00a0Psychoanalytisch orientierte Biographieforschung zu rechten Sozialisationsprozessen in der politischen \u201eMitte\u201c (BioRex) Akronym: BioRex Projektlaufzeit: 01.2019 \u2013 01.2020 F\u00f6rderung: Stiftung f\u00fcr Psychoanalyse und Psychotherapie Leitung: Dr. Jan Lohl [bg_faq_start] Projektbeschreibung Rechtspopulistische Parteien erzielen weltweit Wahlerfolge und folgen in ihren Strategien einem Kulturkampf, der auf eine rechte kulturelle Hegemonie zielt. Rechtsextreme Einstellungen wie v\u00f6lkischer Nationalismus, Antisemitismus oder &hellip; <\/p>\n<p class=\"link-more\"><a href=\"https:\/\/sigmund-freud-institut.de\/index.php\/forschung\/forschungsschwerpunkte\/psychoanalytisch-orientierte-biographieforschung-zu-rechten-sozialisationsprozessen-in-er-politischen-mitte\/\" class=\"more-link\"><span class=\"screen-reader-text\">\u201eBioRex\u201c<\/span> weiterlesen<\/a><\/p>\n","protected":false},"author":2,"featured_media":0,"parent":89,"menu_order":33,"comment_status":"closed","ping_status":"closed","template":"","meta":{"footnotes":""},"class_list":["post-2044","page","type-page","status-publish","hentry"],"_links":{"self":[{"href":"https:\/\/sigmund-freud-institut.de\/index.php\/wp-json\/wp\/v2\/pages\/2044","targetHints":{"allow":["GET"]}}],"collection":[{"href":"https:\/\/sigmund-freud-institut.de\/index.php\/wp-json\/wp\/v2\/pages"}],"about":[{"href":"https:\/\/sigmund-freud-institut.de\/index.php\/wp-json\/wp\/v2\/types\/page"}],"author":[{"embeddable":true,"href":"https:\/\/sigmund-freud-institut.de\/index.php\/wp-json\/wp\/v2\/users\/2"}],"replies":[{"embeddable":true,"href":"https:\/\/sigmund-freud-institut.de\/index.php\/wp-json\/wp\/v2\/comments?post=2044"}],"version-history":[{"count":0,"href":"https:\/\/sigmund-freud-institut.de\/index.php\/wp-json\/wp\/v2\/pages\/2044\/revisions"}],"up":[{"embeddable":true,"href":"https:\/\/sigmund-freud-institut.de\/index.php\/wp-json\/wp\/v2\/pages\/89"}],"wp:attachment":[{"href":"https:\/\/sigmund-freud-institut.de\/index.php\/wp-json\/wp\/v2\/media?parent=2044"}],"curies":[{"name":"wp","href":"https:\/\/api.w.org\/{rel}","templated":true}]}}