{"id":2302,"date":"2019-04-05T13:54:05","date_gmt":"2019-04-05T11:54:05","guid":{"rendered":"http:\/\/www.sigmund-freud-institut.de\/?page_id=2302"},"modified":"2025-07-22T15:53:56","modified_gmt":"2025-07-22T13:53:56","slug":"ina-kulic","status":"publish","type":"page","link":"https:\/\/sigmund-freud-institut.de\/index.php\/mitarbeiter-innen\/ina-kulic\/","title":{"rendered":"M.A. Ina Kuli\u0107"},"content":{"rendered":"<p><strong><img decoding=\"async\" src=\"http:\/\/www.sigmund-freud-institut.de\/wp-content\/uploads\/union-jack-26119_1280-e1557401751941.png\" \/>\u00a0 <a href=\"http:\/\/www.sigmund-freud-institut.de\/index.php\/mitarbeiter-innen\/ina-kulic\/ina-kulic\/\" target=\"_blank\" rel=\"noopener noreferrer\">ENGLISH VERSION<\/a><\/strong><\/p>\n<h1>Wissenschaftliche Mitarbeiterin<\/h1>\n<h3>Kontakt<\/h3>\n<p>Sigmund-Freud-Institut<br \/>\nMyliusstra\u00dfe 20<br \/>\n60323 Frankfurt am Main<br \/>\nRaum U.09<\/p>\n<p>Telefon 069 971204-129<br \/>\nTelefax 069 971204-4<br \/>\nE-Mail <a class=\"mail\" href=\"mailto:kulic@sigmund-freud-institut.de\" target=\"_blank\" rel=\"noopener noreferrer\">kulic<br \/>\n(at)sigmund-freud-institut.de<\/a><\/p>\n<h1>Portrait<\/h1>\n<p>Seit 07\/2024<br \/>\nWissenschaftliche Mitarbeiterin im Projekt \u201e\u00dcbergangsr\u00e4ume des Weiter(an)kommens (\u00dcWA)\u201c<\/p>\n<p>2023 \u2013 2024<br \/>\nWissenschaftliche Mitarbeiterin im Projekt \u201ePsychosozialer Verbund Rhein-Main \u2013 Hilfe f\u00fcr Gefl\u00fcchtete (PSV)\u201c, Sigmund-Freud-Institut<\/p>\n<p>2020 \u2013 2021<br \/>\nWissenschaftliche Hilfskraft im Projekt \u201eDie soziale und psychische Bedeutung der Beziehung zu professionellen Betreuer:innen f\u00fcr Integrationswege und adoleszente Entwicklungen von unbegleiteten, minderj\u00e4hrigen Fl\u00fcchtlingen in vollstation\u00e4ren Jugendhilfeeinrichtungen (AUF-2)\u201c, Sigmund-Freud-Institut<\/p>\n<p>2019<br \/>\nDoktorandin im Promotionskolleg \u201ePsychosoziale Folgen von Migration und Flucht\u201c am Sigmund-Freud-Institut, Schwerpunkt Sozialpsychologie, gef\u00f6rdert durch die Hans-B\u00f6ckler-Stiftung<\/p>\n<p>2018<br \/>\nAbschluss Masterstudium Soziologie, Schwerpunkt psychoanalytische Sozialpsychologie, Goethe-Universit\u00e4t Frankfurt am Main<\/p>\n<h1>Forschungsschwerpunkte<\/h1>\n<ul>\n<li>Psychosoziale Folgen von Flucht und Migration<\/li>\n<li>Adoleszenz, Identit\u00e4t, transgenerationale Prozesse<\/li>\n<\/ul>\n<h1>Vortr\u00e4ge<\/h1>\n<p>06\/2025: Vortrag \u201eMan f\u00fchlt sich immer so\u2019n bisschen zerrissen\u201c \u2013 Aufwachsen unter Fluchtbedingungen, Vortrag im Rahmen der F\u00f6rdergesellschaft des Sigmund-Freud-Instituts, mit Dennis Sch\u00e4fer, Frankfurt am Main<\/p>\n<p>11-12\/2024: Vortrag und Seminar \u201eGefl\u00fcchtete Kinder in der Schule\u201c, Prof. Dr. Patrick Meurs, Fachgebiet Psychoanalyse, Fachbereich Humanwissenschaften der Universit\u00e4t Kassel, im Rahmen des Postgradualen Studienprogramms der Psychoanalyse: psychoanalytische Beratung von Kindern, Jugendlichen und Erwachsenen (KJB)<\/p>\n<p>09\/2024: Vortrag \u201eGefl\u00fcchtete Kinder in der Schule. Empirische Einblicke in die Migrations- und Fluchtforschung am Sigmund-Freud-Institut\u201c, Vortrag im Rahmen des IDeA-Retreats, IDeA-Zentrum, individual development and adaptive education, Bad Homburg v. d. H\u00f6he<\/p>\n<p>09\/2023: Workshop \u201eInnere Elternbilder im Kontext von Migration\u201c, 4. Fachtagung des Psychosozialen Verbunds Rhein-Main, \u201eMeine Arbeit und ich. Ich und meine Arbeit. Begegnungen mit alten und neuen M\u00e4nnerrollen im Kontext von Flucht\u201c, mit Franziska Heinz, Sigmund-Freud-Institut<\/p>\n<p>4\/2023: Vortrag \u201eTransgenerationale Weitergabe von Fluchterfahrungen in Familien aus dem ehemaligen Jugoslawien\u201c im Rahmen der Konferenz \u201eDas Ringen um Zugeh\u00f6rigkeit \u2013 soziale und psychische Dynamiken in der Migrationsgesellschaft\u201c, gemeinsame Konferenz des Instituts f\u00fcr Sozialforschung (IfS) und des Sigmund-Freud-Instituts, Goethe-Universit\u00e4t Frankfurt<\/p>\n<p>07\/2022: Gespr\u00e4chsmoderation \u201eBosnien und Herzegowina zwischen Dayton und Br\u00fcssel\u201c der Reihe #5<em>party&amp;politics\u00a0<\/em>meets \u201aNeues vom Ballaballa-Balkan\u2018, mit Krsto Lazarevi\u0107 und Danijel Maji\u0107, gemeinsam mit Dr. Enida Delali\u0107, Offenes Haus der Kulturen, Studierendenhaus Campus Bockenheim, Frankfurt<\/p>\n<p>04\/2022: Paneltalk \u201eBalkanfuturismus oder Staatskrise?\u201c goEast Festival des mittel- und osteurop\u00e4ischen Films, DFF \u2013 Deutsches Filminstitut &amp; Filmmuseum, Wiesbaden<\/p>\n<p>07\/2021: Gastvortrag \u201eTransgenerationale Weitergabe von Flucht\u201c im Proseminar \u201ePsychoanalytische Sozialpsychologie von Migration\u201c, unter der Leitung von Hannes Weidmann und Simon Heyny, Institut f\u00fcr Soziologie, Lehrstuhl f\u00fcr Soziologie und Sozialpsychologie, Goethe Universit\u00e4t Frankfurt<\/p>\n<p>01\/2021: Vortrag \u201ePsychoanalytische Perspektiven auf Trauma und Traumafolgen von Menschen mit Fluchterfahrung\u201c mit Irina Dannert, im Rahmen der Veranstaltungsreihe \u201eNeueste Forschungsergebnisse aus der Promotionsf\u00f6rderung der Hans-B\u00f6ckler-Stiftung\u201c<\/p>\n<p>09\/2020: Panelleitung \u201ePsychische und psychosoziale Implikationen von Flucht\u201c, 3. Konferenz des Netzwerks Fluchtforschung zum Thema\u00a0\u201aKontexte von Flucht, Schutz und Alltag Gefl\u00fcchteter\u2018 mit Aisha-Nusrat Ahmad und Irina Dannert, Universit\u00e4t zu K\u00f6ln<\/p>\n<p>1\/2020: Gastvortrag \u201e\u2026 mich gibt\u2019s ja eigentlich nur nach dem Krieg, aber f\u00fcr mich gibt\u2019s trotzdem ein vor dem Krieg \u2013 kulturelle Selbstpositionierungsprozesse im Kontext von Fluchterfahrungen\u201c im Rahmen des Masterseminars \u201eMigration und Flucht\u201c unter der Leitung von Dr. Susanne Benzel, Institut f\u00fcr Soziologie, Lehrstuhl f\u00fcr Soziologie und Sozialpsychologie, Goethe-Universit\u00e4t Frankfurt<\/p>\n<p>1\/2020: Gastvortrag \u201eTransgenerationale Weitergabe unbew\u00e4ltigter Fluchterfahrungen\u201c, im Rahmen des Masterseminars \u201eSelbstentwicklung und Identit\u00e4tsarbeit in der Adoleszenz \u2013 Implikationen f\u00fcr die \u00dcbergangsbegleitung Schule\/Beruf\u201c, unter der Leitung von Stefanie Kurth, Institut f\u00fcr Sonderp\u00e4dagogik, Leibniz-Universit\u00e4t Hannover<\/p>\n<p>09\/2019 Posterpr\u00e4sentation \u201eTransgenerationale Weitergabe von Fluchterfahrungen in Familien aus dem ehemaligen Jugoslawien \u2013 psychosoziale Folgen f\u00fcr adoleszente Entwicklungen und kulturelle Selbstpositionierungen\u201c, Einf\u00fchrungsseminar f\u00fcr Promotionsstipendiaten der Hans-B\u00f6ckler-Stiftung<\/p>\n<p>05\/2019 Vortrag: \u201ePsychosoziale Bedeutung von Selbstkulturalisierungsprozessen adoleszenter Frauen mit Fluchterfahrung. Eine intergenerationale Untersuchung am Beispiel von Gefl\u00fcchteten aus dem ehemaligen Jugoslawien\u201c im Rahmen des Auftaktworkshops des Promotionskollegs \u201ePsychosoziale Folgen von Migration und Flucht \u2013 generationale Dynamiken und adoleszente Verl\u00e4ufe\u201c am Sigmund-Freud-Institut, Frankfurt am Main<\/p>\n<h1>Publikationen<\/h1>\n<p>Heinz, F., Kuli\u0107, I. (2024): Elternbilder in adoleszenten Bildungsprozessen im Kontext von Migration. Migration &amp; Soziale Arbeit. Beltz Juventa, S.162-170.<\/p>\n<p>Kuli\u0107, I. (2023): Mit dem Unsagbaren erwachsen werden. Kulturelle Selbstverortungen als Br\u00fcckenfunktion in Familien mit Fluchtgeschichte. In: Benzel, S., King, V., Koller, H.-C., Meurs, P. &amp; Wei\u00df, H. (Hg.):\u00a0<em>Adoleszenz und Generationendynamik im Kontext von Migration und Flucht.<\/em>\u00a0Wiesbaden: Springer VS.<\/p>\n<p>Becker, J., Kuli\u0107, I. (2022): \u201eZwischen Ethnonationalismus und Vergangenheitspolitik \u2013 Bosnien und Herzegowina 30 Jahre nach dem Bosnienkrieg\u201c, GWP, 4\/2022: Leverkusen\/Opladen: Verlag Barbara Budrich, 434-443.<\/p>\n<p>Becker, J., Kuli\u0107, I. (2022): \u201eSliding into the abyss? Bosnia-Herzegovina 30 years after the start of the war\u201c,\u00a0<em>SEER Journal for Labour and Social Affairs in Eastern Europe<\/em>,\u00a0<em>24<\/em>\u00a0(3). Baden-Baden: Nomos, 41-51.<\/p>\n<p>Becker, J., Kuli\u0107, I. (2022): \u201eS\u00e4belrasseln in Sarajevo\u201c, in: \u00bbBl\u00e4tter\u00ab 1\/2022, Bl\u00e4tter f\u00fcr deutsche und internationale Politik.<\/p>\n<p>Becker, J., Kuli\u0107, I. (2021): \u201cThe skies are empty and the continent is overflowing with insoluble problems \u2013 The Covid-19 crisis in the western Balkans and the failure of the EU\u201d.\u00a0<em>SEER Journal for Labour and Social Affairs in Eastern Europe<\/em>,\u00a0<em>24<\/em>\u00a0(1). Baden-Baden: Nomos, 7-18.<\/p>\n<p>Becker, J., Kuli\u0107, I. (2021): \u201eCorona auf dem Balkan. Pekings Vormarsch, Europas Versagen\u201c, in: \u00bbBl\u00e4tter\u00ab 5\/2021, Bl\u00e4tter f\u00fcr deutsche und internationale Politik.<\/p>\n<p>Frieske C., Fritsch, J. S., Kuli\u0107, I. &amp; Wojciechowski A. (2018): Neu in der F\u00fchrungsposition \u2013 Junge F\u00fchrungskr\u00e4fte zwischen Unerfahrenheit und Verantwortungs\u00fcbernahme, in: Widerstand und F\u00fcrsorge. Beitr\u00e4ge zum Thema Psychoanalyse und Gesellschaft. Schriften des Sigmund-Freud-Instituts. Reihe 3: Psychoanalytische Sozialpsychologie, Band 8. Schweder, P., Augello von Zadow, E., L\u00f6hlein, M.-S. &amp; Lohl, J. (Hg.). G\u00f6ttingen: Vandenhoeck &amp; Ruprecht, 115-140.<\/p>\n","protected":false},"excerpt":{"rendered":"<p>\u00a0 ENGLISH VERSION Wissenschaftliche Mitarbeiterin Kontakt Sigmund-Freud-Institut Myliusstra\u00dfe 20 60323 Frankfurt am Main Raum U.09 Telefon 069 971204-129 Telefax 069 971204-4 E-Mail kulic (at)sigmund-freud-institut.de Portrait Seit 07\/2024 Wissenschaftliche Mitarbeiterin im Projekt \u201e\u00dcbergangsr\u00e4ume des Weiter(an)kommens (\u00dcWA)\u201c 2023 \u2013 2024 Wissenschaftliche Mitarbeiterin im Projekt \u201ePsychosozialer Verbund Rhein-Main \u2013 Hilfe f\u00fcr Gefl\u00fcchtete (PSV)\u201c, Sigmund-Freud-Institut 2020 \u2013 2021 Wissenschaftliche &hellip; <\/p>\n<p class=\"link-more\"><a href=\"https:\/\/sigmund-freud-institut.de\/index.php\/mitarbeiter-innen\/ina-kulic\/\" class=\"more-link\"><span class=\"screen-reader-text\">\u201eM.A. Ina Kuli\u0107\u201c<\/span> weiterlesen<\/a><\/p>\n","protected":false},"author":2,"featured_media":0,"parent":31,"menu_order":73,"comment_status":"closed","ping_status":"closed","template":"","meta":{"footnotes":""},"class_list":["post-2302","page","type-page","status-publish","hentry"],"_links":{"self":[{"href":"https:\/\/sigmund-freud-institut.de\/index.php\/wp-json\/wp\/v2\/pages\/2302","targetHints":{"allow":["GET"]}}],"collection":[{"href":"https:\/\/sigmund-freud-institut.de\/index.php\/wp-json\/wp\/v2\/pages"}],"about":[{"href":"https:\/\/sigmund-freud-institut.de\/index.php\/wp-json\/wp\/v2\/types\/page"}],"author":[{"embeddable":true,"href":"https:\/\/sigmund-freud-institut.de\/index.php\/wp-json\/wp\/v2\/users\/2"}],"replies":[{"embeddable":true,"href":"https:\/\/sigmund-freud-institut.de\/index.php\/wp-json\/wp\/v2\/comments?post=2302"}],"version-history":[{"count":6,"href":"https:\/\/sigmund-freud-institut.de\/index.php\/wp-json\/wp\/v2\/pages\/2302\/revisions"}],"predecessor-version":[{"id":14875,"href":"https:\/\/sigmund-freud-institut.de\/index.php\/wp-json\/wp\/v2\/pages\/2302\/revisions\/14875"}],"up":[{"embeddable":true,"href":"https:\/\/sigmund-freud-institut.de\/index.php\/wp-json\/wp\/v2\/pages\/31"}],"wp:attachment":[{"href":"https:\/\/sigmund-freud-institut.de\/index.php\/wp-json\/wp\/v2\/media?parent=2302"}],"curies":[{"name":"wp","href":"https:\/\/api.w.org\/{rel}","templated":true}]}}