{"id":2462,"date":"2019-05-09T15:25:27","date_gmt":"2019-05-09T13:25:27","guid":{"rendered":"http:\/\/www.sigmund-freud-institut.de\/?page_id=2462"},"modified":"2024-07-19T12:51:54","modified_gmt":"2024-07-19T10:51:54","slug":"ina-kulic","status":"publish","type":"page","link":"https:\/\/sigmund-freud-institut.de\/index.php\/mitarbeiter-innen\/ina-kulic\/ina-kulic\/","title":{"rendered":"M.A. Ina Kuli\u0107"},"content":{"rendered":"<h1>Portrait<\/h1>\n<p><strong>Since 07\/2024<\/strong><br \/>\nScientific employee, project &#8218;\u00dcbergangsr\u00e4ume des Wieder(an)kommens (\u00dcWA)<\/p>\n<p><strong>2023-2024<br \/>\n<\/strong>Scientific employee, project: Psychosozialer Verbund, Sigmund-Freud-Institut<\/p>\n<p><strong>2020 \u2013 2021<br \/>\n<\/strong>Research assistant, project: AUF-2, Sigmund-Freud-Institut<\/p>\n<p><strong>2019<br \/>\n<\/strong>Doctoral Scholarship as part of the PhD research programme \u201cPsychosocial Consequences of Migration\u201d PhD project on psychosocial refuge consequences for young women and their families, funded by Hans-B\u00f6ckler-Foundation<\/p>\n<p><strong>2018<br \/>\n<\/strong>Master\u2019s Degree M.A. Sociology, psychoanalytic social psychology, Goethe-Universit\u00e4t Frankfurt am Main<\/p>\n<h1>Research interests<\/h1>\n<ul>\n<li>Psychosocial consequences of flight and migration<\/li>\n<li>Adolescence, identity, transgenerational processes<\/li>\n<\/ul>\n<h1>Presentations<\/h1>\n<ul>\n<li>09\/2023: Workshopleitung \u201eInnere Elternbilder im Kontext von Migration\u201c, 4. Fachtagung des Psychosozialen Verbunds Rhein-Main, \u201eMeine Arbeit und ich. Ich und meine Arbeit. Begegnungen mit alten und neuen M\u00e4nnerrollen im Kontext von Flucht\u201c, mit Franziska Heinz, Sigmund-Freud-Institut<\/li>\n<li>4\/2023: Vortrag \u201eTransgenerationale Weitergabe von Fluchterfahrungen in Familien aus dem ehemaligen Jugoslawien\u201c im Rahmen der Konferenz \u201eDas Ringen um Zugeh\u00f6rigkeit \u2013 soziale und psychische Dynamiken in der Migrationsgesellschaft\u201c, gemeinsame Konferenz des Instituts f\u00fcr Sozialforschung und des Sigmund-Freud-Instituts, Goethe-Universit\u00e4t Frankfurt<\/li>\n<li>07\/2022: Gespr\u00e4chsmoderation \u201eBosnien und Herzegowina zwischen Dayton und Br\u00fcssel\u201c der Reihe #5<em>party &amp; politics <\/em>meets \u201aNeues vom Ballaballa-Balkan\u2018, mit Krsto Lazarevi\u0107 und Danijel Maji\u0107, Offenes Haus der Kulturen, Studierendenhaus Campus Bockenheim<\/li>\n<li>04\/2022: Paneltalk \u201eBalkanfuturismus oder Staatskrise?\u201c goEast Festival des mittel- und osteurop\u00e4ischen Films, DFF &#8211; Deutsches Filminstitut &amp; Filmmuseum, Wiesbaden<\/li>\n<li>07\/2021: Gastvortrag \u201eTransgenerationale Weitergabe von Flucht\u201c im Proseminar \u201ePsychoanalytische Sozialpsychologie von Migration\u201c, unter der Leitung von Hannes Weidmann und Simon Heyny, Institut f\u00fcr Soziologie, Lehrstuhl f\u00fcr Soziologie und Sozialpsychologie, Goethe Universit\u00e4t Frankfurt<\/li>\n<li>01\/2021: Vortrag \u201ePsychoanalytische Perspektiven auf Trauma und Traumafolgen von Menschen mit Fluchterfahrung\u201c mit Irina Dannert, im Rahmen der Veranstaltungsreihe \u201eNeueste Forschungsergebnisse aus der Promotionsf\u00f6rderung der Hans-B\u00f6ckler-Stiftung\u201c<\/li>\n<li>09\/2020: Panelleitung \u201ePsychische und psychosoziale Implikationen von Flucht\u201c, 3. Konferenz des Netzwerks Fluchtforschung zum Thema\u00a0\u201aKontexte von Flucht, Schutz und Alltag Gefl\u00fcchteter\u2018 mit Aisha-Nusrat Ahmad und Irina Dannert, Universit\u00e4t zu K\u00f6ln<\/li>\n<li>1\/2020: Gastvortrag \u201e\u2026 mich gibt\u2019s ja eigentlich nur nach dem Krieg, aber f\u00fcr mich gibt\u2019s trotzdem ein vor dem Krieg \u2013 kulturelle Selbstpositionierungsprozesse im Kontext von Fluchterfahrungen\u201c im Rahmen des Masterseminars \u201eMigration und Flucht\u201c unter der Leitung von Dr. Susanne Benzel, Institut f\u00fcr Soziologie, Lehrstuhl f\u00fcr Soziologie und Sozialpsychologie, Goethe-Universit\u00e4t Frankfurt<\/li>\n<li>1\/2020: Gastvortrag \u201eTransgenerationale Weitergabe unbew\u00e4ltigter Fluchterfahrungen\u201c, im Rahmen des Masterseminars \u201eSelbstentwicklung und Identit\u00e4tsarbeit in der Adoleszenz &#8211; Implikationen f\u00fcr die \u00dcbergangsbegleitung Schule\/Beruf\u201c, unter der Leitung von Stefanie Kurth, Institut f\u00fcr Sonderp\u00e4dagogik, Leibniz-Universit\u00e4t Hannover<\/li>\n<li>09\/2019 Posterpr\u00e4sentation \u201eTransgenerationale Weitergabe von Fluchterfahrungen in Familien aus dem ehemaligen Jugoslawien \u2013 psychosoziale Folgen f\u00fcr adoleszente Entwicklungen und kulturelle Selbstpositionierungen\u201c, Einf\u00fchrungsseminar f\u00fcr Promotionsstipendiaten der Hans-B\u00f6ckler-Stiftung<\/li>\n<li>05\/2019 Vortrag: \u201ePsychosoziale Bedeutung von Selbstkulturalisierungsprozessen adoleszenter Frauen mit Fluchterfahrung. Eine intergenerationale Untersuchung am Beispiel von Gefl\u00fcchteten aus dem ehemaligen Jugoslawien\u201c im Rahmen des Auftaktworkshops des Promotionskollegs \u201ePsychosoziale Folgen von Migration und Flucht \u2013 generationale Dynamiken und adoleszente Verl\u00e4ufe\u201c am Sigmund-Freud-Institut, Frankfurt am Main<\/li>\n<\/ul>\n<h1>Publications<\/h1>\n<p>Kuli\u0107, I. (2023): Mit dem Unsagbaren erwachsen werden. Kulturelle Selbstverortungen als Br\u00fcckenfunktion in Familien mit Fluchtgeschichte. In: Benzel, S., King, V., Koller, H.-C., Meurs, P. &amp; Wei\u00df, H. (Hg.):\u00a0<em>Adoleszenz und Generationendynamik im Kontext von Migration und Flucht.<\/em> Wiesbaden: Springer VS (im Druck).<\/p>\n<p>Becker, J., Kuli\u0107, I. (2022): \u201eZwischen Ethnonationalismus und Vergangenheitspolitik \u2013 Bosnien und Herzegowina 30 Jahre nach dem Bosnienkrieg\u201c, GWP, 4\/2022: Leverkusen\/Opladen: Verlag Barbara Budrich, 434-443.<\/p>\n<p>Becker, J., Kuli\u0107, I. (2022): \u201eSliding into the abyss? Bosnia-Herzegovina 30 years after the start of the war\u201c, <em>SEER Journal for Labour and Social Affairs in Eastern Europe<\/em>, <em>24<\/em> (3). Baden-Baden: Nomos, 41-51.<\/p>\n<p>Becker, J., Kuli\u0107, I. (2022): \u201eS\u00e4belrasseln in Sarajevo\u201c, in: \u00bbBl\u00e4tter\u00ab 1\/2022, Bl\u00e4tter f\u00fcr deutsche und internationale Politik.<\/p>\n<p>Becker, J., Kuli\u0107, I. (2021): \u201cThe skies are empty and the continent is overflowing with insoluble problems \u2013 The Covid-19 crisis in the western Balkans and the failure of the EU\u201d. <em>SEER Journal for Labour and Social Affairs in Eastern Europe<\/em>, <em>24<\/em> (1). Baden-Baden: Nomos, 7-18.<\/p>\n<p>Becker, J., Kuli\u0107, I. (2021): \u201eCorona auf dem Balkan. Pekings Vormarsch, Europas Versagen\u201c, in: \u00bbBl\u00e4tter\u00ab 5\/2021, Bl\u00e4tter f\u00fcr deutsche und internationale Politik.<\/p>\n<p>Frieske C., Fritsch, J. S., Kuli\u0107, I. &amp; Wojciechowski A. (2018): Neu in der F\u00fchrungsposition \u2013 Junge F\u00fchrungskr\u00e4fte zwischen Unerfahrenheit und Verantwortungs\u00fcbernahme, in: Widerstand und F\u00fcrsorge. Beitr\u00e4ge zum Thema Psychoanalyse und Gesellschaft. Schriften des Sigmund-Freud-Instituts. Reihe 3: Psychoanalytische Sozialpsychologie, Band 8. Schweder, P., Augello von Zadow, E., L\u00f6hlein, M.-S. &amp; Lohl, J. (Hg.). G\u00f6ttingen: Vandenhoeck &amp; Ruprecht, 115-140.<\/p>\n","protected":false},"excerpt":{"rendered":"<p>Portrait Since 07\/2024 Scientific employee, project &#8218;\u00dcbergangsr\u00e4ume des Wieder(an)kommens (\u00dcWA) 2023-2024 Scientific employee, project: Psychosozialer Verbund, Sigmund-Freud-Institut 2020 \u2013 2021 Research assistant, project: AUF-2, Sigmund-Freud-Institut 2019 Doctoral Scholarship as part of the PhD research programme \u201cPsychosocial Consequences of Migration\u201d PhD project on psychosocial refuge consequences for young women and their families, funded by Hans-B\u00f6ckler-Foundation 2018 &hellip; <\/p>\n<p class=\"link-more\"><a href=\"https:\/\/sigmund-freud-institut.de\/index.php\/mitarbeiter-innen\/ina-kulic\/ina-kulic\/\" class=\"more-link\"><span class=\"screen-reader-text\">\u201eM.A. Ina Kuli\u0107\u201c<\/span> weiterlesen<\/a><\/p>\n","protected":false},"author":2,"featured_media":0,"parent":2302,"menu_order":74,"comment_status":"closed","ping_status":"closed","template":"","meta":{"footnotes":""},"class_list":["post-2462","page","type-page","status-publish","hentry"],"_links":{"self":[{"href":"https:\/\/sigmund-freud-institut.de\/index.php\/wp-json\/wp\/v2\/pages\/2462","targetHints":{"allow":["GET"]}}],"collection":[{"href":"https:\/\/sigmund-freud-institut.de\/index.php\/wp-json\/wp\/v2\/pages"}],"about":[{"href":"https:\/\/sigmund-freud-institut.de\/index.php\/wp-json\/wp\/v2\/types\/page"}],"author":[{"embeddable":true,"href":"https:\/\/sigmund-freud-institut.de\/index.php\/wp-json\/wp\/v2\/users\/2"}],"replies":[{"embeddable":true,"href":"https:\/\/sigmund-freud-institut.de\/index.php\/wp-json\/wp\/v2\/comments?post=2462"}],"version-history":[{"count":3,"href":"https:\/\/sigmund-freud-institut.de\/index.php\/wp-json\/wp\/v2\/pages\/2462\/revisions"}],"predecessor-version":[{"id":13474,"href":"https:\/\/sigmund-freud-institut.de\/index.php\/wp-json\/wp\/v2\/pages\/2462\/revisions\/13474"}],"up":[{"embeddable":true,"href":"https:\/\/sigmund-freud-institut.de\/index.php\/wp-json\/wp\/v2\/pages\/2302"}],"wp:attachment":[{"href":"https:\/\/sigmund-freud-institut.de\/index.php\/wp-json\/wp\/v2\/media?parent=2462"}],"curies":[{"name":"wp","href":"https:\/\/api.w.org\/{rel}","templated":true}]}}