{"id":2742,"date":"2019-06-12T10:15:23","date_gmt":"2019-06-12T08:15:23","guid":{"rendered":"http:\/\/www.sigmund-freud-institut.de\/?page_id=2742"},"modified":"2025-09-17T11:49:09","modified_gmt":"2025-09-17T09:49:09","slug":"sima-saligheh","status":"publish","type":"page","link":"https:\/\/sigmund-freud-institut.de\/index.php\/mitarbeiter-innen\/sima-saligheh\/sima-saligheh\/","title":{"rendered":"M.A. Sima Saligheh"},"content":{"rendered":"<h1>Portrait<\/h1>\n<p>Since 2023<br \/>Licensed Psychodynamic Psychotherapist<\/p>\n<p>Seit 2022<br \/>Project Coordinator at Sigmund-Freud-Institute Frankfurt, Practice Project: Psychosocial Association Rhine-Main \u2013 Support for Refugees<\/p>\n<p>Since 2018<br \/>Research assistant at the Sigmund-Freud-Institute<\/p>\n<p>2017-2020<br \/>Clinical psychologist at the Vitos psychiatric hospital in Riedstadt &#8211; Goddelau<\/p>\n<p>Since 2017<br \/>Psychologist at Lernportal &#8211; an Institution for educational support<\/p>\n<p>2014 \u2012 2016<br \/>Master of Arts in Psychology at the International Psychoanalytic University Berlin<\/p>\n<p>2015<br \/>Internship: FIRST STEPS \u2013 An Integration Project for Children with an Immigrant Background<\/p>\n<p>2013<br \/>Clinical Internship at Wuhan Hospital for Psychotherapy in China<\/p>\n<p>2011 \u2012 2014<br \/>Bachelor of Arts in Psychology at the International Psychoanalytic University Berlin<\/p>\n<h1>Research interests<\/h1>\n<ul>\n<li>Migration and flight<\/li>\n<li>Medical and psychosocial treatment for refugees Psychotherapy research: Anxiety Study for Children (ASC Study)<\/li>\n<\/ul>\n<h1>Research projects<\/h1>\n<p>Psychosocial Association Rhine-Main \u2013 Support for Refugees<br \/>Project lead: Prof. Dr. Patrick Meurs<br \/>In Corporation with Frankfurt psychoanalytic Institution, Anna-Freud-Institution, Frankfurt task force for Trauma and Exile-Association, evangelical regional federation<br \/>Since December 2017<br \/>Project funded by the Hessian Ministry of Social Affairs and Integration<\/p>\n<p>Anxiety Study for Children (ASC Study)<br \/>2014 \u2013 2018 \/ Project lead: Prof. Dr. Annette Streeck-Fischer<br \/>In cooperation with the International Psychoanalytic University Berlin, the University Medical Centre Go\u0308ttingen and the University Hospital Heidelberg<br \/>Financed by the Association of Analytical Child and Adolescent Psychotherapists in Germany (VAKJP) and the Foundation to Promote University Psychoanalysis<br \/>Master Thesis: Used data source from the ASC Study<\/p>\n<h1>Moderation and organization<\/h1>\n<p>2024<br \/>Workshop on &#8222;Internal and external realities in the context of flight and asylum&#8220; as part of the specialist conference &#8220; Meine Arbeit und Ich \u2013 Ich und meine Arbeit. Refugee assistance yesterday, today, tomorrow&#8220; on September 20, 2024, at the Sigmund Freud Institute, Frankfurt am Main.<\/p>\n<p>Since 2021<br \/>Hosting and organization of the annual conference \u201eMeine Arbeit und ich &#8211; Ich und meine Arbeit\u201c<\/p>\n<p>2019<br \/>(in cooperation with Stefanie Kurth) Transference and Countertransference in the Process of counseling with refugees.\u00a0Workshop within the conference \u201eMeine Arbeit und Ich \u2013 Ich und meine Arbeit. Reflexion (in) der Arbeit mit Gefl\u00fcchteten\u201c at the Sigmund-Freud-Institute, Frankfurt am Main.<\/p>\n<p>2017-2020<br \/>Moderation and organization of the \u201ePsychosewerkstatt \u2012 Trialogue between individuals with psychosis, relatives and practitioners\u201c, Vitos psychiatric hospital in Riedstadt \u2012 Goddelau<\/p>\n<h1>Publications<\/h1>\n<p><\/p>\n<p>Meurs, P., Abd-Al-Majeed, R., Poholski, C. &amp; <strong>Saligheh, S.<\/strong> (Hrsg.) (2025). Helfende H\u00e4nde f\u00fcr gefl\u00fcchtete Menschen. Beziehungsorientierte psychosoziale Begleitung w\u00e4hrend des Ankommens. Psychosozial-Verlag.<\/p>\n<p> <\/p>\n<p><strong>Saligheh, S.<\/strong>, &amp; Kurth, S. (2025): Zwischen Anerkennung und Entmenschlichung: \u00dcbertragung- und Gegen\u00fcbertragungsdynamiken in der psychosozialen Arbeit mit gefl\u00fcchteten Menschen. In: Meurs, P., Abd-Al-Majeed, R., Poholski, C. &amp; <strong>Saligheh, S.<\/strong> (Hrsg.): Helfende H\u00e4nde f\u00fcr gefl\u00fcchtete Menschen. Beziehungsorientierte psychosoziale Begleitung w\u00e4hrend des Ankommens. Gie\u00dfen: Psychosozial-Verlag.<\/p>\n<p> <\/p>\n<p>Abd-Al-Majeed, R., Hettich-Damm, N., Kurth, S., Poholski, C., <strong>Saligheh, S.<\/strong>, Witzel, H. (2025): Beziehungsdynamiken (nicht) verstehen. Szenische Einblicke in eine psychoanalytisch-psychosoziale Hilfe f\u00fcr Gefl\u00fcchtete. In: Meurs, P., Abd-Al-Majeed, R., Poholski, C. &amp; <strong>Saligheh, S.<\/strong> (Hrsg.): Helfende H\u00e4nde f\u00fcr gefl\u00fcchtete Menschen. Beziehungsorientierte psychosoziale Begleitung w\u00e4hrend des Ankommens. Gie\u00dfen: Psychosozial-Verlag.<\/p>\n<p> <\/p>\n<p>Meurs, P., Abd-Al-Majeed, R., Poholski, C. &amp; <strong>Saligheh, S. <\/strong>(2025): Vier Schlussworte. In: Meurs, P., Abd-Al-Majeed, R., Poholski, C. &amp; <strong>Saligheh, S.<\/strong> (Hrsg.): Helfende H\u00e4nde f\u00fcr gefl\u00fcchtete Menschen. Beziehungsorientierte psychosoziale Begleitung w\u00e4hrend des Ankommens. Gie\u00dfen: Psychosozial-Verlag.<\/p>\n<p><\/p>\n\n\n<h1 class=\"wp-block-heading\">Prices<\/h1>\n\n\n\n<p>Winner of the \u201eIPA in the Community and the World Awards\u201c 2023 in the category \u201eViolence\u201c for the SFI project: Psychosocial Association Rhine-Main \u2013 Support for Refugeeses&#8220;<\/p>\n","protected":false},"excerpt":{"rendered":"<p>Portrait Since 2023Licensed Psychodynamic Psychotherapist Seit 2022Project Coordinator at Sigmund-Freud-Institute Frankfurt, Practice Project: Psychosocial Association Rhine-Main \u2013 Support for Refugees Since 2018Research assistant at the Sigmund-Freud-Institute 2017-2020Clinical psychologist at the Vitos psychiatric hospital in Riedstadt &#8211; Goddelau Since 2017Psychologist at Lernportal &#8211; an Institution for educational support 2014 \u2012 2016Master of Arts in Psychology at &hellip; <\/p>\n<p class=\"link-more\"><a href=\"https:\/\/sigmund-freud-institut.de\/index.php\/mitarbeiter-innen\/sima-saligheh\/sima-saligheh\/\" class=\"more-link\"><span class=\"screen-reader-text\">\u201eM.A. Sima Saligheh\u201c<\/span> weiterlesen<\/a><\/p>\n","protected":false},"author":3,"featured_media":0,"parent":1520,"menu_order":103,"comment_status":"closed","ping_status":"closed","template":"","meta":{"footnotes":""},"class_list":["post-2742","page","type-page","status-publish","hentry"],"_links":{"self":[{"href":"https:\/\/sigmund-freud-institut.de\/index.php\/wp-json\/wp\/v2\/pages\/2742","targetHints":{"allow":["GET"]}}],"collection":[{"href":"https:\/\/sigmund-freud-institut.de\/index.php\/wp-json\/wp\/v2\/pages"}],"about":[{"href":"https:\/\/sigmund-freud-institut.de\/index.php\/wp-json\/wp\/v2\/types\/page"}],"author":[{"embeddable":true,"href":"https:\/\/sigmund-freud-institut.de\/index.php\/wp-json\/wp\/v2\/users\/3"}],"replies":[{"embeddable":true,"href":"https:\/\/sigmund-freud-institut.de\/index.php\/wp-json\/wp\/v2\/comments?post=2742"}],"version-history":[{"count":9,"href":"https:\/\/sigmund-freud-institut.de\/index.php\/wp-json\/wp\/v2\/pages\/2742\/revisions"}],"predecessor-version":[{"id":15149,"href":"https:\/\/sigmund-freud-institut.de\/index.php\/wp-json\/wp\/v2\/pages\/2742\/revisions\/15149"}],"up":[{"embeddable":true,"href":"https:\/\/sigmund-freud-institut.de\/index.php\/wp-json\/wp\/v2\/pages\/1520"}],"wp:attachment":[{"href":"https:\/\/sigmund-freud-institut.de\/index.php\/wp-json\/wp\/v2\/media?parent=2742"}],"curies":[{"name":"wp","href":"https:\/\/api.w.org\/{rel}","templated":true}]}}