{"id":28,"date":"2018-01-11T10:06:34","date_gmt":"2018-01-11T10:06:34","guid":{"rendered":"http:\/\/test.sigmund-freud-institut.de\/Wordpress\/?page_id=28"},"modified":"2021-01-27T10:40:11","modified_gmt":"2021-01-27T08:40:11","slug":"institut","status":"publish","type":"page","link":"https:\/\/sigmund-freud-institut.de\/index.php\/institut\/","title":{"rendered":"Institut"},"content":{"rendered":"<p><img loading=\"lazy\" decoding=\"async\" class=\"alignnone size-full wp-image-2439\" src=\"https:\/\/www.sigmund-freud-institut.de\/wp-content\/uploads\/union-jack-26119_1280-e1557401751941.png\" alt=\"\" width=\"45\" height=\"27\" \/><strong>\u00a0 <a href=\"http:\/\/www.sigmund-freud-institut.de\/index.php\/institute-english-version\/\">ENGLISH VERSION<\/a><\/strong><\/p>\n<h1>Forschung und Schwerpunkte<\/h1>\n<p>Das Sigmund-Freud-Institut in Frankfurt am Main ist ein Forschungsinstitut des Landes Hessen f\u00fcr Psychoanalyse und ihre Anwendungen mit nationaler und internationaler Vernetzung.<\/p>\n<p>Innovative Forschungen der soziologisch-sozialpsychologischen, der klinisch-psychologischen und der medizinisch-psychoanalytischen Abteilungen untersuchen die Dynamik des Psychischen, die Ursachen, Ausdrucksformen und Folgen von Leiden und Pathologien in individuellen und sozialen Dimensionen sowie Zusammenh\u00e4nge von Kultur und Psyche.<\/p>\n<p>Sozialpsychologische und klinisch-psychoanalytische Projekte am SFI befassen sich mit den psychischen Folgen gesellschaftlichen, kulturellen und technologischen Wandels wie zum Beispiel der Digitalisierung oder der Beschleunigung und damit verbundener Optimierungsanforderungen, aber auch mit psychosozialen und psychischen Folgen von Migration und Flucht. Forschungen am SFI untersuchen im Zuge dessen Wandlungen von Generationen- und Familienbeziehungen, Elternschaft und Lebensphasen und entsprechend ver\u00e4nderte psychische Entwicklungsbedingungen. Aktuelle sozialpsychologische Analysen gesellschaftlicher Entwicklungen, Krisen und Problemlagen untersuchen u.a. zeitgen\u00f6ssische Formen des Autoritarismus.<\/p>\n<p>Besondere Schwerpunkte liegen \u00fcberdies in der Psychotherapieforschung sowie konzeptionellen und klinischen Grundlagen der Psychoanalyse. Diese Forschungen befassen sich mit spezifischen St\u00f6rungsbildern (z. B. Zwangsst\u00f6rungen), mit Traumafolgen, etwa auch bei komplex traumatisierten Kindern, mit pathologischen Pers\u00f6nlichkeitsorganisationen und spezifischen Abwehrformen sowie neuen behandlungstechnischen Herausforderungen f\u00fcr unterschiedliche psychische Erkrankungen. Dar\u00fcber hinaus geht es um die Entwicklung von Behandlungs-, aber auch Interventions- und Pr\u00e4ventionskonzepten in unterschiedlichen gesellschaftlichen Bereichen, u.a. mit Blick auf Extremismus und transgenerationale Folgen der NS-Zeit.<\/p>\n<p><em>Wissenschaftliche Ziele im internationalen und nationalen Kontext <\/em><\/p>\n<p>* Sozialpsychologische Analysen kulturellen Wandels, auch in Verbindung mit klinisch- und medizinisch-psychoanalytischer und -psychosomatischer Forschung<\/p>\n<p>* Erforschung konzeptioneller Grundlagen der Psychoanalyse, wie etwa Fragen der Identit\u00e4tsbildung, der Symbolisierung und Entwicklung intrapsychischer Strukturen<\/p>\n<p>* Erforschung und Behandlung unterschiedlicher Pathologien, insbesondere von depressiven, Angst- und Zwangsst\u00f6rungen, Borderline-, narzisstischen sowie psychosomatischen Erkrankungen<\/p>\n<p>* Ein psychoanalytischer Beitrag zur wissenschaftlichen Erforschung von psychischer Gesundheit und Krankheit, von Beziehungs-, kreativer Arbeitsf\u00e4higkeit und soziokultureller Integration sowie sozialpsychologischen Studien zum Verh\u00e4ltnis von Gesellschaft und Psyche<\/p>\n","protected":false},"excerpt":{"rendered":"<p>\u00a0 ENGLISH VERSION Forschung und Schwerpunkte Das Sigmund-Freud-Institut in Frankfurt am Main ist ein Forschungsinstitut des Landes Hessen f\u00fcr Psychoanalyse und ihre Anwendungen mit nationaler und internationaler Vernetzung. Innovative Forschungen der soziologisch-sozialpsychologischen, der klinisch-psychologischen und der medizinisch-psychoanalytischen Abteilungen untersuchen die Dynamik des Psychischen, die Ursachen, Ausdrucksformen und Folgen von Leiden und Pathologien in individuellen und &hellip; <\/p>\n<p class=\"link-more\"><a href=\"https:\/\/sigmund-freud-institut.de\/index.php\/institut\/\" class=\"more-link\"><span class=\"screen-reader-text\">\u201eInstitut\u201c<\/span> weiterlesen<\/a><\/p>\n","protected":false},"author":1,"featured_media":0,"parent":0,"menu_order":152,"comment_status":"closed","ping_status":"closed","template":"","meta":{"footnotes":""},"class_list":["post-28","page","type-page","status-publish","hentry"],"_links":{"self":[{"href":"https:\/\/sigmund-freud-institut.de\/index.php\/wp-json\/wp\/v2\/pages\/28","targetHints":{"allow":["GET"]}}],"collection":[{"href":"https:\/\/sigmund-freud-institut.de\/index.php\/wp-json\/wp\/v2\/pages"}],"about":[{"href":"https:\/\/sigmund-freud-institut.de\/index.php\/wp-json\/wp\/v2\/types\/page"}],"author":[{"embeddable":true,"href":"https:\/\/sigmund-freud-institut.de\/index.php\/wp-json\/wp\/v2\/users\/1"}],"replies":[{"embeddable":true,"href":"https:\/\/sigmund-freud-institut.de\/index.php\/wp-json\/wp\/v2\/comments?post=28"}],"version-history":[{"count":0,"href":"https:\/\/sigmund-freud-institut.de\/index.php\/wp-json\/wp\/v2\/pages\/28\/revisions"}],"wp:attachment":[{"href":"https:\/\/sigmund-freud-institut.de\/index.php\/wp-json\/wp\/v2\/media?parent=28"}],"curies":[{"name":"wp","href":"https:\/\/api.w.org\/{rel}","templated":true}]}}