{"id":3039,"date":"2019-07-23T15:06:52","date_gmt":"2019-07-23T13:06:52","guid":{"rendered":"http:\/\/www.sigmund-freud-institut.de\/?page_id=3039"},"modified":"2020-02-25T11:44:07","modified_gmt":"2020-02-25T09:44:07","slug":"mutige-kinder-muki","status":"publish","type":"page","link":"https:\/\/sigmund-freud-institut.de\/index.php\/forschung\/forschungsschwerpunkte\/mutige-kinder-muki\/","title":{"rendered":"Mutige Kinder &#8211; MuKi"},"content":{"rendered":"<h1><em>Mutige Kinder \u2013 MuKi \u2013 <\/em>Untersuchung emotionaler Erwartungs- und Bewertungsprozesse bei Kindern im Alter von 8-12 Jahren<\/h1>\n<p>&nbsp;<\/p>\n<p>Im Projekt MuKi werden Kinder im Alter von 8 bis 12 Jahren (in der Piotphase) untersucht, deren fr\u00fche Lebensgeschichte bereits durch h\u00e4ufige Trennungs- und weitere aversive Erfahrungen gepr\u00e4gt ist.\u00a0 Eine bedeutende Menge von Untersuchungen konnte zeigen, dass Kinder, die in unsicheren Verh\u00e4ltnissen aufwachsen auch h\u00e4ufig eine Reihe von Verhaltensauff\u00e4lligkeiten und Regulationsst\u00f6rungen aufweisen (vgl. u.a. Weinberg, 2010). Bei diesen Kindern ist insbesondere davon auszugehen, dass sie eine erh\u00f6hte \u00a0Erwartungs-\u00c4ngstlichkeit und Emotionsvermeidung zeigen (Cella et al., 2010; Sebold et al., 2014), was sich \u2013 im Spezifischen &#8211; auf ihre Belohnungsverarbeitung auswirkt. Um ein besseres Verst\u00e4ndnis dieser Ergebnisse zu erlangen spielen die Kinder ein Computerspiel, bei dem sie etwas gewinnen, aber auch verlieren k\u00f6nnen. Von Kindern mit unauff\u00e4lligen Lebensgeschichten erwarten wir hierbei eine bessere Verhaltenskontrolle in \u00a0Gewinn- sowie Verlustsituationen. Au\u00dferdem werden die Kinder mittels etablierter psychometrischer Verfahren zu ihren Familiengeschichten und hinsichtlich ihrer pers\u00f6nlichen St\u00e4rken und Schw\u00e4chen befragt. Dabei haben wir die M\u00f6glichkeit Kinder bei Bedarf zeitnah in eine psychotherapeutische Behandlung zu vermitteln. Die Studienteilnahme erfolgt nur nach umfangreicher Aufkl\u00e4rung sowie Einverst\u00e4ndnis und unterliegt absoluter Schweigepflicht.<\/p>\n<h1>Wen untersuchen wir:<\/h1>\n<ul>\n<li>Kinder die sich aktuell in einer Kinder- &amp; Jugendhilfe Ma\u00dfnahme des Jugendamts befinden.<\/li>\n<li>Kinder die nichtlineare Lebensgeschichten aufweisen.<\/li>\n<li>Kinder die sich in Adoptiv- &amp; Pflegefamilien befinden<\/li>\n<\/ul>\n<h1>Was wir bieten:<\/h1>\n<ul>\n<li>Bei Bedarf, z\u00fcgige Vermittlung in psychotherapeutische Behandlung.<\/li>\n<li>Probandenverg\u00fctung im Sachwert von 20\u20ac f\u00fcr jedes teilnehmende Kind \/ die Familie.<\/li>\n<\/ul>\n","protected":false},"excerpt":{"rendered":"<p>Mutige Kinder \u2013 MuKi \u2013 Untersuchung emotionaler Erwartungs- und Bewertungsprozesse bei Kindern im Alter von 8-12 Jahren &nbsp; Im Projekt MuKi werden Kinder im Alter von 8 bis 12 Jahren (in der Piotphase) untersucht, deren fr\u00fche Lebensgeschichte bereits durch h\u00e4ufige Trennungs- und weitere aversive Erfahrungen gepr\u00e4gt ist.\u00a0 Eine bedeutende Menge von Untersuchungen konnte zeigen, dass &hellip; <\/p>\n<p class=\"link-more\"><a href=\"https:\/\/sigmund-freud-institut.de\/index.php\/forschung\/forschungsschwerpunkte\/mutige-kinder-muki\/\" class=\"more-link\"><span class=\"screen-reader-text\">\u201eMutige Kinder &#8211; MuKi\u201c<\/span> weiterlesen<\/a><\/p>\n","protected":false},"author":3,"featured_media":0,"parent":89,"menu_order":29,"comment_status":"closed","ping_status":"closed","template":"","meta":{"footnotes":""},"class_list":["post-3039","page","type-page","status-publish","hentry"],"_links":{"self":[{"href":"https:\/\/sigmund-freud-institut.de\/index.php\/wp-json\/wp\/v2\/pages\/3039","targetHints":{"allow":["GET"]}}],"collection":[{"href":"https:\/\/sigmund-freud-institut.de\/index.php\/wp-json\/wp\/v2\/pages"}],"about":[{"href":"https:\/\/sigmund-freud-institut.de\/index.php\/wp-json\/wp\/v2\/types\/page"}],"author":[{"embeddable":true,"href":"https:\/\/sigmund-freud-institut.de\/index.php\/wp-json\/wp\/v2\/users\/3"}],"replies":[{"embeddable":true,"href":"https:\/\/sigmund-freud-institut.de\/index.php\/wp-json\/wp\/v2\/comments?post=3039"}],"version-history":[{"count":0,"href":"https:\/\/sigmund-freud-institut.de\/index.php\/wp-json\/wp\/v2\/pages\/3039\/revisions"}],"up":[{"embeddable":true,"href":"https:\/\/sigmund-freud-institut.de\/index.php\/wp-json\/wp\/v2\/pages\/89"}],"wp:attachment":[{"href":"https:\/\/sigmund-freud-institut.de\/index.php\/wp-json\/wp\/v2\/media?parent=3039"}],"curies":[{"name":"wp","href":"https:\/\/api.w.org\/{rel}","templated":true}]}}