{"id":3116,"date":"2019-08-06T10:05:42","date_gmt":"2019-08-06T08:05:42","guid":{"rendered":"http:\/\/www.sigmund-freud-institut.de\/?page_id=3116"},"modified":"2026-01-20T13:05:32","modified_gmt":"2026-01-20T12:05:32","slug":"organisation-english-version","status":"publish","type":"page","link":"https:\/\/sigmund-freud-institut.de\/index.php\/institut\/organisation\/organisation-english-version\/","title":{"rendered":"Organisation &#8211; ENGLISH VERSION"},"content":{"rendered":"<h1>The Sigmund Freud Institute Foundation<\/h1>\n<div id=\"gheader\">\n<p>The Sigmund Freud Institute Frankfurt is a foundation under public law.<\/p>\n<h1>Foundation Council<\/h1>\n<p>Christoph Degen (<em>Vorsitz<\/em>, Staatssekret\u00e4r im Hessischen Ministerium f\u00fcr Wissenschaft und Forschung, Kunst und Kultur)<br \/>\nDr. Dorothee Lux (<em>Stellv.<\/em>, Hessisches Ministerium f\u00fcr Wissenschaft und Forschung, Kunst und Kultur)<br \/>\nDr. Tillmann Gimm (Hessisches Ministerium der Finanzen)<br \/>\nJutta Ebeling (B\u00fcrgermeisterin der Stadt Frankfurt am Main a. D.)<br \/>\nProf. Dr. Johann Sch\u00fclein (Wien)<br \/>\nProf. Dr. Enrico\u00a0Schleiff (Pr\u00e4sident der Goethe-Universit\u00e4t Frankfurt am Main)<\/p>\n<h1>Board of directors<\/h1>\n<p><a href=\"http:\/\/www.sigmund-freud-institut.de\/index.php\/institut\/mitarbeiter-innen\/king-vera\/\" target=\"_blank\" rel=\"noopener\">Prof. Dr. Vera King<\/a><br \/>\n(Executive director)<\/p>\n<p><a href=\"https:\/\/sigmund-freud-institut.de\/index.php\/mitarbeiter-innen\/prof-dr-patrick-meurs\/\">Prof. Dr. Patrick Meurs<\/a><br \/>\n(Director)<\/p>\n<\/div>\n<p><a href=\"https:\/\/sigmund-freud-institut.de\/index.php\/mitarbeiter-innen\/annabelle-starck\/\">Dr. Annabelle Starck<\/a><br \/>\n(provisional Head of the Medical Department and of the Outpatient Clinic)<\/p>\n<p><a href=\"https:\/\/www.sigmund-freud-institut.de\/index.php\/mitarbeiter-innen\/heike-langholz\/\" target=\"_blank\" rel=\"noopener\">Dipl.-Ing. (FH) Dipl.-Wirt-Ing. (FH) Heike Langholz<\/a><br \/>\n(Head of Administration)<\/p>\n<p><a href=\"https:\/\/sigmund-freud-institut.de\/index.php\/mitarbeiter-innen\/m-a-adrian-otto\/\">M.A. Adrian Otto<\/a><br \/>\n(Chairman of the Research Council)<\/p>\n<h1>Organisational structure<\/h1>\n<p>The institute comprises <strong>three sections<\/strong>.<br \/>\nThe <strong>four main research areas<\/strong> lie across the three sections:<\/p>\n<p><img decoding=\"async\" src=\"https:\/\/sigmund-freud-institut.de\/wp-content\/uploads\/Organisation_2026.jpg\" \/><\/p>\n<h1>International Scientific Advisory Board<\/h1>\n<p>Prof. Dr. Jos\u00e9 Brunner (Tel Aviv), Vorsitzender<br \/>\nProf. Dr. Pawel Dybel (Warschau)<br \/>\nProf. Dr. Lilli Gast (Berlin)<br \/>\nProf. Dr. Isabelle Gernet (Paris)<br \/>\nProf. Dagmar Herzog Ph.D. (New York)<br \/>\nProf. Dr. Dr. Dorothea Huber (M\u00fcnchen)<br \/>\nProf. Dr. Joachim K\u00fcchenhoff (Basel)<br \/>\nDr. Katharina Rothe (New York)<\/p>\n<h1>Employee representation \/ Research Council<\/h1>\n<p>Members are the scientific employees of the SFI.<\/p>\n<h3><\/h3>\n<div class=\"csc-header csc-header-n8\">\n<h1>Administration<\/h1>\n<\/div>\n<p><a href=\"https:\/\/www.sigmund-freud-institut.de\/index.php\/mitarbeiter-innen\/heike-langholz\/\" target=\"_blank\" rel=\"noopener\">Dipl.-Ing. (FH) Dipl.-Wirt-Ing. (FH) Heike Langholz<\/a><br \/>\n(Head of Administration)<\/p>\n<p><a href=\"https:\/\/www.sigmund-freud-institut.de\/index.php\/mitarbeiter-innen\/personal-und-sachverwaltung\/\" target=\"_blank\" rel=\"noopener\">Munge Setiana-Heitland<\/a><br \/>\n(Processing)<\/p>\n<p><a href=\"http:\/\/www.sigmund-freud-institut.de\/index.php\/institut\/mitarbeiter-innen\/sandra-bolte\/\" target=\"_blank\" rel=\"noopener\">Sandra Bolte<\/a><br \/>\n(Accounting)<\/p>\n<p><a href=\"https:\/\/sigmund-freud-institut.de\/index.php\/mitarbeiter-innen\/birgit-kroeller\/\">Tina Hauff<\/a><br \/>\n(Reception)<\/p>\n<p><a href=\"http:\/\/www.sigmund-freud-institut.de\/index.php\/mitarbeiter-innen\/sonja-helfmann\/\" target=\"_blank\" rel=\"noopener noreferrer\">Sonja Helfmann<\/a><br \/>\n(Assistance to the Board of Directors and to Prof. Vera King)<\/p>\n<p><a href=\"http:\/\/www.sigmund-freud-institut.de\/index.php\/institut\/mitarbeiter-innen\/annette-sibert\/\" target=\"_blank\" rel=\"noopener\">Annette Sibert<\/a><br \/>\n(Secretariat to the Board of Directors and to Prof. Patrick Meurs)<\/p>\n<h3><\/h3>\n<div class=\"csc-header csc-header-n9\">\n<h1>Ambulance<\/h1>\n<\/div>\n<p><a href=\"https:\/\/www.sigmund-freud-institut.de\/index.php\/mitarbeiter-innen\/annabelle-starck\/annabelle-starck\/\" target=\"_blank\" rel=\"noreferrer noopener\">Dr. Annabelle Starck<\/a><br \/>\n(provisional Head of the Outpatient Clinic)<\/p>\n<p><a href=\"https:\/\/sigmund-freud-institut.de\/index.php\/mitarbeiter-innen\/katja-doerr\/\">Katja D\u00f6rr<\/a><br \/>\n<a href=\"http:\/\/www.sigmund-freud-institut.de\/index.php\/mitarbeiter-innen\/sabine-kroll\/\" target=\"_blank\" rel=\"noopener\">Sabine Kroll<\/a><br \/>\n(Secretariat to the Head of the Outpatient Clinic)<\/p>\n<h3><\/h3>\n<div class=\"csc-header csc-header-n10\">\n<h1>Library<\/h1>\n<\/div>\n<p><a href=\"https:\/\/www.sigmund-freud-institut.de\/index.php\/mitarbeiter-innen\/hendrik-burmeister-m-a\/\">Hendrik Burmeister (M.A.)<\/a><\/p>\n","protected":false},"excerpt":{"rendered":"<p>The Sigmund Freud Institute Foundation The Sigmund Freud Institute Frankfurt is a foundation under public law. Foundation Council Christoph Degen (Vorsitz, Staatssekret\u00e4r im Hessischen Ministerium f\u00fcr Wissenschaft und Forschung, Kunst und Kultur) Dr. Dorothee Lux (Stellv., Hessisches Ministerium f\u00fcr Wissenschaft und Forschung, Kunst und Kultur) Dr. Tillmann Gimm (Hessisches Ministerium der Finanzen) Jutta Ebeling (B\u00fcrgermeisterin &hellip; <\/p>\n<p class=\"link-more\"><a href=\"https:\/\/sigmund-freud-institut.de\/index.php\/institut\/organisation\/organisation-english-version\/\" class=\"more-link\"><span class=\"screen-reader-text\">\u201eOrganisation &#8211; ENGLISH VERSION\u201c<\/span> weiterlesen<\/a><\/p>\n","protected":false},"author":2,"featured_media":0,"parent":110,"menu_order":156,"comment_status":"closed","ping_status":"closed","template":"","meta":{"footnotes":""},"class_list":["post-3116","page","type-page","status-publish","hentry"],"_links":{"self":[{"href":"https:\/\/sigmund-freud-institut.de\/index.php\/wp-json\/wp\/v2\/pages\/3116","targetHints":{"allow":["GET"]}}],"collection":[{"href":"https:\/\/sigmund-freud-institut.de\/index.php\/wp-json\/wp\/v2\/pages"}],"about":[{"href":"https:\/\/sigmund-freud-institut.de\/index.php\/wp-json\/wp\/v2\/types\/page"}],"author":[{"embeddable":true,"href":"https:\/\/sigmund-freud-institut.de\/index.php\/wp-json\/wp\/v2\/users\/2"}],"replies":[{"embeddable":true,"href":"https:\/\/sigmund-freud-institut.de\/index.php\/wp-json\/wp\/v2\/comments?post=3116"}],"version-history":[{"count":19,"href":"https:\/\/sigmund-freud-institut.de\/index.php\/wp-json\/wp\/v2\/pages\/3116\/revisions"}],"predecessor-version":[{"id":15702,"href":"https:\/\/sigmund-freud-institut.de\/index.php\/wp-json\/wp\/v2\/pages\/3116\/revisions\/15702"}],"up":[{"embeddable":true,"href":"https:\/\/sigmund-freud-institut.de\/index.php\/wp-json\/wp\/v2\/pages\/110"}],"wp:attachment":[{"href":"https:\/\/sigmund-freud-institut.de\/index.php\/wp-json\/wp\/v2\/media?parent=3116"}],"curies":[{"name":"wp","href":"https:\/\/api.w.org\/{rel}","templated":true}]}}