{"id":351,"date":"2018-04-17T09:02:54","date_gmt":"2018-04-17T09:02:54","guid":{"rendered":"http:\/\/test.sigmund-freud-institut.de\/Wordpress\/?page_id=351"},"modified":"2023-06-05T15:31:13","modified_gmt":"2023-06-05T13:31:13","slug":"impressum-3","status":"publish","type":"page","link":"https:\/\/sigmund-freud-institut.de\/index.php\/impressum-3\/","title":{"rendered":"Impressum"},"content":{"rendered":"<div id=\"gheader\">\n<h2><\/h2>\n<\/div>\n<p>Anbieterkennzeichnung gem. \u00a7 6 TDG:<br \/>\nSigmund-Freud-Institut<br \/>\nStiftung \u00d6ffentlichen Rechts<br \/>\nProf. Dr. Vera King<br \/>\n(Gesch\u00e4ftsf\u00fchrende Direktorin)<br \/>\nProf. Dr. Patrick Meurs<br \/>\n(Stellvertretender Gesch\u00e4ftsf\u00fchrender Direktor)<\/p>\n<p>Sigmund-Freud-Institut<br \/>\nMyliusstra\u00dfe 20<br \/>\n60323 Frankfurt am Main<br \/>\nTelefon 069 971204-0<br \/>\nTelefax 069 971204-4<br \/>\nE-Mail <a class=\"mail\" href=\"mailto:info-sfi@sigmund-freud-institut.de\" target=\"_blank\" rel=\"noopener\">info-sfi(at)sigmund-freud-institut.de<\/a><\/p>\n<p>Verantwortlich f\u00fcr den Internetauftritt:<br \/>\nVera King \/ Heike Langholz<br \/>\nTelefon 069 971204-0<br \/>\nE-Mail <a class=\"mail\" href=\"mailto:info-sfi@sigmund-freud-institut.de\" target=\"_blank\" rel=\"noopener\">info-sfi(at)sigmund-freud-institut.de<\/a><\/p>\n<p>F\u00fcr die Inhalte der Mitarbeiterportraits unter\u00a0<a class=\"internal-link\" href=\"http:\/\/www.sigmund-freud-institut.de\/index.php\/institut\/mitarbeiter-innen\/\">-&gt;\u00a0Mitarbeiter\/-innen<\/a>\u00a0sind die jeweiligen Mitarbeiterinnen und Mitarbeiter verantwortlich.<\/p>\n<p>Haftungshinweis: Trotz sorgf\u00e4ltiger inhaltlicher Kontrolle \u00fcbernehmen wir keine Haftung f\u00fcr die Inhalte externer Links. F\u00fcr den Inhalt der verlinkten Seiten sind ausschlie\u00dflich deren Betreiber verantwortlich.<\/p>\n<p>Trotz sorgf\u00e4ltiger Recherche konnten nicht alle Bildrechte-Inhaber ausfindig gemacht werden. Wir bitten deshalb um Kontaktaufnahme, falls Sie die Bildrechte eines Bildes inne haben, und\/oder ein solches entsprechend entfernen lassen wollen.<\/p>\n<p>\u00a9 Copyright Sigmund-Freud-Institut, 2018<\/p>\n","protected":false},"excerpt":{"rendered":"<p>Anbieterkennzeichnung gem. \u00a7 6 TDG: Sigmund-Freud-Institut Stiftung \u00d6ffentlichen Rechts Prof. Dr. Vera King (Gesch\u00e4ftsf\u00fchrende Direktorin) Prof. Dr. Patrick Meurs (Stellvertretender Gesch\u00e4ftsf\u00fchrender Direktor) Sigmund-Freud-Institut Myliusstra\u00dfe 20 60323 Frankfurt am Main Telefon 069 971204-0 Telefax 069 971204-4 E-Mail info-sfi(at)sigmund-freud-institut.de Verantwortlich f\u00fcr den Internetauftritt: Vera King \/ Heike Langholz Telefon 069 971204-0 E-Mail info-sfi(at)sigmund-freud-institut.de F\u00fcr die Inhalte der &hellip; <\/p>\n<p class=\"link-more\"><a href=\"https:\/\/sigmund-freud-institut.de\/index.php\/impressum-3\/\" class=\"more-link\"><span class=\"screen-reader-text\">\u201eImpressum\u201c<\/span> weiterlesen<\/a><\/p>\n","protected":false},"author":1,"featured_media":0,"parent":0,"menu_order":13,"comment_status":"closed","ping_status":"closed","template":"","meta":{"footnotes":""},"class_list":["post-351","page","type-page","status-publish","hentry"],"_links":{"self":[{"href":"https:\/\/sigmund-freud-institut.de\/index.php\/wp-json\/wp\/v2\/pages\/351","targetHints":{"allow":["GET"]}}],"collection":[{"href":"https:\/\/sigmund-freud-institut.de\/index.php\/wp-json\/wp\/v2\/pages"}],"about":[{"href":"https:\/\/sigmund-freud-institut.de\/index.php\/wp-json\/wp\/v2\/types\/page"}],"author":[{"embeddable":true,"href":"https:\/\/sigmund-freud-institut.de\/index.php\/wp-json\/wp\/v2\/users\/1"}],"replies":[{"embeddable":true,"href":"https:\/\/sigmund-freud-institut.de\/index.php\/wp-json\/wp\/v2\/comments?post=351"}],"version-history":[{"count":0,"href":"https:\/\/sigmund-freud-institut.de\/index.php\/wp-json\/wp\/v2\/pages\/351\/revisions"}],"wp:attachment":[{"href":"https:\/\/sigmund-freud-institut.de\/index.php\/wp-json\/wp\/v2\/media?parent=351"}],"curies":[{"name":"wp","href":"https:\/\/api.w.org\/{rel}","templated":true}]}}