{"id":358,"date":"2018-04-17T09:14:44","date_gmt":"2018-04-17T09:14:44","guid":{"rendered":"http:\/\/test.sigmund-freud-institut.de\/Wordpress\/?page_id=358"},"modified":"2026-01-05T10:11:32","modified_gmt":"2026-01-05T09:11:32","slug":"kontakt","status":"publish","type":"page","link":"https:\/\/sigmund-freud-institut.de\/index.php\/kontakt\/","title":{"rendered":"Kontakt"},"content":{"rendered":"\n<h1 class=\"wp-block-heading\">Sigmund-Freud-Institut (SFI)<\/h1>\n\n\n\n<p>Myliusstra\u00dfe 20<br>60323 Frankfurt am Main<\/p>\n\n\n\n<figure class=\"wp-block-table\"><table><tbody><tr><td class=\"has-text-align-center\" data-align=\"center\">Tel<\/td><td>069&nbsp; 97 12 04&nbsp; 0 (Rezeption)<\/td><\/tr><tr><td class=\"has-text-align-center\" data-align=\"center\">Mail<\/td><td><a class=\"mail\" href=\"mailto:info-sfi@sigmund-freud-institut.de\" target=\"_blank\" rel=\"noopener\">info-sfi(at)sigmund-freud-institut.de<\/a><\/td><\/tr><tr><td class=\"has-text-align-center\" data-align=\"center\">Fax<\/td><td>069&nbsp; 97 12 04&nbsp; 4<\/td><\/tr><\/tbody><\/table><\/figure>\n\n\n<hr \/>\n<h3><span style=\"color: #000080;\">Sie m\u00f6chten sich \u00fcber Behandlungstermine informieren?<br \/>Schreiben Sie dem <a style=\"color: #000080;\" href=\"https:\/\/sigmund-freud-institut.de\/index.php\/ambulanz\/kontakt\/\"><strong>Sekretariat der Ambulanz<\/strong><\/a> oder nutzen Sie die <strong>Telefonsprechstunden der Ambulanz <\/strong>am Montag &amp; Dienstag von 11 bis 13 Uhr unter der Nummer 069\/971204-125.<br \/><span style=\"color: #ff0000;\"><br \/><\/span>In Notsituationen wenden Sie sich bitte an die <strong>Uniklinik<\/strong> Frankfurt. Telefon: 069-6301-5079 oder au\u00dferhalb der \u00fcblichen B\u00fcrozeiten an 069-6301-0. Unter der Hotline 116117 der kassen\u00e4rztlichen Vereinigung erreichen Sie au\u00dferdem rund um die Uhr und kostenfrei den <strong>\u00c4rztlichen Bereitschaftsdienst<\/strong> (\u00c4BD) Hessen.<\/span><\/h3>\n\n\n<h1 class=\"wp-block-heading\">So finden Sie uns:<\/h1>\n\n\n\n<h5 class=\"wp-block-heading\">Anreise mit \u00f6ffentlichen Verkehrsmitteln<\/h5>\n\n\n\n<p><strong style=\"font-size: 1rem;\">Vom Hauptbahnhof Frankfurt am Main:<\/strong><span style=\"font-size: 1rem;\">&nbsp;mit den S-Bahn Linien S 1 (Offenbach-Ost), S 2, 3, 4 (Ffm-S\u00fcd), S 5, 6 (Stresemannallee), S 8 (Hanau Hbf) bis zur<\/span><\/p>\n\n\n\n<p><strong style=\"font-size: 1rem;\">Station Hauptwache<\/strong><span style=\"font-size: 1rem;\">&nbsp;(2 Stationen). Umsteigen zur U-Bahn, Linien U 6 (Heerstra\u00dfe) oder U 7 (Hausen) bis zur<\/span><\/p>\n\n\n\n<p><strong style=\"font-size: 1rem;\">Station Westend<\/strong><span style=\"font-size: 1rem;\">&nbsp;(2 Stationen). Ausgang Siesmayerstra\u00dfe (in Fahrtrichtung, rechter Ausgang). Nach Verlassen der Station wenden Sie sich nach rechts und gehen nach ca. 100 m links in die Myliusstra\u00dfe. Nach weiteren 100 m finden Sie rechts das SFI, einen blauen Klinkerbau (3 Min. Fu\u00dfweg). Der Eingang befindet sich in der Kleinen Wiesenau.<\/span><\/p>\n\n\n\n<h5 class=\"wp-block-heading\">Anreise mit dem Auto<\/h5>\n\n\n\n<p>Aufgrund der sehr begrenzten Anzahl an Parkpl\u00e4tzen empfehlen wir die Nutzung des <a href=\"https:\/\/parkhausfrankfurt.de\/de\/parkhaeuser\/Ohne-Parkleitsystem\/Palmengarten.html\">Parkhauses am Palmengarten<\/a>. Dieses befindet sich ca. 600m entfernt in der Siesmayerstra\u00dfe 61.<\/p>\n\n\n\n<p><strong style=\"font-size: 1rem;\">Aus Richtung K\u00f6ln:<\/strong><span style=\"font-size: 1rem;\">&nbsp;A3 bis Wiesbadener Kreuz, dann A66 in Richtung Miquelallee. Abfahrt Richtung Messe\/Zeppelinallee\/Bockenheimer Landstra\u00dfe. An der Bockenheimer Warte links abbiegen (Richtung Alte Oper). An der 4. Ampel links abbiegen in die Freiherr-v.-Stein-Stra\u00dfe, dann links in die Eppsteiner-Stra\u00dfe. Geradeaus fahren bis Kleine Wiesenau. Hinter der Kreuzung finden Sie links die Einfahrt zum Parkplatz des SFI.<\/span><\/p>\n\n\n\n<p><strong style=\"font-size: 1rem;\">Aus Richtung W\u00fcrzburg:<\/strong><span style=\"font-size: 1rem;\">&nbsp;A3 bis Frankfurter Kreuz, dann A5 Richtung Kassel\/Hannover bis zum Nordwestkreuz Frankfurt. Richtung Miquelallee, dann&nbsp; die Abfahrt Messe\/Zeppelinallee\/Bockenheimer Landstra\u00dfe nehmen. An der Bockenheimer Warte links abbiegen (Richtung Alte Oper). An der 4. Ampel links abbiegen in die Freiherr-v.-Stein-Stra\u00dfe, dann links in die Eppsteiner-Stra\u00dfe. Geradeaus fahren bis Kleine Wiesenau. Hinter der Kreuzung finden Sie links die Einfahrt zum Parkplatz des SFI.<\/span><\/p>\n\n\n\n<p><strong style=\"font-size: 1rem;\">Aus Richtung Darmstadt\/Mannheim\/Karlsruhe:<\/strong><span style=\"font-size: 1rem;\">&nbsp;A5 bis Nordwestkreuz Frankfurt. Richtung Miquelallee, dann die Abfahrt Messe\/Zeppelinallee\/Bockenheimer Landstra\u00dfe nehmen. An der Bockenheimer Warte links abbiegen (Richtung Alte Oper). An der 4. Ampel links abbiegen in die Freiherr-v.-Stein-Stra\u00dfe, dann links in die Eppsteiner-Stra\u00dfe. Geradeaus fahren bis Kleine Wiesenau. Hinter der Kreuzung finden Sie links die Einfahrt zum Parkplatz des SFI.<\/span><\/p>\n\n\n\n<p><strong style=\"font-size: 1rem;\">Aus Richtung Gie\u00dfen\/Kassel:<\/strong><span style=\"font-size: 1rem;\">&nbsp;A5 bis Nordwestkreuz Frankfurt, A 66 Richtung Miquelallee, dann die Abfahrt Messe\/Zeppelinallee\/Bockenheimer Landstra\u00dfe nehmen. An der Bockenheimer Warte links abbiegen (Richtung Alte Oper). An der 4. Ampel links abbiegen in die Freiherr-v.-Stein-Stra\u00dfe, dann links in die Eppsteiner-Stra\u00dfe. Geradeaus fahren bis Kleine Wiesenau. Hinter der Kreuzung finden Sie links die Einfahrt zum Parkplatz des SFI.<\/span><\/p>\n","protected":false},"excerpt":{"rendered":"<p>Sigmund-Freud-Institut (SFI) Myliusstra\u00dfe 2060323 Frankfurt am Main Tel 069&nbsp; 97 12 04&nbsp; 0 (Rezeption) Mail info-sfi(at)sigmund-freud-institut.de Fax 069&nbsp; 97 12 04&nbsp; 4 Sie m\u00f6chten sich \u00fcber Behandlungstermine informieren?Schreiben Sie dem Sekretariat der Ambulanz oder nutzen Sie die Telefonsprechstunden der Ambulanz am Montag &amp; Dienstag von 11 bis 13 Uhr unter der Nummer 069\/971204-125.In Notsituationen wenden &hellip; <\/p>\n<p class=\"link-more\"><a href=\"https:\/\/sigmund-freud-institut.de\/index.php\/kontakt\/\" class=\"more-link\"><span class=\"screen-reader-text\">\u201eKontakt\u201c<\/span> weiterlesen<\/a><\/p>\n","protected":false},"author":1,"featured_media":0,"parent":0,"menu_order":12,"comment_status":"closed","ping_status":"closed","template":"","meta":{"footnotes":""},"class_list":["post-358","page","type-page","status-publish","hentry"],"_links":{"self":[{"href":"https:\/\/sigmund-freud-institut.de\/index.php\/wp-json\/wp\/v2\/pages\/358","targetHints":{"allow":["GET"]}}],"collection":[{"href":"https:\/\/sigmund-freud-institut.de\/index.php\/wp-json\/wp\/v2\/pages"}],"about":[{"href":"https:\/\/sigmund-freud-institut.de\/index.php\/wp-json\/wp\/v2\/types\/page"}],"author":[{"embeddable":true,"href":"https:\/\/sigmund-freud-institut.de\/index.php\/wp-json\/wp\/v2\/users\/1"}],"replies":[{"embeddable":true,"href":"https:\/\/sigmund-freud-institut.de\/index.php\/wp-json\/wp\/v2\/comments?post=358"}],"version-history":[{"count":17,"href":"https:\/\/sigmund-freud-institut.de\/index.php\/wp-json\/wp\/v2\/pages\/358\/revisions"}],"predecessor-version":[{"id":15647,"href":"https:\/\/sigmund-freud-institut.de\/index.php\/wp-json\/wp\/v2\/pages\/358\/revisions\/15647"}],"wp:attachment":[{"href":"https:\/\/sigmund-freud-institut.de\/index.php\/wp-json\/wp\/v2\/media?parent=358"}],"curies":[{"name":"wp","href":"https:\/\/api.w.org\/{rel}","templated":true}]}}