{"id":3627,"date":"2020-01-15T15:52:56","date_gmt":"2020-01-15T13:52:56","guid":{"rendered":"http:\/\/www.sigmund-freud-institut.de\/?page_id=3627"},"modified":"2020-01-21T14:19:41","modified_gmt":"2020-01-21T12:19:41","slug":"sonja-helfmann","status":"publish","type":"page","link":"https:\/\/sigmund-freud-institut.de\/index.php\/mitarbeiter-innen\/sonja-helfmann\/","title":{"rendered":"Sonja Helfmann"},"content":{"rendered":"<div class=\"csc-header csc-header-n2\">\n<h1>Assistenz der gesch\u00e4ftsf\u00fchrenden Direktion und von Prof. Vera King<\/h1>\n<\/div>\n<h3>Kontakt<\/h3>\n<p>Sigmund-Freud-Institut<br \/>\nMyliusstra\u00dfe 20<br \/>\n60323 Frankfurt am Main<br \/>\nRaum 3.12<\/p>\n<p>Telefon 069 971204-148<br \/>\nTelefax 069 971204-4<br \/>\nE-Mail <a class=\"mail\" href=\"mailto:helfmann@sigmund-freud-institut.de\" target=\"_blank\" rel=\"noopener\">helfmann<br \/>\n(at)sigmund-freud-institut.de<\/a><\/p>\n<div class=\"csc-header csc-header-n3\"><\/div>\n","protected":false},"excerpt":{"rendered":"<p>Assistenz der gesch\u00e4ftsf\u00fchrenden Direktion und von Prof. Vera King Kontakt Sigmund-Freud-Institut Myliusstra\u00dfe 20 60323 Frankfurt am Main Raum 3.12 Telefon 069 971204-148 Telefax 069 971204-4 E-Mail helfmann (at)sigmund-freud-institut.de<\/p>\n","protected":false},"author":3,"featured_media":0,"parent":31,"menu_order":59,"comment_status":"closed","ping_status":"closed","template":"","meta":{"footnotes":""},"class_list":["post-3627","page","type-page","status-publish","hentry"],"_links":{"self":[{"href":"https:\/\/sigmund-freud-institut.de\/index.php\/wp-json\/wp\/v2\/pages\/3627","targetHints":{"allow":["GET"]}}],"collection":[{"href":"https:\/\/sigmund-freud-institut.de\/index.php\/wp-json\/wp\/v2\/pages"}],"about":[{"href":"https:\/\/sigmund-freud-institut.de\/index.php\/wp-json\/wp\/v2\/types\/page"}],"author":[{"embeddable":true,"href":"https:\/\/sigmund-freud-institut.de\/index.php\/wp-json\/wp\/v2\/users\/3"}],"replies":[{"embeddable":true,"href":"https:\/\/sigmund-freud-institut.de\/index.php\/wp-json\/wp\/v2\/comments?post=3627"}],"version-history":[{"count":0,"href":"https:\/\/sigmund-freud-institut.de\/index.php\/wp-json\/wp\/v2\/pages\/3627\/revisions"}],"up":[{"embeddable":true,"href":"https:\/\/sigmund-freud-institut.de\/index.php\/wp-json\/wp\/v2\/pages\/31"}],"wp:attachment":[{"href":"https:\/\/sigmund-freud-institut.de\/index.php\/wp-json\/wp\/v2\/media?parent=3627"}],"curies":[{"name":"wp","href":"https:\/\/api.w.org\/{rel}","templated":true}]}}