{"id":372,"date":"2018-06-01T08:13:05","date_gmt":"2018-06-01T08:13:05","guid":{"rendered":"http:\/\/test.sigmund-freud-institut.de\/Wordpress\/?page_id=372"},"modified":"2026-03-13T11:41:09","modified_gmt":"2026-03-13T10:41:09","slug":"pressestimmen","status":"publish","type":"page","link":"https:\/\/sigmund-freud-institut.de\/index.php\/pressestimmen\/","title":{"rendered":"Pressestimmen, Sendungen, Interviews"},"content":{"rendered":"<h1><strong>2025<\/strong><\/h1>\n<p><a href=\"https:\/\/www.puk.uni-frankfurt.de\/183552006\/Wissenschaft_und_Kunst_im_Einsatz_f%C3%BCr_die_Demokratie\">Pressemitteilung der Goethe-Universit\u00e4t vom 26.02.2026:<\/a> \u201eBr\u00fcche \u2013 Demokratie in Zeiten der Regression\u201c: Kooperation mit der Oper Frankfurt im Rahmen des Forschungsverbunds DemoReg.<\/p>\n<p><a href=\"https:\/\/aktuelles.uni-frankfurt.de\/gesellschaft\/starke-demokratie-durch-starke-forschung-hessens-neuer-forschungsverbund\/\" target=\"_blank\" rel=\"noopener\">Pressemitteilung der Goethe-Universit\u00e4t vom 01.10.2025<\/a>: Neuer Forschungsverbund zu \u201eHerausforderungen der Demokratie in Zeiten ihrer Regression: Zeiten, R\u00e4ume und Diskurse\u201c (DemoReg) nimmt Arbeit auf.<\/p>\n<p><a href=\"https:\/\/www.sueddeutsche.de\/politik\/klimakrise-realitaetsverweigerung-psychologie-li.3263567?reduced=true\">S\u00fcddeutsche Zeitung, 11.06.25:<\/a> Interview mit Vera King und Stephan Lessenich zur Realit\u00e4tsverweigerung im Kontext der \u00f6kologischen Krise.<\/p>\n<p><a href=\"https:\/\/www.puk.uni-frankfurt.de\/169725173\/Nach_uns_die_Sintflut\">Pressemitteilung der Goethe-Universit\u00e4t<\/a> zur Tagung &#8222;Nach uns die Sintflut?&#8220;, am 22. und 23. Mai 2025 am Sigmund-Freud-Institut in Frankfurt\/Main.<\/p>\n<p>Beitrag in der <a href=\"https:\/\/www.hessenschau.de\/gesellschaft\/hilfe-mit-bollerwagen-wie-gefluechtete-psychosozial-unterstuetzt-werden-v1,psychosoziale-beratung-hessen-102.html\">Hessenschau online<\/a>, ver\u00f6ffentlicht am 29.04.2025 \u00fcber das PSV-Projekt. Ein Beitrag mit Raem Abd-Al-Majeed und Prof. Dr. Patrick Meurs.<\/p>\n<p><a href=\"https:\/\/www.bayern.landtag.de\/en\/aktuelles\/veranstaltungen\/akademiegespraeche\/14052025-akademiegespraech-vertrauen-als-wagnis-und-als-ressource-erodiert-ein-grundpfeiler-unserer-demokratie\/\">Akademiegespr\u00e4ch im Bayerischen Landtag:<\/a> \u201eVertrauen als Wagnis und als Ressource. Erodiert ein Grundpfeiler unserer Demokratie?\u201c am 14. Mai in M\u00fcnchen<br \/>\nmit Ilse Aigner, MdL (Pr\u00e4sidentin des Bayerischen Landtags), Prof. Dr. Ursula M\u00fcnch (Direktorin der Akademie f\u00fcr Politische Bildung Tutzing), Prof. Dr. Vera King (Gesch\u00e4ftsf\u00fchrende Direktorin des Sigmund- Freud-Instituts\/Goethe-Univ. Frankfurt am Main) und Tilman Sch\u00f6berl (Bayerischer Rundfunk).<\/p>\n<p><a href=\"https:\/\/sigmund-freud-institut.de\/wp-content\/uploads\/Zeitungsartikel_HNA_KSS_7_Uni-Kassel_11.03.25.pdf\">Pressemeldung der Universit\u00e4t Kassel<\/a> zu &#8222;Wir d\u00fcrfen Sie nicht alleine lassen&#8220;, Prof. Dr. Patrick Meurs im Artikel von Valerie Schaub vom 11.03.2025.<\/p>\n<h1><strong>2024<\/strong><\/h1>\n<p><a href=\"https:\/\/www.puk.uni-frankfurt.de\/148389995\/Wer_ist_autorit%C3%A4r\" target=\"_blank\" rel=\"noopener\">Pressemitteilung der Goethe-Universit\u00e4t <\/a>zu <strong>&#8222;Wer ist autorit\u00e4r&#8220;<\/strong>, Prof. Dr. Vera King im Gespr\u00e4ch mit Alf Mentzer (hr) vom 05. Februar 2024.<\/p>\n<p>Montagsinterview mit Prof. Dr. Patrick Meurs zum Thema <a href=\"https:\/\/www.sigmund-freud-institut.de\/wp-content\/uploads\/Neue-Presse_08.01.2024_Montagsinterview-P.Meurs_.pdf\"><strong>\u201eJungs brauchen manchmal mehr Raum als M\u00e4dchen\u201c <\/strong><\/a>erschienen in der Neuen Presse am 08. Januar 2024.<\/p>\n<h1><strong>2023<\/strong><\/h1>\n<p>Prof. Dr. Patrick Meurs im Gepr\u00e4ch mit Timo Steppat (FAZ) zum Thema\u00a0 <a href=\"https:\/\/www.sigmund-freud-institut.de\/wp-content\/uploads\/FAZ_01.12.23_S.-3_P.Meurs_.pdf\" target=\"_blank\" rel=\"noopener\"><strong>Fl\u00fcchtlinge in psychischen Lagen mit der \u00dcberschrift \u201eEin Mensch ohne Hoffnung das geht nicht\u201c<\/strong>.<\/a> Erschienen in der Frankfurter Allgemeine Zeitung am 01. Dezember 2023.<\/p>\n<p>Gespr\u00e4ch zum Thema <strong>\u201eIch, ich, ich\u201c \u2012 Segen und Fluch des Individualismus<\/strong> \u2012 Martin Hecht diskutiert mit Prof. Dr. Vera King (Frankfurt am Main), Prof. Dr. Andreas Bernard (L\u00fcneburg), Prof. Dr. Markus Schroer (Marburg). In SWR2 Forum, 18. Juli 2023. Links zum Podcast: ARD Audiothek, SWR Kultur.<\/p>\n<p><strong>Das Ringen um Zugeh\u00f6rigkeit<\/strong>: Soziale und psychische Dynamiken in der Migrationsgesellschaft. Gemeinsame Konferenz von SFI &amp; IfS am 21.-22. April 2023<br \/>\n<a href=\"https:\/\/www.puk.uni-frankfurt.de\/135746189\/Das_Ringen_um_Zugeh%C3%B6rigkeit\" target=\"_blank\" rel=\"noopener\">Pressemitteilung der G-U<\/a><\/p>\n<h1><strong>2022<\/strong><\/h1>\n<p><strong>Digitalisierung und Gesellschaft: Es braucht Verst\u00e4ndigung<br \/>\n<\/strong>Interdisziplin\u00e4re Tagung \u201eDas vermessene Leben\u201c am 1. und 2. Juli an der Goethe-Universit\u00e4t \/ <strong><a href=\"https:\/\/www.puk.uni-frankfurt.de\/121456097\/Digitalisierung_und_Gesellschaft__Es_braucht_Verst%C3%A4ndigung\" target=\"_blank\" rel=\"noopener\">Interview mit Prof. Vera King<\/a>.<\/strong><br \/>\nDas vollst\u00e4ndige Interview lesen Sie bitte unter: <a href=\"https:\/\/aktuelles.uni-frankfurt.de\/gesellschaft\/das-unbehagen-ist-ein-erster-ansatzpunkt\/\">https:\/\/aktuelles.uni-frankfurt.de\/gesellschaft\/das-unbehagen-ist-ein-erster-ansatzpunkt\/<\/a><\/p>\n<p><span class=\"mediaSerial\">Tagung \u201eDas vermessene Leben. Transformationen der digitalen Gesellschaft\u201c am 1. und 2. Juli 2022.<br \/>\n<a href=\"https:\/\/www.puk.uni-frankfurt.de\/116711874\/Das_vermessene_Leben__Transformationen_der_digitalen_Gesellschaft\" target=\"_blank\" rel=\"noopener\">Pressemitteilung der Goethe-Universit\u00e4t.<\/a><\/span><\/p>\n<p><strong>King, V.<\/strong> (2022): &#8218;Wir m\u00fcssen effizient sein&#8216;. In: PSYCHOLOGIE HEUTE 05\/2022 <a href=\"https:\/\/www.psychologie-heute.de\/leben\/artikel-detailansicht\/41909-wir-muessen-effizient-sein-das-stoert-vera-king.html\">https:\/\/www.psychologie-heute.de\/leben\/artikel-detailansicht\/41852-wir-muessen-effizient-sein-das-stoert-vera-king.html.<\/a><\/p>\n<p><strong>King, V.<\/strong> (2022): Neue Matrix des Zusammenlebens. Die Folgen der Digitalisierung f\u00fcr Kultur und Psyche. In: Netzkultur \u2013 Leben in der digitalen Gesellschaft, Die Politische Meinung, Nr. 573, M\u00e4rz\/April 2022, 67. Jg., 16-20: (<a href=\"https:\/\/www.kas.de\/de\/web\/die-politische-meinung\/artikel\/detail\/-\/content\/neue-matrix-des-zusammenlebens\">https:\/\/www.kas.de\/de\/web\/die-politische-meinung\/artikel\/detail\/-\/content\/neue-matrix-des-zusammenlebens<\/a>).<\/p>\n<h1><strong>2021<\/strong><\/h1>\n<p><span class=\"mediaSerial\">WDR-Sendung Lebenszeichen<\/span> <span class=\"mediaDate\">vom 28.11.2021<\/span>: &#8222;Das Ende der Kreidezeit. Vom Verschwinden vertrauter Dinge&#8220;.<\/p>\n<p>King, V. &amp; Sutterl\u00fcty, F. (2021): Wie Rechtspopulisten Hass und Zerst\u00f6rungswut sch\u00fcren \u2012 und welche Bedingungen zu antidemokratischen Haltungen f\u00fchren. In: Frankfurter Rundschau 18.09.21: <a href=\"https:\/\/www.fr.de\/kultur\/gesellschaft\/rechtspopulismus-die-maer-vom-betrogenen-volk-90988546.html\">https:\/\/www.fr.de\/kultur\/gesellschaft\/rechtspopulismus-die-maer-vom-betrogenen-volk-90988546.html.<\/a><\/p>\n<p>scobel \u2013 Aufkl\u00e4rung neu denken! Diskussionsrunde mit Prof. Dr. Vera King<strong><br \/>\n<\/strong>9. September 2021, 3sat<br \/>\n<a href=\"https:\/\/www.3sat.de\/wissen\/scobel\/scobel--aufklaerung-neu-denken-100.html\">Zum Beitrag<\/a><\/p>\n<p>Artikel im \u201aGoetheSpektrum\u2018 (03\/2021): \u201e<a href=\"https:\/\/aktuelles.uni-frankfurt.de\/forschung\/sigmund-freud-institut-den-ursachen-von-seelischem-leid-auf-den-grund-gehen\/\">Sigmund-Freud-Institut: Den Ursachen von seelischem Leid auf den Grund gehen<\/a>\u201c. Aus der Reihe \u00fcber Frankfurter Forschungsinstitute, die eng mit der Goethe-Universit\u00e4t kooperieren.<\/p>\n<h1><strong>2020<\/strong><\/h1>\n<p>Beitrag von Prof. Dr. Vera King am 17. Dezember 2020 im UniReport der Goethe-Universit\u00e4t Frankfurt zur <a href=\"https:\/\/www.unireport.info\/95653034.pdf\">Verarbeitung der Corona-Krise<\/a> auf Seite 7.<\/p>\n<p>Im belgischen Magazin Tertio wurde Anfang Dezember 2020 folgender Artikel von <strong>Prof. Dr. Patrick Meurs<\/strong> ver\u00f6ffentlicht: <strong>&#8218;Vluchten cre\u00ebert ongeziene breuklijn&#8216;<\/strong> (Auf der Flucht sein kreiert ungesehene Bruchlinien&#8230;)<\/p>\n<p>Prof. Dr. Vera King im Interview zu &#8218;<a href=\"https:\/\/www.deutschlandfunk.de\/aus-kultur-und-sozialwissenschaften.1147.de.html\">Die Welt nach Corona<\/a>&#8218; im Deutschlandfunk (Aus Kultur und Sozialwissenschaften, Sendung vom 26. November 2020).<\/p>\n<p>J\u00fcdische Gemeindezeitung Frankfurt (Nr. 4, 2020): Prof. Dr. Vera King im<a href=\"https:\/\/www.fb03.uni-frankfurt.de\/102458521.pdf\"> Interview<\/a> \u00fcber die Entstehung von Verschw\u00f6rungstheorien und den Umgang damit.<\/p>\n<p>FRIAS Kamingespr\u00e4che \u2012 Auftakt der Reihe \u201e<strong>Das neue Miteinander nach Corona \u2013 Auswirkungen auf Verhalten, Psyche und sozialen Zusammenhalt\u201c<\/strong>\u00a0<strong>mit Prof. Dr. Vera King<\/strong>, Prof. Dr. Kai von Klitzing und Prof. Dr. Brunna Tuschen-Caffier am <strong>21. Oktober 2020. <\/strong><\/p>\n<p><strong>Vortrag am 23. September 2020, von Vera King<\/strong> zu &#8218;Ewiger Aufbruch oder Einbruch einer Illusion&#8216; bei digitaler Veranstaltung\u00a0des Transkript-Verlags beim Jahreskongress der Deutschen Gesellschaft f\u00fcr Soziologie zum Buch &#8218;Jenseits von Corona&#8216;, hrsg. von Bernd Kortmann und G\u00fcnter G. Schulze:<br \/>\n<a href=\"https:\/\/www.transcript-verlag.de\/978-3-8376-5517-9\/jenseits-von-corona\/\">https:\/\/www.transcript-verlag.de\/978-3-8376-5517-9\/jenseits-von-corona\/<\/a><\/p>\n<p><strong>LIVE<\/strong> <strong>ein Film von Lisa Charlotte Friederich mit Impulsen von Patrick Meurs<\/strong> wird zur Zeit auf verschiedenen Festivals aufgef\u00fchrt und beschreibt eine Gesellschaft, die auf Grund von erh\u00f6hter Terrorgefahr im Lockdown ist. Konzerte finden im Live-Stream statt, die Schulen sind geschlossen, die Stra\u00dfen leer.<\/p>\n<p><strong>Frankfurter Rundschau vom 22. April 2020:<\/strong> Prof. Dr. <strong>Vera King<\/strong> und <strong>Prof. Dr. Hartmut Rosa<\/strong> in der Serie\u00a0<a href=\"https:\/\/www.fb03.uni-frankfurt.de\/100059224.pdf\">Die Welt nach Corona: &#8222;Vom Dringlichen zum Wichtigen&#8220;.<\/a><\/p>\n<h1><strong>2019<\/strong><\/h1>\n<p><strong>FAZ vom 19. Oktober 2019: Christian Geyer <\/strong>zum Projekt<strong> \u201aDas vermessene Leben<\/strong>\u2018 (King, Gerisch, Rosa) <a href=\"https:\/\/www.perlentaucher.de\/9punkt\/2019-10-19.html\" target=\"_blank\" rel=\"noopener noreferrer\">https:\/\/www.perlentaucher.de\/9punkt\/2019-10-19.html<\/a><\/p>\n<p><strong> Dr. Vera King <\/strong>im Interview, Begleitfilm zur3Sat-Sendung <strong>Scobel<\/strong> \u201a<strong>R\u00e4tselhaftes Vergessen\u2018<\/strong> am 19.09.2019 (Mediathek:<\/p>\n<p>S\u00fcchtig nach dem \u201eNetz-Echo\u201c. <strong>Prof. Dr. Vera King<\/strong> (Goethe-Univ. &amp; SFI Frankfurt) zur Studie<strong>: <a href=\"https:\/\/www.lizzynet.de\/wws\/suechtig-nach-dem-netz-echo.php\" target=\"_blank\" rel=\"noopener noreferrer\">Welche Rolle spielen Schamgef\u00fchle im digitalen Zeitalter<\/a>? <\/strong>vom 5.7.2019<\/p>\n<p><strong>Prof. Dr. Vera King <\/strong>(Goethe-Univ.\u00a0 &amp; SFI Frankfurt) in der Sendung HR INFO KULTUR am 31.05.2019 zum Thema <strong>\u201eErinnern und Vergessen in der digitalen Zeit<\/strong>&#8222;, Sendung von Dr. Pablo Diaz. <u><a href=\"https:\/\/www.hr-inforadio.de\/podcast\/kulturlust\/index.html\">www.hr-inforadio.de<\/a><\/u><\/p>\n<p><strong><a href=\"https:\/\/www.faz.net\/aktuell\/rhein-main\/kultur\/erinnern-und-vergessen-die-kunst-des-geistigen-zurueckholens-16207984.html\" target=\"_blank\" rel=\"noopener noreferrer\">Die Kunst des geistigen Zur\u00fcckholens<\/a>,<\/strong> Tagung zu Dynamiken des Erinnerns und Vergessens, SFI &amp; Historisches Museum im Mai 2019, FAZ-online, 27.05.2019<\/p>\n<p>Prof. Dr. Vera King in<strong> <em><a href=\"http:\/\/www.forschung-frankfurt.uni-frankfurt.de\/34831594\/aktuelle_Ausgabe\" target=\"_blank\" rel=\"noopener noreferrer\">Forschung Frankfurt<\/a><\/em><\/strong> \u201e<strong>Wenn Du Dein wahres Gesicht zeigen w\u00fcrdest \u2026 Schamkonflikte in digitalen Zeiten\u201c,<\/strong> Ausgabe 1\/2019<br \/>\nPressemitteilung des Historischen Museums &amp; <a href=\"http:\/\/www.muk.uni-frankfurt.de\/77699037\/Vergessen__Erinnern__Nichtvergessenk%C3%B6nnen?\">Pressemitteilung der Goethe-Universit\u00e4t<\/a> zur Tagung<strong> \u201e<\/strong><strong>Dynamiken des Erinnerns und Vergessens\u201c <\/strong>am 23. und 24. Mai 2019, veranstaltet vom Historischen Museum in Kooperation mit dem Sigmund-Freud-Institut Frankfurt\/M.<\/p>\n<p><strong><a href=\"https:\/\/weltexpresso.de\/index.php\/kulturbetrieb\/16001-vergessen-erinnern-nichtvergessenkoennen\" target=\"_blank\" rel=\"noopener noreferrer\">Vergessen, Erinnern, Nichtvergessenk\u00f6nnen<\/a>, <\/strong>in Weltexpresso vom 5.5.2019<\/p>\n<p><strong>Prof. Dr. Vera King <\/strong>(Goethe-Univ.\u00a0 &amp; SFI Frankfurt) in der Sendung \u201e<strong>Kinder der virtuellen Welt<\/strong>&#8222;, Deutschlandfunk aus der Reihe <em>\u201eAus Kultur- und Sozialwissenschaften\u201c<\/em>, <u><a href=\"http:\/\/www.deutschlandfunk.de\">www.deutschlandfunk.de<\/a><\/u>,\u00a0 <u>Mediathek zur Sendung vom 25.4.2019<\/u><\/p>\n<p><strong>Prof. Dr. Vera King, <\/strong>Prof. Dr. Astrid Erll, Prof. Dr. Kurt Wettengl, Dr. Jan Gerchow \u00a0u.a. in der Sendung \u201e<strong>Deutschlands Geschichte liegt im Barbarastollen<\/strong>\u201c , Reihe \u201eAus Kultur- und Sozialwissenschaften\u201c vom 4.4. 19 zur Ausstellung \u00fcber das <em>Vergessen<\/em> im Historischen Museum: <u><a href=\"https:\/\/www.deutschlandfunk.de\/aus-kultur-und-sozialwissenschaften.1147.de.html\">Sendung von Eva-Maria G\u00f6tz, Mediathek des DLF<\/a><\/u><\/p>\n<h1><strong>2018<\/strong><\/h1>\n<p><strong>Prof. Dr. Vera King<\/strong> in der Life-Sendung des Deutschlandfunks am 28.12. 2018 zum Thema \u201a<strong>Auszeit zwischen den Jahren. Nachdenken \u00fcber die Hektik im Alltag<\/strong>\u2018, gemeinsam mit Ariadne von Schirach und Prof. Dr. med. Joachim Bauer: <u><a href=\"https:\/\/www.deutschlandfunk.de\/auszeit-zwischen-den-jahren-nachdenken-ueber-die-hektik-im.1176.de.html?dram:article_id=436927\">Sendung von Thekla Jahn und D\u00f6rte Hinrichs (Moderation)<\/a><\/u><\/p>\n<p><strong>Prof. Dr. Vera King, Annabelle Starck, <\/strong>Prof. Dr. Joachim K\u00fcchenhoff\u00a0 u.a. in der Sendung \u201a <strong>Pathologisch oder normal? Der Boom des Messens und Vergleichens<\/strong>\u2018 zur Kooperations-Tagung von SFI &amp; IPU \u201a<em>Pathologie und Normalit\u00e4t in Psychoanalyse und Kultur. Ambivalenzen des Messens, Z\u00e4hlens und Klassifizierens\u2018 <\/em>am 14.12. 2018 im Sigmund-Freud-Institut : <u><a href=\"https:\/\/www.deutschlandfunk.de\/aus-kultur-und-sozialwissenschaften.1147.de.html\">Sendung von Eva-Maria G\u00f6tz<\/a><\/u><\/p>\n<p><u>Pressemitteilung<\/u> zur Tagung<strong> &#8222;Pathologie und Normalit\u00e4t in der Gegenwart&#8220;<\/strong> am 14. Dezember 2018.<\/p>\n<p><strong>Prof. Dr.\u00a0 Vera King<\/strong> im Interview mit Elisabeth von Thadden (DIE ZEIT) zum Thema<strong> <em>Aufwachsen und psychische Entwicklung im Zeitalter der Digitalisierung<\/em><\/strong>, erschienen in dem Buch von E. von Thadden: \u201eDie ber\u00fchrungslose Gesellschaft\u201c, CH Beck, M\u00fcnchen 2018, S. 116ff.<\/p>\n<p>Interview mit <strong>Prof. Dr. Patrick Meurs<\/strong> zum Thema:\u00a0&#8222;<strong>Nicht allen Kindern tut das Sprachbad gut<\/strong>&#8220;\u00a0in der Frankfurter Neue Presse vom 30. April 2018.<\/p>\n<p>Teilnahme von<strong> Prof. Dr. Vera King<\/strong> an der Podiumsdiskussion zum Thema \u201e<strong>Niemandem zur Last fallen\u2026\u201c \u00dcber Autonomie und Angewiesenheit<\/strong>\u2018\u00a0am Donnerstag, 8.2.2018 im Rahmen der Veranstaltungsreihe &#8222;Liebe.Macht.Arbeit. Wie wir uns k\u00fcmmern&#8220;\u00a0 des Bayerischen Forschungsverbundes \u201aForGenderCare\u2018 in Kooperation mit der FAM, dem Deutschen Jugendinstitut e.V. und der M\u00fcnchner Volkshochschule- <u>ForGenderCare<\/u><\/p>\n<h1><strong>2017<\/strong><\/h1>\n<p>Interview mit <strong>Prof. Dr. Vera King<\/strong> im Rahmen des Radiokollegs des \u00d6sterreichischen Rundfunks: &#8211; \u201a<strong>Wenn die Kinder Erwachsene sind &#8211; Generationenbeziehungen im Wandel<\/strong>\u2018, Nov. 2017. Gestaltung: Margarethe Engelhardt \u2013 Krajanek. <u><a href=\"https:\/\/oe1.orf.at\/programm\/20171123\/496733\">LINK<\/a><\/u><\/p>\n<p>Interview mit <strong>Prof. Dr. Vera King<\/strong> in der Frankfurter Neuen Presse &#8211; <strong>Soziologin warnt vor Optimierungsdruck: Mit der To-Do-Liste am Leben vorbei<\/strong>, Sept. 2017. <u>LINK<\/u><\/p>\n<p>Beitrag von<strong> Prof. Dr. Vera King<\/strong> zu <strong>\u201aDie Macht der Dringlichkeiten<\/strong>\u2018 f\u00fcr die neue Ausgabe von &#8222;Forschung Frankfurt&#8220;: <em>Auf der Suche nach der gewonnenen und verlorenen Zeit hrsg. von <\/em>Ulrike Jaspers, Public Relations und Kommunikation, Goethe-Universit\u00e4t Frankfurt am Main, Juni 2017. www.forschung-frankfurt.uni-frankfurt.de<\/p>\n<p>Interview mit <strong>Prof. Dr. Vera King<\/strong> im\u00a0<u><a href=\"http:\/\/www.schirn.de\/magazin\/interviews\/interview_prof_vera_king_sigmund_freud_institut_frankfurt_richard_gerstl\/\">Schirn-Magazin<\/a><\/u><br \/>\nzur\u00a0<strong>Richard Gerstl-Aussstellung<\/strong> in der\u00a0Schirn Kunsthalle Frankfurt<\/p>\n<p>Ausstellung:<strong><em>\u00a0\u201aLike all but me&#8216;<\/em><\/strong>\u00a0Photographien der K\u00fcnstlerin Carolin Sch\u00fcten vom\u00a0<strong>3. M\u00e4rz bis 4. Mai 2017<\/strong>\u00a0im Sigmund-Freud-Institut.<\/p>\n","protected":false},"excerpt":{"rendered":"<p>2025 Pressemitteilung der Goethe-Universit\u00e4t vom 26.02.2026: \u201eBr\u00fcche \u2013 Demokratie in Zeiten der Regression\u201c: Kooperation mit der Oper Frankfurt im Rahmen des Forschungsverbunds DemoReg. Pressemitteilung der Goethe-Universit\u00e4t vom 01.10.2025: Neuer Forschungsverbund zu \u201eHerausforderungen der Demokratie in Zeiten ihrer Regression: Zeiten, R\u00e4ume und Diskurse\u201c (DemoReg) nimmt Arbeit auf. S\u00fcddeutsche Zeitung, 11.06.25: Interview mit Vera King und Stephan &hellip; <\/p>\n<p class=\"link-more\"><a href=\"https:\/\/sigmund-freud-institut.de\/index.php\/pressestimmen\/\" class=\"more-link\"><span class=\"screen-reader-text\">\u201ePressestimmen, Sendungen, Interviews\u201c<\/span> weiterlesen<\/a><\/p>\n","protected":false},"author":1,"featured_media":0,"parent":0,"menu_order":0,"comment_status":"closed","ping_status":"closed","template":"","meta":{"footnotes":""},"class_list":["post-372","page","type-page","status-publish","hentry"],"_links":{"self":[{"href":"https:\/\/sigmund-freud-institut.de\/index.php\/wp-json\/wp\/v2\/pages\/372","targetHints":{"allow":["GET"]}}],"collection":[{"href":"https:\/\/sigmund-freud-institut.de\/index.php\/wp-json\/wp\/v2\/pages"}],"about":[{"href":"https:\/\/sigmund-freud-institut.de\/index.php\/wp-json\/wp\/v2\/types\/page"}],"author":[{"embeddable":true,"href":"https:\/\/sigmund-freud-institut.de\/index.php\/wp-json\/wp\/v2\/users\/1"}],"replies":[{"embeddable":true,"href":"https:\/\/sigmund-freud-institut.de\/index.php\/wp-json\/wp\/v2\/comments?post=372"}],"version-history":[{"count":27,"href":"https:\/\/sigmund-freud-institut.de\/index.php\/wp-json\/wp\/v2\/pages\/372\/revisions"}],"predecessor-version":[{"id":16078,"href":"https:\/\/sigmund-freud-institut.de\/index.php\/wp-json\/wp\/v2\/pages\/372\/revisions\/16078"}],"wp:attachment":[{"href":"https:\/\/sigmund-freud-institut.de\/index.php\/wp-json\/wp\/v2\/media?parent=372"}],"curies":[{"name":"wp","href":"https:\/\/api.w.org\/{rel}","templated":true}]}}