{"id":397,"date":"2018-06-04T09:39:20","date_gmt":"2018-06-04T09:39:20","guid":{"rendered":"http:\/\/test.sigmund-freud-institut.de\/Wordpress\/?page_id=397"},"modified":"2026-02-12T10:01:20","modified_gmt":"2026-02-12T09:01:20","slug":"foerdergesellschaft","status":"publish","type":"page","link":"https:\/\/sigmund-freud-institut.de\/index.php\/institut\/foerdergesellschaft\/","title":{"rendered":"F\u00f6rdergesellschaft"},"content":{"rendered":"<div id=\"gheader\">\n<p><img decoding=\"async\" src=\"http:\/\/www.sigmund-freud-institut.de\/wp-content\/uploads\/union-jack-26119_1280-e1557401751941.png\" \/> <a href=\"http:\/\/www.sigmund-freud-institut.de\/index.php\/institut\/foerdergesellschaft\/foerdergesellschaft-english-version\/\" rel=\"noopener\"><strong>ENGLISH VERSION<\/strong><\/a><\/p>\n<p>Die F\u00f6rdergesellschaft Sigmund-Freud-Institut hat sich zum Ziel gesetzt, die wissenschaftliche Arbeit des Sigmund-Freud-Instituts einer breiten interessierten \u00d6ffentlichkeit zug\u00e4nglich zu machen.<\/p>\n<p>Psychoanalyse ist f\u00fcr viele Lebensbereiche bedeutsam, sei es in Kindheit- und Adoleszenz, sei es in der Bew\u00e4ltigung traumatischer Erlebnisse.<\/p>\n<p>Die F\u00f6rdergesellschaft l\u00e4dt gemeinsam mit dem Sigmund-Freud-Institut zu Vortragsveranstaltungen ein. In diesen berichten Wissenschaftlerinnen und Wissenschaftler \u00fcber ihre Forschungen zu den Ursachen psychischer Leiden bei Kindern und Erwachsenen oder \u00fcber die psychischen Folgen des gesellschaftlichen und kulturellen Wandels, verursacht zum Beispiel durch die Digitalisierung der Gesellschaft. Ein besonderer Forschungsschwerpunkt am SFI ist das Trauma durch Flucht und Vertreibung.<\/p>\n<p><strong>Die F\u00f6rdergesellschaft hat sich auch zum Ziel gesetzt, die wissenschaftliche Arbeit am SFI finanziell zu unterst\u00fctzen. <\/strong>Dazu ben\u00f6tigen wir m\u00f6glichst viele neue Mitglieder, die uns helfen, die am SFI gewonnenen bedeutenden psychoanalytischen Erkenntnisse mit zu finanzieren und in die \u00d6ffentlichkeit zu tragen. Werden Sie Mitglied\u00a0<strong><a href=\"http:\/\/www.sigmund-freud-institut.de\/wp-content\/uploads\/FoeGe-BEITRITTSERKL\u00c4RUNG-1.pdf\">Antrag zur Mitgliedschaft<\/a><\/strong>\u00a0(PDF-Datei).<\/p>\n<\/div>\n<p>Am 17.11.2009 hat sich die F\u00f6rdergesellschaft Sigmund-Freud-Institut e.V. gegr\u00fcndet. Der Verein ist in das Vereinsregister beim Amtsgericht Frankfurt am Main eingetragen. Die Gemeinn\u00fctzigkeit ist durch das Finanzamt Frankfurt am Main III anerkannt (Steuernummer 014 255 24957).<\/p>\n<p>Hier\u00a0finden Sie\u00a0<strong><a href=\"http:\/\/test.sigmund-freud-institut.de\/Wordpress\/wp-content\/uploads\/FoeGe_Satzung.pdf\">die Satzung<\/a>\u00a0<\/strong>(PDF-Datei)<\/p>\n<h3>Kontakt<\/h3>\n<h2><strong>F\u00f6rdergesellschaft Sigmund-Freud-Institut (e.V.)<\/strong><\/h2>\n<p>Myliusstra\u00dfe 20<br \/>60323 Frankfurt am Main<\/p>\n<p>Telefon 069 971204-0<br \/>Telefax 069 971204-4<br \/>E-Mail:\u00a0 <a href=\"http:\/\/FoeGe@sfi.eu\" target=\"_blank\" rel=\"noopener\">foege(at)sfi.eu<\/a><\/p>\n\n\n<p><\/p>\n","protected":false},"excerpt":{"rendered":"<p>ENGLISH VERSION Die F\u00f6rdergesellschaft Sigmund-Freud-Institut hat sich zum Ziel gesetzt, die wissenschaftliche Arbeit des Sigmund-Freud-Instituts einer breiten interessierten \u00d6ffentlichkeit zug\u00e4nglich zu machen. Psychoanalyse ist f\u00fcr viele Lebensbereiche bedeutsam, sei es in Kindheit- und Adoleszenz, sei es in der Bew\u00e4ltigung traumatischer Erlebnisse. Die F\u00f6rdergesellschaft l\u00e4dt gemeinsam mit dem Sigmund-Freud-Institut zu Vortragsveranstaltungen ein. In diesen berichten Wissenschaftlerinnen &hellip; <\/p>\n<p class=\"link-more\"><a href=\"https:\/\/sigmund-freud-institut.de\/index.php\/institut\/foerdergesellschaft\/\" class=\"more-link\"><span class=\"screen-reader-text\">\u201eF\u00f6rdergesellschaft\u201c<\/span> weiterlesen<\/a><\/p>\n","protected":false},"author":1,"featured_media":0,"parent":28,"menu_order":153,"comment_status":"closed","ping_status":"closed","template":"","meta":{"footnotes":""},"class_list":["post-397","page","type-page","status-publish","hentry"],"_links":{"self":[{"href":"https:\/\/sigmund-freud-institut.de\/index.php\/wp-json\/wp\/v2\/pages\/397","targetHints":{"allow":["GET"]}}],"collection":[{"href":"https:\/\/sigmund-freud-institut.de\/index.php\/wp-json\/wp\/v2\/pages"}],"about":[{"href":"https:\/\/sigmund-freud-institut.de\/index.php\/wp-json\/wp\/v2\/types\/page"}],"author":[{"embeddable":true,"href":"https:\/\/sigmund-freud-institut.de\/index.php\/wp-json\/wp\/v2\/users\/1"}],"replies":[{"embeddable":true,"href":"https:\/\/sigmund-freud-institut.de\/index.php\/wp-json\/wp\/v2\/comments?post=397"}],"version-history":[{"count":5,"href":"https:\/\/sigmund-freud-institut.de\/index.php\/wp-json\/wp\/v2\/pages\/397\/revisions"}],"predecessor-version":[{"id":14530,"href":"https:\/\/sigmund-freud-institut.de\/index.php\/wp-json\/wp\/v2\/pages\/397\/revisions\/14530"}],"up":[{"embeddable":true,"href":"https:\/\/sigmund-freud-institut.de\/index.php\/wp-json\/wp\/v2\/pages\/28"}],"wp:attachment":[{"href":"https:\/\/sigmund-freud-institut.de\/index.php\/wp-json\/wp\/v2\/media?parent=397"}],"curies":[{"name":"wp","href":"https:\/\/api.w.org\/{rel}","templated":true}]}}