{"id":41,"date":"2018-01-11T10:09:43","date_gmt":"2018-01-11T10:09:43","guid":{"rendered":"http:\/\/test.sigmund-freud-institut.de\/Wordpress\/?page_id=41"},"modified":"2026-04-13T15:11:04","modified_gmt":"2026-04-13T13:11:04","slug":"bibliothek","status":"publish","type":"page","link":"https:\/\/sigmund-freud-institut.de\/index.php\/bibliothek\/","title":{"rendered":"Bibliothek"},"content":{"rendered":"<div class=\"csc-textpic-text\">\n<div id=\"gheader\">\n<p><strong><img loading=\"lazy\" decoding=\"async\" class=\"alignnone size-full wp-image-2439\" src=\"https:\/\/www.sigmund-freud-institut.de\/wp-content\/uploads\/union-jack-26119_1280-e1557401751941.png\" alt=\"\" width=\"45\" height=\"27\" \/><a href=\"https:\/\/www.sigmund-freud-institut.de\/index.php\/bibliothek\/bibliothek\/\" target=\"_blank\" rel=\"noopener noreferrer\"> ENGLISH VERSION<\/a><\/strong><\/p>\n<\/div>\n<\/div>\n<div class=\"csc-textpic-text\">\n<div id=\"gheader\">\n<p>Mit \u00fcber 20.000 B\u00e4nden ist unsere psychoanalytische Spezialbibliothek eine der gr\u00f6\u00dften im deutschsprachigen Raum. Neben deutsch- und englischsprachiger Literatur zu Psychoanalyse, Psychotherapie und Psychosomatik f\u00fchren wir B\u00fccher zu angrenzenden Bereichen wie der Soziologie, der Sozialpsychologie oder den Kulturwissenschaften.<\/p>\n<p>Insgesamt befinden sich \u00fcber 250 Fachzeitschriften in unserem Bestand, wovon ca. 40 Titel laufend bezogen werden.<\/p>\n<\/div>\n<div class=\"csc-textpic-text\">\n<p><img loading=\"lazy\" decoding=\"async\" class=\"alignnone wp-image-1320 size-full\" src=\"https:\/\/www.sigmund-freud-institut.de\/wp-content\/uploads\/pic-572.jpg\" alt=\"\" width=\"400\" height=\"239\" srcset=\"https:\/\/sigmund-freud-institut.de\/wp-content\/uploads\/pic-572.jpg 400w, https:\/\/sigmund-freud-institut.de\/wp-content\/uploads\/pic-572-150x90.jpg 150w\" sizes=\"auto, (max-width: 400px) 100vw, 400px\" \/><\/p>\n<\/div>\n<div class=\"csc-header csc-header-n4\">\n<h2><strong>B\u00fccher-Katalog &amp; Zeitschriften-Verzeichnis<\/strong><\/h2>\n<\/div>\n<p>\u00dcber unseren SFI-eigenen <a class=\"external-link-new-window\" href=\"https:\/\/lbsopac.rz.uni-frankfurt.de\/DB=98\/SET=29\/TTL=1\/START_WELCOME\" target=\"_blank\" rel=\"noopener noreferrer\"><strong>Online-Katalog OPAC<\/strong><\/a> k\u00f6nnen Sie unseren gesamten <em>Buchbestand<\/em> und viele unserer Zeitschriften recherchieren.<\/p>\n<p>F\u00fcr die Recherche s\u00e4mtlicher <em>fortlaufenden Ressourcen<\/em> k\u00f6nnen Sie unser alphabetisches <a href=\"https:\/\/sigmund-freud-institut.de\/wp-content\/uploads\/SFI-ZEITSCHRIFTENVERZEICHNIS_2025.pdf\" target=\"_blank\" rel=\"noopener\"><strong>Zeitschriftenverzeichnis<\/strong><\/a> im PDF-Format nutzen.<\/p>\n<p>Bitte beachten Sie, dass es sich bei der Bibliothek des Sigmund-Freud-Instituts um eine reine <strong>Pr\u00e4senzbibliothek<\/strong> handelt. Ausleihen sind nicht m\u00f6glich.<\/p>\n<p><strong>Anschaffungsvorschl\u00e4ge &amp; Schenkungen<\/strong> sind prinzipiell immer willkommen. Wir bitten jedoch um Verst\u00e4ndnis, dass wir im Vorhinein weder zum Erwerb noch zur Annahme von Werken Versprechungen machen k\u00f6nnen.<\/p>\n<\/div>\n<div class=\"csc-textpic-text\">\n<div class=\"csc-textpic csc-textpic-center csc-textpic-above\">\n<div class=\"csc-textpic-text\"><hr \/>\n<h2><strong>Weitere psychoanalytische Bibliotheken<\/strong><\/h2>\n<ul>\n<li style=\"list-style-type: none;\">\n<ul>\n<li style=\"list-style-type: none;\">\n<ul>\n<li><a href=\"https:\/\/www.ipu-berlin.de\/bibliothek\/\" target=\"_blank\" rel=\"noopener\">IPU Berlin (Internationale Psychoanalytische Universit\u00e4t Berlin)<\/a><\/li>\n<li><a href=\"https:\/\/www.freud-museum.at\/de\/bibliothek\" target=\"_blank\" rel=\"noopener\">Sigmund Freud Museum Wien<\/a><\/li>\n<li><a href=\"https:\/\/freud-institut.ch\/literatur-finden\/bibliothek-fiz\/\" target=\"_blank\" rel=\"noopener\">Freud-Institut Z\u00fcrich<\/a><\/li>\n<li><a href=\"https:\/\/bsf.spp.asso.fr\/\" target=\"_blank\" rel=\"noopener\">Biblioth\u00e8que Sigmund Freud Paris<\/a><\/li>\n<\/ul>\n<\/li>\n<\/ul>\n<\/li>\n<\/ul>\n<p>Ganz in der N\u00e4he vom SFI befinden sich zudem die Standorte der <a href=\"https:\/\/www.ub.uni-frankfurt.de\/\" target=\"_blank\" rel=\"noopener\">Universit\u00e4tsibliothek J. C. Senckenberg (UB)<\/a>. Aufgrund der thematischen Gemeinsamkeiten verweisen wir insbesondere auf die <a href=\"https:\/\/www.ub.uni-frankfurt.de\/bsp\/\" target=\"_blank\" rel=\"noopener\">Bibliothek Sozialwissenschaften und Psychologie (BSP)<\/a>, auf das <a href=\"https:\/\/www.ub.uni-frankfurt.de\/bzg\/\" target=\"_blank\" rel=\"noopener\">Bibliothekszentrum Geisteswissenschaften (BzG)<\/a> sowie auf das <a href=\"https:\/\/www.ifs.uni-frankfurt.de\/start.html\" target=\"_blank\" rel=\"noopener\">Institut f\u00fcr Sozialforschung (IfS)<\/a>.<\/p>\n<\/div>\n<\/div>\n<div class=\"csc-textpic csc-textpic-center csc-textpic-above\">\n<div class=\"csc-textpic-text\"><hr \/><\/div>\n<\/div>\n<\/div>\n<div class=\"csc-textpic-text\">\n<div class=\"csc-textpic csc-textpic-center csc-textpic-above\">\n<div class=\"csc-textpic-text\">\n<p><strong><a href=\"http:\/\/www.sigmund-freud-institut.de\/index.php\/bibliothek\/oeffnungszeiten-kontakt\/\" target=\"_blank\" rel=\"noopener noreferrer\">Kontakt &amp; \u00d6ffnungszeiten der Bibliothek des Sigmund-Freud-Instituts<\/a><\/strong><\/p>\n<\/div>\n<\/div>\n<\/div>\n\n\n<div class=\"wp-block-columns is-layout-flex wp-container-core-columns-is-layout-9d6595d7 wp-block-columns-is-layout-flex\">\n<div class=\"wp-block-column is-layout-flow wp-block-column-is-layout-flow\">\n<figure class=\"wp-block-image size-full is-resized\"><img loading=\"lazy\" decoding=\"async\" width=\"400\" height=\"300\" src=\"https:\/\/www.sigmund-freud-institut.de\/wp-content\/uploads\/bib1-2.jpg\" alt=\"\" class=\"wp-image-12018\" style=\"width:319px;height:auto\" srcset=\"https:\/\/sigmund-freud-institut.de\/wp-content\/uploads\/bib1-2.jpg 400w, https:\/\/sigmund-freud-institut.de\/wp-content\/uploads\/bib1-2-150x113.jpg 150w\" sizes=\"auto, (max-width: 400px) 100vw, 400px\" \/><\/figure>\n<\/div>\n\n\n\n<div class=\"wp-block-column is-layout-flow wp-block-column-is-layout-flow\">\n<figure class=\"wp-block-image size-full is-resized\"><img loading=\"lazy\" decoding=\"async\" width=\"400\" height=\"312\" src=\"https:\/\/www.sigmund-freud-institut.de\/wp-content\/uploads\/bib2-2.jpg\" alt=\"\" class=\"wp-image-12019\" style=\"width:311px;height:auto\" srcset=\"https:\/\/sigmund-freud-institut.de\/wp-content\/uploads\/bib2-2.jpg 400w, https:\/\/sigmund-freud-institut.de\/wp-content\/uploads\/bib2-2-150x117.jpg 150w\" sizes=\"auto, (max-width: 400px) 100vw, 400px\" \/><\/figure>\n<\/div>\n<\/div>\n\n\n\n<figure class=\"wp-block-image is-resized\"><img decoding=\"async\" src=\"https:\/\/www.sigmund-freud-institut.de\/wp-content\/uploads\/Buecher_Ende-min-scaled.jpg\" alt=\"\" style=\"width:697px;height:auto\"\/><\/figure>\n","protected":false},"excerpt":{"rendered":"<p>ENGLISH VERSION Mit \u00fcber 20.000 B\u00e4nden ist unsere psychoanalytische Spezialbibliothek eine der gr\u00f6\u00dften im deutschsprachigen Raum. Neben deutsch- und englischsprachiger Literatur zu Psychoanalyse, Psychotherapie und Psychosomatik f\u00fchren wir B\u00fccher zu angrenzenden Bereichen wie der Soziologie, der Sozialpsychologie oder den Kulturwissenschaften. Insgesamt befinden sich \u00fcber 250 Fachzeitschriften in unserem Bestand, wovon ca. 40 Titel laufend bezogen &hellip; <\/p>\n<p class=\"link-more\"><a href=\"https:\/\/sigmund-freud-institut.de\/index.php\/bibliothek\/\" class=\"more-link\"><span class=\"screen-reader-text\">\u201eBibliothek\u201c<\/span> weiterlesen<\/a><\/p>\n","protected":false},"author":1,"featured_media":0,"parent":0,"menu_order":20,"comment_status":"closed","ping_status":"closed","template":"","meta":{"footnotes":""},"class_list":["post-41","page","type-page","status-publish","hentry"],"_links":{"self":[{"href":"https:\/\/sigmund-freud-institut.de\/index.php\/wp-json\/wp\/v2\/pages\/41","targetHints":{"allow":["GET"]}}],"collection":[{"href":"https:\/\/sigmund-freud-institut.de\/index.php\/wp-json\/wp\/v2\/pages"}],"about":[{"href":"https:\/\/sigmund-freud-institut.de\/index.php\/wp-json\/wp\/v2\/types\/page"}],"author":[{"embeddable":true,"href":"https:\/\/sigmund-freud-institut.de\/index.php\/wp-json\/wp\/v2\/users\/1"}],"replies":[{"embeddable":true,"href":"https:\/\/sigmund-freud-institut.de\/index.php\/wp-json\/wp\/v2\/comments?post=41"}],"version-history":[{"count":13,"href":"https:\/\/sigmund-freud-institut.de\/index.php\/wp-json\/wp\/v2\/pages\/41\/revisions"}],"predecessor-version":[{"id":16184,"href":"https:\/\/sigmund-freud-institut.de\/index.php\/wp-json\/wp\/v2\/pages\/41\/revisions\/16184"}],"wp:attachment":[{"href":"https:\/\/sigmund-freud-institut.de\/index.php\/wp-json\/wp\/v2\/media?parent=41"}],"curies":[{"name":"wp","href":"https:\/\/api.w.org\/{rel}","templated":true}]}}