{"id":549,"date":"2018-06-05T09:42:07","date_gmt":"2018-06-05T09:42:07","guid":{"rendered":"http:\/\/test.sigmund-freud-institut.de\/Wordpress\/?page_id=549"},"modified":"2026-01-20T15:17:14","modified_gmt":"2026-01-20T14:17:14","slug":"dr-phil-kurt-gruenberg","status":"publish","type":"page","link":"https:\/\/sigmund-freud-institut.de\/index.php\/mitarbeiter-innen\/dr-phil-kurt-gruenberg\/","title":{"rendered":"Dr. phil. Kurt Gr\u00fcnberg"},"content":{"rendered":"<p><img decoding=\"async\" src=\"http:\/\/www.sigmund-freud-institut.de\/wp-content\/uploads\/union-jack-26119_1280-e1557401751941.png\" \/>\u00a0\u00a0<strong>\u00a0<\/strong><a href=\"http:\/\/www.sigmund-freud-institut.de\/index.php\/mitarbeiter-innen\/dr-phil-kurt-gruenberg\/dr-phil-kurt-gruenberg\/\" target=\"_blank\" rel=\"noopener noreferrer\"><strong>ENGLISH VERSION<\/strong><\/a><\/p>\n<h1>ehem. Wissenschaftlicher Mitarbeiter und Gastwissenschaftler<\/h1>\n<p>Diplom-Psychologe, Diplom-P\u00e4dagoge<br \/>Psychoanalytiker (DPV\/IPA)<\/p>\n<dl class=\"csc-textpic-image csc-textpic-firstcol csc-textpic-lastcol\">\n<dt><\/dt>\n<\/dl>\n<h3><img loading=\"lazy\" decoding=\"async\" class=\"size-full wp-image-1114 alignright\" src=\"http:\/\/www.sigmund-freud-institut.de\/wp-content\/uploads\/pic-229.jpg\" alt=\"\" width=\"120\" height=\"155\" srcset=\"https:\/\/sigmund-freud-institut.de\/wp-content\/uploads\/pic-229.jpg 120w, https:\/\/sigmund-freud-institut.de\/wp-content\/uploads\/pic-229-116x150.jpg 116w\" sizes=\"auto, (max-width: 120px) 100vw, 120px\" \/>Kontakt<\/h3>\n<p>Sigmund-Freud-Institut<br \/>Myliusstra\u00dfe 20<br \/>60323 Frankfurt am Main<br \/>Raum 3.07<\/p>\n<p>Telefon 069 971204-122<br \/>E-Mail\u00a0<a class=\"mail\" href=\"mailto:gruenberg@sigmund-freud-institut.de\">gruenberg<br \/>(at)sigmund-freud-institut.de<\/a><\/p>\n<h1>Aktuelles<\/h1>\n<p>Am <strong>Dienstag, 10.09.24<\/strong> zeigt das Harmonie-Kino den Film<strong> \u201eTreasure \u2013 Familie ist ein fremdes Land\u201c<\/strong>. Im Anschluss werden die Regisseurin und Drehbuchautorin Julia von Heinz und <strong>Dr. Kurt Gr\u00fcnberg (Sigmund-Freud-Institut)<\/strong> \u00fcber den Film, seine Entstehung und die Bedeutung transgenerationaler Traumata sprechen. Moderiert wird die Veranstaltung von Laura Caz\u00e9s (ZWST, Podcasterin, Autorin). Ab 12. September startet der Film dann regul\u00e4r in den Kinos.<\/p>\n<p><a href=\"https:\/\/sigmund-freud-institut.de\/wp-content\/uploads\/TREASURE_Film_Ankuendigung_FFM.pdf\" target=\"_blank\" rel=\"noopener\">Informationen zum Film<\/a><\/p>\n<h1>Portrait<\/h1>\n<p>Seit 2010<br \/>Vertreter der Claims Conference im Vorstand der <a href=\"https:\/\/www.budge-stiftung.de\/\" target=\"_blank\" rel=\"noopener noreferrer\">Henry-und-Emma-Budge-Stiftung<\/a><\/p>\n<p>Seit 2007<br \/>Lehrbeauftragter der\u00a0<em>Goethe-Universit\u00e4t Frankfurt am Main, Fachbereich Rechtswissenschaft und Psychologie<\/em><\/p>\n<p>2002 \u2013 2010<br \/>Wissenschaftlicher Leiter des\u00a0<em>J\u00fcdischen Psychotherapeutischen Beratungszentrums Frankfurt am Main f\u00fcr Kinder, Jugendliche und Erwachsene<\/em><\/p>\n<p>Seit 2002<br \/>Psychotherapie und Beratung im Treffpunkt f\u00fcr \u00dcberlebende der Shoah (Zentralwohlfahrtsstelle der Juden in Deutschland)<\/p>\n<p>2002<br \/>Gr\u00fcndungsmitglied des\u00a0<em>Treffpunkts f\u00fcr \u00dcberlebende der Shoah <\/em><\/p>\n<p>2000 \u2013 2016<br \/>Psychotherapeutische Selbsterfahrungsgruppen f\u00fcr <em>Child Survivors Deutschland e. V.<\/em><\/p>\n<p>Seit 1999<br \/>Psychoanalytiker in eigener Praxis<\/p>\n<p>Seit 1990<br \/>Wissenschaftlicher Mitarbeiter\u00a0des\u00a0<em>Sigmund-Freud-Instituts<\/em><\/p>\n<h1>Forschungsschwerpunkte<\/h1>\n<ul>\n<li>Psychosoziale Sp\u00e4tfolgen der nationalsozialistischen Judenvernichtung in Deutschland<\/li>\n<li><a href=\"http:\/\/www.sigmund-freud-institut.de\/index.php\/forschung\/forschungsschwerpunkte\/die-dritte-generation-szenisches-erinnern-der-shoah\/\" target=\"_blank\" rel=\"noopener noreferrer\">Szenisches Erinnern der Shoah<\/a><\/li>\n<\/ul>\n<h1>Forschungsprojekte<\/h1>\n<ul>\n<li><a href=\"https:\/\/www.sigmund-freud-institut.de\/index.php\/antisemitismuserfahrung-in-der-dritten-generation\/\">Antisemitismuserfahrung in der Dritten Generation. Zur Reaktualisierung extremen Traumas bei Nachkommen von \u00dcberlebenden der Shoah<\/a><\/li>\n<li><a href=\"http:\/\/www.sigmund-freud-institut.de\/index.php\/forschung\/forschungsschwerpunkte\/die-dritte-generation-szenisches-erinnern-der-shoah\/\" target=\"_blank\" rel=\"noopener noreferrer\">Die Dritte Generation &#8211; Szenisches Erinnern der Shoah. Eine Untersuchung zur\u00a0 transgenerationalen Tradierung extremen Traumas an Nachkommen von \u00dcberlebenden in Deutschland<\/a><\/li>\n<li><a href=\"http:\/\/www.sigmund-freud-institut.de\/index.php\/institut\/mitarbeiter-innen\/dr-phil-kurt-gruenberg\/szenisches-erinnern-der-shoah\/\">Szenisches Erinnern der Shoah. Zur transgenerationalen Tradierung extremen Traumas in Deutschland<\/a><\/li>\n<\/ul>\n<ul>\n<li>Erinnern\u00a0oder Zerst\u00f6ren. Zu den Auswirkungen von NS-\u201eErbschaft\u201c und Antisemitismus in Deutschland<\/li>\n<\/ul>\n<p><strong>Transdisziplin\u00e4re Arbeitskreise<\/strong><\/p>\n<ul>\n<li>Arbeitsgruppe \u201eDie Dritte Generation\u201c. TeilnehmerInnen: Kurt Gr\u00fcnberg, Elli Kaminer-Zamberk, Simon Arnold, Lena Dierker, Tom David Uhlig, Charlotte Beine, Jakob Eisemann<\/li>\n<\/ul>\n<ul>\n<li><a href=\"http:\/\/www.sigmund-freud-institut.de\/index.php\/institut\/mitarbeiter-innen\/dr-phil-kurt-gruenberg\/spaetfolgen-der-shoah\/\">\u00dcberregionale Forschungsgruppe am Sigmund-Freud-Institut zu den psychosozialen Sp\u00e4tfolgen der Shoah<\/a><\/li>\n<\/ul>\n<h1>Medien<\/h1>\n<div id=\"playerbox\">\n<p><strong>Antisemitismus 2.0 Teil 4: \u201eDie Angst ist immer da\u201c<br \/><\/strong>Interview mit Kurt Gr\u00fcnberg. Medienprojektzentrum Offener Kanal Rhein-Main:<br \/><a href=\"https:\/\/www.mediathek-hessen.de\/medienview_19380_B\u00e9atrice-Busch-Frevert-OK-Rhein-Main-Antisemitismus-2.0-Teil-4-\u201eDie-Angst-ist-immer-da\u201c.html\" target=\"_blank\" rel=\"noopener noreferrer\">https:\/\/www.mediathek-hessen.de\/medienview_19380_B\u00e9atrice-Busch-Frevert-OK-Rhein-Main-Antisemitismus-2.0-Teil-4-\u201eDie-Angst-ist-immer-da\u201c.html<\/a><\/p>\n<\/div>\n<p><strong>&#8222;Warum das Schweigen der Opfer eine Art Schutz darstellt&#8220;<br \/><\/strong>Radio Beitrag vom 06. M\u00e4rz 2019 im HR2. Link:<\/p>\n<p><strong>Das wortlose Verm\u00e4chtnis<br \/><\/strong>Kurt Gr\u00fcnberg im Interview<br \/>mit Eduard Kopp.<br \/>Online: Chrismon\u00a0(04\/2016), S. 23-24.<\/p>\n<p><strong>Remembering the Holocaust through \u201aScenic Memory\u2018<br \/><\/strong>Interview with Kurt Gr\u00fcnberg by Lia Petridis Maiello.<br \/>Online: <a href=\"https:\/\/www.huffingtonpost.com\/lia-petridis\/holocaust-remembrance-day_b_855539.html\">Huffington Post<\/a> (05.02.2011)<\/p>\n<p><strong>\u201eDie Zweite Generation erz\u00e4hlt\u201c \u2013 Zur Geschichte der Nachkommen von Shoah-\u00dcberlebenden<br \/><\/strong>Sechs Audio-Portraits mit Kommentar von Kurt Gr\u00fcnberg von Gabriele Diedrich (Hg.).<br \/>Online: Paul Lazarus Stiftung (2018)<\/p>\n<p><strong>\u201eDas Programm h\u00e4lt uns fit\u201c<br \/><\/strong>Artikel zum 15-j\u00e4hrigen Bestehen des <em>Treffpunkts f\u00fcr \u00dcberlebende der Shoah<br \/><\/em>Online: <a href=\"https:\/\/www.juedische-allgemeine.de\/article\/view\/id\/29522\">J\u00fcdische Allgemeine<\/a> (07.09.2017)<\/p>\n<p><strong>Extremes Trauma, Kultur, Szenisches Erinnern der Shoah<br \/><\/strong>Videodokumentation eines Vortrags im Rahmen der Ringvorlesung \u201eDie umk\u00e4mpfte Psyche\u201c (medico international\/Universit\u00e4t Frankfurt\/SFI)<br \/>Online: <a href=\"https:\/\/www.juedische-allgemeine.de\/article\/view\/id\/19058\">medico<\/a> <a href=\"https:\/\/www.medico.de\/die-umkaempfte-psyche-14710\/\">international<\/a> (2014)<\/p>\n<p><strong>Trauma und Tradierung<br \/><\/strong>Artikel zur Dritten Generation von Kurt Gr\u00fcnberg.<br \/>Online: <a href=\"https:\/\/www.juedische-allgemeine.de\/article\/view\/id\/19058\">J\u00fcdische Allgemeine<\/a> (08.05.2014)<\/p>\n<p><strong>Mit einem L\u00e4cheln und einer Tr\u00e4ne. Leben nach dem Holocaust<br \/><\/strong>Ein Film \u00fcber den <em>Treffpunkt f\u00fcr \u00dcberlebende der Shoah v<\/em>on Uri Schneider. Online: YouTube \/ <a href=\"https:\/\/programm.ard.de\/TV\/Themenschwerpunkte\/Dokus--Reportagen\/Alle-Dokumentationen\/Startseite\/?sendung=2810812873807408\">ARD<\/a> (2013)<\/p>\n<h1>Tagungen<\/h1>\n<p><strong>2017: <\/strong>Paranoia, Populismus, Pogrom.<br \/>Archaische und nationalsozialistische Affekterbschaften heute<\/p>\n<p><strong>2016:<\/strong> Hier und Jetzt. Momente der Begegnung im Szenischen Erinnern der Shoah<\/p>\n<p><strong>2015: <\/strong>8. Mai 1945 \u2013 8. Mai 2015. Gerettet, aber nicht befreit?<\/p>\n<p><strong>2012:<\/strong> Antisemitismus\/Erfahrungen. Sp\u00e4tfolgen der Shoah und Antisemitismus heute<\/p>\n<p><strong>2007:<\/strong> Szenische Erinnerung der Shoah. Blickrichtungen, Dissoziation, Reflexion<\/p>\n<h1><a href=\"https:\/\/www.sigmund-freud-institut.de\/index.php\/mitarbeiter-dr-phil-kurt-gruenberg-publikationen\/\" target=\"_blank\" rel=\"noopener noreferrer\">Publikationen<\/a><\/h1>\n\n\n<p><\/p>\n\n\n\n<p><\/p>\n","protected":false},"excerpt":{"rendered":"<p>\u00a0\u00a0\u00a0ENGLISH VERSION ehem. Wissenschaftlicher Mitarbeiter und Gastwissenschaftler Diplom-Psychologe, Diplom-P\u00e4dagogePsychoanalytiker (DPV\/IPA) Kontakt Sigmund-Freud-InstitutMyliusstra\u00dfe 2060323 Frankfurt am MainRaum 3.07 Telefon 069 971204-122E-Mail\u00a0gruenberg(at)sigmund-freud-institut.de Aktuelles Am Dienstag, 10.09.24 zeigt das Harmonie-Kino den Film \u201eTreasure \u2013 Familie ist ein fremdes Land\u201c. Im Anschluss werden die Regisseurin und Drehbuchautorin Julia von Heinz und Dr. Kurt Gr\u00fcnberg (Sigmund-Freud-Institut) \u00fcber den Film, seine &hellip; <\/p>\n<p class=\"link-more\"><a href=\"https:\/\/sigmund-freud-institut.de\/index.php\/mitarbeiter-innen\/dr-phil-kurt-gruenberg\/\" class=\"more-link\"><span class=\"screen-reader-text\">\u201eDr. phil. Kurt Gr\u00fcnberg\u201c<\/span> weiterlesen<\/a><\/p>\n","protected":false},"author":1,"featured_media":0,"parent":31,"menu_order":126,"comment_status":"closed","ping_status":"closed","template":"","meta":{"footnotes":""},"class_list":["post-549","page","type-page","status-publish","hentry"],"_links":{"self":[{"href":"https:\/\/sigmund-freud-institut.de\/index.php\/wp-json\/wp\/v2\/pages\/549","targetHints":{"allow":["GET"]}}],"collection":[{"href":"https:\/\/sigmund-freud-institut.de\/index.php\/wp-json\/wp\/v2\/pages"}],"about":[{"href":"https:\/\/sigmund-freud-institut.de\/index.php\/wp-json\/wp\/v2\/types\/page"}],"author":[{"embeddable":true,"href":"https:\/\/sigmund-freud-institut.de\/index.php\/wp-json\/wp\/v2\/users\/1"}],"replies":[{"embeddable":true,"href":"https:\/\/sigmund-freud-institut.de\/index.php\/wp-json\/wp\/v2\/comments?post=549"}],"version-history":[{"count":8,"href":"https:\/\/sigmund-freud-institut.de\/index.php\/wp-json\/wp\/v2\/pages\/549\/revisions"}],"predecessor-version":[{"id":15714,"href":"https:\/\/sigmund-freud-institut.de\/index.php\/wp-json\/wp\/v2\/pages\/549\/revisions\/15714"}],"up":[{"embeddable":true,"href":"https:\/\/sigmund-freud-institut.de\/index.php\/wp-json\/wp\/v2\/pages\/31"}],"wp:attachment":[{"href":"https:\/\/sigmund-freud-institut.de\/index.php\/wp-json\/wp\/v2\/media?parent=549"}],"curies":[{"name":"wp","href":"https:\/\/api.w.org\/{rel}","templated":true}]}}