{"id":559,"date":"2018-06-05T09:50:49","date_gmt":"2018-06-05T09:50:49","guid":{"rendered":"http:\/\/test.sigmund-freud-institut.de\/Wordpress\/?page_id=559"},"modified":"2019-01-25T12:37:08","modified_gmt":"2019-01-25T10:37:08","slug":"szenisches-erinnern-der-shoah","status":"publish","type":"page","link":"https:\/\/sigmund-freud-institut.de\/index.php\/mitarbeiter-innen\/dr-phil-kurt-gruenberg\/szenisches-erinnern-der-shoah\/","title":{"rendered":"Szenisches Erinnern der Shoah"},"content":{"rendered":"<h4><strong>Zur transgenerationalen Tradierung extremen Traumas in Deutschland<\/strong><\/h4>\n<p><strong>Projektlaufzeit<br \/>\n<\/strong>2012 \u2013 2015<\/p>\n<p><strong>Projektleitung<br \/>\n<\/strong>Dr. phil. Kurt Gr\u00fcnberg<\/p>\n<p><strong>Co-Projektleitung<br \/>\n<\/strong>Dr. med. Friedrich Markert<\/p>\n<p><strong>Wissenschaftliche Hilfskraft<br \/>\n<\/strong>Dipl.-Psych. Lena Dierker<\/p>\n<p><strong>Doktorandinnen<br \/>\n<\/strong>Dipl.-Psych. Jasmin Bleimling<br \/>\nM. A. Veronika Heller<\/p>\n<p><strong>F\u00f6rderung<br \/>\n<\/strong>K\u00f6hler-Stiftung (Essen)<br \/>\nCrespo Foundation (Frankfurt a. M.)<br \/>\nStiftung Polytechnische Gesellschaft (Frankfurt a. M.)<\/p>\n<p>Das Forschungsprojekt hatte zum Ziel, die Vermittlungen des extremen Traumas der Shoah von \u00dcberlebenden an ihre Nachkommen unter Ber\u00fccksichtigung der spezifischen Lebensumst\u00e4nde im \u201eLand der T\u00e4ter\u201c zu ergr\u00fcnden. Untersucht wurden teils videographisch dokumentierte Gespr\u00e4che und Begegnungen mit \u00dcberlebenden, die im <em>Treffpunkt f\u00fcr \u00dcberlebende der Shoah<\/em> (Frankfurt am Main) und bei Hausbesuchen zu Stande kamen. Mit Angeh\u00f6rigen der Zweiten und Dritten Generation wurden Analysen und Psychotherapien durchgef\u00fchrt, die intern und extern im In- und Ausland supervidiert wurden.<\/p>\n<p>In der Vergangenheit wurde mit dem \u201eSzenischen Erinnern der Shoah\u201c (Gr\u00fcnberg) bereits ein Ansatz entwickelt, der ausgehend von der Theorie des szenischen Verstehens (Lorenzer\/Argelander) die Bedeutsamkeit des \u201eUnvorstellbaren\u201c auch f\u00fcr Tradierungsprozesse weiterer Forschung zug\u00e4nglich machte. In dem Forschungsprojekt konnten so Szenen der Weitergabe herausgearbeitet werden, in denen das jeweilige Umfeld in die unbewusste und non-verbale Reinszenierung der \u00dcberlebenden und ihrer Nachkommen \u201everwickelt\u201c und somit selbst zum Tr\u00e4ger des Traumatischen wurde. Dabei konnte ein umfassendes Verst\u00e4ndnis der in den Begegnungen und Gespr\u00e4chen enthaltenen identifikatorischen, projektiv-identifikatorischen und introjektiv-inkorporativen Prozesse gewonnen werden.<\/p>\n<p>Der Ansatz des Szenischen Erinnerns der Shoah erwies sich f\u00fcr die Auswertung in der klinischen Praxis wie auch als theoretisches Konzept als ausgesprochen fruchtbar und stie\u00df auf Vortragsveranstaltungen und in Workshops auf lebendiges Interesse. Der Fundus an klinischen Erfahrungen mit der Ersten, Zweiten und Dritten Generation aus dem Projekt wurde weiter ausgewertet und in einer Reihe von Publikationen sowie im Rahmen einer Tagung vorgestellt. Die Ergebnisse des Forschungsprojekts dienen der f\u00fcr 2019 angesetzten Studie <a href=\"http:\/\/www.sigmund-freud-institut.de\/index.php\/forschung\/forschungsschwerpunkte\/die-dritte-generation-szenisches-erinnern-der-shoah\/\" target=\"_blank\" rel=\"noopener\">Die Dritte Generation \u2013 Szenisches Erinnern der Shoah<\/a> als eine methodische und konzeptuelle Grundlage.<\/p>\n<p>Wir danken der K\u00f6hler-Stiftung, der Crespo Foundation und der Stiftung Polytechnische Gesellschaft f\u00fcr die gro\u00dfz\u00fcgige finanzielle F\u00f6rderung und ferner allen Beteiligten, die zur Entstehung des Projekts beigetragen haben.<\/p>\n<p>&nbsp;<\/p>\n<p>&nbsp;<\/p>\n","protected":false},"excerpt":{"rendered":"<p>Zur transgenerationalen Tradierung extremen Traumas in Deutschland Projektlaufzeit 2012 \u2013 2015 Projektleitung Dr. phil. Kurt Gr\u00fcnberg Co-Projektleitung Dr. med. Friedrich Markert Wissenschaftliche Hilfskraft Dipl.-Psych. Lena Dierker Doktorandinnen Dipl.-Psych. Jasmin Bleimling M. A. Veronika Heller F\u00f6rderung K\u00f6hler-Stiftung (Essen) Crespo Foundation (Frankfurt a. M.) Stiftung Polytechnische Gesellschaft (Frankfurt a. M.) Das Forschungsprojekt hatte zum Ziel, die Vermittlungen &hellip; <\/p>\n<p class=\"link-more\"><a href=\"https:\/\/sigmund-freud-institut.de\/index.php\/mitarbeiter-innen\/dr-phil-kurt-gruenberg\/szenisches-erinnern-der-shoah\/\" class=\"more-link\"><span class=\"screen-reader-text\">\u201eSzenisches Erinnern der Shoah\u201c<\/span> weiterlesen<\/a><\/p>\n","protected":false},"author":1,"featured_media":0,"parent":549,"menu_order":128,"comment_status":"closed","ping_status":"closed","template":"","meta":{"footnotes":""},"class_list":["post-559","page","type-page","status-publish","hentry"],"_links":{"self":[{"href":"https:\/\/sigmund-freud-institut.de\/index.php\/wp-json\/wp\/v2\/pages\/559","targetHints":{"allow":["GET"]}}],"collection":[{"href":"https:\/\/sigmund-freud-institut.de\/index.php\/wp-json\/wp\/v2\/pages"}],"about":[{"href":"https:\/\/sigmund-freud-institut.de\/index.php\/wp-json\/wp\/v2\/types\/page"}],"author":[{"embeddable":true,"href":"https:\/\/sigmund-freud-institut.de\/index.php\/wp-json\/wp\/v2\/users\/1"}],"replies":[{"embeddable":true,"href":"https:\/\/sigmund-freud-institut.de\/index.php\/wp-json\/wp\/v2\/comments?post=559"}],"version-history":[{"count":0,"href":"https:\/\/sigmund-freud-institut.de\/index.php\/wp-json\/wp\/v2\/pages\/559\/revisions"}],"up":[{"embeddable":true,"href":"https:\/\/sigmund-freud-institut.de\/index.php\/wp-json\/wp\/v2\/pages\/549"}],"wp:attachment":[{"href":"https:\/\/sigmund-freud-institut.de\/index.php\/wp-json\/wp\/v2\/media?parent=559"}],"curies":[{"name":"wp","href":"https:\/\/api.w.org\/{rel}","templated":true}]}}