{"id":5650,"date":"2021-02-03T17:41:13","date_gmt":"2021-02-03T15:41:13","guid":{"rendered":"https:\/\/www.sigmund-freud-institut.de\/?page_id=5650"},"modified":"2026-02-27T12:52:44","modified_gmt":"2026-02-27T11:52:44","slug":"reproduktives-timing-lebenspraktische-orientierungen-im-kontext-von-reproduktionsmedizin-teilprojekt-der-dfg-forschungsgruppe","status":"publish","type":"page","link":"https:\/\/sigmund-freud-institut.de\/index.php\/forschung\/forschungsschwerpunkte\/reproduktives-timing-lebenspraktische-orientierungen-im-kontext-von-reproduktionsmedizin-teilprojekt-der-dfg-forschungsgruppe\/","title":{"rendered":"Reproduktives Timing. Lebenspraktische Orientierungen im Kontext von Reproduktionsmedizin."},"content":{"rendered":"\n<h1 class=\"wp-block-heading\"><strong>Reproduktives Timing. Lebenspraktische Orientierungen im Kontext von Reproduktionsmedizin.<\/strong><\/h1>\n\n\n\n<p><strong>Teilprojekt der DFG-Forschungsgruppe <strong><em><a href=\"https:\/\/egm.umg.eu\/forschung\/ag-prof-wiesemann\/for-5022\/\" target=\"_blank\" rel=\"noreferrer noopener\">Medizin und die Zeitstruktur guten Lebens<\/a><\/em><\/strong><\/strong><br>Sprecherin der Forschungsgruppe: Prof. Dr. Claudia Wiesemann<br>Leitung des Teilprojekts Frankfurt (Goethe-Universit\u00e4t): Prof. Dr. Vera King<br>Gef\u00f6rdert durch: DFG<br>Projektlaufzeit: 05\/21 \u2013 03\/26<\/p>\n\n\n\n<h1 class=\"wp-block-heading\"><a href=\"https:\/\/sigmund-freud-institut.de\/index.php\/2026\/02\/26\/workshop-am-27-maerz-2026-im-sigmund-freud-institut-sfi-in-frankfurt-m\/\"><strong>Workshop am 27. M\u00e4rz 2026<\/strong>: <\/a><br><a href=\"https:\/\/sigmund-freud-institut.de\/index.php\/2026\/02\/26\/workshop-am-27-maerz-2026-im-sigmund-freud-institut-sfi-in-frankfurt-m\/\">\u201eReproduktives Timing. Chancen und Dilemmata der reproduktionsmedizinischen Behandlung\u201c<\/a><br><a href=\"https:\/\/sigmund-freud-institut.de\/index.php\/2026\/02\/26\/workshop-am-27-maerz-2026-im-sigmund-freud-institut-sfi-in-frankfurt-m\/\"><strong>Programm und Anmeldung hier<\/strong><\/a><\/h1>\n\n\n\n<h1 class=\"wp-block-heading\">Projektbeschreibung<\/h1>\n\n\n\n<p>Im Rahmen dieses&nbsp;Teilprojekts wird untersucht, wie sich normative und praktische Orientierungen in Bezug auf das Timing \u2013 die zeitliche Planung und Realisierung \u2013 von Elternwerden im Horizont reproduktionsmedizinischer M\u00f6glichkeiten darstellen, insbesondere auch aus der Sicht medizinischer Expertinnen und Experten aus Gyn\u00e4kologie und Reproduktionsmedizin.<\/p>\n\n\n\n<p>Das Timing der Reproduktion bezieht sich dabei auf personale Bedingungen und Limitierungen&nbsp;und soziale Aspekte, die zusammenwirken, wobei f\u00fcr die zeitliche Steuerung auch medizinische M\u00f6glichkeiten wahrgenommen werden.<br><br>\u00dcbergreifend geht es in diesem soziologisch-sozialpsychologischen Projekt \u2013 in Zusammenarbeit mit den anderen <a href=\"https:\/\/egm.umg.eu\/forschung\/ag-prof-wiesemann\/for-5022\/\" target=\"_blank\" rel=\"noreferrer noopener\">Teilprojekten der Forschungsgruppe<\/a> \u2013 um Normen der Zeitlichkeit in Relation zu Vorstellungen &#8218;guten Lebens&#8216; und um ambivalente zeitbezogene Optimierungsimperative in der gegenw\u00e4rtigen Moderne, um ihre individuellen Folgen und Bedeutungen f\u00fcr Reproduktion.<br><\/p>\n","protected":false},"excerpt":{"rendered":"<p>Reproduktives Timing. Lebenspraktische Orientierungen im Kontext von Reproduktionsmedizin. Teilprojekt der DFG-Forschungsgruppe Medizin und die Zeitstruktur guten LebensSprecherin der Forschungsgruppe: Prof. Dr. Claudia WiesemannLeitung des Teilprojekts Frankfurt (Goethe-Universit\u00e4t): Prof. Dr. Vera KingGef\u00f6rdert durch: DFGProjektlaufzeit: 05\/21 \u2013 03\/26 Workshop am 27. M\u00e4rz 2026: \u201eReproduktives Timing. Chancen und Dilemmata der reproduktionsmedizinischen Behandlung\u201cProgramm und Anmeldung hier Projektbeschreibung Im Rahmen &hellip; <\/p>\n<p class=\"link-more\"><a href=\"https:\/\/sigmund-freud-institut.de\/index.php\/forschung\/forschungsschwerpunkte\/reproduktives-timing-lebenspraktische-orientierungen-im-kontext-von-reproduktionsmedizin-teilprojekt-der-dfg-forschungsgruppe\/\" class=\"more-link\"><span class=\"screen-reader-text\">\u201eReproduktives Timing. Lebenspraktische Orientierungen im Kontext von Reproduktionsmedizin.\u201c<\/span> weiterlesen<\/a><\/p>\n","protected":false},"author":4,"featured_media":0,"parent":89,"menu_order":0,"comment_status":"closed","ping_status":"closed","template":"","meta":{"footnotes":""},"class_list":["post-5650","page","type-page","status-publish","hentry"],"_links":{"self":[{"href":"https:\/\/sigmund-freud-institut.de\/index.php\/wp-json\/wp\/v2\/pages\/5650","targetHints":{"allow":["GET"]}}],"collection":[{"href":"https:\/\/sigmund-freud-institut.de\/index.php\/wp-json\/wp\/v2\/pages"}],"about":[{"href":"https:\/\/sigmund-freud-institut.de\/index.php\/wp-json\/wp\/v2\/types\/page"}],"author":[{"embeddable":true,"href":"https:\/\/sigmund-freud-institut.de\/index.php\/wp-json\/wp\/v2\/users\/4"}],"replies":[{"embeddable":true,"href":"https:\/\/sigmund-freud-institut.de\/index.php\/wp-json\/wp\/v2\/comments?post=5650"}],"version-history":[{"count":5,"href":"https:\/\/sigmund-freud-institut.de\/index.php\/wp-json\/wp\/v2\/pages\/5650\/revisions"}],"predecessor-version":[{"id":16007,"href":"https:\/\/sigmund-freud-institut.de\/index.php\/wp-json\/wp\/v2\/pages\/5650\/revisions\/16007"}],"up":[{"embeddable":true,"href":"https:\/\/sigmund-freud-institut.de\/index.php\/wp-json\/wp\/v2\/pages\/89"}],"wp:attachment":[{"href":"https:\/\/sigmund-freud-institut.de\/index.php\/wp-json\/wp\/v2\/media?parent=5650"}],"curies":[{"name":"wp","href":"https:\/\/api.w.org\/{rel}","templated":true}]}}