{"id":5970,"date":"2021-03-03T15:24:32","date_gmt":"2021-03-03T13:24:32","guid":{"rendered":"https:\/\/www.sigmund-freud-institut.de\/?page_id=5970"},"modified":"2026-04-30T16:20:04","modified_gmt":"2026-04-30T14:20:04","slug":"publikationen","status":"publish","type":"page","link":"https:\/\/sigmund-freud-institut.de\/index.php\/mitarbeiter-innen\/julia-schreiber\/publikationen\/","title":{"rendered":"Publikationen"},"content":{"rendered":"\n<p><strong>Monographien &amp; Herausgeberschaften<\/strong><\/p>\n\n\n\n<p>Schreiber, J. (2021):&nbsp;<em>K\u00f6rperoptimierung. Selbstverbesserung zwischen Steigerungsdruck und Leibgebundenheit.<\/em> Wiesbaden: Springer VS. <a href=\"https:\/\/doi.org\/10.1007\/978-3-658-36018-4\">https:\/\/doi.org\/10.1007\/978-3-658-36018-4 <\/a><\/p>\n\n\n\n<p>King, V., Gerisch, B. &amp; Rosa, H. (Hg.), unter Mitarbeit von Schreiber, J. &amp; Salfeld, B. (2021): <em>Lost in Perfection. Zur Optimierung von Gesellschaft und Psyche. <\/em>Berlin: Suhrkamp.<\/p>\n\n\n\n<p>Busch, K., Benzel, S., Salfeld, B. &amp; Schreiber, J. (Hg.) (2021): <em>Figurationen sp\u00e4tmoderner Lebensf\u00fchrung.<\/em>&nbsp;Wiesbaden: Springer VS. <a href=\"https:\/\/doi.org\/10.1007\/978-3-658-28189-2\">https:\/\/doi.org\/10.1007\/978-3-658-28189-2 <\/a><\/p>\n\n\n\n<p>Schinkel, S., H\u00f6sel, F., K\u00f6hler, S.-M., K\u00f6nig, A., Schilling, E., Schreiber, J., Soremski, R. &amp; Zschach, M. (Hg.) (2020):&nbsp;<em>Zeit im Lebensverlauf. Ein Glossar.<\/em>&nbsp;Bielefeld: transcript Verlag. <a href=\"https:\/\/doi.org\/10.14361\/9783839448625\">https:\/\/doi.org\/10.14361\/9783839448625 <\/a><\/p>\n\n\n\n<p>King, V., Gerisch, B. &amp; Rosa, H. (eds.), with editorial assistance from Schreiber, J. &amp; Salfeld, B. (2019):&nbsp;<em>Lost in Perfection.\u2019 Impacts of Optimisation on Culture and Psyche<\/em>.&nbsp;London: Routledge. (Paperback). <a href=\"https:\/\/doi.org\/10.4324\/9781315179964\">https:\/\/doi.org\/10.4324\/9781315179964<\/a><\/p>\n\n\n\n<p><strong>Zeitschriftenbeitr\u00e4ge<\/strong><\/p>\n\n\n\n<p>Schreiber, J. &amp; King, V. (2025): Metamorphosen der guten Hoffnung. Zur Psychodynamik von Kinderwunsch und Elternwerden im Kontext der Reproduktionsmedizin. Psyche, 79(9\/10).<\/p>\n\n\n\n<p>King, V., Gerisch, B., Rosa, H., Franz, R., Lindner, D., Salfeld, B., Schlichting, M., Schreiber, J. &amp; Stenger, M. (2024): Self-optimization via Figures and Digital Parameters. Psychic repercussions of digital measurement and comparison. Historical Social Research, 49(3), 213\u2013267. <a href=\"https:\/\/doi.org\/10.12759\/hsr.49.2024.30\">https:\/\/doi.org\/10.12759\/hsr.49.2024.30<\/a><\/p>\n\n\n\n<p>Schreiber, J. (2023): K\u00f6rperoptimierung und Leibgebundenheit. Kulturelle und psychische Bedeutungen permanenter Grenz\u00fcberschreitung.&nbsp;<em>Zeitschrift f\u00fcr Semiotik. Sonderband zum Thema Selbstoptimierung<\/em>, 45(3\/4), 161\u2013174.<\/p>\n\n\n\n<p>Schreiber, J. (2023): \u201eAlso, das bringt einen ja in ner Beziehung nochmal auf ne andere Stufe\u201c. Psychisches Erleben und Deutung von Paarbeziehungen im Kontext von Reproduktionsmedizin. Psychosozial, Schwerpunktheft Beziehungen, Begehren und Sexualit\u00e4t im Spiegel kulturellen Wandels, 46(3), 81\u201394. <a href=\"https:\/\/doi.org\/10.30820\/0171-3434-2023-3-81\">https:\/\/doi.org\/10.30820\/0171-3434-2023-3-81 <\/a><\/p>\n\n\n\n<p>King, V., Lodtka, P., Marcinski-Michel, I., Schreiber, J. &amp; Wiesemann, C. (2022). Reproduktives Timing. Neue Formen und Ambivalenzen zeitlicher Optimierung von Fortpflanzung und ihre ethischen Herausforderungen.&nbsp;<em>Ethik in der Medizin, 35, 43\u201256.<\/em> . <a href=\"https:\/\/doi.org\/10.1007\/s00481-022-00738-2\">https:\/\/doi.org\/10.1007\/s00481-022-00738-2<\/a><\/p>\n\n\n\n<p>King, V., Gerisch, B., Schreiber, J. &amp; Salfeld, B. (2020): Der perfektionierte und der maltr\u00e4tierte K\u00f6rper. Optimierungspraktiken zwischen Pathologie und neuer Normalit\u00e4t.&nbsp;<em>Psychodynamische Psychotherapie<\/em>, 4, 394-404. <a href=\"https:\/\/doi.org\/10.21706\/pdp-19-4-394\">https:\/\/doi.org\/10.21706\/pdp-19-4-394 <\/a><\/p>\n\n\n\n<p>King, V., Gerisch, B. &amp; Schreiber, J. (2020):&nbsp;\u201e\u2026to really have everything completely perfect\u201c: On the Psychodynamics of Contemporary Forms of Body Optimization<em>.&nbsp;Psychoanalytic Psychology<\/em>, 37(2), 148-157. <a href=\"https:\/\/doi.org\/10.1037\/pap0000287\">https:\/\/doi.org\/10.1037\/pap0000287<\/a><\/p>\n\n\n\n<p>King, V., Gerisch, B., Rosa, H., Schreiber, J., Findeis, Ch., Lindner, D., Salfeld, B., Schlichting, M., Stenger, M. &amp; Voigt, St. (2019):&nbsp;Psychische Bedeutungen des digitalen Messens, Z\u00e4hlens und Vergleichens.&nbsp;<em>Psyche <\/em>, 73, 744-770. <a href=\"https:\/\/doi.org\/10.21706\/ps-73-9-744\">https:\/\/doi.org\/10.21706\/ps-73-9-744 <\/a><\/p>\n\n\n\n<p>Schreiber, J. (2019):&nbsp;Selbstsorge in Zeiten von Selbstoptimierung. K\u00f6rperpraktiken zwischen biografischen Dispositionen und gesellschaftlichen Anforderungen.&nbsp;<em>Familiendynamik<\/em>, 44(2), 100-117. <a href=\"https:\/\/doi.org\/10.21706\/fd-44-2-110\">https:\/\/doi.org\/10.21706\/fd-44-2-110<\/a><\/p>\n\n\n\n<p>Schreiber, J. (2016):&nbsp;Zur Perfektionierung des Seins. Menschenbild und Selbstbild im Kontext zeitgen\u00f6ssischer Optimierungslogiken.&nbsp;<em>Evangelium und Wissenschaft<\/em>, 37(2), 86-91.<\/p>\n\n\n\n<p>Uhlendorf, N., Schreiber, J., King, V., Gerisch, B., Rosa, H. &amp; Busch, K. (2016):&nbsp;\u201eImmer so dieses Gef\u00fchl, nicht gut genug zu sein\u201c. Optimierung und Leiden.&nbsp;<em>Psychoanalyse im Widerspruch, <\/em>55(1), 31-50.<\/p>\n\n\n\n<p>Schreiber, J., Uhlendorf, N., Lindner, D., Gerisch, B., King, V. &amp; Rosa, H. (2015):&nbsp;Optimierung zwischen Zwang und Zustimmung. Institutionelle Anforderungen und psychische Bew\u00e4ltigung im Berufsleben.&nbsp;<em>Psychosozial<\/em>, 38(3), 27-42.<\/p>\n\n\n\n<p><strong>Sammelbandbeitr\u00e4ge<\/strong><\/p>\n\n\n\n<p>King, V., Gerisch, B., Schreiber, J., Lindner, D., Lodtka, P., Schlichting, M. &amp; Stenger, M. (2026): The Significance of Numbers in Digital Living and Working Environments. Ambivalent meanings of Measurement and Comparison. In: V. King, B. Gerisch &amp; H. Rosa (Eds.): <a href=\"https:\/\/www.routledge.com\/The-Measured-Life-in-the-Digital-Age-Optimization-by-Numbers\/King-Gerisch-Rosa\/p\/book\/9781032647890?srsltid=AfmBOorKpVevz6vn_eqGoy2Xv-6emHw7d1I5kn7r57umG_ceBNLTUoRl\"><em>The <\/em><\/a><em>Measured Life in the Digital Age. Optimisation by Numbers<\/em>, London\/New York: Routledge, 112-126. <a href=\"https:\/\/doi.org\/10.4324\/9781003422495-11\">https:\/\/doi.org\/10.4324\/9781003422495-11<\/a><\/p>\n\n\n\n<p>Schlichting, M., Stenger, M., King, V., Gerisch, B., Salfeld, B. &amp; Schreiber, J. (2026): \u201cThere is definitely something potentially addictive about it\u201d. Self-Measurement as the New Digital Normal. In: V. King, B. Gerisch &amp; H. Rosa (Eds.): <a href=\"https:\/\/www.routledge.com\/The-Measured-Life-in-the-Digital-Age-Optimization-by-Numbers\/King-Gerisch-Rosa\/p\/book\/9781032647890?srsltid=AfmBOorKpVevz6vn_eqGoy2Xv-6emHw7d1I5kn7r57umG_ceBNLTUoRl\"><em>The Measured Life in the Digital Age. Optimisation by Numbers<\/em><\/a>, London\/New York: Routledge, 68-84.<\/p>\n\n\n\n<p>Schreiber, J. &amp; King, V. (2023): Stichwort \u201aRessourcen\u2018. In: M.&nbsp;Dederich &amp;&nbsp;J.&nbsp;Zirfas (Hg.),&nbsp;<em>Optimierung. Ein interdisziplin\u00e4res Handbuc<\/em>h, Stuttgart: Metzler, 39-44. <a href=\"https:\/\/doi.org\/10.1007\/978-3-662-67307-2_6\">https:\/\/doi.org\/10.1007\/978-3-662-67307-2_6<\/a><\/p>\n\n\n\n<p>Schreiber, J. (2022): Weiblichkeitsentw\u00fcrfe im Kontext von K\u00f6rperoptimierung. Zusammenh\u00e4nge von Selbstverbesserung, Leiblichkeit und Geschlecht. In: N. Glade &amp; Ch. Schnell (Hg.),&nbsp;<em>Perfekte K\u00f6rper, perfektes Leben?<\/em>&nbsp;transcript Verlag, 41-57. <a href=\"https:\/\/doi.org\/10.14361\/9783839462256-004\">https:\/\/doi.org\/10.14361\/9783839462256-004<\/a><\/p>\n\n\n\n<p>Schlichting, M., Stenger, M., King, V., Gerisch, B., Salfeld, B. &amp; Schreiber, J. (2022): \u201eEs hat schon so ein gewisses Suchtpotential\u201c: Selbstvermessung als neue digitale Normalit\u00e4t. In: A. Manzei-Gorsky, J. von Hayek &amp; C. Schubert&nbsp;(Hg.),&nbsp;<em>Digitalisierung und Gesundheit.&nbsp;<\/em>Baden-Baden: Nomos Verlag, 357-382.<\/p>\n\n\n\n<p>King, V., Gerisch, B., Schreiber, J., Lindner, D., Lodtka, P., Schlichting, M. &amp; Stenger, M. (2021): Zum Sinn der Zahl in digitalen Lebens- und Arbeitswelten. Ambivalente Bedeutungen des Messens und Vergleichens. In: Ch. Schnell, S. Pfeiffer &amp; R. Hardenberg (Hg.),&nbsp;<em>Gutes Arbeiten im digitalen Zeitalter<\/em>. Frankfurt\/M.: Campus, 109-127.<\/p>\n\n\n\n<p>King, V., Gerisch, B., Rosa, H., Schreiber, J., Findeis, Ch.,&nbsp;Lindner,&nbsp;D., Salfeld, B., Schlichting, M., Stenger, M. &amp; Voigt, St. (2021): Optimierung mit Zahlen und digitalen Parametern: Psychische Bedeutungen des digitalen Messens und Vergleichens. In: V. King, B. Gerisch &amp; H. Rosa (Hg.),&nbsp;<em>Lost in Perfection. Zur Optimierung von Gesellschaft und Psyche<\/em>. Berlin: Suhrkamp, 151-177.<\/p>\n\n\n\n<p>King, V., Schreiber, J., Uhlendorf, N. &amp; Gerisch, B. (2021): \u201eDa habe ich eben Besseres vor\u201c: Wie sich Effizienz- und Optimierungsimperative auf Beziehungen sowie Sorge f\u00fcr sich und andere auswirken. In: V. King, B. Gerisch &amp; H. Rosa (Hg.),<em>&nbsp;Lost in Perfection. Zur Optimierung von Gesellschaft und Psyche.&nbsp;<\/em>Berlin: Suhrkamp, 101-121.<\/p>\n\n\n\n<p>Busch, K. &amp; Schreiber, J. (2021):&nbsp;Sich optimieren (m\u00fcssen) in der Adoleszenz.&nbsp;In: U. Deinet, B. von Sturzenhecker, L. Schwanenfl\u00fcgel &amp; M. Schwerthelm (Hg.),&nbsp;<em>Handbuch Offene Kinder- und Jugendarbeit<\/em>&nbsp;(5., v\u00f6llig erneuerte und erweiterte Auflage). Wiesbaden: Springer, 1357-1364.<\/p>\n\n\n\n<p>Salfeld, B., Schreiber, J., Benzel, S., Busch, K. (2021):&nbsp;\u201eDas Kind ist der Abgott seiner Mutter, welche dem Kind daf\u00fcr&nbsp;nur geringe Geb\u00fchr abverlangt: sein Leben\u201c. Lekt\u00fcren des&nbsp;Romans Die Klavierspielerin von Elfriede Jelinek. In: K.&nbsp;Busch,&nbsp;S. Benzel, B. Salfeld&nbsp;&amp; J. Schreiber (Hg.),&nbsp;<em>Figurationen&nbsp;sp\u00e4tmoderner&nbsp;Lebensf\u00fchrung.<\/em>&nbsp;Wiesbaden: Springer VS, 299-323.<\/p>\n\n\n\n<p>Busch, K., Benzel, S., Salfeld, B. &amp; Schreiber, J. (2021):&nbsp;Figurationen sp\u00e4tmoderner Lebensf\u00fchrung. Einleitung.&nbsp;In: K.&nbsp;Busch,&nbsp;S.&nbsp;Benzel,&nbsp;B.&nbsp;Salfeld&nbsp;&amp; J.&nbsp;Schreiber (Hg.),&nbsp;<em>Figurationen&nbsp;sp\u00e4tmoderner&nbsp;Lebensf\u00fchrung.<\/em>&nbsp;Wiesbaden: Springer VS, 1-10.<\/p>\n\n\n\n<p>Schreiber, J. (2020):&nbsp;Stichwort \u201aOptimierung\u2018. In: S. Schinkel, F. H\u00f6sel, S.-M. K\u00f6hler, A. K\u00f6nig, E. Schilling, J. Schreiber, R. Soremski, &amp; M. Zschach (Hg.),&nbsp;<em>Zeit im Lebensverlauf.&nbsp;Ein Glossar.&nbsp;<\/em>Bielefeld: transcript Verlag.<\/p>\n\n\n\n<p>King, V., Gerisch, B., Rosa, H., Schreiber, J. &amp; Salfeld-Nebgen, B. (2018):&nbsp;\u00dcberforderung als neue Normalit\u00e4t. Widerspr\u00fcche optimierender Lebensf\u00fchrung.&nbsp;In: Th. Fuchs, L. Iwer &amp; St. Micali (Hg.),&nbsp;<em>Das \u00fcberforderte Subjekt<\/em>. Berlin: Suhrkamp, 227-257.<\/p>\n\n\n\n<p>King, V., Schreiber, J., Uhlendorf, N. &amp; Gerisch, B. (2018):&nbsp;Optimising Patterns of Life Conduct \u2013 Transformations in Relations to the Self, to Others and Caring. In: V. King, B. Gerisch &amp; H. Rosa (Hg.),&nbsp;<em>Lost in Perfection. Impacts of Optimisation on Culture and Psyche<\/em>. London: Routledge, 61-72.<\/p>\n\n\n\n<p>Schreiber, J. (2018):&nbsp;K\u00f6rperlichkeit und Leiblichkeit im Kontext sp\u00e4tmoderner Optimierungsanforderungen.&nbsp;In: M. E. Fuchs &amp; M. Bienert (Hg.),&nbsp;<em>\u00c4sthetik \u2013 K\u00f6rper \u2013 Leiblichkeit. Aktuelle Debatten in bildungsbezogener Absicht<\/em>. Stuttgart: Kohlhammer, 117-132.<\/p>\n\n\n\n<p>Benzel, S., King, V. &amp; Schreiber, J. (2017):&nbsp;Sexualit\u00e4t als Medium der Identit\u00e4tssuche im Film \u201aLiebesleben\u2018 von Maria Schrader (nach dem Roman von Zeruya Shalev). In: P. Laszig &amp; L. Gramatikov (Hg.),&nbsp;<em>Lust und Laster \u2013 Was uns Filme \u00fcber das sexuelle Begehren sagen<\/em>. Berlin: Springer VS, 203-219.<\/p>\n\n\n\n<p>King, V., Lindner, D., Schreiber, J., Busch, K., Uhlendorf, N., Beerbom, Ch., Salfeld-Nebgen, B., Gerisch, B. &amp; Rosa, H. (2014):&nbsp;Optimierte Lebensf\u00fchrung \u2013 wie und warum sich Individuen den Druck zur Selbstverbesserung zu eigen machen.&nbsp;In: S. Kluge, I. Lohmann &amp; G. Steffens (Hg.):&nbsp;<em>Jahrbuch f\u00fcr P\u00e4dagogik 2014: Menschenverbesserung \u2013 Transhumanismus<\/em>. Frankfurt\/M.: Peter Lang, 283-299.<\/p>\n\n\n\n<p><\/p>\n\n\n\n<p><\/p>\n","protected":false},"excerpt":{"rendered":"<p>Monographien &amp; Herausgeberschaften Schreiber, J. (2021):&nbsp;K\u00f6rperoptimierung. Selbstverbesserung zwischen Steigerungsdruck und Leibgebundenheit. Wiesbaden: Springer VS. https:\/\/doi.org\/10.1007\/978-3-658-36018-4 King, V., Gerisch, B. &amp; Rosa, H. (Hg.), unter Mitarbeit von Schreiber, J. &amp; Salfeld, B. (2021): Lost in Perfection. Zur Optimierung von Gesellschaft und Psyche. Berlin: Suhrkamp. Busch, K., Benzel, S., Salfeld, B. &amp; Schreiber, J. (Hg.) (2021): Figurationen &hellip; <\/p>\n<p class=\"link-more\"><a href=\"https:\/\/sigmund-freud-institut.de\/index.php\/mitarbeiter-innen\/julia-schreiber\/publikationen\/\" class=\"more-link\"><span class=\"screen-reader-text\">\u201ePublikationen\u201c<\/span> weiterlesen<\/a><\/p>\n","protected":false},"author":4,"featured_media":0,"parent":604,"menu_order":0,"comment_status":"closed","ping_status":"closed","template":"","meta":{"footnotes":""},"class_list":["post-5970","page","type-page","status-publish","hentry"],"_links":{"self":[{"href":"https:\/\/sigmund-freud-institut.de\/index.php\/wp-json\/wp\/v2\/pages\/5970","targetHints":{"allow":["GET"]}}],"collection":[{"href":"https:\/\/sigmund-freud-institut.de\/index.php\/wp-json\/wp\/v2\/pages"}],"about":[{"href":"https:\/\/sigmund-freud-institut.de\/index.php\/wp-json\/wp\/v2\/types\/page"}],"author":[{"embeddable":true,"href":"https:\/\/sigmund-freud-institut.de\/index.php\/wp-json\/wp\/v2\/users\/4"}],"replies":[{"embeddable":true,"href":"https:\/\/sigmund-freud-institut.de\/index.php\/wp-json\/wp\/v2\/comments?post=5970"}],"version-history":[{"count":7,"href":"https:\/\/sigmund-freud-institut.de\/index.php\/wp-json\/wp\/v2\/pages\/5970\/revisions"}],"predecessor-version":[{"id":16278,"href":"https:\/\/sigmund-freud-institut.de\/index.php\/wp-json\/wp\/v2\/pages\/5970\/revisions\/16278"}],"up":[{"embeddable":true,"href":"https:\/\/sigmund-freud-institut.de\/index.php\/wp-json\/wp\/v2\/pages\/604"}],"wp:attachment":[{"href":"https:\/\/sigmund-freud-institut.de\/index.php\/wp-json\/wp\/v2\/media?parent=5970"}],"curies":[{"name":"wp","href":"https:\/\/api.w.org\/{rel}","templated":true}]}}