{"id":619,"date":"2018-06-05T11:01:27","date_gmt":"2018-06-05T11:01:27","guid":{"rendered":"http:\/\/test.sigmund-freud-institut.de\/Wordpress\/?page_id=619"},"modified":"2026-03-18T12:41:04","modified_gmt":"2026-03-18T11:41:04","slug":"prof-dr-marianne-leuzinger-bohleber","status":"publish","type":"page","link":"https:\/\/sigmund-freud-institut.de\/index.php\/mitarbeiter-innen\/prof-dr-marianne-leuzinger-bohleber\/","title":{"rendered":"Prof. Dr. Marianne Leuzinger-Bohleber"},"content":{"rendered":"<h1>Ehemalige Leiterin des Sigmund-Freud-Instituts (2002-2016)<\/h1>\n<p>F\u00fcr aktuelle Informationen besuchen Sie bitte:<br \/>\n<a href=\"https:\/\/www.marianneleuzingerbohleber.com\/\" target=\"_blank\" rel=\"noopener\">https:\/\/www.marianneleuzingerbohleber.com\/<\/a><\/p>\n<h3><img loading=\"lazy\" decoding=\"async\" class=\"size-full wp-image-1122 alignright\" src=\"http:\/\/www.sigmund-freud-institut.de\/wp-content\/uploads\/pic-503.jpg\" alt=\"\" width=\"152\" height=\"190\" srcset=\"https:\/\/sigmund-freud-institut.de\/wp-content\/uploads\/pic-503.jpg 152w, https:\/\/sigmund-freud-institut.de\/wp-content\/uploads\/pic-503-120x150.jpg 120w\" sizes=\"auto, (max-width: 152px) 100vw, 152px\" \/><\/h3>\n<p>E-Mail: <a class=\"mail\" href=\"mailto:m.leuzinger-bohleber@gmx.de\" target=\"_blank\" rel=\"noopener\">m.leuzinger-bohleber(at)gmx.de<\/a><\/p>\n<h1>Portrait<\/h1>\n<p><a href=\"http:\/\/test.sigmund-freud-institut.de\/Wordpress\/wp-content\/uploads\/CV_Leuzinger-Bohleber.pdf\">(-&gt; further information)<\/a><\/p>\n<p>1980<br \/>\nDoctorate: Philosophical faculty of the University of Zurich<br \/>\n1982\u20131985<br \/>\nResearch scholarship of the German Research Foundation: Sonder\u00adforschungsbereichs 129: Psychotherapeutische Prozesse (University of Ulm)<\/p>\n<p>1985\u20131987<br \/>\nResearch scholarship (Habilitationsstipendium): Breuninger Foundation GmbH Stuttgart1989<br \/>\nHabilitation: Philosophical faculty of University of Zurich1993\u20131998<br \/>\nResearch scholarship K\u00f6hler Foundation Darmstadt:<br \/>\nPsychoanalysis and the Neurosciences in Dialogue<br \/>\n(with Prof. Dr. M. Koukkou-Lehmann)<\/p>\n<h1><a href=\"http:\/\/test.sigmund-freud-institut.de\/Wordpress\/wp-content\/uploads\/Leuzinger-Bohleber__Publ_August_2017-1.pdf\">Ver\u00f6ffentlichungen<\/a><\/h1>\n<h1><a href=\"http:\/\/test.sigmund-freud-institut.de\/Wordpress\/wp-content\/uploads\/2012-BMFSFJ-Erste-_Schritte-1.pdf\">Projekt ERSTE SCHRITTE<\/a><\/h1>\n<h1><a href=\"http:\/\/test.sigmund-freud-institut.de\/Wordpress\/wp-content\/uploads\/Vortra__776_ge_MLB_seit_2008_engl-1.pdf\">Veranstaltungen<\/a><\/h1>\n<h1>Professional Positions and Governance Experience<\/h1>\n<p>1988-2015<br \/>\nProfessor for Psychoanalysis, University of Kassel<\/p>\n<p>1993-2002<br \/>\nDirector of the Institute of Psychoanalysis, University of Kassel<\/p>\n<p>2001-2016<br \/>\nDirector of the Sigmund-Freud-Institute, Frankfurt am Main<\/p>\n<h1>Membership in Professional Societies<\/h1>\n<p>1981<br \/>\nAssociate Member of the Swiss Psychoanalytical Society<\/p>\n<p>1982<br \/>\nAssociate Member of the German Psychoanalytical Association<\/p>\n<p>1994<br \/>\nFull Member of German Psychoanalytical Association (DPV)<\/p>\n<p>since 2002<br \/>\nTraining analyst of German Psychoanalytical Association (DPV)<\/p>\n<p>since 1975<br \/>\nMember of the Swiss Society of Psychology<\/p>\n<p>since 2002<br \/>\nMember of the Society for Neuro-Psychoanalysis (and the Action Group organizing the annual congresses of this society)<\/p>\n<h1>Current Research Fields<\/h1>\n<p>Clinical, Conceptual and Empirical Research in Psychoanalysis<\/p>\n<p>Developmental Research (Foci: Early Childhood and Adolescence)<\/p>\n<p>Psychoanalysis and Neurosciences<\/p>\n<p>Empirical studies on Depression and on ADHD<\/p>\n<p>Psychoanalysis and BioethicsEarly Prevention (\u201eOutreaching Psychoanalysis\u201c)<\/p>\n<p>Psychoanalytically based working with traumatized refugees<\/p>\n<h1>Selected Research Projects (responsible scientific chair and for fundraising)<\/h1>\n<ul>\n<li>Outcomes of Psychoanalyses and Psychoanalytic Longtermtherapies. A representative follow-up study (the DPV Katamnesestudie)(1997-2004); supported by the DPV, the IPA, the German Research Foundation and private sponsors<\/li>\n<li>Ethical Dilemmas Due to Prenatal and Genetic Diagnostics (EDIG): Coordinator of a large\u00a0 EU project (2005-2008),\u00a0 project ongoing.<\/li>\n<li>Frankfurt Preventionstudy (Frankfurter Pr\u00e4ventionsstudie. Pr\u00e4vention und Intervention bei Kindergartenkindern mit psychosozialen Desintegrationsst\u00f6rungen (insb. ADHS): eine prospektive, repr\u00e4sentative Studie in Frankfurter Kindertagesst\u00e4tten) (2003-2008) (Funding: Zinkann Stiftung, Hertie Stiftung, Polytechnische Gesellschaft, SFI, City of Frankfurt) (total funding around \u20ac 500 000.-)<\/li>\n<li>START HILFE, two years early prevention program in Kindergardens, modification of the Frankfurt Preventionstudy, since 2009 implemented as a constant offer by the City of Frankfurt (supported by the Polytechnische Gesellschaft, Crespo Foundation, Zinkann Stiftung, SFI, City of Frankfurt)<\/li>\n<li>Developing Psychoanalytic Practice and Training (DPPT)\u2028Why do medical students and clinical psychologists decide for or against a psychoanalytic training in Germany? )(2004-2009) (supported by the International Psychoanalytical Association (IPA), Deutschen Psychoanalytischen Gesellschaft(DPV), Deutsche Psychoanalytische Gesellschaft (DPG<\/li>\n<li>Comparative outcome study of psychodynamic compared to cognitive behavioral psychotherapies of children suffering from ADHD (Therapiewirksamkeitsstudie psychoanalytischer Behandlungen von hyperaktiven Kindern (F 3 Diagnosen) (ongoing since 2005)(supported by: Verein Analytischer Kinder- und Jugendlichen-Psychotherapie, VAKJP), IPA, SFI)<\/li>\n<li>The LAC Depressionstudy. A comparative outcome study of psychoanalytical and cognitive behavioral longterm therapies with chronic depressed patients (Wenn chronisch Depressive ihre Therapie w\u00e4hlen. Kurz- und Langzeitwirkungen von psychoanalytischer verglichen mit kognitiv-behavioraler Langzeittherapien bei chronisch Depressiven (ongoping since 2007) (supported by\u00a0 DGPT, International Psychoanalytical Association, Heidehofstiftung, German Research Foundation, private sponsors)<\/li>\n<li>Frankfurt-Cologne-Study Group Treatment of Patients after Strokes (\u201eneglect-syndrom\u201c) (1995-2004)(supported by the Sigmund-Freud-Institute )<\/li>\n<li>Frankfurt FmRI\/EEG Depression Study (FRED): Changes of brain functions during psychoanalytical and cognitive behavrioral longtermtreatments of chronic depressed patient s(ongoing since 2006) (supported by the Hope for Depression Foundation, New York, the Sigmund-Freud-Institut, the German Research Foundation )<\/li>\n<li>EVA: Evaluation of two early prevention programs in Kindergartens. Ongoing Research Project since 2009 in the frame of the im IDeA Center for Individual Development and Adaptation of the LOEWE- Landes-Offensive zru Entwicklung Wissenschaftlich-\u00f6konomischer Exzellenz (Excellency initiative oft he State of Hessen) (also supported by IPA and SFI)<\/li>\n<li>MAKREKI: Mathematical creativity of children-at-risk (Mathematische Kreativit\u00e4t bei Kindern mit schwieriger Kindheit): Ongoing Research Project since 2009 in the frame of the im IDeA<\/li>\n<li>KIGRU: Supporting children-at-risk in the transition from Kindergarten to Elementary School\u00a0 (\u00dcbergangsprojekt vom Kindergarten zur Grundschule), supported by the Flughafen Foundation, Frankfurt a.M.<\/li>\n<li>FIRST STEPS, a Project supporting the integration of families with a mirgant background (ERSTE SCHRITTE: Ein Integrationsprojekt f\u00fcr Kinder mit Migrationshintergrund). Ongoing Research Project since 2011 in the frame of the im IDeA Center, also supported by the Ministery of Hessen and the Bundesamt f\u00fcr Migration und Fl\u00fcchtlinge (BAMF), beim Bundesministerium f\u00fcr Familie, Senioren, Frauen und Jugend, beim Hessischen Ministerium der Justiz, f\u00fcr Integration und Europa, the IPA and private sponsors)<\/li>\n<li>JASMIN \u2013 ZWISCHEN TRAUM UND TRAUMA. A prevention project for traumatized refugees in Frankfurt. In cooperation with the Arbeiterwohlfahrt Frankfurt and the Anna-Freud-Institut, supported by Aktion Mensch<\/li>\n<li>HAND \u2013 IN- HAND. A prevention project for traumatized refugees. In cooperation with the Vivantes Klinik, Neuk\u00f6lln supported by Aktion Mensch<\/li>\n<li>NEURO-BIND, a study comparing the neurobiological collreates of desorganized and securely attached children. Interdisciplinary study in cooperation with the IDeA Center, supported by the German Research Foundation<\/li>\n<li>STEP &#8211; BY \u2013 STEP, a pilot project for supporting refugees in the \u201efirst-reception camp\u201c Michaelis-Dorf, Darmstadt, supported by the Ministery of Social Affairs, State of Hessen<\/li>\n<\/ul>\n<h1>100 Jahre IPA<\/h1>\n<p>International Psychoanalytical Association 1910-2010.<br \/>\nCelebrating the IPA&#8217;s Centenary: Contemporary Perspectives on Psychoanalysis (March 27, 2010 in London)<\/p>\n<p>mit einem Vortrag von Marianne Leuzinger-Bohleber<br \/>\n-&gt;\u00a0<a class=\"download\" href=\"http:\/\/test.sigmund-freud-institut.de\/Wordpress\/wp-content\/uploads\/ML-B-Int-Psychoanal-2010-Sonderausgabe.pdf\" target=\"_blank\" rel=\"noopener\">Psychoanalyse als\u00a0 \u201eWissenschaft des Unbewussten\u201c\u00a0im ersten Jahrhundert der IPA<\/a>\u00a0(PDF-File)<\/p>\n<p>englische \u00dcbersetzung<br \/>\n<a class=\"download\" href=\"http:\/\/test.sigmund-freud-institut.de\/Wordpress\/wp-content\/uploads\/ML-B-100-Jahre-IPA-Research-engl.pdf\" target=\"_blank\" rel=\"noopener\">-&gt; Psychoanalysis as a \u201cscience of the unconscious\u201d at the IPA centenary<\/a>\u00a0(PDF-File)<\/p>\n<p>franz\u00f6sische \u00dcbersetzung<br \/>\n<a class=\"download\" href=\"http:\/\/test.sigmund-freud-institut.de\/Wordpress\/wp-content\/uploads\/ML-B-100-Jahre-IPA-Research-franz.pdf\" target=\"_blank\" rel=\"noopener\">-&gt; La psychanalyse\u00a0 en tant que\u00a0 \u201escience de l\u2019inconscient\u201c\u00a0dans le premier si\u00e8cle d\u2019existence de la IPA (PDF-File)<\/a><\/p>\n<h1>Awards<\/h1>\n<p>Honorary interdisciplinary scholarship by the K\u00f6hler Foundation fort he Dialogue between Psychoanalysis and the Neurosciences 1993-1998<\/p>\n<p>Research Prize of the\u00a0 International Psychoanalytical Association (received at the Congress of the International Psychoanalytical Association in New Orleans, M\u00e4rz 2004)<\/p>\n<p>Best paper of the International Journal of Psychoanalysis 2003 (received at the Congress of the International Psychoanalytical Association in Rio de Janeiro, Juli 2005)<\/p>\n<p><a href=\"http:\/\/www.sigourneyaward.org\/\">Recipient of the Mary Sigourney Award 2016<\/a><\/p>\n","protected":false},"excerpt":{"rendered":"<p>Ehemalige Leiterin des Sigmund-Freud-Instituts (2002-2016) F\u00fcr aktuelle Informationen besuchen Sie bitte: https:\/\/www.marianneleuzingerbohleber.com\/ E-Mail: m.leuzinger-bohleber(at)gmx.de Portrait (-&gt; further information) 1980 Doctorate: Philosophical faculty of the University of Zurich 1982\u20131985 Research scholarship of the German Research Foundation: Sonder\u00adforschungsbereichs 129: Psychotherapeutische Prozesse (University of Ulm) 1985\u20131987 Research scholarship (Habilitationsstipendium): Breuninger Foundation GmbH Stuttgart1989 Habilitation: Philosophical faculty of University &hellip; <\/p>\n<p class=\"link-more\"><a href=\"https:\/\/sigmund-freud-institut.de\/index.php\/mitarbeiter-innen\/prof-dr-marianne-leuzinger-bohleber\/\" class=\"more-link\"><span class=\"screen-reader-text\">\u201eProf. Dr. Marianne Leuzinger-Bohleber\u201c<\/span> weiterlesen<\/a><\/p>\n","protected":false},"author":1,"featured_media":0,"parent":31,"menu_order":111,"comment_status":"closed","ping_status":"closed","template":"","meta":{"footnotes":""},"class_list":["post-619","page","type-page","status-publish","hentry"],"_links":{"self":[{"href":"https:\/\/sigmund-freud-institut.de\/index.php\/wp-json\/wp\/v2\/pages\/619","targetHints":{"allow":["GET"]}}],"collection":[{"href":"https:\/\/sigmund-freud-institut.de\/index.php\/wp-json\/wp\/v2\/pages"}],"about":[{"href":"https:\/\/sigmund-freud-institut.de\/index.php\/wp-json\/wp\/v2\/types\/page"}],"author":[{"embeddable":true,"href":"https:\/\/sigmund-freud-institut.de\/index.php\/wp-json\/wp\/v2\/users\/1"}],"replies":[{"embeddable":true,"href":"https:\/\/sigmund-freud-institut.de\/index.php\/wp-json\/wp\/v2\/comments?post=619"}],"version-history":[{"count":6,"href":"https:\/\/sigmund-freud-institut.de\/index.php\/wp-json\/wp\/v2\/pages\/619\/revisions"}],"predecessor-version":[{"id":16094,"href":"https:\/\/sigmund-freud-institut.de\/index.php\/wp-json\/wp\/v2\/pages\/619\/revisions\/16094"}],"up":[{"embeddable":true,"href":"https:\/\/sigmund-freud-institut.de\/index.php\/wp-json\/wp\/v2\/pages\/31"}],"wp:attachment":[{"href":"https:\/\/sigmund-freud-institut.de\/index.php\/wp-json\/wp\/v2\/media?parent=619"}],"curies":[{"name":"wp","href":"https:\/\/api.w.org\/{rel}","templated":true}]}}