{"id":7752,"date":"2022-01-27T17:00:19","date_gmt":"2022-01-27T15:00:19","guid":{"rendered":"https:\/\/www.sigmund-freud-institut.de\/?page_id=7752"},"modified":"2025-05-09T12:30:15","modified_gmt":"2025-05-09T10:30:15","slug":"dennis-schaefer","status":"publish","type":"page","link":"https:\/\/sigmund-freud-institut.de\/index.php\/mitarbeiter-innen\/dennis-schaefer\/dennis-schaefer\/","title":{"rendered":"MSc. Psych. Dennis Sch\u00e4fer"},"content":{"rendered":"\n\n\n<h1 class=\"wp-block-heading\">Portrait<\/h1>\n\n\n\n<p>Since 08\/2023<br>Research associate at the Sigmund-Freud-Institute in the project \u201cAttachment Trauma in Adopted and Foster Children: A Psychoanalytic Therapy Study (BAPAS)\u201d headed by Prof. Dr. Meurs<\/p>\n\n\n\n<p>Since 04\/2023<br>Research associate at the Sigmund Freud Institute in the project &#8222;Transitional spaces of (further) arrival (\u00dcWA)&#8220; headed by Prof. Dr. Patrick Meurs<\/p>\n\n\n\n<p>03\/2023<br>Degree M.Sc. Psychology at Gutenberg University Mainz<\/p>\n\n\n\n<p>01\/2022 to 03\/2023<br>Research associate at the Sigmund Freud Institute in the project &#8222;Intermediate spaces of arrival&#8220; headed by Prof. Dr. Patrick Meurs<\/p>\n\n\n\n<p>08\/2020<br>Degree B.Sc. Psychology at Gutenberg University Mainz<\/p>\n\n\n\n<p>2017 to 2021<br>Scientific assistant in the field of Child and Family Psychosomatics at the University Hospital Gie\u00dfen in the project &#8222;Jugend im Risiko&#8220; under the direction of Prof. Dr. Burkhard Brosig<\/p>\n\n\n\n<p>05\/2017<br>Degree M.A. Sociology at Goethe University Frankfurt<\/p>\n\n\n\n<p>WS 2015 \/ 2016<br>Student assistant at the chair for qualitative social research at Goethe University in Frankfurt<\/p>\n\n\n\n<p>01\/2014<br>Degree B.A. Sociology at the Goethe University in Frankfurt<\/p>\n\n\n\n<h1 class=\"wp-block-heading\">Research interests<\/h1>\n\n\n\n<ul class=\"wp-block-list\">\n<li>Qualitative social research<\/li>\n\n\n\n<li>Migration and flight<\/li>\n\n\n\n<li>Mental health and stress in professional qualification<\/li>\n\n\n\n<li>Psychosocial care in vocational orientation<\/li>\n<\/ul>\n\n\n\n<h1 class=\"wp-block-heading\">Research projects<\/h1>\n\n\n\n<p><a href=\"https:\/\/www.idea-frankfurt.eu\/de\/bapas\"><strong>BAPAS \u2013 Attachment Trauma in Adoptive and Foster Children \u2013 A Psychoanalytic Therapy Study<\/strong><\/a><br>Senior Scientist: Prof. Dr. Patrick Meurs<br>Function: Research Associate<br>Funding: IDeA<br>Duration: 07\/21 \u2013 12\/24<\/p>\n\n\n\n<p><strong><a href=\"https:\/\/www.sigmund-freud-institut.de\/wp-content\/uploads\/UeWA_Projektbeschreibung_engl._25.01.2024.pdf\" target=\"_blank\" rel=\"noreferrer noopener\">Transitional Spaces of Arrival (\u00dcWA)<\/a><br>Follow-up project to ZA<\/strong> and<strong> VTI <\/strong><br>Scientific lead: Prof. Dr. Patrick Meurs<br>Funkton Research Associate<br>Funded by: Hessisches Ministerium f\u00fcr Soziales und Integration<br>Duration: 04\/23 \u2013 12\/25<\/p>\n\n\n\n<p><strong>Intervals of arrival &#8211; Zwischenr\u00e4ume des Ankommens (ZA-Projekt)<\/strong> <br><strong>Follow-up project to &#8218;Loss, trauma and integration Accompanying research on the four centers of psychosocial care for refugees in Hesse&#8216;<\/strong><br>Direction: Prof. Dr. Patrick Meurs<br>Function: Research Associate<br>Funding: Hessisches Ministerium f\u00fcr Soziales und Integration<br>Duration: 01\/20 \u2013 03\/23<\/p>\n\n\n\n<p><strong>Project \u201eJugend im Risiko\u201c<\/strong> <br>&#8211;&nbsp;cooperation project between the Child and Family Psychosomatic Department of the University Hospital Gie\u00dfen&nbsp;and the Jugendwerkstatt Gie\u00dfen GmbH<br>Project management: Prof. Dr. Burkhard Brosig<br>Function: Research assistant<br>Funding: Europ\u00e4ischer Sozialfonds<br>Project duration: since 2013<\/p>\n\n\n\n<h1 class=\"wp-block-heading\">Events<\/h1>\n\n\n\n<p>Lecture \u201cRefugee Children at School \u2013 Empirical Insights into Migration and Refugee Research at the Sigmund Freud Institute\u201d, as part of the IDeA Center Conference in Bad Homburg, September 26th, 2024<\/p>\n\n\n\n<p>Lecture \u201cPsychodynamic work with attachment-traumatized foster and adoptive children\u201d as part of the 53rd Congress of the German Psychological Society from September 16th to 19th, 2024 at the University of Vienna<\/p>\n\n\n\n<p>\u201eRestricted by measures against the coronavirus? Difficulties at the Transition from school to work in times of a pandemic\u201d<\/p>\n\n\n\n<p>As part of the online workshop &#8222;Ethics, children, education and the COVID-19 pandemic&#8220;, from September 28th to 29th, 2021, organized by the Center for Ethics and Poverty Research of the University of Salzburg<\/p>\n\n\n\n<h1 class=\"wp-block-heading\">Publications<\/h1>\n\n\n\n<p>Meurs, P., Ziegler, P., <strong>Sch\u00e4fer, D.<\/strong> (2023): Radikalisierung islamischer Jugendlicher in psychoanalytischer Perspektive. <em>Jugendhilfe<\/em>, 96-99.<\/p>\n\n\n\n<p>Meurs, P., Poholski, C., Ziegler, P.,<strong> Sch\u00e4fer, D., <\/strong>Ghassan, D. &amp; Zokai, R.&nbsp;(2023): Zur Gestalt psycho-therapeutischer Beziehungen mit Kindern und Jugendlichen w\u00e4hrend der Ankommensphase nach der Flucht. In:Traxl, B. (Hrsg.):&nbsp;<em>Psychoanalyse outside the box&nbsp;<\/em>(S. 15-40)<em>.&nbsp;<\/em>Gie\u00dfen: Brandes &amp; Apsel.<\/p>\n\n\n\n<p>Botschek, T., Monninger, M., <strong>Sch\u00e4fer, D.<\/strong>, Cevik, R., Memis, K., M\u00fcller, U., Monninger, M. &amp; Brosig, B. (2023): Evaluation of multidimensional pediatric-psychosomatic inpatient therapy: a pilot study comparing two treatment modalities. Front. Psychol. 14:1022409. doi: 10.3389\/fpsyg.2023.1022409<\/p>\n\n\n\n<p>M\u00f6hring, J., <strong>Sch\u00e4fer, D.<\/strong>, Huth, M., Brosig, B. (2023): Restricted by measures against the coronavirus? Difficulties at the transition from school to work in times of a pandemic. <em>Studies in Philosophy and Education<\/em>, 42, 83-99.<\/p>\n\n\n\n<p><strong>Sch\u00e4fer, D.<\/strong>, M\u00f6hring J. V., &amp; Brosig, B. (2022): Psychosomatische Belastungen in der beruflichen Qualifizierung \u2013 eine projektbegleitende Studie. <em>Forum Sozialarbeit + Gesundheit, <\/em>4, 50-53.<\/p>\n\n\n\n<p>Meurs, P., Jensen, A., Kuhn, M. M., Arnold, S., Zokai, R., Lohl, J., Ghassan, D., <strong>Sch\u00e4fer, D.<\/strong>, &amp; Stumpf\u00f6gger, N. (2022): Im Dickicht des Ankommens. Einblicke in die psychosoziale Begleitung von Gefl\u00fcchteten. Gie\u00dfen: Psychosozial-Verlag. <\/p>\n\n\n\n<p>M\u00f6hring, J., <strong>Sch\u00e4fer, D.<\/strong>, Brosig, B. (2021): Risky Transitions. Vocational Development between Traumatic Biography and the Search for Identity.&nbsp;<em>Advances in Applied Sociology<\/em>,&nbsp;11, 669-694. doi:&nbsp;10.4236\/aasoci.2021.1112056.<\/p>\n\n\n\n<p><strong>Sch\u00e4fer<\/strong><strong> <\/strong><strong>D.<\/strong>, M\u00f6hring J. V., Brosig B. (2020): Hilfen zwischen Schule und Beruf. Eine Evaluation der Bew\u00e4ltigung psychischer Problemlagen. Forum Sozialarbeit + Gesundheit 4: 25-28.<\/p>\n\n\n","protected":false},"excerpt":{"rendered":"<p>Portrait Since 08\/2023Research associate at the Sigmund-Freud-Institute in the project \u201cAttachment Trauma in Adopted and Foster Children: A Psychoanalytic Therapy Study (BAPAS)\u201d headed by Prof. Dr. Meurs Since 04\/2023Research associate at the Sigmund Freud Institute in the project &#8222;Transitional spaces of (further) arrival (\u00dcWA)&#8220; headed by Prof. Dr. Patrick Meurs 03\/2023Degree M.Sc. Psychology at Gutenberg &hellip; <\/p>\n<p class=\"link-more\"><a href=\"https:\/\/sigmund-freud-institut.de\/index.php\/mitarbeiter-innen\/dennis-schaefer\/dennis-schaefer\/\" class=\"more-link\"><span class=\"screen-reader-text\">\u201eMSc. Psych. Dennis Sch\u00e4fer\u201c<\/span> weiterlesen<\/a><\/p>\n","protected":false},"author":2,"featured_media":0,"parent":7740,"menu_order":0,"comment_status":"closed","ping_status":"closed","template":"","meta":{"footnotes":""},"class_list":["post-7752","page","type-page","status-publish","hentry"],"_links":{"self":[{"href":"https:\/\/sigmund-freud-institut.de\/index.php\/wp-json\/wp\/v2\/pages\/7752","targetHints":{"allow":["GET"]}}],"collection":[{"href":"https:\/\/sigmund-freud-institut.de\/index.php\/wp-json\/wp\/v2\/pages"}],"about":[{"href":"https:\/\/sigmund-freud-institut.de\/index.php\/wp-json\/wp\/v2\/types\/page"}],"author":[{"embeddable":true,"href":"https:\/\/sigmund-freud-institut.de\/index.php\/wp-json\/wp\/v2\/users\/2"}],"replies":[{"embeddable":true,"href":"https:\/\/sigmund-freud-institut.de\/index.php\/wp-json\/wp\/v2\/comments?post=7752"}],"version-history":[{"count":5,"href":"https:\/\/sigmund-freud-institut.de\/index.php\/wp-json\/wp\/v2\/pages\/7752\/revisions"}],"predecessor-version":[{"id":14721,"href":"https:\/\/sigmund-freud-institut.de\/index.php\/wp-json\/wp\/v2\/pages\/7752\/revisions\/14721"}],"up":[{"embeddable":true,"href":"https:\/\/sigmund-freud-institut.de\/index.php\/wp-json\/wp\/v2\/pages\/7740"}],"wp:attachment":[{"href":"https:\/\/sigmund-freud-institut.de\/index.php\/wp-json\/wp\/v2\/media?parent=7752"}],"curies":[{"name":"wp","href":"https:\/\/api.w.org\/{rel}","templated":true}]}}