{"id":7913,"date":"2022-02-03T17:16:17","date_gmt":"2022-02-03T15:16:17","guid":{"rendered":"https:\/\/www.sigmund-freud-institut.de\/?page_id=7913"},"modified":"2026-04-01T11:47:38","modified_gmt":"2026-04-01T09:47:38","slug":"prof-dr-patrick-meurs","status":"publish","type":"page","link":"https:\/\/sigmund-freud-institut.de\/index.php\/mitarbeiter-innen\/prof-dr-patrick-meurs\/","title":{"rendered":"Prof. Dr. Patrick Meurs"},"content":{"rendered":"\n<h1 class=\"wp-block-heading\">Direktor<\/h1>\n\n\n\n<h3 class=\"wp-block-heading\">Kontakt<\/h3>\n\n\n<div class=\"wp-block-image\">\n<figure class=\"alignright\"><img loading=\"lazy\" decoding=\"async\" width=\"116\" height=\"174\" src=\"https:\/\/www.sigmund-freud-institut.de\/wp-content\/uploads\/pic-639-1.jpg\" alt=\"\" class=\"wp-image-1330\" srcset=\"https:\/\/sigmund-freud-institut.de\/wp-content\/uploads\/pic-639-1.jpg 116w, https:\/\/sigmund-freud-institut.de\/wp-content\/uploads\/pic-639-1-100x150.jpg 100w\" sizes=\"auto, (max-width: 116px) 100vw, 116px\" \/><\/figure>\n<\/div>\n\n\n<p class=\"has-text-align-left\">Sigmund-Freud-Institut<br>Myliusstra\u00dfe 20<br>60323 Frankfurt am Main<br>Raum 3.14<\/p>\n\n\n\n<p>Sekretariat: <a href=\"http:\/\/www.sigmund-freud-institut.de\/index.php\/institut\/mitarbeiter-innen\/annette-sibert\/\">Annette Sibert<\/a><br>Telefon 069 971204-149<\/p>\n\n\n\n<p>E-Mail&nbsp;<a href=\"mailto:meurs@sigmund-freud-institut.de\">meurs<br>(at)sigmund-freud-institut.de<\/a><\/p>\n\n\n\n<p><\/p>\n\n\n\n<details class=\"wp-block-details is-layout-flow wp-block-details-is-layout-flow\"><summary>Aktuelles<\/summary>\n<p><strong>Vortr\u00e4ge und Veranstaltungen<\/strong><\/p>\n\n\n\n<p>Vortrag zum Thema \u201eMethodiken der psychoanalytischen Kinderpsychotherapie\u201c im Rahmen der postgradualen Ausbildung der psychoanalytischen Kindertherapie am <strong>20. April<\/strong> <strong>2026<\/strong>, Universit\u00e4t Kassel.<\/p>\n\n\n\n<p>Vortrag zum Thema: \u201eKultur in der psychoanalytischen Therapie\u201c, im Rahmen der Kinder- und Jugendlichenpsychotherapieausbildung am <strong>07. Mai 2026<\/strong>, Universit\u00e4t Kassel.<\/p>\n\n\n\n<p>19. Impulsvortrag, \u201eBeobachten und beobachtet werden bei der Arbeit in einer Kita\u201c, im Rahmen des Starthilfe Projekts, f\u00fcr die Mitarbeitenden der Kita Frankfurt, am <strong>28. Mai 2026, <\/strong>im Sigmund- Freud-Institut in Frankfurt.<\/p>\n\n\n\n<p>Vortrag zur 40-Jahrfeier der VVPT (Fl\u00e4mischer Verein f\u00fcr Psychoanalytische Therapie), am <strong>04. Juni 2026<\/strong>, Leuven, Belgien.<\/p>\n\n\n\n<p>Vortrag und Seminar zum Thema \u201eGefl\u00fcchtete Kinder und ihre Eltern in psychoanalytischer Therapie: fluchtspezifische Themen und Dynamiken\u201c am <strong>11. und 12. Juni<\/strong> <strong>2026<\/strong>, beim 15. Treffen der deutschsprachigen psychoanalytischen Kinder- und Jugendtherapeuten w\u00e4hrend der Silser Studienwoche 2026 in Sils, Schweiz.<\/p>\n\n\n\n<p>20. Impulsvortrag, im Rahmen des Starthilfe Projekts, f\u00fcr die Mitarbeitenden der Kita Frankfurt, am <strong>20. August 2026, <\/strong>im Sigmund- Freud-Institut in Frankfurt.<\/p>\n\n\n\n<p>Akademische Sitzung zur Emeritierung Patrick Meurs, am <strong>16. Oktober 2026<\/strong>, an der Katholischen Universit\u00e4t in Leuven, Belgien.<\/p>\n\n\n\n<p>Vortrag w\u00e4hrend der Tagung \u201e20 Jahre Starthilfe\u201c am <strong>27. November 2026<\/strong>,. im Sigmund-Freud-Institut in Frankfurt.<\/p>\n\n\n\n<p><strong>Pressestimmen, Sendungen, Interviews<\/strong><\/p>\n\n\n\n<p>Beitrag in der <a href=\"https:\/\/www.hessenschau.de\/gesellschaft\/hilfe-mit-bollerwagen-wie-gefluechtete-psychosozial-unterstuetzt-werden-v1,psychosoziale-beratung-hessen-102.html\">Hessenschau online<\/a>, ver\u00f6ffentlicht am 29.04.2025 \u00fcber das PSV-Projekt. Ein Beitrag mit Raem Abd-Al-Majeed und Prof. Dr. Patrick Meurs.<\/p>\n<\/details>\n\n\n\n<details class=\"wp-block-details is-layout-flow wp-block-details-is-layout-flow\"><summary>Neuerscheinungen<br><\/summary>\n<p>2026<br>Schestag, L., <strong>Meurs, P.<\/strong>, Mehner-Gantner, J., Sarhan, A. &amp; Fritzemeyer, K. (2026). Complex interplay of emotional availability with migration-related and sociodemographic factors: an exploratory study of mothers and their infants with a history of migration in Germany. Frontiers in Psychology, 17: 1778280.<em> &nbsp;&nbsp;&nbsp;<\/em><a href=\"https:\/\/doi.org\/10.3389\/fpsyg.2026.1778280\">https:\/\/doi.org\/10.3389\/fpsyg.2026.1778280<\/a><br><br><strong>Meurs, P., Sch\u00e4fer, D.<\/strong>, Hesemans, S., \u00c7inar, D., Rickmeyer, C., Hug, F., Fischmann, T., Meyer, T. und Lebiger-Vogel, J. (2026). Rethinking the role of the pretend play mode in mentalization-focused child therapy for adopted and foster children with attachment trauma: from a pre-mentalizing mode to a developmental achievement and a milestone on the trajectory towards mentalization.&nbsp;<em>Frontiers in Psychology, 17<\/em>: 1695144.<\/p>\n\n\n\n<p><strong>Meurs, P., Sch\u00e4fer, D.<\/strong>, Hesemans, S., \u00c7\u0131nar, D., Rickmeyer, C., Hug, F., Fischmann, T., Meyer, T. &amp; Lebiger-Vogel, J. (2026): Der Als-ob-Spielmodus als Meilenstein in der Entwicklung von Mentalisierung bei traumatisierten Pflege- und Adoptivkindern. Kinder- und Jugendlichen-Psychotherapie (KJP). Fachzeitschrift f\u00fcr Psychoanalyse und Tiefenpsychologie, 3\/2026 (Nr. 211). (akzeptiert)<\/p>\n\n\n\n<p>2025<br><strong>Meurs, P. <\/strong>&amp; Poholski, C. (2025): Bindungsverletzungen und -traumata bei Pflege- oder Adoptivkindern \u00fcberschatten die Elternschaft: Fort- und Weiterbildungsmodule f\u00fcr Fachkr\u00e4fte der Kinder- und Jugendhilfe. <em>PFAD, Zeitschrift des Bundesverbandes der Pflege- und Adoptivfamilien.<\/em> (im Druck)<\/p>\n\n\n\n<p><strong>Meurs, P.<\/strong> (2025): Wenn Migranten sp\u00e4ter auf ihr Leben zur\u00fcckblicken. Die Rolle einer Mehrgenerationenperspektive bei der Entwicklung von existenzieller Zufriedenheit und relational bedingter Ich-Integrit\u00e4t. <em>Psychotherapie im Alter. Forum f\u00fcr Psychotherapie, Psychiatrie, Psychosomatik und Beratung,<\/em> 25(3), 275-290.<\/p>\n\n\n\n<p><strong>Meurs, P.<\/strong>, Abd-Al-Majeed, R., Poholski, C. &amp; Saligheh, S. (Hg.) (2025):&nbsp;Helfende H\u00e4nde f\u00fcr gefl\u00fcchtete Menschen. Beziehungsorientierte psychosoziale Begleitung w\u00e4hrend des Ankommens<em>.<\/em>&nbsp;Gie\u00dfen: Psychosozial-Verlag.<\/p>\n\n\n\n<p><strong>Meurs, P.<\/strong>, Abd-Al-Majeed, R.,<strong> <\/strong>Poholski, C., Saligheh, S., \u00c7inar, D., Zokai, R. &amp; Neupert, R. (2025). Helfende H\u00e4nde als Symbol. In: Meurs, P., Abd-Al-Majeed, R., Poholski, C. &amp; Saligheh, S. (Hg.). <em>Helfende H\u00e4nde f\u00fcr gefl\u00fcchtete Menschen. Beziehungsorientierte psychosoziale Begleitung w\u00e4hrend des Ankommens. <\/em>Gie\u00dfen: Psychosozial Verlag, 15-30.<\/p>\n\n\n\n<p><strong>Meurs, P.<\/strong> (2025): Komplexe M\u00e4nnlichkeiten: \u00c4nderungen der famili\u00e4ren Rollen und des Geschlechterbildes bei gefl\u00fcchteten M\u00e4nnern. In: Meurs, P., Abd-Al-Majeed, R., Poholski, C. &amp; Saligheh, S. (Hg.) (2025):&nbsp;Helfende H\u00e4nde f\u00fcr gefl\u00fcchtete Menschen. Beziehungsorientierte psychosoziale Begleitung w\u00e4hrend des Ankommens. Gie\u00dfen: Psychosozial-Verlag, 73-93.<\/p>\n\n\n\n<p><strong>Meurs, P.<\/strong>, Abd-Al-Majeed, R., Poholski, C. &amp; Saligheh, S. (2025): Vier Schlussworte. In: Meurs, P., Abd-Al-Majeed, R., Poholski, C. &amp; Saligheh, S. (Hg.) (2025):&nbsp;Helfende H\u00e4nde f\u00fcr gefl\u00fcchtete Menschen. Beziehungsorientierte psychosoziale Begleitung w\u00e4hrend des Ankommens<em>.<\/em>&nbsp;Gie\u00dfen: Psychosozial-Verlag.<\/p>\n\n\n\n<p><strong>Meurs, P.<\/strong>, Witzel, H. &amp; R\u00f6ssel-\u010cunovi\u0107, M.-L. (2025): Das Balancieren von N\u00e4he und Distanz in der Betreuung und Beratung von Gefl\u00fcchteten. In: Meurs, P., Abd-Al-Majeed, R., Poholski, C. &amp; Saligheh, S. (Hg.) (2025):&nbsp;Helfende H\u00e4nde f\u00fcr gefl\u00fcchtete Menschen. Beziehungsorientierte psychosoziale Begleitung w\u00e4hrend des Ankommens. Gie\u00dfen: Psychosozial-Verlag, 121-141.<\/p>\n\n\n\n<p>Poholski, C. &amp; <strong>Meurs, P. <\/strong>(2025). Getragen vom Netz der Beziehungen. Zur Unverzichtbarkeit von Supervision in der psychosozialen Begleitung w\u00e4hrend des Ankommens. In: Meurs, P., Abd-Al-Majeed, R., Poholski, C. &amp; Saligheh, S. (Hg.). <em>Helfende H\u00e4nde f\u00fcr gefl\u00fcchtete Menschen. Beziehungsorientierte psychosoziale Begleitung w\u00e4hrend des Ankommens<\/em>.<em> <\/em>Gie\u00dfen: Psychosozial Verlag, 169-189.<\/p>\n\n\n\n<p><strong>Meurs, P.<\/strong> &amp; Hesemans, S. (2025)&nbsp;: Therapeutisch werken aan de relationele impact van complexe traumatiseringen. <em>Tijdschrift voor Psychotherapie. <\/em><\/p>\n\n\n\n<p>2024<br><strong>Meurs, P.<\/strong> &amp; B\u00fcrgin, D. (2024): Dostojewskis Roman \u201cAufzeichnungen aus dem Kellerloch und die Konzeption des Unbewussten in der Psychoanalyse. <em>Jahrbuch der Psychoanalyse<\/em>, 12, 167-190.<\/p>\n\n\n\n<p><strong>Meurs, P.<\/strong> &amp;<strong> <\/strong>Poholski, C. (2024): <em>Conceptual framework for the EU-Project Therapeutic foster care for unaccompanied minors and their foster families (FORM).<\/em> Br\u00fcssel: Odisee, <a href=\"https:\/\/www.odisee.be\/sites\/default\/files\/public\/2024-11\/Conceptual%20framework.pdf\">https:\/\/www.odisee.be\/sites\/default\/files\/public\/2024-11\/Conceptual%20framework.pdf<\/a>, letzter Zugriff 07.04.2025.<\/p>\n\n\n\n<p>Poholski, C. &amp; <strong>Meurs, P.<\/strong> (2024): <em>Practical Guide for foster care workers. A 10-point programme for the EU-Project Therapeutic foster care for unaccompanied minors and their foster families (FORM).<\/em> Br\u00fcssel: Odisee, <br><a href=\"https:\/\/www.odisee.be\/sites\/default\/files\/public\/2024-11\/A%20Practical%20Guide%20for%20Foster%20Care%20Workers.pdf\">https:\/\/www.odisee.be\/sites\/default\/files\/public\/2024-11\/A%20Practical%20Guide%20for%20Foster%20Care%20Workers.pdf<\/a>, letzter Zugriff 07.04.2025.<\/p>\n\n\n\n<p>2023<br><strong>Meurs, P.<\/strong> (2023): Niemand in dieser Familie ist krank! Ein f\u00fcnfzehnj\u00e4hriger gefl\u00fcchteter Adoleszenter auf der Suche nach W\u00fcrde und Wehrbarkeit in einer mehrfach traumatisierten Familie. In: Benzel, S., King, V., Koller, H.-C., Meurs, P. &amp; Wei\u00df, H. (Hg.): <em>Adoleszenz und Generationendynamik im Kontext von Migration und Flucht.<\/em> Wiesbaden: Springer VS, 227-243. <\/p>\n\n\n\n<p><strong>Meurs, P.<\/strong>, Ziegler, P. &amp; Sch\u00e4fer, D. (2023): Radikalisierung islamischer Jugendlicher aus psychoanalytischer Perspektive. <em>Jugendhilfe, 61 <\/em>(1), 96-100<\/p>\n\n\n\n<p>Vliegen, N., Tang, E. &amp; <strong>Meurs, P. <\/strong>(2023): <em>Children recovering from complex trauma: from wounds to scars. <\/em>London: Routledge.<\/p>\n\n\n\n<p><strong>Meurs, P.<\/strong>, Poholski, C., Ziegler, P., Sch\u00e4fer, D., Ghassan, D.&amp; Zokai, R. (2023): Zur Gestalt psycho-therapeutischer Beziehungen mit Kindern und Jugendlichen w\u00e4hrend der Ankommensphase nach der Flucht. In:Traxl, B. (Hrsg.): <em>Psychoanalyse outside the box <\/em>(S. 15-40)<em>. <\/em>Gie\u00dfen: Brandes &amp; Apsel.<\/p>\n\n\n\n<p>2022<br>Lebiger-Vogel, J., Rickmeyer, C., <strong>Meurs, P.<\/strong>, Veale, A. &amp; Derluyn, I. (2022): Editorial. Early prevention for children with an immigrant background. Front. Psychol. 13:1106185. doi: 10.3389\/fpsyg.2022.1106185<\/p>\n\n\n\n<p><strong>Meurs, P.<\/strong>, Jensen, A., Kuhn, M., Arnold, S., Zokai, R., Lohl, J., Ghassan, D., Sch\u00e4fer, D. &amp; Stumpf\u00f6gger, N. (2022): Im Dickicht des Ankommens. Einblicke in die psychosoziale Begleitung von Gefl\u00fcchteten. Gie\u00dfen: Psychozozial-Verlag.<\/p>\n\n\n\n<p><strong>Meurs, P.<\/strong>, Baeten, K., Lebiger-Vogel, J. &amp; Poholski, C. (2022): Affektregulierende kinderanalytische Arbeit im Schatten multipler Traumatisierungen. <em>Psyche \u2013 Z Psychoanal<\/em> 76 (9\/10), 878\u2013912. doi: 10.21706\/ps-76-9-878<\/p>\n\n\n\n<p>G\u00fcnther, M., Kerschgens, A., <strong>Meurs, P. <\/strong>&amp; Paulus, M. (Hg.) (2022): <em>Gefl\u00fcchtete Familien und fr\u00fche Hilfen. <\/em>Weinheim: Beltz Verlag.<\/p>\n\n\n\n<p><strong>Meurs, P.<\/strong>, Lebiger-Vogel J., Rickmeyer, C. and Jullian, G. (2022): Cultural Sensitivity in Preventive Infant Mental Health Care: An Example From the Developmental Guidance Project FIRST STEPS in Belgium. <em>Frontiers in Psychology<\/em>, 13:831416. doi: 10.3389\/fpsyg.2022.831416<\/p>\n\n\n\n<p>Bervoets, E., <strong>Meurs, P.<\/strong>, Luyten, P., Tang, E. &amp; Vliegen, N. (2022): Walking the tightrope: ego supprot and exploration with a child with complex trauma. <em>Journal of Child Psychotherapy, 47 <\/em>(3), 415-432.<\/p>\n\n\n\n<p>Hug, F., Degen, T., <strong>Meurs, P.<\/strong> &amp; Fischmann, T. (2022): Psychoanalytical Considerations of Emotion Regulation Disorders in Multiple Complex-Traumatized Children\u2014A Study Protocol of the Prospective Study MuKi. Front. Hum. Neurosci. 16:809616. doi: 10.3389\/fnhum.2022.809616<\/p>\n\n\n\n<p>Lebiger-Vogel, J., Rickmeyer, C., Leuzinger-Bohleber, M., &amp; <strong>Meurs, P. <\/strong>(2022): Fostering Emotional Availability in Mother-Child-Dyads With an Immigrant Background: A Randomized-Controlled-Trial on the Effects of the Early Prevention Program First Steps. <em>Frontiers in Psychology, 13<\/em>.&nbsp; Retrieved from <a href=\"https:\/\/www.frontiersin.org\/article\/10.3389\/fpsyg.2022.790244\">https:\/\/www.frontiersin.org\/article\/10.3389\/fpsyg.2022.790244<\/a><\/p>\n<\/details>\n\n\n\n<details class=\"wp-block-details is-layout-flow wp-block-details-is-layout-flow\"><summary>Forschung<\/summary>\n<p><strong><a href=\"https:\/\/www.sigmund-freud-institut.de\/wp-content\/uploads\/PSV_Projektbeschreibung_2024_DEU.pdf\" target=\"_blank\" rel=\"noreferrer noopener\">Psychosozialer Verbund Rhein-Main (PSV)<\/a><\/strong><\/p>\n\n\n\n<p><strong>Projektleitung:<\/strong> Prof. Dr. Patrick Meurs<br><strong>Projektkoordination:<\/strong> Sima Saligheh<br><strong>Projektmitarbeitende:<\/strong> Rieke Neupert, Corinna Poholski, Rana Zokai-Ries<br><strong>Verbundpartner:<\/strong> <a href=\"https:\/\/www.anna-freud-institut.de\/ambulanz\" target=\"_blank\" rel=\"noreferrer noopener\">AFI<\/a><strong>, <\/strong><a href=\"https:\/\/evangelische-beratung.com\/migration-flucht\/\" target=\"_blank\" rel=\"noreferrer noopener\">ERV<\/a><strong>, <\/strong><a href=\"https:\/\/www.fatra-ev.de\/fluechtlinge\" target=\"_blank\" rel=\"noreferrer noopener\">FATRA<\/a><strong>, <\/strong><a href=\"https:\/\/fpi.de\/informationen-fuer-patienten\/international-clinic\" target=\"_blank\" rel=\"noreferrer noopener\">FPI<\/a><br><strong>Gef\u00f6rdert durch<\/strong>: Hessisches Ministerium f\u00fcr Arbeit, Integration, Jugend und Soziales<br><a href=\"https:\/\/www.psv-rhein-main.de\/\" target=\"_blank\" rel=\"noreferrer noopener\">www.psv-rhein-main.de<\/a><br><strong>Projektlaufzeit<\/strong>: 01\/18 \u2013 12\/26<\/p>\n\n\n\n<p><strong>\u00dcbergangsr\u00e4ume des Weiter(an)kommens (\u00dcWA)<\/strong><br><strong>Nachfolgeprojekt zu ZA und VTI<\/strong><\/p>\n\n\n\n<p>Projektleitung: Prof. Dr. Patrick Meurs<br>Wissenschaftliche MitarbeiterInnen: Dennis Sch\u00e4fer, Deniz \u00d6zkan, Dr. des. Ina Kuli\u0107, Dr. Christine B\u00e4r<br>F\u00f6rderung: Hessisches Ministerium f\u00fcr Soziales und Integration<br>Projektlaufzeit: 04\/23 \u2013 04\/26<\/p>\n\n\n\n<p><a href=\"https:\/\/www.sigmund-freud-institut.de\/wp-content\/uploads\/UeWA_Projektbeschreibung_25.01.2024.pdf\">-&gt; Informationen zum Projekt<\/a><\/p>\n\n\n\n<p><strong>Bindungstrauma bei Adoptiv- und Pflegekindern \u2013 Eine psychoanalytische Therapiestudie (BAPAS)<\/strong><\/p>\n\n\n\n<p>Wissenschaftliche Leitung:&nbsp;Patrick Meurs (in Zusammenarbeit mit Judith Lebiger-Vogel, UAS)<br>Senior Scientist: Prof. Dr. Patrick Meurs<br>Wissenschaftliche MitarbeiterInnen: Dennis Sch\u00e4fer<br>Gef\u00f6rdert durch: IDeA<br>Projektlaufzeit: 07\/21 \u2013 04\/26<\/p>\n\n\n\n<p><strong>ITAV &#8211; Familienbegleitung und Netzwerkberatung in psychoanalytische Behandlung komplex bindungstraumatisierter Adoptiv- und Pflegekinder<\/strong><\/p>\n\n\n\n<p><strong>Wissenschaftliche Leitung<\/strong>: Prof. Dr. Patrick Meurs<br><strong>Wissenschaftliche MitarbeiteInnen<\/strong>: Dennis Sch\u00e4fer<br><strong>Gef\u00f6rdert durch<\/strong>: Heidehof Stiftung<br><strong>Projektlaufzeit<\/strong>: 02\/26 \u2013 01\/27<\/p>\n\n\n\n<p><strong>Abgeschlossene Projekte<\/strong><\/p>\n\n\n\n<p><a href=\"https:\/\/sigmund-freud-institut.de\/wp-content\/uploads\/EU-Projekt_FORM-Mitteilung.pdf\" target=\"_blank\" rel=\"noreferrer noopener\"><strong>EU-Projekt Therapeutic foster care for unaccompanied minor refugees and their foster families (FORM) an der Universit\u00e4t Kassel<\/strong><\/a><\/p>\n\n\n\n<p><strong>Projektkoordination:<\/strong> Odisee University College (Belgien)<br><strong>Wissenschaftliche Leitung<\/strong>: Prof. Dr. Patrick Meurs<br><strong>Wissenschaftliche Mitarbeiterin:<\/strong> M.A. Corinna Poholski<br><strong>Projektpartner:<\/strong> Pflegesorg (Belgien), Salesiani per il Soziale (Italien), Hope For Children (Zypern), ENSA \u2013 European Network for Social Authorities (Veneto Region und EU), Universit\u00e4t Kassel in Kooperation mit dem Sigmund-Freud-Institut<br><strong>Gef\u00f6rdert durch:<\/strong> Erasmus+ Programm der EU<br><strong>Projektlaufzeit:<\/strong> 02\/22 \u2013 01\/25<\/p>\n\n\n\n<p>Pressemitteilung der Universit\u00e4t Kassel zum FORM-Projekt<\/p>\n\n\n\n<p><a href=\"https:\/\/www.idea-frankfurt.eu\/de\/bapas\">-&gt; Informationen zum Projekt<\/a><\/p>\n\n\n\n<p><strong>Promotionskolleg: Psychosoziale Folgen von Migration und Flucht \u2013 generationale Dynamiken und adoleszente Verl\u00e4ufe<\/strong><\/p>\n\n\n\n<p>Leitung:&nbsp;Prof. Dr. Vera King (SFI &amp; Goethe-Univ. Ffm), Prof. Dr. Patrick Meurs (SFI &amp; Univ. Kassel), Prof. Dr. Heinz Wei\u00df&nbsp;(SFI Ffm. &amp; RBK Stuttgart) in Kooperation mit Prof. Dr. Hans-Christoph Koller (Univ. Hamburg).<br>Koordination: Dr. Susanne Benzel<br>F\u00f6rderung: Hans-B\u00f6ckler-Stiftung<\/p>\n\n\n\n<p><a href=\"http:\/\/test.sigmund-freud-institut.de\/Wordpress\/wp-content\/uploads\/HBS_Promotionskolleg_Homepage_SFI_240518.pdf\">-&gt; Informationen zum Projekt<\/a><\/p>\n<\/details>\n\n\n\n<details class=\"wp-block-details is-layout-flow wp-block-details-is-layout-flow\"><summary>Forschungsschwerpunkte<\/summary>\n<p><\/p>\n\n\n\n<ul class=\"wp-block-list\">\n<li>Emotionsregulation (mit Fokus auf Freundschaften und Lernf\u00e4higkeit) im Kindes- und Jugendalter<\/li>\n\n\n\n<li>Fr\u00fchentwicklung von Kindern mit Migrations- und Fluchthintergrund (mit dem Schwerpunkt der schulischen und gesellschaftlichen Partizipation)<\/li>\n\n\n\n<li>Fr\u00fchpr\u00e4vention bei Familien mit Migrations- und Fluchthintergrund<\/li>\n\n\n\n<li>Pr\u00e4vention im Jugendalter mit dem Schwerpunkt der Radikalisierung<\/li>\n\n\n\n<li>Psychoanalytische Spiel- und Gespr\u00e4chstherapie bei traumatisierten Kindern<\/li>\n\n\n\n<li>Kultursensible Pr\u00e4ventions- und Therapieprogramme<\/li>\n\n\n\n<li>Elternschaft nach einer Ehetrennung (\u201aAus einander als Paar, gemeinsam Eltern bleiben\u2018)<\/li>\n<\/ul>\n<\/details>\n\n\n\n<details class=\"wp-block-details is-layout-flow wp-block-details-is-layout-flow\"><summary>Vita<br><\/summary>\n<p><strong>Klinische und Akademische Erfahrungen<\/strong><\/p>\n\n\n\n<p>Seit 15. November 2016<br><strong>Direktor am Sigmund-Freud-Institut Frankfurt am Main<\/strong>, Leiter des Bereichs Psychologie und Psychoanalyse \/ psychoanalytische Entwicklungspsychologie<br><strong>Professor f\u00fcr Psychoanalyse an der Universit\u00e4t Kassel<\/strong>, Institut f\u00fcr Erziehungswissenschaften. Fachbereich Humanwissenschaften, Fachgruppe \u201aPsychoanalyse\u2018 mit folgenden Schwerpunkten: <strong><u>Vorlesungen zu:<\/u><\/strong> \u201aPsychoanalytische Entwicklungspsychologie\u2018 und \u201aPsychoanalytische Kinder- und Jugendpsychotherapie\u2018 Seminaren zu: \u201aJugend und Schule\u2018 \u201aRadikalisierung im Klassenraum bearbeiten\u2018 \u201aMigrations- und Fluchtspezifische Aspekte der LehrerIn-Sch\u00fclerIn Beziehung\u2018 <strong>Gastprofessor an der KU Leuven<\/strong> im Masterstudiengang der Psychologie F\u00e4cher: \u201aReligionspsychologie in interkultureller Perspektive\u2018 \u201aSeminar\/Praktikum Psychodynamische Kinder- und Jugendpsychotherapie\u2018 und Postgradual-Ausbildung \u201aPsychodynamische Kinder- und Jugendpsychotherapie\u2018<br><strong>Gastdozent an der Odisee Hochschule Br\u00fcssel <\/strong>F\u00e4cher: \u201aEntwicklungspsychopathologie und Elternbetreuung\u2018<\/p>\n\n\n\n<p>2006 \u2013 2016<br>50% KU Leuven, Belgien (Kombination Gastprofessor und Forscher) 50% Dozent an der Hochschule Universit\u00e4t Br\u00fcssel (H\u00f6heres Institut f\u00fcr Familienwissenschaften)<\/p>\n\n\n\n<p>2006<br>Gastdozent KU Leuven, Belgien (20%) und Mandat f\u00fcr Forschung KU Leuven (50%)<\/p>\n\n\n\n<p>2002 \u2013 2005<br>Gastdozent am Institut f\u00fcr Familien und Sexualwissenschaften und Akademischer Mitarbeiter in der Fakult\u00e4t Psychologie und Erziehungswissenschaften, KU Leuven, Belgien<\/p>\n\n\n\n<p>2001 \u2013 2002<br>Post-doc Forschung, KU Leuven, Belgien<\/p>\n\n\n\n<p>1995 \u2013 2000<br>Wissenschaftlicher Mitarbeiter (Doktorand), Fakult\u00e4t Psychologie und Erziehungswissenschaft, KU Leuven, Belgien; Forschung zum Doktorgrad und Unterricht in allgemeinen F\u00e4higkeiten in klinischer Kinder- und Jugendpsychologie und psychoanalytischer Kindertherapie (Master und Post-Master Therapieausbildung). Thema der Doktorarbeit: <em>Gef\u00fchlsambivalenz: psychoanalytische entwicklungspsychologische und psychotherapeutische Perspektiven<\/em>.<\/p>\n\n\n\n<p>1990 \u2013 1993<br>Klinischer Psychologe in der ambulanten Erwachsenenpsychiatrie und in der P\u00e4diatrie des Krankenhauses OLV Ter Linden in Knokke, Belgien<\/p>\n\n\n\n<p>1988 \u2013 1989<br>Kinder- und Jugendtherapeut in der Kinderpsychiatrie Allgemeines Krankenhaus Sint-Lukas in Assebroek-Br\u00fcgge, Belgien<\/p>\n\n\n\n<p>1987 \u2013 1988<br>Praktikum der klinischen Psychologie im West-Fl\u00e4mischen Observatorium und Therapie-Zentrum \u201eDe Berkjes\u201c in Br\u00fcgge, Belgien<\/p>\n\n\n\n<p><strong>Ausbildung<\/strong><\/p>\n\n\n\n<p>1995 \u2013 2000<br>&nbsp;Forschung zum Doktorgrad, KU Leuven; PhD am 20.12.2000. Thema: Gef\u00fchlsambivalenz (summa cum Laude). Leiter: Prof. Dr. Gaston Cluckers.<\/p>\n\n\n\n<p>1990 \u2013 1994<br>&nbsp;Post-Master Studiengang, postgradual Ausbildung in Psychodynamischer Kinder- und Jugendtherapie, KU Leuven. Abschlussarbeit: Psychosomatik und K\u00f6rperlichkeit: Psychoanalytische Perspektiven auf Kindern mit psychosomatischen Symptomen. Leiter: Prof. Dr. Gaston Cluckers<\/p>\n\n\n\n<p>1990 \u2013 1993<br>&nbsp;Master Studiengang Familien- und Sexualwissenschaften (Family and Sexology Studies), KU Leuven. Masterarbeit: Psychoanalytische Perspektiven auf Eltern-Kind Beziehungen (mit spezifische Aufmerksamkeit f\u00fcr die Arbeit von H.-E. Richter). (cum Laude) Leiter: Prof. Dr. Piet Nys<\/p>\n\n\n\n<p>1984 \u2013 1989<br>Master Studiengang Psychologie, KU Leuven. Masterarbeit: Die Weiblichkeit in die aktuelle franz\u00f6sische psychoanalytische Literatur. (magna cum Laude) Leiter: Prof. Dr. Jozef Corveleyn<\/p>\n\n\n\n<p>1986 \u2013 1988<br>Master Soziale und kulturelle Anthropologie, KU Leuven. Masterarbeit: Transitionelle Objekte und potenzielle R\u00e4ume: von entwicklungspsychologischen zu interkulturellen Konzepten. (magna cum Laude) Leiter: Prof. Dr. Ren\u00e9 Devisch<\/p>\n\n\n\n<p>1983 \u2013 1984<br>Lehrerausbildung f\u00fcr Sekundarschulen: Religionsunterricht und Geschichtsunterricht<\/p>\n\n\n\n<p>1980 \u2013 1982<br>Master Philosophie, KU Leuven. Masterarbeit: Beitrag der chinesischen Philosophie zur Renaissance in Europa. (cum Laude) Leiter: Prof. Dr. Ulrich Libbrecht<\/p>\n\n\n\n<p>1978 \u2013 1983<br>Master Religionswissenschaften\/Theologie, KU Leuven. Masterarbeit: Der Begriff \u201ainnerliche Freiheit\u2018 bei Fjodor M Dostojewski. (cum Laude) Leitung: Prof. Dr. H.-E. Mertens und Prof. Dr. M.A. Lathouwers<\/p>\n\n\n\n<p>1972 \u2013 1978<br>Studium am Sankt Johannes (Sint Jan) Berchmans Gymnasium in Diest, Studienrichtung Latein-Mathematik<\/p>\n<\/details>\n\n\n\n<details class=\"wp-block-details is-layout-flow wp-block-details-is-layout-flow\"><summary>Funktionen<\/summary>\n<p>Verantwortlicher der \u201aArbeitsgruppe Internationalisierung\u2018 des Instituts f\u00fcr Erziehungswissenschaften (Uni-Kassel) Mitglied des wissenschaftlichen Beirats des fl\u00e4mischen Vereins f\u00fcr mentale Gesundheitssorge (seit 2008).<\/p>\n\n\n\n<p>Leiter des belgischen Pr\u00e4ventionsprojekts \u201aErste Schritte\u2018 (seit 2000) Ehem. Mitglied im Wissenschaftlichen Beirat der Fachzeitschrift \u201eKinder- und Jugendlichen-Psychotherapie\u201c (2016-2018)<\/p>\n<\/details>\n\n\n\n<p><\/p>\n\n\n\n<p><a href=\"https:\/\/sigmund-freud-institut.de\/wp-content\/uploads\/Publikationsliste_Patrick-Meurs_25.03.2026_AS.pdf\">Publikationen<\/a><\/p>\n\n\n\n<p><a href=\"https:\/\/sigmund-freud-institut.de\/wp-content\/uploads\/SFI_Veranstaltungsliste-P.Meurs_2005.2025_01.04.26.pdf\">Vortr\u00e4ge und Veranstaltungen<\/a><\/p>\n\n\n\n<p><\/p>\n","protected":false},"excerpt":{"rendered":"<p>Direktor Kontakt Sigmund-Freud-InstitutMyliusstra\u00dfe 2060323 Frankfurt am MainRaum 3.14 Sekretariat: Annette SibertTelefon 069 971204-149 E-Mail&nbsp;meurs(at)sigmund-freud-institut.de Publikationen Vortr\u00e4ge und Veranstaltungen<\/p>\n","protected":false},"author":2,"featured_media":0,"parent":31,"menu_order":0,"comment_status":"closed","ping_status":"closed","template":"","meta":{"footnotes":""},"class_list":["post-7913","page","type-page","status-publish","hentry"],"_links":{"self":[{"href":"https:\/\/sigmund-freud-institut.de\/index.php\/wp-json\/wp\/v2\/pages\/7913","targetHints":{"allow":["GET"]}}],"collection":[{"href":"https:\/\/sigmund-freud-institut.de\/index.php\/wp-json\/wp\/v2\/pages"}],"about":[{"href":"https:\/\/sigmund-freud-institut.de\/index.php\/wp-json\/wp\/v2\/types\/page"}],"author":[{"embeddable":true,"href":"https:\/\/sigmund-freud-institut.de\/index.php\/wp-json\/wp\/v2\/users\/2"}],"replies":[{"embeddable":true,"href":"https:\/\/sigmund-freud-institut.de\/index.php\/wp-json\/wp\/v2\/comments?post=7913"}],"version-history":[{"count":94,"href":"https:\/\/sigmund-freud-institut.de\/index.php\/wp-json\/wp\/v2\/pages\/7913\/revisions"}],"predecessor-version":[{"id":16164,"href":"https:\/\/sigmund-freud-institut.de\/index.php\/wp-json\/wp\/v2\/pages\/7913\/revisions\/16164"}],"up":[{"embeddable":true,"href":"https:\/\/sigmund-freud-institut.de\/index.php\/wp-json\/wp\/v2\/pages\/31"}],"wp:attachment":[{"href":"https:\/\/sigmund-freud-institut.de\/index.php\/wp-json\/wp\/v2\/media?parent=7913"}],"curies":[{"name":"wp","href":"https:\/\/api.w.org\/{rel}","templated":true}]}}