{"id":9149,"date":"2022-07-22T10:12:56","date_gmt":"2022-07-22T08:12:56","guid":{"rendered":"https:\/\/www.sigmund-freud-institut.de\/?page_id=9149"},"modified":"2026-04-23T11:46:43","modified_gmt":"2026-04-23T09:46:43","slug":"abd-al-majeed","status":"publish","type":"page","link":"https:\/\/sigmund-freud-institut.de\/index.php\/mitarbeiter-innen\/abd-al-majeed\/","title":{"rendered":"M.A. Soz. Raem Abd-Al-Majeed"},"content":{"rendered":"\n<p><img decoding=\"async\" src=\"http:\/\/www.sigmund-freud-institut.de\/wp-content\/uploads\/union-jack-26119_1280-e1557401751941.png\">&nbsp;&nbsp;&nbsp;<a href=\"https:\/\/www.sigmund-freud-institut.de\/index.php\/mitarbeiter-innen\/abd-al-majeed\/raem-abd-al-majeed\/\"><strong>ENGLISH VERSION<\/strong><\/a><\/p>\n\n\n\n<h1 class=\"wp-block-heading\">Gastwissenschaftler<\/h1>\n\n\n\n<h3 class=\"wp-block-heading\"><\/h3>\n\n\n\n<p><\/p>\n\n\n\n\n\n<h1 class=\"wp-block-heading\">Portrait<\/h1>\n\n\n\n<p>07\/2022-08\/2025<br>Stellvertretender Koordinator am Sigmund-Freud-Institut Frankfurt\/M. im Praxisprojekt \u201ePsychosozialer Verbund Rhein-Main \u2013 Hilfe f\u00fcr Gefl\u00fcchtete\u201c<\/p>\n\n\n\n<p>07\/2022-08\/2025<br>Wissenschaftlicher Mitarbeiter am Sigmund-Freud-Institut Frankfurt\/M. im Praxisprojekt<br>\u201ePsychosozialer Verbund Rhein-Main \u2013 Hilfe f\u00fcr Gefl\u00fcchtete\u201c<\/p>\n\n\n\n<p>05\/2022<br>Abschluss M.A. Soziologie an der J. W. Goethe-Universit\u00e4t Frankfurt\/M.<\/p>\n\n\n\n<p>2018\u201306\/2022<br>Studentische Hilfskraft am Sigmund-Freud-Institut Frankfurt\/M. im Praxisprojekt<br>\u201ePsychosozialer Verbund Rhein-Main \u2013 Hilfe f\u00fcr Gefl\u00fcchtete\u201c<\/p>\n\n\n\n<p>03\/2018<br>Abschluss B.A. Soziologie an der J. W. Goethe-Universit\u00e4t Frankfurt\/M.<\/p>\n\n\n\n<p>2017\u20132019<br>Studentische Hilfskraft am Sigmund-Freud-Institut Frankfurt\/M. im Forschungsprojekt<br>\u201eAUF-1 \u2013 Integrationswege und adoleszente Entwicklungen unbegleiteter minderj\u00e4hriger Fl\u00fcchtlinge in vollstation\u00e4ren Jugendhilfeeinrichtungen\u201c<\/p>\n\n\n\n<p>2017<br>Studentische Hilfskraft am Sigmund-Freud-Institut Frankfurt\/M. im Pilotprojekt<br>\u201eSTEP-BY-STEP zur Unterst\u00fctzung von Gefl\u00fcchteten in der Erstaufnahmeeinrichtung \u00bbMichaelisdorf\u00ab in Darmstadt\u201c<\/p>\n\n\n\n<p>2016\u20132017<br>Studentische Hilfskraft an der J. W. Goethe-Universit\u00e4t Frankfurt\/M. in der Bibliothek<br>Kunstgeschichte\/St\u00e4delbibliothek und Islamische Studien<\/p>\n\n\n\n<p>2016<br>Praktikant am Sigmund-Freud-Institut Frankfurt\/M. im Pilotprojekt<br>\u201eSTEP-BY-STEP zur Unterst\u00fctzung von Gefl\u00fcchteten in der Erstaufnahmeeinrichtung \u00bbMichaelisdorf\u00ab in Darmstadt\u201c<\/p>\n\n\n\n<h1 class=\"wp-block-heading\">Schwerpunkte<\/h1>\n\n\n\n<ul class=\"wp-block-list\">\n<li>Tiefenhermeneutik<\/li>\n\n\n\n<li>Psychosoziale Hilfe f\u00fcr Gefl\u00fcchtete<\/li>\n\n\n\n<li>Kritische Theorie des Subjekts<\/li>\n<\/ul>\n\n\n\n<h1 class=\"wp-block-heading\">Projekte<\/h1>\n\n\n\n<p><a href=\"https:\/\/www.psv-rhein-main.de\/\">Psychosozialer Verbund Rhein-Main \u2013 Hilfe f\u00fcr Gefl\u00fcchtete<\/a> (PSV)<br>Kooperationspartner: <a href=\"https:\/\/www.anna-freud-institut.de\/ambulanz\">AFI<\/a>, <a href=\"https:\/\/evangelische-beratung.com\/migration-flucht\/\">ERV<\/a>, <a href=\"https:\/\/www.fatra-ev.de\/fluechtlinge\">FATRA<\/a>, <a href=\"https:\/\/fpi.de\/informationen-fuer-patienten\/international-clinic\">FPI<\/a><br>Leitung: Prof. Dr. Patrick Meurs<br>F\u00f6rderung: Hessisches Ministerium f\u00fcr Arbeit, Integration, Kugend und Soziales<br>Laufzeit: 01\/2018\u201312\/2025<\/p>\n\n\n\n<p>Integrationswege und adoleszente Entwicklungen unbegleiteter minderj\u00e4hriger Fl\u00fcchtlinge in vollstation\u00e4ren Jugendhilfeeinrichtungen (AUF-1)<br>Leitung: Prof. Dr. Vera King<br>F\u00f6rderung: Heidehof Stiftung<br>Laufzeit: 09\/2017\u201302\/2019<\/p>\n\n\n\n<p>STEP-BY-STEP zur Unterst\u00fctzung von Gefl\u00fcchteten in der Erstaufnahmeeinrichtung \u00bbMichaelisdorf\u00ab in Darmstadt (SbS)<br>Kooperationspartner: Goethe-Universit\u00e4t<br>Leitung: Prof. Dr. Marianne Leuzinger-Bohleber (2016), Prof. Dr. Patrick Meurs (2017)<br>F\u00f6rderung: Hessisches Ministerium f\u00fcr Soziales und Integration u. a.<br>Laufzeit: 01\/2016\u201304\/2017<\/p>\n\n\n\n<h1 class=\"wp-block-heading\">Publikationen<\/h1>\n\n\n\n<p>Abd-Al-Majeed, R. (2025): Zur Bedeutung der Interpretationsgruppe in der Tiefenhermeneutik als Forschungsmethode. In: Enzyklop\u00e4die Erziehungswissenschaft Online. Psychoanalytische P\u00e4dagogik. Weinheim und Basel: Beltz Juventa, 24 S.<\/p>\n\n\n\n<p>Abd-Al-Majeed, R., Hettich-Damm, N., Kurth, S., Poholski, C., Saligheh, S., Witzel, H. (2025): Beziehungsdynamiken (nicht) verstehen. Szenische Einblicke in eine psychoanalytisch-psychosoziale Hilfe f\u00fcr Gefl\u00fcchtete. In: Meurs, P., Abd-Al-Majeed, R., Poholski, C. &amp; Saligheh, S. (Hg.) (2025):&nbsp;Helfende H\u00e4nde f\u00fcr gefl\u00fcchtete Menschen. Beziehungsorientierte psychosoziale Begleitung w\u00e4hrend des Ankommens<em>.<\/em>&nbsp;Gie\u00dfen: Psychosozial-Verlag, S. 95-118.<\/p>\n\n\n\n<p>Meurs, P., Abd-Al-Majeed, R., Poholski, C. &amp; Saligheh, S. (Hg.) (2025):&nbsp;Helfende H\u00e4nde f\u00fcr gefl\u00fcchtete Menschen. Beziehungsorientierte psychosoziale Begleitung w\u00e4hrend des Ankommens<em>.<\/em>&nbsp;Gie\u00dfen: Psychosozial-Verlag.<\/p>\n\n\n\n<p>Meurs, P., Abd-Al-Majeed, R., Poholski, C. &amp; Saligheh, S. (2025): Vier Schlussworte. In: Meurs, P., Abd-Al-Majeed, R., Poholski, C. &amp; Saligheh, S. (Hg.) (2025):&nbsp;Helfende H\u00e4nde f\u00fcr gefl\u00fcchtete Menschen. Beziehungsorientierte psychosoziale Begleitung w\u00e4hrend des Ankommens<em>.<\/em>&nbsp;Gie\u00dfen: Psychosozial-Verlag, S. 193-200.<\/p>\n\n\n\n<p>Meurs, P., Abd-Al-Majeed, R., Poholski, C., Saligheh, S., \u00c7inar, D., Zokai, R. &amp; Neupert, R. (2025): Einleitung: Helfende H\u00e4nde als Symbol. In: Meurs, P., Abd-Al-Majeed, R., Poholski, C. &amp; Saligheh, S. (Hg.). <em>Helfende H\u00e4nde f\u00fcr gefl\u00fcchtete Menschen. Beziehungsorientierte psychosoziale Begleitung w\u00e4hrend des Ankommens . <\/em>Gie\u00dfen: Psychosozial Verlag, S. 15-30.<\/p>\n\n\n\n<p>Abd-Al-Majeed, R., G\u00fcnther, D. &amp; Schuck, F. (2021): Zum Subjekt-Objekt-Verh\u00e4ltnis in partizipativen Forschungsans\u00e4tzen. In: Flick, S. &amp; Herold, A. (Hrsg.): Zur Kritik der partizipativen Forschung. Forschungspraxis im Spiegel der Kritischen Theorie. Weinheim und Basel: Beltz Juventa, S. 65\u201387.&nbsp;&nbsp;&nbsp;&nbsp;&nbsp;&nbsp;&nbsp;<\/p>\n\n\n\n<p>Abd-Al-Majeed, R., Berg, P., Brehm, A., Jentsch, S., Kaufhold, C., Monecke, M., Schwertel, T. &amp; Witzel, H. (2020): Szene und Affekt. Die Bedeutung der Gruppe in der Tiefenhermeneutik. In: Menschen. Zeitschrift f\u00fcr gemeinsames Leben, Lernen und Arbeiten, 43. Jg., H. 4\/5, S. 25\u201329.<\/p>\n\n\n\n<h1 class=\"wp-block-heading\">Veranstaltungen<\/h1>\n\n\n\n<p>25.03.2026 \u2013 Vortrag (mit PhD Andreas Jensen): \u201eSprachmittlung und \u00dcbersetzung in der qualitativen Fluchtmigrationsforschung\u201c im Rahmen des Symposiums \u201eAgency als Leitbegriff? Theoretische und empirische Perspektiven der psychoanalytischen P\u00e4dagogik auf Fluchtmigration, das Subjekt und Disziplinierung\u201c bei der Tagung \u201eDGfE Kongress M\u00fcnchen 2026 \u2013 Br\u00fcche\u201c, Ludwig-Maximilians-Universit\u00e4t M\u00fcnchen<\/p>\n\n\n\n<p>13.-14.11.2025 \u2013 Organisation und Moderation: Jahrestagung f\u00fcr Haupt- und Ehrenamtliche in der Gefl\u00fcchtetenhilfe und -forschung \u00bbZehn Jahre seit dem \u00bbSommer der Flucht\u00ab \u2013 R\u00fcckblicke, Ausblicke, Blickwinkel\u00ab, Sigmund-Freud-Institut Frankfurt a. M.<\/p>\n\n\n\n<p>14.11.2024 &#8211; Vortrag (mit Sima Saligheh): \u201ePsychoanalytisch, preisgekr\u00f6nt, prek\u00e4r. Die psychosoziale Hilfe f\u00fcr Gefl\u00fcchtete des Sigmund-Freud-Instituts\u201c, Vortragsveranstaltung der F\u00f6rdergesellschaft Sigmund-Freud-Institut, Frankfurt a. M.<\/p>\n\n\n\n<p>20.09.2024 \u2013 Organisation und Moderation (mit Sima Saligheh): 5. Jahrestagung \u00bbMeine Arbeit und Ich &#8211; Ich und meine Arbeit. Gefl\u00fcchtetenhilfe gestern, heute, morgen\u00ab, Sigmund-Freud-Institut Frankfurt a. M.<\/p>\n\n\n\n<p>22.09.2023 \u2013 Organisation und Moderation (mit Sima Saligheh): 4. Jahrestagung \u00bbMeine Arbeit und Ich &#8211; Ich und meine Arbeit. Begegnungen mit alten und neuen M\u00e4nnerrollen im Kontext von Flucht\u00ab, Sigmund-Freud-Institut Frankfurt a. M.<\/p>\n\n\n\n<p>05.05.2023 \u2013 Workshop (mit Charlie Kaufhold): \u201eForschungsmaterialien und Erkenntnisinteressen der Tiefenhermeneutik\u201c 1. Jahrestagung \u00bbTrieb und Methode. Psychoanalytische Perspektiven in der qualitativen Forschung\u00ab, Internationale Psychoanalytische Universit\u00e4t Berlin<\/p>\n\n\n\n<h1 class=\"wp-block-heading\">Lehre<\/h1>\n\n\n\n<p>SoSe 2024<br>Lehrbeauftragter an der Universit\u00e4t Innsbruck\/\u00d6sterreich mit dem Blockseminar \u201eEinf\u00fchrung in die psychoanalytische Sozialpsychologie im deutschsprachigen Raum\u201c<\/p>\n\n\n\n<p>SoSe 2021<br>Studentische Hilfskraft an der J. W. Goethe-Universit\u00e4t Frankfurt\/M. im Forschungsseminar<br>\u201eErinnerungsarbeiten und Erinnerungspolitiken in der Soziologie\u201c (mit Luki Schmitz)<\/p>\n\n\n\n<h1 class=\"wp-block-heading\">Preise<\/h1>\n\n\n\n<p>1. Platz der \u00bbIPA in the Community and the World Awards\u00ab 2023 in der Kategorie \u00bbViolence\u00ab f\u00fcr das SFI-Projekt \u00bbPsychosozialer Verbund Rhein-Main \u2013 Hilfe f\u00fcr Gefl\u00fcchtete\u00ab<\/p>\n\n\n\n<h1 class=\"wp-block-heading\">Mitgliedschaften<\/h1>\n\n\n\n<p>Gesellschaft f\u00fcr psychoanalytische Sozialpsychologie (GfpS), Vorstandsmitglied<\/p>\n\n\n","protected":false},"excerpt":{"rendered":"<p>&nbsp;&nbsp;&nbsp;ENGLISH VERSION Gastwissenschaftler Portrait 07\/2022-08\/2025Stellvertretender Koordinator am Sigmund-Freud-Institut Frankfurt\/M. im Praxisprojekt \u201ePsychosozialer Verbund Rhein-Main \u2013 Hilfe f\u00fcr Gefl\u00fcchtete\u201c 07\/2022-08\/2025Wissenschaftlicher Mitarbeiter am Sigmund-Freud-Institut Frankfurt\/M. im Praxisprojekt\u201ePsychosozialer Verbund Rhein-Main \u2013 Hilfe f\u00fcr Gefl\u00fcchtete\u201c 05\/2022Abschluss M.A. Soziologie an der J. W. Goethe-Universit\u00e4t Frankfurt\/M. 2018\u201306\/2022Studentische Hilfskraft am Sigmund-Freud-Institut Frankfurt\/M. im Praxisprojekt\u201ePsychosozialer Verbund Rhein-Main \u2013 Hilfe f\u00fcr Gefl\u00fcchtete\u201c 03\/2018Abschluss B.A. &hellip; <\/p>\n<p class=\"link-more\"><a href=\"https:\/\/sigmund-freud-institut.de\/index.php\/mitarbeiter-innen\/abd-al-majeed\/\" class=\"more-link\"><span class=\"screen-reader-text\">\u201eM.A. Soz. Raem Abd-Al-Majeed\u201c<\/span> weiterlesen<\/a><\/p>\n","protected":false},"author":2,"featured_media":0,"parent":31,"menu_order":0,"comment_status":"closed","ping_status":"closed","template":"","meta":{"footnotes":""},"class_list":["post-9149","page","type-page","status-publish","hentry"],"_links":{"self":[{"href":"https:\/\/sigmund-freud-institut.de\/index.php\/wp-json\/wp\/v2\/pages\/9149","targetHints":{"allow":["GET"]}}],"collection":[{"href":"https:\/\/sigmund-freud-institut.de\/index.php\/wp-json\/wp\/v2\/pages"}],"about":[{"href":"https:\/\/sigmund-freud-institut.de\/index.php\/wp-json\/wp\/v2\/types\/page"}],"author":[{"embeddable":true,"href":"https:\/\/sigmund-freud-institut.de\/index.php\/wp-json\/wp\/v2\/users\/2"}],"replies":[{"embeddable":true,"href":"https:\/\/sigmund-freud-institut.de\/index.php\/wp-json\/wp\/v2\/comments?post=9149"}],"version-history":[{"count":16,"href":"https:\/\/sigmund-freud-institut.de\/index.php\/wp-json\/wp\/v2\/pages\/9149\/revisions"}],"predecessor-version":[{"id":16195,"href":"https:\/\/sigmund-freud-institut.de\/index.php\/wp-json\/wp\/v2\/pages\/9149\/revisions\/16195"}],"up":[{"embeddable":true,"href":"https:\/\/sigmund-freud-institut.de\/index.php\/wp-json\/wp\/v2\/pages\/31"}],"wp:attachment":[{"href":"https:\/\/sigmund-freud-institut.de\/index.php\/wp-json\/wp\/v2\/media?parent=9149"}],"curies":[{"name":"wp","href":"https:\/\/api.w.org\/{rel}","templated":true}]}}