{"id":9604,"date":"2022-11-17T17:32:30","date_gmt":"2022-11-17T15:32:30","guid":{"rendered":"https:\/\/www.sigmund-freud-institut.de\/?page_id=9604"},"modified":"2026-03-23T09:11:24","modified_gmt":"2026-03-23T08:11:24","slug":"wissenschaftlicher-mitarbeiter","status":"publish","type":"page","link":"https:\/\/sigmund-freud-institut.de\/index.php\/mitarbeiter-innen\/wissenschaftlicher-mitarbeiter\/","title":{"rendered":"M.A. Aaron Thiesen"},"content":{"rendered":"\n<h1 class=\"wp-block-heading\">Wissenschaftlicher Mitarbeiter<\/h1>\n\n\n\n<p><\/p>\n\n\n\n<p>Kontakt<\/p>\n\n\n\n<p>Sigmund-Freud-Institut<br>Myliusstra\u00dfe 20<br>60323 Frankfurt am Main<br>Raum 1.01<\/p>\n\n\n\n<p>Telefon 069 971204-155<br>Telefax 069 971204-4<br>E-Mail <a href=\"mailto:simoni@sigmund-freud-institut.de\" target=\"_blank\" rel=\"noreferrer noopener\"><\/a><a href=\"mailto:thiesen@sigmund-freud-institut.de\" target=\"_blank\" rel=\"noreferrer noopener\">thiesen(at)sigmund-freud-institut.de<\/a><\/p>\n\n\n\n<p>[bg_faq_start]<\/p>\n\n\n\n<h1 class=\"wp-block-heading\">Portrait<\/h1>\n\n\n\n<p>2022<br>Wissenschaftlicher Mitarbeiter am Sigmund-Freud- Institut Frankfurt\/M. im Projekt Reproduktives Timing im Rahmen der DFG-Forschungsgruppe Medizin und die Zeitstruktur guten Lebens<\/p>\n\n\n\n<p>2022<br>M.A. Wirtschafts- und Finanzsoziologie an der Goethe Universit\u00e4t Frankfurt\/M. Thesis : Leiharbeit in der Pflege \u2013 Eine Rekonstruktion gesellschaftlicher Widerspr\u00fcche und ihrer subjektiven Verarbeitung<\/p>\n\n\n\n<p>2017<br>B.Sc. Volkswirtschaftslehre (Soziologie) an der Universit\u00e4t Trier<\/p>\n\n\n\n<h1 class=\"wp-block-heading\">Forschungsschwerpunkte<\/h1>\n\n\n\n<ul class=\"wp-block-list\">\n<li>Psychoanalytische Sozialpsychologie<\/li>\n\n\n\n<li>Kritische Theorien des Geschlechterverh\u00e4ltnisses<\/li>\n\n\n\n<li>Kulturelle und \u00f6konomische Optimierungen in der Sp\u00e4tmoderne<\/li>\n<\/ul>\n\n\n\n<h1 class=\"wp-block-heading\">Forschungsprojekte<\/h1>\n\n\n\n<ul class=\"wp-block-list\">\n<li>Reproduktives Timing. Lebenspraktische Orientierungen im Kontext von Reproduktionsmedizin<br>F\u00f6rderung: Teilprojekt der DFG-Forschungsgruppe \u201eMedizin und die Zeitstruktur guten Lebens\u201c<br>Leitung: Prof. Dr. Claudia Wiesemann (Sprecherin der Forschungsgruppe, G\u00f6ttingen), Prof. Dr. Vera King (Leiterin des Teilprojekts, Frankfurt\/M.) <br>Laufzeit: 05\/2021 -03\/2026<\/li>\n<\/ul>\n\n\n\n<h1 class=\"wp-block-heading\">Publikationen<\/h1>\n\n\n\n<p>Thiesen, A., Stenger, M. &amp; King, V. (2025): Narrativit\u00e4t in Expert:inneninterviews \u2013 Zur Methodologie der Analyse feldspezifischer Herausforderungen am Beispiel der Reproduktionsmedizin. In: Hi\u00dfnauer C., Stockinger, C. (Hg.), Narrativit\u00e4t. Interdisziplin\u00e4re Zug\u00e4nge. Bielefeld: Transkript, 113-134.<\/p>\n\n\n\n<p>Thiesen, A., Stenger, M. &amp; King, V. (2024): Reproduktives Timing. In: Deppe, S., Clausen, A., Marcinski-Michel, I., Schweda, M. &amp; Wiesemann, C. (Hg.) Handbuch Medizin und Lebenszeit. Berlin: Springer Nature, <a href=\"https:\/\/link.springer.com\/rwe\/10.1007\/978-3-662-68418-4_18-1\">Link<\/a><\/p>\n\n\n\n<p>Thiesen, A. (2023): \u201eWarum <em>droht <\/em>Spaltung? \u2013 Kommentar\u201c. In: Freie Assoziation. Zeitschrift f\u00fcr psychoanalytische Sozialpsychologie, 25 (2), 73-78.<\/p>\n\n\n\n<p>[bg_faq_end]<\/p>\n","protected":false},"excerpt":{"rendered":"<p>Wissenschaftlicher Mitarbeiter Kontakt Sigmund-Freud-InstitutMyliusstra\u00dfe 2060323 Frankfurt am MainRaum 1.01 Telefon 069 971204-155Telefax 069 971204-4E-Mail thiesen(at)sigmund-freud-institut.de [bg_faq_start] Portrait 2022Wissenschaftlicher Mitarbeiter am Sigmund-Freud- Institut Frankfurt\/M. im Projekt Reproduktives Timing im Rahmen der DFG-Forschungsgruppe Medizin und die Zeitstruktur guten Lebens 2022M.A. Wirtschafts- und Finanzsoziologie an der Goethe Universit\u00e4t Frankfurt\/M. Thesis : Leiharbeit in der Pflege \u2013 Eine Rekonstruktion &hellip; <\/p>\n<p class=\"link-more\"><a href=\"https:\/\/sigmund-freud-institut.de\/index.php\/mitarbeiter-innen\/wissenschaftlicher-mitarbeiter\/\" class=\"more-link\"><span class=\"screen-reader-text\">\u201eM.A. Aaron Thiesen\u201c<\/span> weiterlesen<\/a><\/p>\n","protected":false},"author":4,"featured_media":0,"parent":31,"menu_order":0,"comment_status":"closed","ping_status":"closed","template":"","meta":{"footnotes":""},"class_list":["post-9604","page","type-page","status-publish","hentry"],"_links":{"self":[{"href":"https:\/\/sigmund-freud-institut.de\/index.php\/wp-json\/wp\/v2\/pages\/9604","targetHints":{"allow":["GET"]}}],"collection":[{"href":"https:\/\/sigmund-freud-institut.de\/index.php\/wp-json\/wp\/v2\/pages"}],"about":[{"href":"https:\/\/sigmund-freud-institut.de\/index.php\/wp-json\/wp\/v2\/types\/page"}],"author":[{"embeddable":true,"href":"https:\/\/sigmund-freud-institut.de\/index.php\/wp-json\/wp\/v2\/users\/4"}],"replies":[{"embeddable":true,"href":"https:\/\/sigmund-freud-institut.de\/index.php\/wp-json\/wp\/v2\/comments?post=9604"}],"version-history":[{"count":7,"href":"https:\/\/sigmund-freud-institut.de\/index.php\/wp-json\/wp\/v2\/pages\/9604\/revisions"}],"predecessor-version":[{"id":16116,"href":"https:\/\/sigmund-freud-institut.de\/index.php\/wp-json\/wp\/v2\/pages\/9604\/revisions\/16116"}],"up":[{"embeddable":true,"href":"https:\/\/sigmund-freud-institut.de\/index.php\/wp-json\/wp\/v2\/pages\/31"}],"wp:attachment":[{"href":"https:\/\/sigmund-freud-institut.de\/index.php\/wp-json\/wp\/v2\/media?parent=9604"}],"curies":[{"name":"wp","href":"https:\/\/api.w.org\/{rel}","templated":true}]}}