{"id":9817,"date":"2022-12-19T18:10:06","date_gmt":"2022-12-19T16:10:06","guid":{"rendered":"https:\/\/www.sigmund-freud-institut.de\/?page_id=9817"},"modified":"2024-07-31T16:08:01","modified_gmt":"2024-07-31T14:08:01","slug":"heinzweiss_publikationen","status":"publish","type":"page","link":"https:\/\/sigmund-freud-institut.de\/index.php\/heinzweiss_publikationen\/","title":{"rendered":"Publikationen Heinz Wei\u00df"},"content":{"rendered":"\n<p>Mehrere Monographien als Autor und Herausgeber, ca. 250 Originalarbeiten, Buchbeitr\u00e4ge und ver\u00f6ffentlichte Vortr\u00e4ge in deutscher, englischer, franz\u00f6sischer, italienischer und portugiesischer Sprache.<\/p>\n\n\n\n<details class=\"wp-block-details is-layout-flow wp-block-details-is-layout-flow\"><summary>Monographien und Herausgeberschaften<\/summary>\n<p>Frank, C. &amp; <strong>Wei\u00df, H.<\/strong> (Hg.) (2024): Roger Money-Kyrle. Theoretische Arbeiten. Ausgew\u00e4hlte Schriften Band III. Herausgegeben und kommentiert von Claudia Frank und Heinz Wei\u00df. Frankfurt\/M.: Brandes &amp; Apsel<\/p>\n\n\n\n<p>Benzel, S., King, V., Koller, H.-C., Meurs, P. &amp; <strong>Wei\u00df, H.<\/strong> (2023) (Hg.): Adoleszenz und Generationendynamik im Kontext von Migration und Flucht. Wiesbaden: Springer VS<\/p>\n\n\n\n<p>Finkelstein, S. &amp; <strong>Wei\u00df, H.<\/strong> (Hg.) (2023): The Claustro-Agoraphobic Dilemma in Psychoanalysis. Fear of Madness. London\/New York: Routledge<\/p>\n\n\n\n<p>Frank, C. &amp; <strong>Wei\u00df, H.<\/strong> (Hg.) (2022): Roger Money-Kyrle. Klinische Beitr\u00e4ge. Herausgegeben und kommentiert von Claudia Frank und Heinz Wei\u00df. Frankfurt\/M.: Brandes &amp; Apsel<\/p>\n\n\n\n<p><strong>Wei\u00df, H. <\/strong>&amp; Frank, C. (Hg.) (2022): Roger Money-Kyrle. Die Psychologie von Krieg und Propaganda. Herausgegeben und kommentiert von Heinz Wei\u00df und Claudia Frank. Frankfurt\/M.: Brandes &amp; Apsel<\/p>\n\n\n\n<p>Bayer, L. &amp; <strong>Wei\u00df, H.<\/strong> (Hg.) (2021): Die psychoanalytische Ambulanz: Aufgaben und Arbeitsweisen am Beispiel des Sigmund-Freud-Instituts. Stuttgart: Kohlhammer<\/p>\n\n\n\n<p>Horn, E. &amp; <strong>Wei\u00df, H.<\/strong> (Hg.) (2020): Wiederholung und Wiederholungszwang. Neuere psychoanalytische Ans\u00e4tze. Frankfurt\/M.: Brandes &amp; Apsel<\/p>\n\n\n\n<p><strong>Wei\u00df, H. <\/strong>(2020): Trauma, Guilt and Reparation. The Path from Impasse to Development. London\/New York: Routledge<\/p>\n\n\n\n<p>\u201eZeitlose seelische Zust\u00e4nde\u201c (Hg. mit E. Horn, Frankfurt a.M. 2019)<\/p>\n\n\n\n<p>\u201eTrauma und unbewusste Phantasie\u201c Hg. mit E. Horn, Frankfurt a.M. 2018)<\/p>\n\n\n\n<p>\u201eHanna Segal revisited\u201c (Hg., mit R. Rumpeltes, Frankfurt a.M. 2017)<\/p>\n\n\n\n<p>\u201eTrauma, Schuldgef\u00fchl und Wiedergutmachung. Wie Affekte innere Entwicklung erm\u00f6glichen\u201c (Stuttgart 2017)<\/p>\n\n\n\n<p>\u201ePsychoanalyse \u2013 Die Lehre vom Unbewussten\u201c (mit M. Leuzinger-Bohleber, Stuttgart 2014)<\/p>\n\n\n\n<p>\u201eDas Labyrinth der Borderline-Kommunikation. Klinische Zug\u00e4nge zum Erleben von Raum und Zeit\u201c (Stuttgart 2009)<\/p>\n\n\n\n<p>\u201eProjektive Identifizierung. Ein Schl\u00fcsselkonzept der psychoanalytischen Therapie\u201c (Hg. Mit C. Frank, Stuttgart 2007)<\/p>\n\n\n\n<p>\u201ePathologische Organisationen der Pers\u00f6nlichkeit als Abwehr psychischer Ver\u00e4nderung\u201c (Hg. mit C. Frank, T\u00fcbingen 2002)<\/p>\n\n\n\n<p>\u201e\u00d6dipuskomplex und Symbolbildung. Ihre Bedeutung bei Borderline-Zust\u00e4nden und fr\u00fchen St\u00f6rungen\u201c (Festschrift f\u00fcr H. Segal, Hg., T\u00fcbingen 1999)<\/p>\n\n\n\n<p>\u201ePsychoanalyse heute und vor 70 Jahren\u201c (Hg. mit H. Lang, W\u00fcrzburg 1996)<\/p>\n\n\n\n<p>\u201eDer Andere in der \u00dcbertragung. Untersuchung \u00fcber die analytische Situation und die Intersubjektivit\u00e4t in der Psychoanalyse\u201c (Stuttgart 1988)<\/p>\n<\/details>\n\n\n\n<details class=\"wp-block-details is-layout-flow wp-block-details-is-layout-flow\"><summary>Zeitschriften- und Buchbeitr\u00e4ge<\/summary>\n<p>Frank, C., <strong>Wei\u00df, H.<\/strong> (2023): Einf\u00fchrung zu: Roger Money-Kyrle. Klinische Beitr\u00e4ge. Ausgew\u00e4hlte Schriften, Bd. 3. Brandes &amp; Apsel, 7-20<\/p>\n\n\n\n<p>Matinek, Th., Jarczok, M., Rottler, E., Hartmann, A., Zeeck, A., <strong>Wei\u00df, H.<\/strong>, v. Wietersheim, J. (2023): Typical disease courses of patients with unipolar depression disorder after in-patient-treatments \u2013 result of a cluster analysis of the INDDEP project. Frontiers in Psychiatry doi.org\/10.3389\/fpsyt.20231081474<\/p>\n\n\n\n<p><strong>Starck, A.<\/strong> &amp; <strong>Wei\u00df, H.<\/strong> (2023): \u201eWenn ich unsicher bin, kann ich immer auf die Zahl zur\u00fcckkommen\u2026\u201c \u2013 Zwang als L\u00f6sungsversuch von Konflikten im Zusammenhang mit Identit\u00e4tssuche und Migration. In: Benzel, S., King, V., Koller, H.-C., Meurs, P. &amp; Wei\u00df, H. (Hg.): <em>Adoleszenz und Generationendynamik im Kontext von Migration und Flucht.<\/em> Wiesbaden: Springer VS<\/p>\n\n\n\n<p>Starck, A., <strong>Wei\u00df, H.<\/strong> (2023): Psychodynamische Therapieans\u00e4tze, in: Vorderholzer, U., Kathmann, N., Reuter, B. (Hrsg.), Praxishandbuch Zwangsst\u00f6rung. Elsevier, Urban &amp; Fischer: M\u00fcnchen, 161-165<\/p>\n\n\n\n<p><strong>Wei\u00df, H.<\/strong> (2023): Introduction, in: Finkelstein, S., Wei\u00df, H. (Hrsg.), The Claustro-Agoraphobic Dilemma in Psychoanalysis. Fear of Madness. London, New York: Routledge, XV-XXIV<\/p>\n\n\n\n<p><strong>Wei\u00df, H.<\/strong> (2023): Claustro-Agoraphobia: The impact of concrete thinking on the analyst\u2019s internal space, in: Finkelstein, S. Wei\u00df, H. (Hg.): The Claustro-agoraphobic dilemma in psychoanalysis. Fear of Madness. London, New York: Routledge, 161-171<\/p>\n\n\n\n<p><strong>Wei\u00df, H.<\/strong> (2023), The enigma of transference. Freud\u2019s discovery and its repercussions. Int. J. Psycho-Anal. (104), 679-690<\/p>\n\n\n\n<p><strong>Wei\u00df, H.<\/strong> (2023): Receptivity is not passivity. Some notes on experience, judgement and the analytic attitude. Int. J. Psycho-Anal. (104)<\/p>\n\n\n\n<p><strong>Wei\u00df, H.<\/strong> (2023): Claustro-Agoraphobia: The impact of concrete thinking on the analyst\u2019s internal space, in: Finkelstein, S., Weiss, H. (Hg.): The Claustro-Agoraphobic Dilemma in Psychoanalysis. Fear of Madness. London\/New, 161-171<\/p>\n\n\n\n<p><strong>Wei\u00df, H.<\/strong> (2023): Einf\u00fchrung zu Kap. 1, 3 u. 6 von Roger Money-Kyrle. Klinische Beitr\u00e4ge. Ausgew\u00e4hlte Schriften Bd. 3. Brandes &amp; Apsel. Frankfurt a.M., 21-23, 63-65, 115-118<\/p>\n\n\n\n<p><strong>Wei\u00df, H.<\/strong> (2023): Introduction to Jaques Lacan &#8218;Some Reflections on the Ego&#8216;. Int. J. Psycho-Anal. (104), 1121-1123<\/p>\n\n\n\n<p><strong>2022<\/strong><\/p>\n\n\n\n<p><strong>Wei\u00df, H.<\/strong> &amp; Frank, C., (2022): Vorwort zu Roger Money-Kyrle. Die Psychologie von Krieg und Propaganda. Ausgew\u00e4hlte Schriften, Bd. 1. Frankfurt\/M.: Brandes &amp; Apsel, 7-15<\/p>\n\n\n\n<p><strong>Wei\u00df. H.<\/strong> (2022): Einf\u00fchrung zu Kap. 1-3 u. 6 von Roger Money-Kyrle. Die Psychologie von Krieg und Propaganda. Ausgew\u00e4hlte Schriften, Bd. 1. Frankfurt\/M.: Brandes &amp; Apsel, 23-24, 35-37, 65-67, 133-135<\/p>\n\n\n\n<p><strong>Wei\u00df, H.<\/strong> (2022): Roger-Money-Kyrles Betr\u00e4ge zu einem psychoanalytischen Verst\u00e4ndnis von Faschismus, Propaganda und Krieg \u2013 ihre Aktualit\u00e4t in Zeiten von Corona-Pandemie und Ukraine-Krieg. In: Kinder- und Jugendlichen-Psychotherapie. Zschr. f. Psychoanal. u. Tiefenpschychol. (KJP) 53, Heft 195, 377-389<\/p>\n\n\n\n<p><strong>Wei\u00df. H. <\/strong>(2022): Roger Money-Kyrle\u2019s 1934 paper on war: the context and personal background, in: Int. J. Psycho-Anal, 4, 666-668<\/p>\n\n\n\n<p><strong>Wei\u00df, H.<\/strong> (2022): Einf\u00fchrung zu Kap. 1, 2 u. 6 von Roger Money-Kyrle. Klinische Beitr\u00e4ge. Ausgew\u00e4hlte Schriften Bd. 2. Frankfurt\/M.: Brands &amp; Apsel, 21-26, 45-47, 105-109<\/p>\n\n\n\n<p><strong>Wei\u00df, H.<\/strong> (2022): \u00dcber-Ich, in: Nolte, T., Rugenstein, K. (Hg.): 365 x Freud. Ein Lesebuch f\u00fcr jeden Tag. Stuttgart: Klett-Cotta (31. Oktober)<\/p>\n\n\n\n<p><strong>Wei\u00df,&nbsp; H. <\/strong>(2022): Was ist psychoanalytische Metapsychologie? Gedanken zum Vortrag von Peter Zagermann, in: Werthmann-Resch, L., Beier, Th., Bouville, V., Brosig, B., H\u00f6che, A., Krummacher, M., P\u00fctz, B. (Hrsg.).: Omnipotenzphantasien und Moderne. Herbsttagung 2021 der Deutschen Psychoanalytischen Vereinigung. Gie\u00dfen: Psychosozial-Verlag, 85-92<\/p>\n\n\n\n<p><strong>Wei\u00df, H.<\/strong> (2022): Kleinianische Theorie in Entwicklung. Zur epistemiologischen Bedeutung des Konzepts der unbewussten Phantasie. In: Jahrbuch der Psychoanalyse 84, 159-172<\/p>\n\n\n\n<p><strong>Wei\u00df. H.&nbsp;<\/strong> (2022): Utopie und Ideologie: Der Umschlag von der Hoffnung auf Ver\u00e4nderung in totalit\u00e4re Macht am Beispiel der russischen Oktoberrevolution, in: Z. f. Individualpsychol. 47, 146-161<\/p>\n\n\n\n<p><strong>2021<\/strong><\/p>\n\n\n\n<p>Bayer, L. &amp; <strong>Wei\u00df, H.<\/strong> (2021): Vorwort der Herausgeber, in: Bayer, L., Wei\u00df, H. (Hg.): Die psychoanalytische Ambulanz. Aufgaben und Arbeitsweisen am Beispiel des Sigmund-Freud-Instituts. Stuttgart: Kohlhammer, 13-22<\/p>\n\n\n\n<p>Starck, A. &amp; <strong>Wei\u00df, H.<\/strong> (2021): Scham und Schuld in der psychoanalytischen Theorieentwicklung \u2013 ihre Rolle beim Zwang. <em>Pers\u00f6nlichkeitsst\u00f6rungen<\/em>, 25 (1), 3-17. DOI 10.21706\/ptt-25-1-3<\/p>\n\n\n\n<p><strong>Wei\u00df, H<\/strong>. (2021): Zur Utopie der Machbarkeit von Gl\u00fcck. Medizinethik in Zeiten der Postmoderne, in: Busch, K., Benzel, S., Salfeld, B. &amp; Schreiber, J. (Hg.): Figurationen sp\u00e4tmoderner Lebensf\u00fchrung. Springer: Wiesbaden, 281-298<\/p>\n\n\n\n<p><strong>Wei\u00df, H.<\/strong>, (2021): The conceptualization of trauma in psychoanalysis. An introduction, in: Int. J. Psycho-Anal. 102, 755-764<\/p>\n\n\n\n<p><strong>Wei\u00df, H<\/strong>. (2021): Reply to the letter by Michel Sanchez-Cardenas: Does the repetition compulsion really have a purpose? In: Int. J. Psycho-Anal. 102, 1011-1013<\/p>\n\n\n\n<p><strong>Wei\u00df, H<\/strong>. (2021): Illusionen als zeitlich begrenzte Orte des seelischen R\u00fcckzugs. \u00dcberlegungen zu John Steiners Theorie der Psychic Retreats. In: Jahrbuch der Psychoanalyse, 83, 229-245<\/p>\n\n\n\n<p><strong>Wei\u00df, H<\/strong>. &amp; Merkt, H. (2021): Eine pathologische Organisation auf der Grundlage eines Strebens nach Perfektion, in: King, V., Gerisch, B. &amp; Rosa, H.: Lost in Perfection. Zur Optimierung von Gesellschaft und Psyche. Frankfurt\/M: Suhrkamp, 225-236<\/p>\n\n\n\n<p><strong>Wei\u00df, H.<\/strong> &amp; Wei\u00df, C. (2021): Translation as a metaphor. The role of archaeology in Freud\u2019s deciphering of the human mind, in: Birksted-Breenn (ed.): Translation\/Transformation. 100 years of the International Journal of Psychoanalysis. London\/New York: Routledge, 23-46<\/p>\n\n\n\n<p><strong>2020<\/strong><\/p>\n\n\n\n<p>Streeck, U., Will, H., Altmeyer, M., Gerisch, B. &amp;<strong> Wei\u00df, H.<\/strong> (2020): Gibt es Fortschritt in der Psychoanalyse? Die zweite Runde, in: Forum Psychoanalyse 36, 187-198<\/p>\n\n\n\n<p><strong>Wei\u00df, H. <\/strong>(2020): A brief history of the super-ego with an introduction to three papers. In: The International Journal of Psychoanalysis, Volume 101, Issue 4, 724-734<\/p>\n\n\n\n<p><strong>Wei\u00df, H.<\/strong> (2020): Nachruf auf Hermann Lang. In: DGPT-Mitglieder-Rundschreiben 01\/2020, 36-37<\/p>\n\n\n\n<p><strong>Wei\u00df, H.<\/strong> (2020): Three Contributions on Psychosis: A brief Introduction, in: Int. J. Psycho-Anal. 101, 1, 128-135<\/p>\n\n\n\n<p><strong>Wei\u00df, H.<\/strong> (2020): Das agora-klaustrophobe Dilemma des Borderline-Patienten \u2013 behandlungstechnische Herausforderungen, in: Z. f. Individualpsychol. 45, 125-126<\/p>\n\n\n\n<p><strong>Wei\u00df, H.<\/strong> (2020): Vertraulichkeit und Ver\u00f6ffentlichung. L\u00f6st der \u201ainformed consent\u2018 die Probleme in \u00dcbertragung und Gegen\u00fcbertragung? In: Psyche 74, 501-512<\/p>\n\n\n\n<p><strong>Wei\u00df, H.<\/strong> (2020): \u00dcberlegungen zur Entwicklung und Gef\u00e4hrdung von Generativit\u00e4t und Kreativit\u00e4t in der psychoanalytischen Ausbildung, in: Moeslein-Teising, I., Sch\u00e4fer, G., Martin, R. (Hg.): Generativit\u00e4t. Gie\u00dfen: Psychosozial-Verlag, 346-362<\/p>\n\n\n\n<p><strong>Wei\u00df, H.<\/strong> (2020): \u00dcberlegungen zur Evolution der unbewussten Phantasie aus Anlass der Ausstellung &#8218;K\u00f6rperszenen \u2013 Eros in Bedr\u00e4ngnis&#8216; von Linde Unrein, in: Linde Unrein: K\u00f6rperszenen. Eros in Bedr\u00e4ngnis. Schweinfurt: Kunstverein Schweinfurt, 61-78<\/p>\n\n\n\n<p><strong>Wei\u00df, H.<\/strong> (2020): Das Mahlwerk des Wiederholungszwangs. Zugangswege, aufrechterhaltende Mechanismen und Wege aus ihm heraus, in: Horn, E., Wei\u00df, H. (Hg.): Wiederholung und Wiederholungszwang. Neuere Psychoanalytische Ans\u00e4tze. Frankfurt\/M.: Brandes &amp; Apsel, 109-134<\/p>\n\n\n\n<p>Wei\u00df, L., Zeeck, A., Rottler, E.,<strong> Wei\u00df, H.<\/strong>, Hartmann, A. &amp; v. Wietersheim, J. (2020): Follow-up treatment after inpatient therapy of patients with unipolar depression \u2013 compliance with the guidelines? Front. Psychiatry 11: 796. DOI: 103389\/fpsyt.2020.00796<\/p>\n\n\n\n<p>Wietersheim, J. v., Knoblauch, J.D., Rottler, E., <strong>Wei\u00df, H.<\/strong>, Hartmann, A., Rochlitz, P., V\u00f6lker, A., Scheidt, C.E., Beutel, M., Eckhardt-Henn, A. &amp; Zeeck, A. (2020): Therapeutischer Aufwand in station\u00e4rer oder tagesklinischer Behandlung und Therapieerfolg bei Patienten mit depressiven St\u00f6rungen, in: Psychother Psych Med 70, 283-291<\/p>\n<\/details>\n","protected":false},"excerpt":{"rendered":"<p>Mehrere Monographien als Autor und Herausgeber, ca. 250 Originalarbeiten, Buchbeitr\u00e4ge und ver\u00f6ffentlichte Vortr\u00e4ge in deutscher, englischer, franz\u00f6sischer, italienischer und portugiesischer Sprache.<\/p>\n","protected":false},"author":9,"featured_media":0,"parent":0,"menu_order":0,"comment_status":"closed","ping_status":"closed","template":"","meta":{"footnotes":""},"class_list":["post-9817","page","type-page","status-publish","hentry"],"_links":{"self":[{"href":"https:\/\/sigmund-freud-institut.de\/index.php\/wp-json\/wp\/v2\/pages\/9817","targetHints":{"allow":["GET"]}}],"collection":[{"href":"https:\/\/sigmund-freud-institut.de\/index.php\/wp-json\/wp\/v2\/pages"}],"about":[{"href":"https:\/\/sigmund-freud-institut.de\/index.php\/wp-json\/wp\/v2\/types\/page"}],"author":[{"embeddable":true,"href":"https:\/\/sigmund-freud-institut.de\/index.php\/wp-json\/wp\/v2\/users\/9"}],"replies":[{"embeddable":true,"href":"https:\/\/sigmund-freud-institut.de\/index.php\/wp-json\/wp\/v2\/comments?post=9817"}],"version-history":[{"count":9,"href":"https:\/\/sigmund-freud-institut.de\/index.php\/wp-json\/wp\/v2\/pages\/9817\/revisions"}],"predecessor-version":[{"id":13631,"href":"https:\/\/sigmund-freud-institut.de\/index.php\/wp-json\/wp\/v2\/pages\/9817\/revisions\/13631"}],"wp:attachment":[{"href":"https:\/\/sigmund-freud-institut.de\/index.php\/wp-json\/wp\/v2\/media?parent=9817"}],"curies":[{"name":"wp","href":"https:\/\/api.w.org\/{rel}","templated":true}]}}